{"id":160481,"date":"2025-04-23T12:00:57","date_gmt":"2025-04-23T18:00:57","guid":{"rendered":"https:\/\/www.globaldownsyndrome.org\/?page_id=160481"},"modified":"2026-01-30T11:30:57","modified_gmt":"2026-01-30T18:30:57","slug":"global-membership","status":"publish","type":"page","link":"https:\/\/www.globaldownsyndrome.org\/es\/global-membership\/","title":{"rendered":"GLOBAL Membership"},"content":{"rendered":"","protected":false},"excerpt":{"rendered":"","protected":false},"author":12,"featured_media":0,"parent":0,"menu_order":0,"comment_status":"closed","ping_status":"closed","template":"template-global-membership.php","meta":{"_acf_changed":false,"ngg_post_thumbnail":0,"footnotes":""},"class_list":["post-160481","page","type-page","status-publish","hentry"],"acf":[],"yoast_head":"<!-- This site is optimized with the Yoast SEO plugin v27.3 - https:\/\/yoast.com\/product\/yoast-seo-wordpress\/ -->\n<title>GLOBAL Membership | Global Down Syndrome Foundation<\/title>\n<meta name=\"robots\" content=\"index, follow, max-snippet:-1, max-image-preview:large, max-video-preview:-1\" \/>\n<link rel=\"canonical\" href=\"https:\/\/www.globaldownsyndrome.org\/es\/global-membership\/\" \/>\n<meta property=\"og:locale\" content=\"es_ES\" \/>\n<meta property=\"og:type\" content=\"article\" \/>\n<meta property=\"og:title\" content=\"GLOBAL Membership | Global Down Syndrome Foundation\" \/>\n<meta property=\"og:url\" content=\"https:\/\/www.globaldownsyndrome.org\/es\/global-membership\/\" \/>\n<meta property=\"og:site_name\" content=\"Global Down Syndrome Foundation\" \/>\n<meta property=\"article:modified_time\" content=\"2026-01-30T18:30:57+00:00\" \/>\n<meta name=\"twitter:card\" content=\"summary_large_image\" \/>\n<script type=\"application\/ld+json\" class=\"yoast-schema-graph\">{\"@context\":\"https:\\\/\\\/schema.org\",\"@graph\":[{\"@type\":\"WebPage\",\"@id\":\"https:\\\/\\\/www.globaldownsyndrome.org\\\/global-membership\\\/\",\"url\":\"https:\\\/\\\/www.globaldownsyndrome.org\\\/global-membership\\\/\",\"name\":\"GLOBAL Membership | Global Down Syndrome Foundation\",\"isPartOf\":{\"@id\":\"https:\\\/\\\/www.globaldownsyndrome.org\\\/#website\"},\"datePublished\":\"2025-04-23T18:00:57+00:00\",\"dateModified\":\"2026-01-30T18:30:57+00:00\",\"breadcrumb\":{\"@id\":\"https:\\\/\\\/www.globaldownsyndrome.org\\\/global-membership\\\/#breadcrumb\"},\"inLanguage\":\"es-CL\",\"potentialAction\":[{\"@type\":\"ReadAction\",\"target\":[\"https:\\\/\\\/www.globaldownsyndrome.org\\\/global-membership\\\/\"]}]},{\"@type\":\"BreadcrumbList\",\"@id\":\"https:\\\/\\\/www.globaldownsyndrome.org\\\/global-membership\\\/#breadcrumb\",\"itemListElement\":[{\"@type\":\"ListItem\",\"position\":1,\"name\":\"Home\",\"item\":\"https:\\\/\\\/www.globaldownsyndrome.org\\\/\"},{\"@type\":\"ListItem\",\"position\":2,\"name\":\"GLOBAL Membership\"}]},{\"@type\":\"WebSite\",\"@id\":\"https:\\\/\\\/www.globaldownsyndrome.org\\\/#website\",\"url\":\"https:\\\/\\\/www.globaldownsyndrome.org\\\/\",\"name\":\"Global Down Syndrome Foundation\",\"description\":\"Dedicated to significantly improving the lives of people with Down Syndrome through RESEARCH, MEDICAL CARE, EDUCATION AND ADVOCACY\",\"publisher\":{\"@id\":\"https:\\\/\\\/www.globaldownsyndrome.org\\\/#organization\"},\"potentialAction\":[{\"@type\":\"SearchAction\",\"target\":{\"@type\":\"EntryPoint\",\"urlTemplate\":\"https:\\\/\\\/www.globaldownsyndrome.org\\\/?s={search_term_string}\"},\"query-input\":{\"@type\":\"PropertyValueSpecification\",\"valueRequired\":true,\"valueName\":\"search_term_string\"}}],\"inLanguage\":\"es-CL\"},{\"@type\":\"Organization\",\"@id\":\"https:\\\/\\\/www.globaldownsyndrome.org\\\/#organization\",\"name\":\"Global Down Syndrome Foundation\",\"url\":\"https:\\\/\\\/www.globaldownsyndrome.org\\\/\",\"logo\":{\"@type\":\"ImageObject\",\"inLanguage\":\"es-CL\",\"@id\":\"https:\\\/\\\/www.globaldownsyndrome.org\\\/#\\\/schema\\\/logo\\\/image\\\/\",\"url\":\"https:\\\/\\\/www.globaldownsyndrome.org\\\/wp-content\\\/uploads\\\/2022\\\/11\\\/logo.jpg\",\"contentUrl\":\"https:\\\/\\\/www.globaldownsyndrome.org\\\/wp-content\\\/uploads\\\/2022\\\/11\\\/logo.jpg\",\"width\":2351,\"height\":896,\"caption\":\"Global Down Syndrome Foundation\"},\"image\":{\"@id\":\"https:\\\/\\\/www.globaldownsyndrome.org\\\/#\\\/schema\\\/logo\\\/image\\\/\"}}]}<\/script>\n<!-- \/ Yoast SEO plugin. -->","yoast_head_json":{"title":"GLOBAL Membership | Global Down Syndrome Foundation","robots":{"index":"index","follow":"follow","max-snippet":"max-snippet:-1","max-image-preview":"max-image-preview:large","max-video-preview":"max-video-preview:-1"},"canonical":"https:\/\/www.globaldownsyndrome.org\/es\/global-membership\/","og_locale":"es_ES","og_type":"article","og_title":"GLOBAL Membership | Global Down Syndrome Foundation","og_url":"https:\/\/www.globaldownsyndrome.org\/es\/global-membership\/","og_site_name":"Global Down Syndrome Foundation","article_modified_time":"2026-01-30T18:30:57+00:00","twitter_card":"summary_large_image","schema":{"@context":"https:\/\/schema.org","@graph":[{"@type":"WebPage","@id":"https:\/\/www.globaldownsyndrome.org\/global-membership\/","url":"https:\/\/www.globaldownsyndrome.org\/global-membership\/","name":"GLOBAL Membership | Global Down Syndrome Foundation","isPartOf":{"@id":"https:\/\/www.globaldownsyndrome.org\/#website"},"datePublished":"2025-04-23T18:00:57+00:00","dateModified":"2026-01-30T18:30:57+00:00","breadcrumb":{"@id":"https:\/\/www.globaldownsyndrome.org\/global-membership\/#breadcrumb"},"inLanguage":"es-CL","potentialAction":[{"@type":"ReadAction","target":["https:\/\/www.globaldownsyndrome.org\/global-membership\/"]}]},{"@type":"BreadcrumbList","@id":"https:\/\/www.globaldownsyndrome.org\/global-membership\/#breadcrumb","itemListElement":[{"@type":"ListItem","position":1,"name":"Home","item":"https:\/\/www.globaldownsyndrome.org\/"},{"@type":"ListItem","position":2,"name":"GLOBAL Membership"}]},{"@type":"WebSite","@id":"https:\/\/www.globaldownsyndrome.org\/#website","url":"https:\/\/www.globaldownsyndrome.org\/","name":"Fundaci\u00f3n Mundial del S\u00edndrome de Down","description":"Dedicada a mejorar significativamente la vida de las personas con s\u00edndrome de Down a trav\u00e9s de la INVESTIGACI\u00d3N, LA ATENCI\u00d3N M\u00c9DICA, LA EDUCACI\u00d3N Y LA DEFENSA.","publisher":{"@id":"https:\/\/www.globaldownsyndrome.org\/#organization"},"potentialAction":[{"@type":"SearchAction","target":{"@type":"EntryPoint","urlTemplate":"https:\/\/www.globaldownsyndrome.org\/?s={search_term_string}"},"query-input":{"@type":"PropertyValueSpecification","valueRequired":true,"valueName":"search_term_string"}}],"inLanguage":"es-CL"},{"@type":"Organization","@id":"https:\/\/www.globaldownsyndrome.org\/#organization","name":"Fundaci\u00f3n Mundial del S\u00edndrome de Down","url":"https:\/\/www.globaldownsyndrome.org\/","logo":{"@type":"ImageObject","inLanguage":"es-CL","@id":"https:\/\/www.globaldownsyndrome.org\/#\/schema\/logo\/image\/","url":"https:\/\/www.globaldownsyndrome.org\/wp-content\/uploads\/2022\/11\/logo.jpg","contentUrl":"https:\/\/www.globaldownsyndrome.org\/wp-content\/uploads\/2022\/11\/logo.jpg","width":2351,"height":896,"caption":"Global Down Syndrome Foundation"},"image":{"@id":"https:\/\/www.globaldownsyndrome.org\/#\/schema\/logo\/image\/"}}]}},"jetpack_shortlink":"https:\/\/wp.me\/P70gmm-FKp","jetpack-related-posts":[{"id":56592,"url":"https:\/\/www.globaldownsyndrome.org\/es\/conferences-membership\/","url_meta":{"origin":160481,"position":0},"title":"Conferences &#038; Membership","author":"Global Down Syndrome Foundation","date":"Agosto 7, 2019","format":false,"excerpt":"GLOBAL\u2019s Conferences and Membership Program provide our Down syndrome community with access to the most accurate information, helpful resources, the latest research, and opportunities to get involved. Our annual Conferences are held in states and countries all over the world and feature renowned Down syndrome experts as keynote speakers. Learn\u2026","rel":"","context":"Similar post","block_context":{"text":"Similar post","link":""},"img":{"alt_text":"","src":"","width":0,"height":0},"classes":[]},{"id":50691,"url":"https:\/\/www.globaldownsyndrome.org\/es\/our-story\/kayla-albrechtson-mph\/","url_meta":{"origin":160481,"position":1},"title":"Kayla Albrechtson, MPH","author":"Global Down Syndrome Foundation","date":"Julio 30, 2018","format":false,"excerpt":"Senior Membership Coordinator As Senior Membership Coordinator, Kayla maintains GLOBAL\u2019s Membership program by supporting new and returning members, maintaining membership benefits, and other membership duties. Kayla works with all individual members. Before joining GLOBAL, Kayla worked in nonprofit public health programs, where she found a love for the IDD community.\u2026","rel":"","context":"Similar post","block_context":{"text":"Similar post","link":""},"img":{"alt_text":"","src":"https:\/\/i0.wp.com\/www.globaldownsyndrome.org\/wp-content\/uploads\/2020\/05\/kaylabigheadshot-1-146x219.jpg?resize=350%2C200&ssl=1","width":350,"height":200},"classes":[]},{"id":36987,"url":"https:\/\/www.globaldownsyndrome.org\/es\/press-releases\/2016-press-releases\/educational-grants-pr\/","url_meta":{"origin":160481,"position":2},"title":"Global Down Syndrome Foundation Awards $400K in Innovative Educational Grants","author":"Global Down Syndrome Foundation","date":"Julio 22, 2016","format":false,"excerpt":"2016 Awardees Include Global Member Organizations from Eleven States\u00a0 ORLANDO (July 21, 2016) \u2013 Today, the Global Down Syndrome Foundation (Global) awarded $92,200 to organizations in eleven states through one of Global\u2019s membership grant programs.\u00a0 The grants were announced at the NDSC Annual Convention which attracted nearly 4,000 attendees in\u2026","rel":"","context":"Similar post","block_context":{"text":"Similar post","link":""},"img":{"alt_text":"Educational Grants","src":"https:\/\/i0.wp.com\/www.globaldownsyndrome.org\/wp-content\/uploads\/2016\/07\/ed-grants-598x354.jpg?resize=350%2C200","width":350,"height":200},"classes":[]},{"id":60572,"url":"https:\/\/www.globaldownsyndrome.org\/es\/membership\/","url_meta":{"origin":160481,"position":3},"title":"membership","author":"Global Down Syndrome Foundation","date":"Octubre 13, 2020","format":false,"excerpt":"etc","rel":"","context":"Similar post","block_context":{"text":"Similar post","link":""},"img":{"alt_text":"","src":"","width":0,"height":0},"classes":[]},{"id":41605,"url":"https:\/\/www.globaldownsyndrome.org\/es\/press-releases\/2017-press-releases\/global-syndrome-foundation-new-membership-grants-help-employ-32-people-syndrome-across-country\/","url_meta":{"origin":160481,"position":4},"title":"Global Down Syndrome Foundation New Membership Grants help employ 32 people with Down syndrome across the country","author":"Global Down Syndrome Foundation","date":"Febrero 24, 2017","format":false,"excerpt":"CINNCINATTI, OH (Feb 27, 2017) \u2013 Global Down Syndrome Foundation announced its second year Self-Advocate Employee Initiative Grant winners at the Down Syndrome Affiliate in Action (DSAIA) conference this weekend. Self-Advocate Employee Initiative Grants, a benefit of Global membership, empower local Down syndrome organizations to hire individuals with Down syndrome\u2026","rel":"","context":"Similar post","block_context":{"text":"Similar post","link":""},"img":{"alt_text":"","src":"","width":0,"height":0},"classes":[]},{"id":69496,"url":"https:\/\/www.globaldownsyndrome.org\/es\/global-webinar-series-summer-2021\/","url_meta":{"origin":160481,"position":5},"title":"Global Webinar Series Summer 2021","author":"Global Down Syndrome Foundation","date":"Junio 4, 2021","format":false,"excerpt":"How the CDC Supports People with Down Syndrome & An Update on COVID-19 Vaccinations Overview This exciting GLOBAL Webinar covered how the CDC is monitoring people with Down syndrome and the potential co-occurring issues, such as congenital heart defects, to improve supports and services. Dr. Remley also provided a breakdown\u2026","rel":"","context":"Similar post","block_context":{"text":"Similar post","link":""},"img":{"alt_text":"","src":"https:\/\/i0.wp.com\/www.globaldownsyndrome.org\/wp-content\/uploads\/2021\/07\/Remley-Photo.jpg?resize=350%2C200&ssl=1","width":350,"height":200,"srcset":"https:\/\/i0.wp.com\/www.globaldownsyndrome.org\/wp-content\/uploads\/2021\/07\/Remley-Photo.jpg?resize=350%2C200&ssl=1 1x, https:\/\/i0.wp.com\/www.globaldownsyndrome.org\/wp-content\/uploads\/2021\/07\/Remley-Photo.jpg?resize=525%2C300&ssl=1 1.5x, https:\/\/i0.wp.com\/www.globaldownsyndrome.org\/wp-content\/uploads\/2021\/07\/Remley-Photo.jpg?resize=700%2C400&ssl=1 2x"},"classes":[]}],"jetpack_sharing_enabled":true,"_links":{"self":[{"href":"https:\/\/www.globaldownsyndrome.org\/es\/wp-json\/wp\/v2\/pages\/160481","targetHints":{"allow":["GET"]}}],"collection":[{"href":"https:\/\/www.globaldownsyndrome.org\/es\/wp-json\/wp\/v2\/pages"}],"about":[{"href":"https:\/\/www.globaldownsyndrome.org\/es\/wp-json\/wp\/v2\/types\/page"}],"author":[{"embeddable":true,"href":"https:\/\/www.globaldownsyndrome.org\/es\/wp-json\/wp\/v2\/users\/12"}],"replies":[{"embeddable":true,"href":"https:\/\/www.globaldownsyndrome.org\/es\/wp-json\/wp\/v2\/comments?post=160481"}],"version-history":[{"count":0,"href":"https:\/\/www.globaldownsyndrome.org\/es\/wp-json\/wp\/v2\/pages\/160481\/revisions"}],"wp:attachment":[{"href":"https:\/\/www.globaldownsyndrome.org\/es\/wp-json\/wp\/v2\/media?parent=160481"}],"curies":[{"name":"wp","href":"https:\/\/api.w.org\/{rel}","templated":true}]}}