{"id":18,"date":"2011-06-01T10:34:23","date_gmt":"2011-06-01T10:34:23","guid":{"rendered":"http:\/\/globaldownsyndrome.org.mytempweb.com\/?page_id=18"},"modified":"2017-08-31T10:50:12","modified_gmt":"2017-08-31T16:50:12","slug":"sobre-el-sindrome-de-down","status":"publish","type":"page","link":"https:\/\/www.globaldownsyndrome.org\/es\/about-down-syndrome\/","title":{"rendered":"Acerca del s\u00edndrome de Down"},"content":{"rendered":"<div id=\"attachment_2130\" style=\"width: 119px\" class=\"wp-caption alignright\"><img loading=\"lazy\" decoding=\"async\" aria-describedby=\"caption-attachment-2130\" class=\"size-full wp-image-2130\" title=\"john_langdon_down\" src=\"\/wp-content\/uploads\/2011\/06\/john_langdon_down.gif\" alt=\"John Langdon Down\" width=\"109\" height=\"144\"><p id=\"caption-attachment-2130\" class=\"wp-caption-text\">John Langdon Down<\/p><\/div>\n<h2>Cronolog\u00eda - Historia del s\u00edndrome de Down<\/h2>\n<p>En 1866, el m\u00e9dico ingl\u00e9s John Langdon Down relacion\u00f3 las caracter\u00edsticas f\u00edsicas de las personas con s\u00edndrome de Down con una menor capacidad intelectual. Hoy sabemos que el s\u00edndrome de Down es un conjunto de s\u00edntomas mentales y f\u00edsicos que resultan de tener una copia extra del cromosoma 21.<\/p>\n<p><em><a href=\"?page_id=1436\">Ver una l\u00ednea de tiempo que muestra la historia del s\u00edndrome de Down<\/a>.<\/em><\/p>\n<hr>\n<h2>La historia de dos s\u00edndromes<\/h2>\n<p><em>Un comentario de Michelle Sie Whitten,&nbsp;<\/em><em>Directora Ejecutiva, Fundaci\u00f3n Global del S\u00edndrome de Down<\/em><\/p>\n<p>Antes de los a\u00f1os ochenta, la inmensa mayor\u00eda de las personas con s\u00edndrome de Down en Estados Unidos eran internadas en instituciones, a menudo cuando eran beb\u00e9s o ni\u00f1os peque\u00f1os. Hoy, la vida media de una persona con s\u00edndrome de Down es de 60 a\u00f1os. En general, las personas con s\u00edndrome de Down viven ahora en casa y participan en nuestras comunidades.<\/p>\n<p><em><a href=\"?page_id=32\">Lea la historia de dos s\u00edndromes<\/a>.<\/em><\/p>\n<hr>\n<h2>Conceptos err\u00f3neos frente a la realidad<\/h2>\n<p>Hay muchos conceptos err\u00f3neos sobre las personas con s\u00edndrome de Down. La Global Down Syndrome Foundation se dedica a corregir las ideas err\u00f3neas y, con el tiempo, a financiar investigaciones que aborden mejor los problemas m\u00e9dicos y cognitivos asociados a esta enfermedad.<\/p>\n<p><em><a href=\"?page_id=34\">Inf\u00f3rmate sobre el s\u00edndrome de Down<\/a>.<\/em><\/p>\n<hr>\n<h2><a href=\"\/wp-content\/uploads\/2011\/06\/PregnantMommy.jpg\"><img loading=\"lazy\" decoding=\"async\" class=\"alignright wp-image-5764\" title=\"EmbarazadaMam\u00e1\" src=\"\/wp-content\/uploads\/2011\/06\/PregnantMommy-172x219.jpg\" alt=\"\" width=\"134\" height=\"170\" srcset=\"https:\/\/www.globaldownsyndrome.org\/wp-content\/uploads\/2011\/06\/PregnantMommy-172x219.jpg 172w, https:\/\/www.globaldownsyndrome.org\/wp-content\/uploads\/2011\/06\/PregnantMommy-278x354.jpg 278w, https:\/\/www.globaldownsyndrome.org\/wp-content\/uploads\/2011\/06\/PregnantMommy-175x223.jpg 175w, https:\/\/www.globaldownsyndrome.org\/wp-content\/uploads\/2011\/06\/PregnantMommy.jpg 654w\" sizes=\"auto, (max-width: 134px) 100vw, 134px\" \/><\/a>Folleto sobre pruebas prenatales<\/h2>\n<p>El Congreso Nacional sobre el S\u00edndrome de Down y Global se han unido para publicar la segunda edici\u00f3n del innovador folleto sobre las pruebas prenatales del s\u00edndrome de Down, disponible en ingl\u00e9s y espa\u00f1ol. La segunda edici\u00f3n, creada a partir de la primera encuesta nacional a mujeres embarazadas y profesionales m\u00e9dicos, es f\u00e1cilmente accesible en formato electr\u00f3nico o impreso sin coste alguno.<\/p>\n<p><a href=\"http:\/\/www.globaldownsyndrome.org\/prenatal-testing-pamphlet\/\"><em>M\u00e1s informaci\u00f3n sobre nuestro folleto GRATUITO de pruebas prenatales<\/em><\/a><\/p>\n<hr>\n<div id=\"attachment_2133\" style=\"width: 210px\" class=\"wp-caption alignright\"><img loading=\"lazy\" decoding=\"async\" aria-describedby=\"caption-attachment-2133\" class=\"size-full wp-image-2133\" title=\"mapa_peque\u00f1o\" src=\"\/wp-content\/uploads\/2011\/06\/map_small.jpg\" alt=\"Mapa de Estados Unidos\" width=\"200\" height=\"149\"><p id=\"caption-attachment-2133\" class=\"wp-caption-text\">Organizaciones locales y nacionales para el s\u00edndrome de Down<\/p><\/div>\n<h2>Recursos<\/h2>\n<p>Encuentre una organizaci\u00f3n cercana que apoye a las personas de su comunidad. Inf\u00f3rmate tambi\u00e9n sobre las organizaciones de s\u00edndrome de Down de \u00e1mbito nacional.<\/p>\n<p><em><a href=\"\/es\/sobre-el-sindrome-de-down\/recursos\/\">Vea ahora las organizaciones locales y nacionales<\/a>.<\/em><\/p>","protected":false},"excerpt":{"rendered":"<p>Timeline &#8211; A History of Down Syndrome In 1866, English physician John Langdon Down linked physical characteristics of people with Down syndrome to decreased intellectual ability. Today, we know that Down syndrome is set of mental and physical symptoms that result from having an extra copy of Chromosome 21. View a timeline that shows the [&hellip;]<\/p>\n","protected":false},"author":3,"featured_media":0,"parent":0,"menu_order":21,"comment_status":"open","ping_status":"open","template":"","meta":{"_acf_changed":false,"ngg_post_thumbnail":0,"footnotes":""},"class_list":["post-18","page","type-page","status-publish","hentry"],"acf":[],"yoast_head":"<!-- This site is optimized with the Yoast SEO plugin v27.3 - https:\/\/yoast.com\/product\/yoast-seo-wordpress\/ -->\n<title>About Down Syndrome | Global Down Syndrome Foundation<\/title>\n<meta name=\"description\" content=\"Down syndrome is a genetic condition affecting 400,000 people in the U.S. and 6 million people worldwide, caused by having three copies of chromosome 21.\" \/>\n<meta name=\"robots\" content=\"index, follow, max-snippet:-1, max-image-preview:large, max-video-preview:-1\" \/>\n<link rel=\"canonical\" href=\"https:\/\/www.globaldownsyndrome.org\/es\/sobre-el-sindrome-de-down\/\" \/>\n<meta property=\"og:locale\" content=\"es_ES\" \/>\n<meta property=\"og:type\" content=\"article\" \/>\n<meta property=\"og:title\" content=\"About Down Syndrome | Global Down Syndrome Foundation\" \/>\n<meta property=\"og:description\" content=\"Down syndrome is a genetic condition affecting 400,000 people in the U.S. and 6 million people worldwide, caused by having three copies of chromosome 21.\" \/>\n<meta property=\"og:url\" content=\"https:\/\/www.globaldownsyndrome.org\/es\/sobre-el-sindrome-de-down\/\" \/>\n<meta property=\"og:site_name\" content=\"Global Down Syndrome Foundation\" \/>\n<meta property=\"article:modified_time\" content=\"2017-08-31T16:50:12+00:00\" \/>\n<meta property=\"og:image\" content=\"https:\/\/www.globaldownsyndrome.org\/wp-content\/uploads\/2011\/06\/john_langdon_down.gif\" \/>\n<meta name=\"twitter:card\" content=\"summary_large_image\" \/>\n<meta name=\"twitter:label1\" content=\"Est. reading time\" \/>\n\t<meta name=\"twitter:data1\" content=\"2 minutos\" \/>\n<script type=\"application\/ld+json\" class=\"yoast-schema-graph\">{\"@context\":\"https:\\\/\\\/schema.org\",\"@graph\":[{\"@type\":\"WebPage\",\"@id\":\"https:\\\/\\\/www.globaldownsyndrome.org\\\/about-down-syndrome\\\/\",\"url\":\"https:\\\/\\\/www.globaldownsyndrome.org\\\/about-down-syndrome\\\/\",\"name\":\"About Down Syndrome | Global Down Syndrome Foundation\",\"isPartOf\":{\"@id\":\"https:\\\/\\\/www.globaldownsyndrome.org\\\/#website\"},\"datePublished\":\"2011-06-01T10:34:23+00:00\",\"dateModified\":\"2017-08-31T16:50:12+00:00\",\"description\":\"Down syndrome is a genetic condition affecting 400,000 people in the U.S. and 6 million people worldwide, caused by having three copies of chromosome 21.\",\"breadcrumb\":{\"@id\":\"https:\\\/\\\/www.globaldownsyndrome.org\\\/about-down-syndrome\\\/#breadcrumb\"},\"inLanguage\":\"es-CL\",\"potentialAction\":[{\"@type\":\"ReadAction\",\"target\":[\"https:\\\/\\\/www.globaldownsyndrome.org\\\/about-down-syndrome\\\/\"]}]},{\"@type\":\"BreadcrumbList\",\"@id\":\"https:\\\/\\\/www.globaldownsyndrome.org\\\/about-down-syndrome\\\/#breadcrumb\",\"itemListElement\":[{\"@type\":\"ListItem\",\"position\":1,\"name\":\"Home\",\"item\":\"https:\\\/\\\/www.globaldownsyndrome.org\\\/\"},{\"@type\":\"ListItem\",\"position\":2,\"name\":\"About Down Syndrome\"}]},{\"@type\":\"WebSite\",\"@id\":\"https:\\\/\\\/www.globaldownsyndrome.org\\\/#website\",\"url\":\"https:\\\/\\\/www.globaldownsyndrome.org\\\/\",\"name\":\"Global Down Syndrome Foundation\",\"description\":\"Dedicated to significantly improving the lives of people with Down Syndrome through RESEARCH, MEDICAL CARE, EDUCATION AND ADVOCACY\",\"publisher\":{\"@id\":\"https:\\\/\\\/www.globaldownsyndrome.org\\\/#organization\"},\"potentialAction\":[{\"@type\":\"SearchAction\",\"target\":{\"@type\":\"EntryPoint\",\"urlTemplate\":\"https:\\\/\\\/www.globaldownsyndrome.org\\\/?s={search_term_string}\"},\"query-input\":{\"@type\":\"PropertyValueSpecification\",\"valueRequired\":true,\"valueName\":\"search_term_string\"}}],\"inLanguage\":\"es-CL\"},{\"@type\":\"Organization\",\"@id\":\"https:\\\/\\\/www.globaldownsyndrome.org\\\/#organization\",\"name\":\"Global Down Syndrome Foundation\",\"url\":\"https:\\\/\\\/www.globaldownsyndrome.org\\\/\",\"logo\":{\"@type\":\"ImageObject\",\"inLanguage\":\"es-CL\",\"@id\":\"https:\\\/\\\/www.globaldownsyndrome.org\\\/#\\\/schema\\\/logo\\\/image\\\/\",\"url\":\"https:\\\/\\\/www.globaldownsyndrome.org\\\/wp-content\\\/uploads\\\/2022\\\/11\\\/logo.jpg\",\"contentUrl\":\"https:\\\/\\\/www.globaldownsyndrome.org\\\/wp-content\\\/uploads\\\/2022\\\/11\\\/logo.jpg\",\"width\":2351,\"height\":896,\"caption\":\"Global Down Syndrome Foundation\"},\"image\":{\"@id\":\"https:\\\/\\\/www.globaldownsyndrome.org\\\/#\\\/schema\\\/logo\\\/image\\\/\"}}]}<\/script>\n<!-- \/ Yoast SEO plugin. -->","yoast_head_json":{"title":"Acerca del s\u00edndrome de Down | Fundaci\u00f3n Global del S\u00edndrome de Down","description":"El s\u00edndrome de Down es una enfermedad gen\u00e9tica que afecta a 400.000 personas en EE.UU. y a 6 millones en todo el mundo, causada por tener tres copias del cromosoma 21.","robots":{"index":"index","follow":"follow","max-snippet":"max-snippet:-1","max-image-preview":"max-image-preview:large","max-video-preview":"max-video-preview:-1"},"canonical":"https:\/\/www.globaldownsyndrome.org\/es\/sobre-el-sindrome-de-down\/","og_locale":"es_ES","og_type":"article","og_title":"About Down Syndrome | Global Down Syndrome Foundation","og_description":"Down syndrome is a genetic condition affecting 400,000 people in the U.S. and 6 million people worldwide, caused by having three copies of chromosome 21.","og_url":"https:\/\/www.globaldownsyndrome.org\/es\/sobre-el-sindrome-de-down\/","og_site_name":"Global Down Syndrome Foundation","article_modified_time":"2017-08-31T16:50:12+00:00","og_image":[{"url":"https:\/\/www.globaldownsyndrome.org\/wp-content\/uploads\/2011\/06\/john_langdon_down.gif","type":"","width":"","height":""}],"twitter_card":"summary_large_image","twitter_misc":{"Est. reading time":"2 minutos"},"schema":{"@context":"https:\/\/schema.org","@graph":[{"@type":"WebPage","@id":"https:\/\/www.globaldownsyndrome.org\/about-down-syndrome\/","url":"https:\/\/www.globaldownsyndrome.org\/about-down-syndrome\/","name":"Acerca del s\u00edndrome de Down | Fundaci\u00f3n Global del S\u00edndrome de Down","isPartOf":{"@id":"https:\/\/www.globaldownsyndrome.org\/#website"},"datePublished":"2011-06-01T10:34:23+00:00","dateModified":"2017-08-31T16:50:12+00:00","description":"El s\u00edndrome de Down es una enfermedad gen\u00e9tica que afecta a 400.000 personas en EE.UU. y a 6 millones en todo el mundo, causada por tener tres copias del cromosoma 21.","breadcrumb":{"@id":"https:\/\/www.globaldownsyndrome.org\/about-down-syndrome\/#breadcrumb"},"inLanguage":"es-CL","potentialAction":[{"@type":"ReadAction","target":["https:\/\/www.globaldownsyndrome.org\/about-down-syndrome\/"]}]},{"@type":"BreadcrumbList","@id":"https:\/\/www.globaldownsyndrome.org\/about-down-syndrome\/#breadcrumb","itemListElement":[{"@type":"ListItem","position":1,"name":"Home","item":"https:\/\/www.globaldownsyndrome.org\/"},{"@type":"ListItem","position":2,"name":"About Down Syndrome"}]},{"@type":"WebSite","@id":"https:\/\/www.globaldownsyndrome.org\/#website","url":"https:\/\/www.globaldownsyndrome.org\/","name":"Fundaci\u00f3n Mundial del S\u00edndrome de Down","description":"Dedicada a mejorar significativamente la vida de las personas con s\u00edndrome de Down a trav\u00e9s de la INVESTIGACI\u00d3N, LA ATENCI\u00d3N M\u00c9DICA, LA EDUCACI\u00d3N Y LA DEFENSA.","publisher":{"@id":"https:\/\/www.globaldownsyndrome.org\/#organization"},"potentialAction":[{"@type":"SearchAction","target":{"@type":"EntryPoint","urlTemplate":"https:\/\/www.globaldownsyndrome.org\/?s={search_term_string}"},"query-input":{"@type":"PropertyValueSpecification","valueRequired":true,"valueName":"search_term_string"}}],"inLanguage":"es-CL"},{"@type":"Organization","@id":"https:\/\/www.globaldownsyndrome.org\/#organization","name":"Fundaci\u00f3n Mundial del S\u00edndrome de Down","url":"https:\/\/www.globaldownsyndrome.org\/","logo":{"@type":"ImageObject","inLanguage":"es-CL","@id":"https:\/\/www.globaldownsyndrome.org\/#\/schema\/logo\/image\/","url":"https:\/\/www.globaldownsyndrome.org\/wp-content\/uploads\/2022\/11\/logo.jpg","contentUrl":"https:\/\/www.globaldownsyndrome.org\/wp-content\/uploads\/2022\/11\/logo.jpg","width":2351,"height":896,"caption":"Global Down Syndrome Foundation"},"image":{"@id":"https:\/\/www.globaldownsyndrome.org\/#\/schema\/logo\/image\/"}}]}},"jetpack_shortlink":"https:\/\/wp.me\/P70gmm-i","jetpack-related-posts":[{"id":161659,"url":"https:\/\/www.globaldownsyndrome.org\/es\/global-advocacy-elongating-life-improving-health\/","url_meta":{"origin":18,"position":0},"title":"GLOBAL Advocacy \u2013 Elongating Life &#038; Improving Health\u200b","author":"Wes Butler","date":"Agosto 14, 2025","format":false,"excerpt":"","rel":"","context":"Similar post","block_context":{"text":"Similar post","link":""},"img":{"alt_text":"DeOndra Dixon advocacy","src":"https:\/\/i0.wp.com\/www.globaldownsyndrome.org\/wp-content\/uploads\/2024\/03\/deondra-dixon-525.jpg?resize=350%2C200&ssl=1","width":350,"height":200,"srcset":"https:\/\/i0.wp.com\/www.globaldownsyndrome.org\/wp-content\/uploads\/2024\/03\/deondra-dixon-525.jpg?resize=350%2C200&ssl=1 1x, https:\/\/i0.wp.com\/www.globaldownsyndrome.org\/wp-content\/uploads\/2024\/03\/deondra-dixon-525.jpg?resize=525%2C300&ssl=1 1.5x"},"classes":[]},{"id":159078,"url":"https:\/\/www.globaldownsyndrome.org\/es\/missy-haughery\/","url_meta":{"origin":18,"position":1},"title":"Missy Haughery","author":"Kayla Albrechtson","date":"Enero 10, 2025","format":false,"excerpt":"Executive Director, Down Syndrome Alabama Melissa \"Missy'' Haughery was named executive director of Down Syndrome Alabama (DSA) in March of 2023, after a twenty-six-year career in education as a 12th grade English teacher.\u00a0 Down Syndrome Alabama is a state-wide organization dedicated to supporting individuals with Down syndrome, their families, and\u2026","rel":"","context":"Similar post","block_context":{"text":"Similar post","link":""},"img":{"alt_text":"Missy Haughery","src":"https:\/\/i0.wp.com\/www.globaldownsyndrome.org\/wp-content\/uploads\/2025\/01\/mab-large.jpg?resize=350%2C200&ssl=1","width":350,"height":200},"classes":[]},{"id":152797,"url":"https:\/\/www.globaldownsyndrome.org\/es\/research-medical-care\/medical-care-providers\/alabama\/","url_meta":{"origin":18,"position":2},"title":"Alabama Down Syndrome Medical Care Centers","author":"Wes Butler","date":"Agosto 29, 2023","format":false,"excerpt":"Lifespan Down Syndrome Program at UAB Medicine, Pediatrics - Birmingham Lifespan Down Syndrome Program at UAB Medicine, STEP Clinic - Birmingham Lifespan Down Syndrome Program at UAB Medicine, Pediatrics, South Birmingham, AL Affiliation: University of Alabama at Birmingham Summary: Pediatric Down Syndrome Clinic Our clinic strives to be a pivotal\u2026","rel":"","context":"Similar post","block_context":{"text":"Similar post","link":""},"img":{"alt_text":"","src":"","width":0,"height":0},"classes":[]},{"id":160735,"url":"https:\/\/www.globaldownsyndrome.org\/es\/research-medical-care\/medical-care-providers\/district-of-columbia\/","url_meta":{"origin":18,"position":3},"title":"DC Down Syndrome Medical Care Centers","author":"Wes Butler","date":"Mayo 15, 2025","format":false,"excerpt":"Down Syndrome Clinic at Children's National Hospital - Washington DC Pediatric Down Syndrome Clinic at MedStar Georgetown Pediatrics at Tenleytown - Washington DC Down Syndrome Clinic at Children's National Hospital Affiliation: Children's National Summary: Children's National Hospital has the only dedicated Down syndrome clinic in the Washington, D.C., metropolitan area.\u2026","rel":"","context":"Similar post","block_context":{"text":"Similar post","link":""},"img":{"alt_text":"","src":"","width":0,"height":0},"classes":[]},{"id":153413,"url":"https:\/\/www.globaldownsyndrome.org\/es\/global-webinar-series-october-2023\/","url_meta":{"origin":18,"position":4},"title":"GLOBAL Webinars October 2023","author":"Wes Butler","date":"Octubre 17, 2023","format":false,"excerpt":"","rel":"","context":"Similar post","block_context":{"text":"Similar post","link":""},"img":{"alt_text":"","src":"https:\/\/i0.wp.com\/www.globaldownsyndrome.org\/wp-content\/uploads\/2023\/10\/Joaquin-Espinosa-Headshot-300x300-1.jpg?resize=350%2C200&ssl=1","width":350,"height":200},"classes":[]},{"id":157902,"url":"https:\/\/www.globaldownsyndrome.org\/es\/global-webinars-october-2024\/","url_meta":{"origin":18,"position":5},"title":"GLOBAL Webinars October 2024","author":"Wes Butler","date":"Octubre 28, 2024","format":false,"excerpt":"","rel":"","context":"Similar post","block_context":{"text":"Similar post","link":""},"img":{"alt_text":"Dr. Espinosa Headshot","src":"https:\/\/i0.wp.com\/www.globaldownsyndrome.org\/wp-content\/uploads\/2023\/05\/Dr-Espinosa-Headshot-283x354.jpg?resize=350%2C200&ssl=1","width":350,"height":200},"classes":[]}],"jetpack_sharing_enabled":true,"_links":{"self":[{"href":"https:\/\/www.globaldownsyndrome.org\/es\/wp-json\/wp\/v2\/pages\/18","targetHints":{"allow":["GET"]}}],"collection":[{"href":"https:\/\/www.globaldownsyndrome.org\/es\/wp-json\/wp\/v2\/pages"}],"about":[{"href":"https:\/\/www.globaldownsyndrome.org\/es\/wp-json\/wp\/v2\/types\/page"}],"author":[{"embeddable":true,"href":"https:\/\/www.globaldownsyndrome.org\/es\/wp-json\/wp\/v2\/users\/3"}],"replies":[{"embeddable":true,"href":"https:\/\/www.globaldownsyndrome.org\/es\/wp-json\/wp\/v2\/comments?post=18"}],"version-history":[{"count":0,"href":"https:\/\/www.globaldownsyndrome.org\/es\/wp-json\/wp\/v2\/pages\/18\/revisions"}],"wp:attachment":[{"href":"https:\/\/www.globaldownsyndrome.org\/es\/wp-json\/wp\/v2\/media?parent=18"}],"curies":[{"name":"wp","href":"https:\/\/api.w.org\/{rel}","templated":true}]}}