{"id":20,"date":"2011-06-01T10:34:44","date_gmt":"2011-06-01T10:34:44","guid":{"rendered":"http:\/\/globaldownsyndrome.org.mytempweb.com\/?page_id=20"},"modified":"2024-02-13T14:23:37","modified_gmt":"2024-02-13T21:23:37","slug":"investigacion-atencion-medica","status":"publish","type":"page","link":"https:\/\/www.globaldownsyndrome.org\/es\/research-medical-care\/","title":{"rendered":"Investigaci\u00f3n y asistencia m\u00e9dica"},"content":{"rendered":"<div style=\"float: right; margin-left: 30px;\"><img loading=\"lazy\" decoding=\"async\" class=\"alignnone size-full wp-image-154983\" src=\"https:\/\/www.globaldownsyndrome.org\/wp-content\/uploads\/2023\/05\/IMG_7660.jpg\" alt=\"Foto de trabajo de laboratorio\" width=\"375\" height=\"250\" srcset=\"https:\/\/www.globaldownsyndrome.org\/wp-content\/uploads\/2023\/05\/IMG_7660.jpg 375w, https:\/\/www.globaldownsyndrome.org\/wp-content\/uploads\/2023\/05\/IMG_7660-329x219.jpg 329w, https:\/\/www.globaldownsyndrome.org\/wp-content\/uploads\/2023\/05\/IMG_7660-335x223.jpg 335w\" sizes=\"auto, (max-width: 375px) 100vw, 375px\" \/><\/div>\n<h2>Conozca las oportunidades de investigaci\u00f3n en el Instituto Crnic<\/h2>\n<p>El trabajo de defensa de GLOBAL en los Institutos Nacionales de Salud (NIH) ha dado lugar a m\u00e1s de $200 Millones de d\u00f3lares m\u00e1s en la investigaci\u00f3n del s\u00edndrome de Down desde 2017. Esta financiaci\u00f3n sin precedentes condujo a la creaci\u00f3n de un mecanismo de financiaci\u00f3n de varios institutos NIH denominado INvestigation of Co-occurring conditions across the Lifespan to Understand Down syndromE, tambi\u00e9n conocido como Proyecto INCLUDE. Esta financiaci\u00f3n ya est\u00e1 a disposici\u00f3n de todos los cl\u00ednicos e investigadores interesados en el s\u00edndrome de Down. \u00c9stas son algunas de las oportunidades de investigaci\u00f3n de nuestros afiliados:<\/p>\n<p><a href=\"https:\/\/www.trisome.org\/\" target=\"_blank\" rel=\"noopener\">Biobanco del Proyecto Trisoma Humano del Instituto Crnic<\/a><\/p>\n<p><a href=\"https:\/\/medschool.cuanschutz.edu\/linda-crnic-institute\/research\/immune-skin-clinical-trial\" target=\"_blank\" rel=\"noopener\">Ensayo cl\u00ednico sobre afecciones cut\u00e1neas inmunitarias<\/a><\/p>\n<p><a href=\"https:\/\/medschool.cuanschutz.edu\/linda-crnic-institute\/research\/down-syndrome-regression-disorder-clinical-trial\" target=\"_blank\" rel=\"noopener\">Ensayo cl\u00ednico sobre el trastorno por regresi\u00f3n del s\u00edndrome de Down<\/a><\/p>\n<p><a href=\"https:\/\/www.trcds.org\/\" target=\"_blank\" rel=\"noopener\">Ensayo cl\u00ednico de la cohorte Trail Ready para el s\u00edndrome de Down (TRC-DS)<\/a><br \/>\n&nbsp;<br \/>\n&nbsp;<\/p>\n<hr>\n<p>&nbsp;<\/p>\n<h2>Consejo Cient\u00edfico Asesor del Instituto Linda Crnic<\/h2>\n<p>Los cient\u00edficos y profesionales m\u00e9dicos del Instituto Linda Crnic para el S\u00edndrome de Down dedican su vida a marcar la diferencia para las personas con s\u00edndrome de Down.<\/p>\n<p><a href=\"?page_id=995\">M\u00e1s informaci\u00f3n sobre el Consejo Cient\u00edfico Asesor del Instituto Linda Crinic<\/a>.<br \/>\n&nbsp;<br \/>\n&nbsp;<\/p>\n<hr>\n<p>&nbsp;<\/p>\n<h2 style=\"text-align: left;\">Atenci\u00f3n m\u00e9dica y directrices para el tratamiento de personas con s\u00edndrome de Down<\/h2>\n<p><a href=\"https:\/\/publications.aap.org\/pediatrics\/article\/149\/5\/e2022057010\/186778\/Health-Supervision-for-Children-and-Adolescents?autologincheck=redirected\">2022 Academia Americana de Pediatr\u00eda Supervisi\u00f3n sanitaria de ni\u00f1os y adolescentes con s\u00edndrome de Down<\/a><\/p>\n<p><a href=\"https:\/\/www.globaldownsyndrome.org\/es\/medical-care-guidelines-for-adults\/\" target=\"_blank\" rel=\"noopener\">DIRECTRICES GLOBALES DE ATENCI\u00d3N M\u00c9DICA PARA ADULTOS CON S\u00cdNDROME DE DOWN<\/a><\/p>","protected":false},"excerpt":{"rendered":"<p>Learn About Research Opportunities at the Crnic Institute GLOBAL\u2019s advocacy work at the National Institutes of Health (NIH) has resulted in over $200 Million more dollars in Down syndrome research since 2017. This unprecedented funding led to the creating of a multi-NIH Institute funding mechanism called the INvestigation of Co-occurring conditions across the Lifespan to [&hellip;]<\/p>\n","protected":false},"author":3,"featured_media":0,"parent":0,"menu_order":22,"comment_status":"open","ping_status":"open","template":"template-full-page.php","meta":{"_acf_changed":false,"ngg_post_thumbnail":0,"footnotes":""},"class_list":["post-20","page","type-page","status-publish","hentry"],"acf":[],"yoast_head":"<!-- This site is optimized with the Yoast SEO plugin v27.4 - https:\/\/yoast.com\/product\/yoast-seo-wordpress\/ -->\n<title>Research &amp; Medical Care | Global Down Syndrome Foundation<\/title>\n<meta name=\"robots\" content=\"index, follow, max-snippet:-1, max-image-preview:large, max-video-preview:-1\" \/>\n<link rel=\"canonical\" href=\"https:\/\/www.globaldownsyndrome.org\/es\/investigacion-atencion-medica\/\" \/>\n<meta property=\"og:locale\" content=\"es_ES\" \/>\n<meta property=\"og:type\" content=\"article\" \/>\n<meta property=\"og:title\" content=\"Research &amp; Medical Care | Global Down Syndrome Foundation\" \/>\n<meta property=\"og:description\" content=\"Learn About Research Opportunities at the Crnic Institute GLOBAL\u2019s advocacy work at the National Institutes of Health (NIH) has resulted in over $200 Million more dollars in Down syndrome research since 2017. This unprecedented funding led to the creating of a multi-NIH Institute funding mechanism called the INvestigation of Co-occurring conditions across the Lifespan to [&hellip;]\" \/>\n<meta property=\"og:url\" content=\"https:\/\/www.globaldownsyndrome.org\/es\/investigacion-atencion-medica\/\" \/>\n<meta property=\"og:site_name\" content=\"Global Down Syndrome Foundation\" \/>\n<meta property=\"article:modified_time\" content=\"2024-02-13T21:23:37+00:00\" \/>\n<meta property=\"og:image\" content=\"https:\/\/www.globaldownsyndrome.org\/wp-content\/uploads\/2023\/05\/IMG_7660.jpg\" \/>\n<meta name=\"twitter:card\" content=\"summary_large_image\" \/>\n<meta name=\"twitter:label1\" content=\"Est. reading time\" \/>\n\t<meta name=\"twitter:data1\" content=\"1 minuto\" \/>\n<script type=\"application\/ld+json\" class=\"yoast-schema-graph\">{\"@context\":\"https:\\\/\\\/schema.org\",\"@graph\":[{\"@type\":\"WebPage\",\"@id\":\"https:\\\/\\\/www.globaldownsyndrome.org\\\/research-medical-care\\\/\",\"url\":\"https:\\\/\\\/www.globaldownsyndrome.org\\\/research-medical-care\\\/\",\"name\":\"Research & Medical Care | Global Down Syndrome Foundation\",\"isPartOf\":{\"@id\":\"https:\\\/\\\/www.globaldownsyndrome.org\\\/#website\"},\"primaryImageOfPage\":{\"@id\":\"https:\\\/\\\/www.globaldownsyndrome.org\\\/research-medical-care\\\/#primaryimage\"},\"image\":{\"@id\":\"https:\\\/\\\/www.globaldownsyndrome.org\\\/research-medical-care\\\/#primaryimage\"},\"thumbnailUrl\":\"https:\\\/\\\/www.globaldownsyndrome.org\\\/wp-content\\\/uploads\\\/2023\\\/05\\\/IMG_7660.jpg\",\"datePublished\":\"2011-06-01T10:34:44+00:00\",\"dateModified\":\"2024-02-13T21:23:37+00:00\",\"breadcrumb\":{\"@id\":\"https:\\\/\\\/www.globaldownsyndrome.org\\\/research-medical-care\\\/#breadcrumb\"},\"inLanguage\":\"es-CL\",\"potentialAction\":[{\"@type\":\"ReadAction\",\"target\":[\"https:\\\/\\\/www.globaldownsyndrome.org\\\/research-medical-care\\\/\"]}]},{\"@type\":\"ImageObject\",\"inLanguage\":\"es-CL\",\"@id\":\"https:\\\/\\\/www.globaldownsyndrome.org\\\/research-medical-care\\\/#primaryimage\",\"url\":\"https:\\\/\\\/www.globaldownsyndrome.org\\\/wp-content\\\/uploads\\\/2023\\\/05\\\/IMG_7660.jpg\",\"contentUrl\":\"https:\\\/\\\/www.globaldownsyndrome.org\\\/wp-content\\\/uploads\\\/2023\\\/05\\\/IMG_7660.jpg\"},{\"@type\":\"BreadcrumbList\",\"@id\":\"https:\\\/\\\/www.globaldownsyndrome.org\\\/research-medical-care\\\/#breadcrumb\",\"itemListElement\":[{\"@type\":\"ListItem\",\"position\":1,\"name\":\"Home\",\"item\":\"https:\\\/\\\/www.globaldownsyndrome.org\\\/\"},{\"@type\":\"ListItem\",\"position\":2,\"name\":\"Research &#038; Medical Care\"}]},{\"@type\":\"WebSite\",\"@id\":\"https:\\\/\\\/www.globaldownsyndrome.org\\\/#website\",\"url\":\"https:\\\/\\\/www.globaldownsyndrome.org\\\/\",\"name\":\"Global Down Syndrome Foundation\",\"description\":\"Dedicated to significantly improving the lives of people with Down Syndrome through RESEARCH, MEDICAL CARE, EDUCATION AND ADVOCACY\",\"publisher\":{\"@id\":\"https:\\\/\\\/www.globaldownsyndrome.org\\\/#organization\"},\"potentialAction\":[{\"@type\":\"SearchAction\",\"target\":{\"@type\":\"EntryPoint\",\"urlTemplate\":\"https:\\\/\\\/www.globaldownsyndrome.org\\\/?s={search_term_string}\"},\"query-input\":{\"@type\":\"PropertyValueSpecification\",\"valueRequired\":true,\"valueName\":\"search_term_string\"}}],\"inLanguage\":\"es-CL\"},{\"@type\":\"Organization\",\"@id\":\"https:\\\/\\\/www.globaldownsyndrome.org\\\/#organization\",\"name\":\"Global Down Syndrome Foundation\",\"url\":\"https:\\\/\\\/www.globaldownsyndrome.org\\\/\",\"logo\":{\"@type\":\"ImageObject\",\"inLanguage\":\"es-CL\",\"@id\":\"https:\\\/\\\/www.globaldownsyndrome.org\\\/#\\\/schema\\\/logo\\\/image\\\/\",\"url\":\"https:\\\/\\\/www.globaldownsyndrome.org\\\/wp-content\\\/uploads\\\/2022\\\/11\\\/logo.jpg\",\"contentUrl\":\"https:\\\/\\\/www.globaldownsyndrome.org\\\/wp-content\\\/uploads\\\/2022\\\/11\\\/logo.jpg\",\"width\":2351,\"height\":896,\"caption\":\"Global Down Syndrome Foundation\"},\"image\":{\"@id\":\"https:\\\/\\\/www.globaldownsyndrome.org\\\/#\\\/schema\\\/logo\\\/image\\\/\"}}]}<\/script>\n<!-- \/ Yoast SEO plugin. -->","yoast_head_json":{"title":"Investigaci\u00f3n y asistencia m\u00e9dica | Fundaci\u00f3n Mundial del S\u00edndrome de Down","robots":{"index":"index","follow":"follow","max-snippet":"max-snippet:-1","max-image-preview":"max-image-preview:large","max-video-preview":"max-video-preview:-1"},"canonical":"https:\/\/www.globaldownsyndrome.org\/es\/investigacion-atencion-medica\/","og_locale":"es_ES","og_type":"article","og_title":"Research & Medical Care | Global Down Syndrome Foundation","og_description":"Learn About Research Opportunities at the Crnic Institute GLOBAL\u2019s advocacy work at the National Institutes of Health (NIH) has resulted in over $200 Million more dollars in Down syndrome research since 2017. This unprecedented funding led to the creating of a multi-NIH Institute funding mechanism called the INvestigation of Co-occurring conditions across the Lifespan to [&hellip;]","og_url":"https:\/\/www.globaldownsyndrome.org\/es\/investigacion-atencion-medica\/","og_site_name":"Global Down Syndrome Foundation","article_modified_time":"2024-02-13T21:23:37+00:00","og_image":[{"url":"https:\/\/www.globaldownsyndrome.org\/wp-content\/uploads\/2023\/05\/IMG_7660.jpg","type":"","width":"","height":""}],"twitter_card":"summary_large_image","twitter_misc":{"Est. reading time":"1 minuto"},"schema":{"@context":"https:\/\/schema.org","@graph":[{"@type":"WebPage","@id":"https:\/\/www.globaldownsyndrome.org\/research-medical-care\/","url":"https:\/\/www.globaldownsyndrome.org\/research-medical-care\/","name":"Investigaci\u00f3n y asistencia m\u00e9dica | Fundaci\u00f3n Mundial del S\u00edndrome de Down","isPartOf":{"@id":"https:\/\/www.globaldownsyndrome.org\/#website"},"primaryImageOfPage":{"@id":"https:\/\/www.globaldownsyndrome.org\/research-medical-care\/#primaryimage"},"image":{"@id":"https:\/\/www.globaldownsyndrome.org\/research-medical-care\/#primaryimage"},"thumbnailUrl":"https:\/\/www.globaldownsyndrome.org\/wp-content\/uploads\/2023\/05\/IMG_7660.jpg","datePublished":"2011-06-01T10:34:44+00:00","dateModified":"2024-02-13T21:23:37+00:00","breadcrumb":{"@id":"https:\/\/www.globaldownsyndrome.org\/research-medical-care\/#breadcrumb"},"inLanguage":"es-CL","potentialAction":[{"@type":"ReadAction","target":["https:\/\/www.globaldownsyndrome.org\/research-medical-care\/"]}]},{"@type":"ImageObject","inLanguage":"es-CL","@id":"https:\/\/www.globaldownsyndrome.org\/research-medical-care\/#primaryimage","url":"https:\/\/www.globaldownsyndrome.org\/wp-content\/uploads\/2023\/05\/IMG_7660.jpg","contentUrl":"https:\/\/www.globaldownsyndrome.org\/wp-content\/uploads\/2023\/05\/IMG_7660.jpg"},{"@type":"BreadcrumbList","@id":"https:\/\/www.globaldownsyndrome.org\/research-medical-care\/#breadcrumb","itemListElement":[{"@type":"ListItem","position":1,"name":"Home","item":"https:\/\/www.globaldownsyndrome.org\/"},{"@type":"ListItem","position":2,"name":"Research &#038; Medical Care"}]},{"@type":"WebSite","@id":"https:\/\/www.globaldownsyndrome.org\/#website","url":"https:\/\/www.globaldownsyndrome.org\/","name":"Fundaci\u00f3n Mundial del S\u00edndrome de Down","description":"Dedicada a mejorar significativamente la vida de las personas con s\u00edndrome de Down a trav\u00e9s de la INVESTIGACI\u00d3N, LA ATENCI\u00d3N M\u00c9DICA, LA EDUCACI\u00d3N Y LA DEFENSA.","publisher":{"@id":"https:\/\/www.globaldownsyndrome.org\/#organization"},"potentialAction":[{"@type":"SearchAction","target":{"@type":"EntryPoint","urlTemplate":"https:\/\/www.globaldownsyndrome.org\/?s={search_term_string}"},"query-input":{"@type":"PropertyValueSpecification","valueRequired":true,"valueName":"search_term_string"}}],"inLanguage":"es-CL"},{"@type":"Organization","@id":"https:\/\/www.globaldownsyndrome.org\/#organization","name":"Fundaci\u00f3n Mundial del S\u00edndrome de Down","url":"https:\/\/www.globaldownsyndrome.org\/","logo":{"@type":"ImageObject","inLanguage":"es-CL","@id":"https:\/\/www.globaldownsyndrome.org\/#\/schema\/logo\/image\/","url":"https:\/\/www.globaldownsyndrome.org\/wp-content\/uploads\/2022\/11\/logo.jpg","contentUrl":"https:\/\/www.globaldownsyndrome.org\/wp-content\/uploads\/2022\/11\/logo.jpg","width":2351,"height":896,"caption":"Global Down Syndrome Foundation"},"image":{"@id":"https:\/\/www.globaldownsyndrome.org\/#\/schema\/logo\/image\/"}}]}},"jetpack_shortlink":"https:\/\/wp.me\/P70gmm-k","jetpack-related-posts":[{"id":161659,"url":"https:\/\/www.globaldownsyndrome.org\/es\/global-advocacy-elongating-life-improving-health\/","url_meta":{"origin":20,"position":0},"title":"GLOBAL Advocacy \u2013 Elongating Life &#038; Improving Health\u200b","author":"Wes Butler","date":"Agosto 14, 2025","format":false,"excerpt":"","rel":"","context":"Similar post","block_context":{"text":"Similar post","link":""},"img":{"alt_text":"DeOndra Dixon advocacy","src":"https:\/\/i0.wp.com\/www.globaldownsyndrome.org\/wp-content\/uploads\/2024\/03\/deondra-dixon-525.jpg?resize=350%2C200&ssl=1","width":350,"height":200,"srcset":"https:\/\/i0.wp.com\/www.globaldownsyndrome.org\/wp-content\/uploads\/2024\/03\/deondra-dixon-525.jpg?resize=350%2C200&ssl=1 1x, https:\/\/i0.wp.com\/www.globaldownsyndrome.org\/wp-content\/uploads\/2024\/03\/deondra-dixon-525.jpg?resize=525%2C300&ssl=1 1.5x"},"classes":[]},{"id":162503,"url":"https:\/\/www.globaldownsyndrome.org\/es\/global-webinars-november-2025\/","url_meta":{"origin":20,"position":1},"title":"GLOBAL Webinars November 2025","author":"Sarah Learn","date":"Diciembre 3, 2025","format":false,"excerpt":"","rel":"","context":"Similar post","block_context":{"text":"Similar post","link":""},"img":{"alt_text":"","src":"https:\/\/i0.wp.com\/www.globaldownsyndrome.org\/wp-content\/uploads\/2025\/08\/Dr.-Espinosa-Headshot-283x354.png?resize=350%2C200&ssl=1","width":350,"height":200},"classes":[]},{"id":153413,"url":"https:\/\/www.globaldownsyndrome.org\/es\/global-webinar-series-october-2023\/","url_meta":{"origin":20,"position":2},"title":"GLOBAL Webinars October 2023","author":"Wes Butler","date":"Octubre 17, 2023","format":false,"excerpt":"","rel":"","context":"Similar post","block_context":{"text":"Similar post","link":""},"img":{"alt_text":"","src":"https:\/\/i0.wp.com\/www.globaldownsyndrome.org\/wp-content\/uploads\/2023\/10\/Joaquin-Espinosa-Headshot-300x300-1.jpg?resize=350%2C200&ssl=1","width":350,"height":200},"classes":[]},{"id":157902,"url":"https:\/\/www.globaldownsyndrome.org\/es\/global-webinars-october-2024\/","url_meta":{"origin":20,"position":3},"title":"GLOBAL Webinars October 2024","author":"Wes Butler","date":"Octubre 28, 2024","format":false,"excerpt":"","rel":"","context":"Similar post","block_context":{"text":"Similar post","link":""},"img":{"alt_text":"Dr. Espinosa Headshot","src":"https:\/\/i0.wp.com\/www.globaldownsyndrome.org\/wp-content\/uploads\/2023\/05\/Dr-Espinosa-Headshot-283x354.jpg?resize=350%2C200&ssl=1","width":350,"height":200},"classes":[]},{"id":149689,"url":"https:\/\/www.globaldownsyndrome.org\/es\/global-webinar-series-october-2022\/","url_meta":{"origin":20,"position":4},"title":"GLOBAL Webinar Series October 2022","author":"Global Down Syndrome Foundation","date":"Octubre 25, 2022","format":false,"excerpt":"Down Syndrome Regression Disorder: The Latest Research and Promising Treatments Overview In this insightful GLOBAL Webinar session, Drs. Espinosa and Santoro covered the recent research activities advancing the understanding of the condition known as Down Syndrome Regression Disorder (DSRD). They discussed\u00a0 the consensus criteria for diagnosis of this condition, an\u2026","rel":"","context":"Similar post","block_context":{"text":"Similar post","link":""},"img":{"alt_text":"","src":"https:\/\/i0.wp.com\/www.globaldownsyndrome.org\/wp-content\/uploads\/2022\/10\/Simple-Photo-Before-and-After-Skincare-Instagram-Post-2-354x354.jpg?resize=350%2C200&ssl=1","width":350,"height":200},"classes":[]},{"id":163631,"url":"https:\/\/www.globaldownsyndrome.org\/es\/advocacy-center-annual-global-dc-fly-in\/","url_meta":{"origin":20,"position":5},"title":"Advocacy Center &#8211; Annual GLOBAL DC Fly-In","author":"Wes Butler","date":"Febrero 24, 2026","format":false,"excerpt":"","rel":"","context":"Similar post","block_context":{"text":"Similar post","link":""},"img":{"alt_text":"Funding icon","src":"https:\/\/i0.wp.com\/www.globaldownsyndrome.org\/wp-content\/uploads\/2026\/02\/icon-funding.gif?resize=350%2C200&ssl=1","width":350,"height":200},"classes":[]}],"jetpack_sharing_enabled":true,"_links":{"self":[{"href":"https:\/\/www.globaldownsyndrome.org\/es\/wp-json\/wp\/v2\/pages\/20","targetHints":{"allow":["GET"]}}],"collection":[{"href":"https:\/\/www.globaldownsyndrome.org\/es\/wp-json\/wp\/v2\/pages"}],"about":[{"href":"https:\/\/www.globaldownsyndrome.org\/es\/wp-json\/wp\/v2\/types\/page"}],"author":[{"embeddable":true,"href":"https:\/\/www.globaldownsyndrome.org\/es\/wp-json\/wp\/v2\/users\/3"}],"replies":[{"embeddable":true,"href":"https:\/\/www.globaldownsyndrome.org\/es\/wp-json\/wp\/v2\/comments?post=20"}],"version-history":[{"count":0,"href":"https:\/\/www.globaldownsyndrome.org\/es\/wp-json\/wp\/v2\/pages\/20\/revisions"}],"wp:attachment":[{"href":"https:\/\/www.globaldownsyndrome.org\/es\/wp-json\/wp\/v2\/media?parent=20"}],"curies":[{"name":"wp","href":"https:\/\/api.w.org\/{rel}","templated":true}]}}