{"id":41596,"date":"2017-02-24T11:54:23","date_gmt":"2017-02-24T18:54:23","guid":{"rendered":"http:\/\/www.globaldownsyndrome.org\/?page_id=41596"},"modified":"2024-06-28T07:42:50","modified_gmt":"2024-06-28T13:42:50","slug":"blog","status":"publish","type":"page","link":"https:\/\/www.globaldownsyndrome.org\/es\/blog\/","title":{"rendered":"Blog GLOBAL de la Fundaci\u00f3n S\u00edndrome de Down"},"content":{"rendered":"<div class=\"center_js\"><a class=\"btn-gdsf-blog-current\" href=\"http:\/\/www.globaldownsyndrome.org\/blog\/\">Blog Inicio<\/a><a class=\"btn-gdsf-blog\" href=\"http:\/\/www.globaldownsyndrome.org\/blog\/bbby\/\">S\u00e9 bella S\u00e9 t\u00fa misma<\/a><a class=\"btn-gdsf-blog\" href=\"http:\/\/www.globaldownsyndrome.org\/blog\/science\/\">Investigaci\u00f3n y asistencia m\u00e9dica<\/a><a class=\"btn-gdsf-blog\" href=\"http:\/\/www.globaldownsyndrome.org\/blog\/global-events\/\">Eventos<\/a><a class=\"btn-gdsf-blog\" href=\"https:\/\/www.globaldownsyndrome.org\/blog\/magazine\/\">Revista Down Syndrome World<\/a><\/div>","protected":false},"excerpt":{"rendered":"<p>Inicio del blogBe Beautiful Be YourselfInvestigaci\u00f3n y asistencia m\u00e9dicaEventosDown Syndrome World Magazine<\/p>","protected":false},"author":3,"featured_media":0,"parent":0,"menu_order":0,"comment_status":"closed","ping_status":"closed","template":"template-blog.php","meta":{"_acf_changed":false,"ngg_post_thumbnail":0,"footnotes":""},"class_list":["post-41596","page","type-page","status-publish","hentry"],"acf":[],"yoast_head":"<!-- This site is optimized with the Yoast SEO plugin v27.3 - https:\/\/yoast.com\/product\/yoast-seo-wordpress\/ -->\n<title>GLOBAL Down Syndrome Foundation Blog | Global Down Syndrome Foundation<\/title>\n<meta name=\"robots\" content=\"index, follow, max-snippet:-1, max-image-preview:large, max-video-preview:-1\" \/>\n<link rel=\"canonical\" href=\"https:\/\/www.globaldownsyndrome.org\/es\/blog\/\" \/>\n<meta property=\"og:locale\" content=\"es_ES\" \/>\n<meta property=\"og:type\" content=\"article\" \/>\n<meta property=\"og:title\" content=\"GLOBAL Down Syndrome Foundation Blog | Global Down Syndrome Foundation\" \/>\n<meta property=\"og:description\" content=\"Blog HomeBe Beautiful Be YourselfResearch and Medical CareEventsDown Syndrome World Magazine\" \/>\n<meta property=\"og:url\" content=\"https:\/\/www.globaldownsyndrome.org\/es\/blog\/\" \/>\n<meta property=\"og:site_name\" content=\"Global Down Syndrome Foundation\" \/>\n<meta property=\"article:modified_time\" content=\"2024-06-28T13:42:50+00:00\" \/>\n<meta name=\"twitter:card\" content=\"summary_large_image\" \/>\n<script type=\"application\/ld+json\" class=\"yoast-schema-graph\">{\"@context\":\"https:\\\/\\\/schema.org\",\"@graph\":[{\"@type\":\"WebPage\",\"@id\":\"https:\\\/\\\/www.globaldownsyndrome.org\\\/blog\\\/\",\"url\":\"https:\\\/\\\/www.globaldownsyndrome.org\\\/blog\\\/\",\"name\":\"GLOBAL Down Syndrome Foundation Blog | Global Down Syndrome Foundation\",\"isPartOf\":{\"@id\":\"https:\\\/\\\/www.globaldownsyndrome.org\\\/#website\"},\"datePublished\":\"2017-02-24T18:54:23+00:00\",\"dateModified\":\"2024-06-28T13:42:50+00:00\",\"breadcrumb\":{\"@id\":\"https:\\\/\\\/www.globaldownsyndrome.org\\\/blog\\\/#breadcrumb\"},\"inLanguage\":\"es-CL\",\"potentialAction\":[{\"@type\":\"ReadAction\",\"target\":[\"https:\\\/\\\/www.globaldownsyndrome.org\\\/blog\\\/\"]}]},{\"@type\":\"BreadcrumbList\",\"@id\":\"https:\\\/\\\/www.globaldownsyndrome.org\\\/blog\\\/#breadcrumb\",\"itemListElement\":[{\"@type\":\"ListItem\",\"position\":1,\"name\":\"Home\",\"item\":\"https:\\\/\\\/www.globaldownsyndrome.org\\\/\"},{\"@type\":\"ListItem\",\"position\":2,\"name\":\"GLOBAL Down Syndrome Foundation Blog\"}]},{\"@type\":\"WebSite\",\"@id\":\"https:\\\/\\\/www.globaldownsyndrome.org\\\/#website\",\"url\":\"https:\\\/\\\/www.globaldownsyndrome.org\\\/\",\"name\":\"Global Down Syndrome Foundation\",\"description\":\"Dedicated to significantly improving the lives of people with Down Syndrome through RESEARCH, MEDICAL CARE, EDUCATION AND ADVOCACY\",\"publisher\":{\"@id\":\"https:\\\/\\\/www.globaldownsyndrome.org\\\/#organization\"},\"potentialAction\":[{\"@type\":\"SearchAction\",\"target\":{\"@type\":\"EntryPoint\",\"urlTemplate\":\"https:\\\/\\\/www.globaldownsyndrome.org\\\/?s={search_term_string}\"},\"query-input\":{\"@type\":\"PropertyValueSpecification\",\"valueRequired\":true,\"valueName\":\"search_term_string\"}}],\"inLanguage\":\"es-CL\"},{\"@type\":\"Organization\",\"@id\":\"https:\\\/\\\/www.globaldownsyndrome.org\\\/#organization\",\"name\":\"Global Down Syndrome Foundation\",\"url\":\"https:\\\/\\\/www.globaldownsyndrome.org\\\/\",\"logo\":{\"@type\":\"ImageObject\",\"inLanguage\":\"es-CL\",\"@id\":\"https:\\\/\\\/www.globaldownsyndrome.org\\\/#\\\/schema\\\/logo\\\/image\\\/\",\"url\":\"https:\\\/\\\/www.globaldownsyndrome.org\\\/wp-content\\\/uploads\\\/2022\\\/11\\\/logo.jpg\",\"contentUrl\":\"https:\\\/\\\/www.globaldownsyndrome.org\\\/wp-content\\\/uploads\\\/2022\\\/11\\\/logo.jpg\",\"width\":2351,\"height\":896,\"caption\":\"Global Down Syndrome Foundation\"},\"image\":{\"@id\":\"https:\\\/\\\/www.globaldownsyndrome.org\\\/#\\\/schema\\\/logo\\\/image\\\/\"}}]}<\/script>\n<!-- \/ Yoast SEO plugin. -->","yoast_head_json":{"title":"Blog de la Fundaci\u00f3n Global S\u00edndrome de Down | Fundaci\u00f3n Global S\u00edndrome de Down","robots":{"index":"index","follow":"follow","max-snippet":"max-snippet:-1","max-image-preview":"max-image-preview:large","max-video-preview":"max-video-preview:-1"},"canonical":"https:\/\/www.globaldownsyndrome.org\/es\/blog\/","og_locale":"es_ES","og_type":"article","og_title":"GLOBAL Down Syndrome Foundation Blog | Global Down Syndrome Foundation","og_description":"Blog HomeBe Beautiful Be YourselfResearch and Medical CareEventsDown Syndrome World Magazine","og_url":"https:\/\/www.globaldownsyndrome.org\/es\/blog\/","og_site_name":"Global Down Syndrome Foundation","article_modified_time":"2024-06-28T13:42:50+00:00","twitter_card":"summary_large_image","schema":{"@context":"https:\/\/schema.org","@graph":[{"@type":"WebPage","@id":"https:\/\/www.globaldownsyndrome.org\/blog\/","url":"https:\/\/www.globaldownsyndrome.org\/blog\/","name":"Blog de la Fundaci\u00f3n Global S\u00edndrome de Down | Fundaci\u00f3n Global S\u00edndrome de Down","isPartOf":{"@id":"https:\/\/www.globaldownsyndrome.org\/#website"},"datePublished":"2017-02-24T18:54:23+00:00","dateModified":"2024-06-28T13:42:50+00:00","breadcrumb":{"@id":"https:\/\/www.globaldownsyndrome.org\/blog\/#breadcrumb"},"inLanguage":"es-CL","potentialAction":[{"@type":"ReadAction","target":["https:\/\/www.globaldownsyndrome.org\/blog\/"]}]},{"@type":"BreadcrumbList","@id":"https:\/\/www.globaldownsyndrome.org\/blog\/#breadcrumb","itemListElement":[{"@type":"ListItem","position":1,"name":"Home","item":"https:\/\/www.globaldownsyndrome.org\/"},{"@type":"ListItem","position":2,"name":"GLOBAL Down Syndrome Foundation Blog"}]},{"@type":"WebSite","@id":"https:\/\/www.globaldownsyndrome.org\/#website","url":"https:\/\/www.globaldownsyndrome.org\/","name":"Fundaci\u00f3n Mundial del S\u00edndrome de Down","description":"Dedicada a mejorar significativamente la vida de las personas con s\u00edndrome de Down a trav\u00e9s de la INVESTIGACI\u00d3N, LA ATENCI\u00d3N M\u00c9DICA, LA EDUCACI\u00d3N Y LA DEFENSA.","publisher":{"@id":"https:\/\/www.globaldownsyndrome.org\/#organization"},"potentialAction":[{"@type":"SearchAction","target":{"@type":"EntryPoint","urlTemplate":"https:\/\/www.globaldownsyndrome.org\/?s={search_term_string}"},"query-input":{"@type":"PropertyValueSpecification","valueRequired":true,"valueName":"search_term_string"}}],"inLanguage":"es-CL"},{"@type":"Organization","@id":"https:\/\/www.globaldownsyndrome.org\/#organization","name":"Fundaci\u00f3n Mundial del S\u00edndrome de Down","url":"https:\/\/www.globaldownsyndrome.org\/","logo":{"@type":"ImageObject","inLanguage":"es-CL","@id":"https:\/\/www.globaldownsyndrome.org\/#\/schema\/logo\/image\/","url":"https:\/\/www.globaldownsyndrome.org\/wp-content\/uploads\/2022\/11\/logo.jpg","contentUrl":"https:\/\/www.globaldownsyndrome.org\/wp-content\/uploads\/2022\/11\/logo.jpg","width":2351,"height":896,"caption":"Global Down Syndrome Foundation"},"image":{"@id":"https:\/\/www.globaldownsyndrome.org\/#\/schema\/logo\/image\/"}}]}},"jetpack_shortlink":"https:\/\/wp.me\/P70gmm-aOU","jetpack-related-posts":[{"id":47453,"url":"https:\/\/www.globaldownsyndrome.org\/es\/blog\/magazine\/","url_meta":{"origin":41596,"position":0},"title":"Down Syndrome World Magazine Blog Archive","author":"Global Down Syndrome Foundation","date":"Diciembre 15, 2017","format":false,"excerpt":"Inicio del blogBe Beautiful Be YourselfInvestigaci\u00f3n y asistencia m\u00e9dicaEventosDown Syndrome World Magazine","rel":"","context":"Similar post","block_context":{"text":"Similar post","link":""},"img":{"alt_text":"","src":"","width":0,"height":0},"classes":[]},{"id":41820,"url":"https:\/\/www.globaldownsyndrome.org\/es\/blog\/global-events\/","url_meta":{"origin":41596,"position":1},"title":"Events Blog Archive","author":"Global Down Syndrome Foundation","date":"Marzo 6, 2017","format":false,"excerpt":"Inicio del blogBe Beautiful Be YourselfInvestigaci\u00f3n y asistencia m\u00e9dicaEventosDown Syndrome World Magazine","rel":"","context":"Similar post","block_context":{"text":"Similar post","link":""},"img":{"alt_text":"","src":"","width":0,"height":0},"classes":[]},{"id":41742,"url":"https:\/\/www.globaldownsyndrome.org\/es\/blog\/bbby\/","url_meta":{"origin":41596,"position":2},"title":"Be Beautiful Be Yourself Blog Archive","author":"Global Down Syndrome Foundation","date":"Marzo 3, 2017","format":false,"excerpt":"Inicio del blogBe Beautiful Be YourselfInvestigaci\u00f3n y asistencia m\u00e9dicaEventosDown Syndrome World Magazine","rel":"","context":"Similar post","block_context":{"text":"Similar post","link":""},"img":{"alt_text":"","src":"","width":0,"height":0},"classes":[]},{"id":41759,"url":"https:\/\/www.globaldownsyndrome.org\/es\/blog\/science\/","url_meta":{"origin":41596,"position":3},"title":"Science and Research Blog Archive","author":"Global Down Syndrome Foundation","date":"Marzo 3, 2017","format":false,"excerpt":"Inicio del blogBe Beautiful Be YourselfInvestigaci\u00f3n y asistencia m\u00e9dicaEventosDown Syndrome World Magazine","rel":"","context":"Similar post","block_context":{"text":"Similar post","link":""},"img":{"alt_text":"","src":"","width":0,"height":0},"classes":[]},{"id":21755,"url":"https:\/\/www.globaldownsyndrome.org\/es\/press-releases\/2014-press-releases\/academy-and-grammy-award-winner-jamie-foxx-and-his-sister-deondra-dixon-help-launch-down-syndrome-world-during-down-syndrome-awareness-month\/","url_meta":{"origin":41596,"position":4},"title":"Academy and Grammy Award-winner Jamie Foxx and his sister DeOndra Dixon  Help Launch Down Syndrome World during Down Syndrome Awareness Month","author":"Global Down Syndrome Foundation","date":"Noviembre 20, 2014","format":false,"excerpt":"Global Down Syndrome Foundation Magazine Covers Groundbreaking Research, Medical Care, and Features about People with Down Syndrome DENVER (October 23, 2014) \u2013 The Global Down Syndrome Foundation is pleased to announce the launch of Down Syndrome World, the first national magazine dedicated to covering important topics affecting people with Down\u2026","rel":"","context":"Similar post","block_context":{"text":"Similar post","link":""},"img":{"alt_text":"Down Syndrome World","src":"https:\/\/i0.wp.com\/www.globaldownsyndrome.org\/wp-content\/uploads\/2014\/11\/Down-Syndrome-World-288x354.jpg?resize=350%2C200","width":350,"height":200},"classes":[]},{"id":9478,"url":"https:\/\/www.globaldownsyndrome.org\/es\/news-community\/in-the-news\/news-archive-2013\/","url_meta":{"origin":41596,"position":5},"title":"Archivo de noticias: 2013","author":"Global Down Syndrome Foundation","date":"Febrero 26, 2013","format":false,"excerpt":"John C. McGinley Reign Magazine, 12\/4\/13 Be Beautiful Be Yourself Photos Reign Magazine, 12\/4\/13 Linking Alzheimer's and Down Syndrome: Huntington Potter, PhD, Brings New Research Focus CU Medicine Today, 11\/27\/13 Broncos Cheerleaders Inspire Young Fans \u2013 Global Down Syndrome Foundation Dare to Cheer Program 9News, 11\/24\/13 Down Syndrome to Alzheimer\u2019s\u2026","rel":"","context":"Similar post","block_context":{"text":"Similar post","link":""},"img":{"alt_text":"CU Medicine Today","src":"https:\/\/i0.wp.com\/www.globaldownsyndrome.org\/wp-content\/uploads\/2013\/02\/Screen-Shot-2013-12-03-at-10.10.00-AM.png?resize=350%2C200","width":350,"height":200},"classes":[]}],"jetpack_sharing_enabled":true,"_links":{"self":[{"href":"https:\/\/www.globaldownsyndrome.org\/es\/wp-json\/wp\/v2\/pages\/41596","targetHints":{"allow":["GET"]}}],"collection":[{"href":"https:\/\/www.globaldownsyndrome.org\/es\/wp-json\/wp\/v2\/pages"}],"about":[{"href":"https:\/\/www.globaldownsyndrome.org\/es\/wp-json\/wp\/v2\/types\/page"}],"author":[{"embeddable":true,"href":"https:\/\/www.globaldownsyndrome.org\/es\/wp-json\/wp\/v2\/users\/3"}],"replies":[{"embeddable":true,"href":"https:\/\/www.globaldownsyndrome.org\/es\/wp-json\/wp\/v2\/comments?post=41596"}],"version-history":[{"count":0,"href":"https:\/\/www.globaldownsyndrome.org\/es\/wp-json\/wp\/v2\/pages\/41596\/revisions"}],"wp:attachment":[{"href":"https:\/\/www.globaldownsyndrome.org\/es\/wp-json\/wp\/v2\/media?parent=41596"}],"curies":[{"name":"wp","href":"https:\/\/api.w.org\/{rel}","templated":true}]}}