{"id":72612,"date":"2021-10-18T10:55:35","date_gmt":"2021-10-18T16:55:35","guid":{"rendered":"https:\/\/www.globaldownsyndrome.org\/?page_id=72612"},"modified":"2023-09-06T12:57:25","modified_gmt":"2023-09-06T18:57:25","slug":"in-memory-of-deondra-dixon","status":"publish","type":"page","link":"https:\/\/www.globaldownsyndrome.org\/es\/in-memory-of-deondra-dixon\/","title":{"rendered":"In Memory of GLOBAL Ambassador DeOndra Dixon"},"content":{"rendered":"<p><img decoding=\"async\" class=\"size-full wp-image-148410 aligncenter\" src=\"https:\/\/www.globaldownsyndrome.org\/wp-content\/uploads\/2022\/09\/2022-DeOndra-Dixon-Down-Syndrome-Research-Fund-Revised-Banner-w-Photo-resize-for-web.png\" alt=\"\" width=\"960\" srcset=\"https:\/\/www.globaldownsyndrome.org\/wp-content\/uploads\/2022\/09\/2022-DeOndra-Dixon-Down-Syndrome-Research-Fund-Revised-Banner-w-Photo-resize-for-web.png 1000w, https:\/\/www.globaldownsyndrome.org\/wp-content\/uploads\/2022\/09\/2022-DeOndra-Dixon-Down-Syndrome-Research-Fund-Revised-Banner-w-Photo-resize-for-web-600x155.png 600w, https:\/\/www.globaldownsyndrome.org\/wp-content\/uploads\/2022\/09\/2022-DeOndra-Dixon-Down-Syndrome-Research-Fund-Revised-Banner-w-Photo-resize-for-web-390x101.png 390w, https:\/\/www.globaldownsyndrome.org\/wp-content\/uploads\/2022\/09\/2022-DeOndra-Dixon-Down-Syndrome-Research-Fund-Revised-Banner-w-Photo-resize-for-web-768x198.png 768w, https:\/\/www.globaldownsyndrome.org\/wp-content\/uploads\/2022\/09\/2022-DeOndra-Dixon-Down-Syndrome-Research-Fund-Revised-Banner-w-Photo-resize-for-web-554x143.png 554w\" sizes=\"(max-width: 1000px) 100vw, 1000px\" \/><\/p>\n<div style=\"height: 20px;\">&nbsp;<\/div>\n<div style=\"color: black;\">\n<div style=\"width: 50%; float: left;\">\n<p><img loading=\"lazy\" decoding=\"async\" class=\"aligncenter size-full wp-image-10456\" src=\"https:\/\/www.globaldownsyndrome.org\/wp-content\/uploads\/2021\/10\/2021-Hollywood-Boo-Track-Cover-456x450-1.jpg\" alt=\"DeOndra Dixon\" width=\"456\" height=\"450\"><\/p>\n<p style=\"text-align: center; font-size: 1em; margin-top: -5px; width: 95%;\">\u201cHollywood Boo,\u201d written and performed by DeOndra Dixon\u2019s cousin, Aaniya Hutchins<\/p>\n<div style=\"height: 5px;\">&nbsp;<\/div>\n<p><audio style=\"width: 95%;\" controls=\"controls\"><source src=\"https:\/\/www.globaldownsyndrome.org\/wp-content\/uploads\/2021\/10\/Hollywood-Boo-LilNiyndacut-2.mp3\" type=\"audio\/ogg\">Your browser does not support the audio element.<\/audio><\/p>\n<div style=\"height: 5px;\">&nbsp;<\/div>\n<p><iframe loading=\"lazy\" title=\"YouTube video player\" src=\"https:\/\/www.youtube.com\/embed\/j8PtDumSU4U\" width=\"95%\" height=\"250\" frameborder=\"0\" allowfullscreen=\"allowfullscreen\"><\/iframe><\/p>\n<p style=\"text-align: center; font-size: 1em; width: 95%; margin-top: -20px;\">September 6, 1984 \u2013 October 19, 2020<br \/>\nDeOndra Dixon Tribute Video<br \/>\nALWAYS LOVED NEVER FORGOTTEN<\/p>\n<\/div>\n<div style=\"width: 50%; float: left;\"><a href=\"https:\/\/www.globaldownsyndrome.org\/deondra-dixon-down-syndrome-research-fund\/\" rel=\"noopener\"><button style=\"padding: 10px; width: 48%; font-weight: bold; float: left; background-color: #ed3794; color: white; font-size: 1.25em; cursor: pointer; margin-right: 1em; border: 0;\">Donate in Memory of<br \/>\nDeOndra Dixon<\/button><\/a><a href=\"https:\/\/www.globaldownsyndrome.org\/es\/rocas\/\" target=\"_blank\" rel=\"noopener\"><button style=\"padding: 10px; width: 48%; font-weight: bold; float: left; background-color: #ed3794; color: white; font-size: 1.25em; cursor: pointer; border: 0;\">Send Us Your DeOndra Memories &amp; Photos<\/button><\/a><\/div>\n<div style=\"width: 50%; float: left;\">\n<div style=\"height: 10px;\">&nbsp;<\/div>\n<div>\n<div style=\"padding: 20px; font-size: 20px; line-height: 1.5; text-align: left; background-color: white;\"><strong>On the 1st anniversary<\/strong> of our beloved DeOndra Dixon\u2019s passing, her cousin Aaniya Hutchins has written a song that describes all the light and love that DeOndra brought into this world, and the pain of feeling her loss. This song is named after DeOndra\u2019s favorite nickname, \u201cHollywood Boo.\u201d<\/div>\n<hr style=\"width: 95%; border: 2px solid #E0E0E0;\">\n<p><a href=\"https:\/\/www.globaldownsyndrome.org\/wp-content\/uploads\/2021\/10\/The-Magic-of-DeOndra-Longform-Poem.pdf\" target=\"_blank\" rel=\"noopener\"><button style=\"border: 0; cursor: pointer; padding: 20px; font-size: 20px; line-height: 1.5; text-align: left; background-color: white;\"><strong>A Poem for DeOndra<\/strong> on what would have been her 37th Birthday: \u201cThe Magic of DeOndra\u201d <em>You\u2019re thinking you\u2019re hurting you\u2019re stressed She zeros in on you from across the room Offers you her eyes, those intelligent eyes<\/em><em style=\"color: #3e9ace;\">&#8230;Read More<\/em><\/button><\/a><\/p>\n<hr style=\"width: 95%; border: 2px solid #E0E0E0;\">\n<p><a href=\"https:\/\/www.globaldownsyndrome.org\/loving-tribute-to-deondra-dixon\/#DeOndraDixon\" target=\"_blank\" rel=\"noopener\"><button style=\"border: 0; cursor: pointer; padding: 20px; font-size: 20px; line-height: 1.5; text-align: left; background-color: white;\">A Loving Tribute to GLOBAL Ambassador DeOndra Dixon: With the heaviest of hearts and full of sorrow, we are beyond sad that our beloved Global Ambassador DeOndra Dixon has passed. She is no doubt a true angel looking down on us, just as she was always an angel on earth. The Global Down Syndrome Foundation\u2019s highest honor, the Quincy Jones Exceptional Advocacy Award, was inspired by DeOndra and she was its first recipient. Quincy Jones himself introduced us<em style=\"color: #3e9ace;\">&#8230;Read More<\/em><\/button><\/a><\/p>\n<\/div>\n<\/div>\n<div style=\"clear: both;\">&nbsp;<\/div>\n<p><img loading=\"lazy\" decoding=\"async\" class=\"aligncenter size-full wp-image-49166\" src=\"https:\/\/www.globaldownsyndrome.org\/wp-content\/uploads\/2021\/10\/DeOndra-Dixon-Family-Photo-960x350-caption.jpg\" alt=\"DeOndra Dixon Family Photo with Jamie Fox\" width=\"960\" height=\"350\"><\/p>\n<div style=\"height: 15px;\">&nbsp;<\/div>\n<p><strong>Other Resources for our community:<\/strong><\/p>\n<div class=\"flexing\">\n<div style=\"text-align: center; vertical-align: middle; padding-right: 7%; border-right: 2px solid #E0E0E0;\">\n<p><a href=\"https:\/\/bebeautifulbeyourself.org\/\">S\u00e9 bella S\u00e9 t\u00fa misma<br \/>\nFashion Show<\/a><\/p>\n<\/div>\n<div style=\"padding-left: 7%; padding-right: 10%; text-align: center; vertical-align: middle; border-right: 2px solid #E0E0E0;\">\n<p><a href=\"https:\/\/www.globaldownsyndrome.org\/covid-19\/\">COVID-19<br \/>\n&amp; Down Syndrome<\/a><\/p>\n<\/div>\n<div style=\"padding-left: 5%; padding-right: 7%; text-align: center; vertical-align: middle; border-right: 2px solid #E0E0E0;\">\n<p><a href=\"https:\/\/www.globaldownsyndrome.org\/es\/global-membership\/\">Become A<br \/>\nGLOBAL Member<\/a><\/p>\n<\/div>\n<div style=\"text-align: center; vertical-align: middle; padding-left: 7%;\">\n<p><a href=\"#\">Alzheimer\u2019s &amp; Cognition Drug<br \/>\nPotential for Down Syndrome<\/a><\/p>\n<\/div>\n<\/div>\n<\/div>","protected":false},"excerpt":{"rendered":"<p>&nbsp; \u201cHollywood Boo,\u201d written and performed by DeOndra Dixon\u2019s cousin, Aaniya Hutchins &nbsp; Your browser does not support the audio element. &nbsp; September 6, 1984 \u2013 October 19, 2020 DeOndra Dixon Tribute Video ALWAYS LOVED NEVER FORGOTTEN Donate in Memory of DeOndra DixonSend Us Your DeOndra Memories &amp; Photos &nbsp; On the 1st anniversary of [&hellip;]<\/p>\n","protected":false},"author":3,"featured_media":0,"parent":0,"menu_order":0,"comment_status":"closed","ping_status":"closed","template":"template-full-page.php","meta":{"_acf_changed":false,"ngg_post_thumbnail":0,"footnotes":""},"class_list":["post-72612","page","type-page","status-publish","hentry"],"acf":[],"yoast_head":"<!-- This site is optimized with the Yoast SEO plugin v27.4 - https:\/\/yoast.com\/product\/yoast-seo-wordpress\/ -->\n<title>In Memory of GLOBAL Ambassador DeOndra Dixon | Global Down Syndrome Foundation<\/title>\n<meta name=\"robots\" content=\"index, follow, max-snippet:-1, max-image-preview:large, max-video-preview:-1\" \/>\n<link rel=\"canonical\" href=\"https:\/\/www.globaldownsyndrome.org\/es\/in-memory-of-deondra-dixon\/\" \/>\n<meta property=\"og:locale\" content=\"es_ES\" \/>\n<meta property=\"og:type\" content=\"article\" \/>\n<meta property=\"og:title\" content=\"In Memory of GLOBAL Ambassador DeOndra Dixon | Global Down Syndrome Foundation\" \/>\n<meta property=\"og:description\" content=\"&nbsp; \u201cHollywood Boo,\u201d written and performed by DeOndra Dixon\u2019s cousin, Aaniya Hutchins &nbsp; Your browser does not support the audio element. &nbsp; September 6, 1984 \u2013 October 19, 2020 DeOndra Dixon Tribute Video ALWAYS LOVED NEVER FORGOTTEN Donate in Memory of DeOndra DixonSend Us Your DeOndra Memories &amp; Photos &nbsp; On the 1st anniversary of [&hellip;]\" \/>\n<meta property=\"og:url\" content=\"https:\/\/www.globaldownsyndrome.org\/es\/in-memory-of-deondra-dixon\/\" \/>\n<meta property=\"og:site_name\" content=\"Global Down Syndrome Foundation\" \/>\n<meta property=\"article:modified_time\" content=\"2023-09-06T18:57:25+00:00\" \/>\n<meta property=\"og:image\" content=\"https:\/\/www.globaldownsyndrome.org\/wp-content\/uploads\/2022\/09\/2022-DeOndra-Dixon-Down-Syndrome-Research-Fund-Revised-Banner-w-Photo-resize-for-web.png\" \/>\n<meta name=\"twitter:card\" content=\"summary_large_image\" \/>\n<meta name=\"twitter:label1\" content=\"Est. reading time\" \/>\n\t<meta name=\"twitter:data1\" content=\"1 minuto\" \/>\n<script type=\"application\/ld+json\" class=\"yoast-schema-graph\">{\"@context\":\"https:\\\/\\\/schema.org\",\"@graph\":[{\"@type\":\"WebPage\",\"@id\":\"https:\\\/\\\/www.globaldownsyndrome.org\\\/in-memory-of-deondra-dixon\\\/\",\"url\":\"https:\\\/\\\/www.globaldownsyndrome.org\\\/in-memory-of-deondra-dixon\\\/\",\"name\":\"In Memory of GLOBAL Ambassador DeOndra Dixon | Global Down Syndrome Foundation\",\"isPartOf\":{\"@id\":\"https:\\\/\\\/www.globaldownsyndrome.org\\\/#website\"},\"primaryImageOfPage\":{\"@id\":\"https:\\\/\\\/www.globaldownsyndrome.org\\\/in-memory-of-deondra-dixon\\\/#primaryimage\"},\"image\":{\"@id\":\"https:\\\/\\\/www.globaldownsyndrome.org\\\/in-memory-of-deondra-dixon\\\/#primaryimage\"},\"thumbnailUrl\":\"https:\\\/\\\/www.globaldownsyndrome.org\\\/wp-content\\\/uploads\\\/2022\\\/09\\\/2022-DeOndra-Dixon-Down-Syndrome-Research-Fund-Revised-Banner-w-Photo-resize-for-web.png\",\"datePublished\":\"2021-10-18T16:55:35+00:00\",\"dateModified\":\"2023-09-06T18:57:25+00:00\",\"breadcrumb\":{\"@id\":\"https:\\\/\\\/www.globaldownsyndrome.org\\\/in-memory-of-deondra-dixon\\\/#breadcrumb\"},\"inLanguage\":\"es-CL\",\"potentialAction\":[{\"@type\":\"ReadAction\",\"target\":[\"https:\\\/\\\/www.globaldownsyndrome.org\\\/in-memory-of-deondra-dixon\\\/\"]}]},{\"@type\":\"ImageObject\",\"inLanguage\":\"es-CL\",\"@id\":\"https:\\\/\\\/www.globaldownsyndrome.org\\\/in-memory-of-deondra-dixon\\\/#primaryimage\",\"url\":\"https:\\\/\\\/www.globaldownsyndrome.org\\\/wp-content\\\/uploads\\\/2022\\\/09\\\/2022-DeOndra-Dixon-Down-Syndrome-Research-Fund-Revised-Banner-w-Photo-resize-for-web.png\",\"contentUrl\":\"https:\\\/\\\/www.globaldownsyndrome.org\\\/wp-content\\\/uploads\\\/2022\\\/09\\\/2022-DeOndra-Dixon-Down-Syndrome-Research-Fund-Revised-Banner-w-Photo-resize-for-web.png\"},{\"@type\":\"BreadcrumbList\",\"@id\":\"https:\\\/\\\/www.globaldownsyndrome.org\\\/in-memory-of-deondra-dixon\\\/#breadcrumb\",\"itemListElement\":[{\"@type\":\"ListItem\",\"position\":1,\"name\":\"Home\",\"item\":\"https:\\\/\\\/www.globaldownsyndrome.org\\\/\"},{\"@type\":\"ListItem\",\"position\":2,\"name\":\"In Memory of GLOBAL Ambassador DeOndra Dixon\"}]},{\"@type\":\"WebSite\",\"@id\":\"https:\\\/\\\/www.globaldownsyndrome.org\\\/#website\",\"url\":\"https:\\\/\\\/www.globaldownsyndrome.org\\\/\",\"name\":\"Global Down Syndrome Foundation\",\"description\":\"Dedicated to significantly improving the lives of people with Down Syndrome through RESEARCH, MEDICAL CARE, EDUCATION AND ADVOCACY\",\"publisher\":{\"@id\":\"https:\\\/\\\/www.globaldownsyndrome.org\\\/#organization\"},\"potentialAction\":[{\"@type\":\"SearchAction\",\"target\":{\"@type\":\"EntryPoint\",\"urlTemplate\":\"https:\\\/\\\/www.globaldownsyndrome.org\\\/?s={search_term_string}\"},\"query-input\":{\"@type\":\"PropertyValueSpecification\",\"valueRequired\":true,\"valueName\":\"search_term_string\"}}],\"inLanguage\":\"es-CL\"},{\"@type\":\"Organization\",\"@id\":\"https:\\\/\\\/www.globaldownsyndrome.org\\\/#organization\",\"name\":\"Global Down Syndrome Foundation\",\"url\":\"https:\\\/\\\/www.globaldownsyndrome.org\\\/\",\"logo\":{\"@type\":\"ImageObject\",\"inLanguage\":\"es-CL\",\"@id\":\"https:\\\/\\\/www.globaldownsyndrome.org\\\/#\\\/schema\\\/logo\\\/image\\\/\",\"url\":\"https:\\\/\\\/www.globaldownsyndrome.org\\\/wp-content\\\/uploads\\\/2022\\\/11\\\/logo.jpg\",\"contentUrl\":\"https:\\\/\\\/www.globaldownsyndrome.org\\\/wp-content\\\/uploads\\\/2022\\\/11\\\/logo.jpg\",\"width\":2351,\"height\":896,\"caption\":\"Global Down Syndrome Foundation\"},\"image\":{\"@id\":\"https:\\\/\\\/www.globaldownsyndrome.org\\\/#\\\/schema\\\/logo\\\/image\\\/\"}}]}<\/script>\n<!-- \/ Yoast SEO plugin. -->","yoast_head_json":{"title":"In Memory of GLOBAL Ambassador DeOndra Dixon | Global Down Syndrome Foundation","robots":{"index":"index","follow":"follow","max-snippet":"max-snippet:-1","max-image-preview":"max-image-preview:large","max-video-preview":"max-video-preview:-1"},"canonical":"https:\/\/www.globaldownsyndrome.org\/es\/in-memory-of-deondra-dixon\/","og_locale":"es_ES","og_type":"article","og_title":"In Memory of GLOBAL Ambassador DeOndra Dixon | Global Down Syndrome Foundation","og_description":"&nbsp; \u201cHollywood Boo,\u201d written and performed by DeOndra Dixon\u2019s cousin, Aaniya Hutchins &nbsp; Your browser does not support the audio element. &nbsp; September 6, 1984 \u2013 October 19, 2020 DeOndra Dixon Tribute Video ALWAYS LOVED NEVER FORGOTTEN Donate in Memory of DeOndra DixonSend Us Your DeOndra Memories &amp; Photos &nbsp; On the 1st anniversary of [&hellip;]","og_url":"https:\/\/www.globaldownsyndrome.org\/es\/in-memory-of-deondra-dixon\/","og_site_name":"Global Down Syndrome Foundation","article_modified_time":"2023-09-06T18:57:25+00:00","og_image":[{"url":"https:\/\/www.globaldownsyndrome.org\/wp-content\/uploads\/2022\/09\/2022-DeOndra-Dixon-Down-Syndrome-Research-Fund-Revised-Banner-w-Photo-resize-for-web.png","type":"","width":"","height":""}],"twitter_card":"summary_large_image","twitter_misc":{"Est. reading time":"1 minuto"},"schema":{"@context":"https:\/\/schema.org","@graph":[{"@type":"WebPage","@id":"https:\/\/www.globaldownsyndrome.org\/in-memory-of-deondra-dixon\/","url":"https:\/\/www.globaldownsyndrome.org\/in-memory-of-deondra-dixon\/","name":"In Memory of GLOBAL Ambassador DeOndra Dixon | Global Down Syndrome Foundation","isPartOf":{"@id":"https:\/\/www.globaldownsyndrome.org\/#website"},"primaryImageOfPage":{"@id":"https:\/\/www.globaldownsyndrome.org\/in-memory-of-deondra-dixon\/#primaryimage"},"image":{"@id":"https:\/\/www.globaldownsyndrome.org\/in-memory-of-deondra-dixon\/#primaryimage"},"thumbnailUrl":"https:\/\/www.globaldownsyndrome.org\/wp-content\/uploads\/2022\/09\/2022-DeOndra-Dixon-Down-Syndrome-Research-Fund-Revised-Banner-w-Photo-resize-for-web.png","datePublished":"2021-10-18T16:55:35+00:00","dateModified":"2023-09-06T18:57:25+00:00","breadcrumb":{"@id":"https:\/\/www.globaldownsyndrome.org\/in-memory-of-deondra-dixon\/#breadcrumb"},"inLanguage":"es-CL","potentialAction":[{"@type":"ReadAction","target":["https:\/\/www.globaldownsyndrome.org\/in-memory-of-deondra-dixon\/"]}]},{"@type":"ImageObject","inLanguage":"es-CL","@id":"https:\/\/www.globaldownsyndrome.org\/in-memory-of-deondra-dixon\/#primaryimage","url":"https:\/\/www.globaldownsyndrome.org\/wp-content\/uploads\/2022\/09\/2022-DeOndra-Dixon-Down-Syndrome-Research-Fund-Revised-Banner-w-Photo-resize-for-web.png","contentUrl":"https:\/\/www.globaldownsyndrome.org\/wp-content\/uploads\/2022\/09\/2022-DeOndra-Dixon-Down-Syndrome-Research-Fund-Revised-Banner-w-Photo-resize-for-web.png"},{"@type":"BreadcrumbList","@id":"https:\/\/www.globaldownsyndrome.org\/in-memory-of-deondra-dixon\/#breadcrumb","itemListElement":[{"@type":"ListItem","position":1,"name":"Home","item":"https:\/\/www.globaldownsyndrome.org\/"},{"@type":"ListItem","position":2,"name":"In Memory of GLOBAL Ambassador DeOndra Dixon"}]},{"@type":"WebSite","@id":"https:\/\/www.globaldownsyndrome.org\/#website","url":"https:\/\/www.globaldownsyndrome.org\/","name":"Fundaci\u00f3n Mundial del S\u00edndrome de Down","description":"Dedicada a mejorar significativamente la vida de las personas con s\u00edndrome de Down a trav\u00e9s de la INVESTIGACI\u00d3N, LA ATENCI\u00d3N M\u00c9DICA, LA EDUCACI\u00d3N Y LA DEFENSA.","publisher":{"@id":"https:\/\/www.globaldownsyndrome.org\/#organization"},"potentialAction":[{"@type":"SearchAction","target":{"@type":"EntryPoint","urlTemplate":"https:\/\/www.globaldownsyndrome.org\/?s={search_term_string}"},"query-input":{"@type":"PropertyValueSpecification","valueRequired":true,"valueName":"search_term_string"}}],"inLanguage":"es-CL"},{"@type":"Organization","@id":"https:\/\/www.globaldownsyndrome.org\/#organization","name":"Fundaci\u00f3n Mundial del S\u00edndrome de Down","url":"https:\/\/www.globaldownsyndrome.org\/","logo":{"@type":"ImageObject","inLanguage":"es-CL","@id":"https:\/\/www.globaldownsyndrome.org\/#\/schema\/logo\/image\/","url":"https:\/\/www.globaldownsyndrome.org\/wp-content\/uploads\/2022\/11\/logo.jpg","contentUrl":"https:\/\/www.globaldownsyndrome.org\/wp-content\/uploads\/2022\/11\/logo.jpg","width":2351,"height":896,"caption":"Global Down Syndrome Foundation"},"image":{"@id":"https:\/\/www.globaldownsyndrome.org\/#\/schema\/logo\/image\/"}}]}},"jetpack_shortlink":"https:\/\/wp.me\/P70gmm-iTa","jetpack-related-posts":[{"id":73721,"url":"https:\/\/www.globaldownsyndrome.org\/es\/deondra-dixon-down-syndrome-research-fund\/","url_meta":{"origin":72612,"position":0},"title":"DeOndra Dixon Research Fund","author":"Global Down Syndrome Foundation","date":"Enero 25, 2022","format":false,"excerpt":"With the heaviest of hearts and full of sorrow, we are beyond sad that our beloved Global Ambassador DeOndra Dixon has passed. She is no doubt a true angel looking down on us, just as she was always an angel on earth. GLOBAL and DeOndra\u2019s family have set up the\u2026","rel":"","context":"Similar post","block_context":{"text":"Similar post","link":""},"img":{"alt_text":"","src":"","width":0,"height":0},"classes":[]},{"id":2066,"url":"https:\/\/www.globaldownsyndrome.org\/es\/news-community\/quincy-jones-exceptional-advocacy-award-recipients\/global-down-syndrome-foundation-2009-quincy-jones-exceptional-advocacy-award-honoree-deondra-dixon\/","url_meta":{"origin":72612,"position":1},"title":"DeOndra Dixon: Global Down Syndrome Foundation 2009 Quincy Jones Exceptional Advocacy Award Recipient","author":"Global Down Syndrome Foundation","date":"Octubre 3, 2011","format":false,"excerpt":"2011 Global Down Syndrome Foundation Ambassador \u00a0 A loving tribute to GLOBAL Ambassador DeOndra Dixon \u00a0 When DeOndra Dixon was born in 1984 there were not many services or early intervention\u00a0available for children with Down syndrome. But with the loving guidance of her mother and\u00a0father, George and Annette, her big\u2026","rel":"","context":"Similar post","block_context":{"text":"Similar post","link":""},"img":{"alt_text":"","src":"","width":0,"height":0},"classes":[]},{"id":157452,"url":"https:\/\/www.globaldownsyndrome.org\/es\/advocacy-center\/us-house-passed-deondra-dixon-include-project-act\/","url_meta":{"origin":72612,"position":2},"title":"The U.S. House Passed Our DeOndra Dixon INCLUDE Project Act","author":"Global Down Syndrome Foundation","date":"Septiembre 18, 2024","format":false,"excerpt":"\u00a0 \u00a0 U.S. House of Representatives Vote on C-SPAN \u00a0 September 6, 1984 \u2013 October 19, 2020 DeOndra Dixon Tribute Video ALWAYS LOVED NEVER FORGOTTEN \u00a0 Global's Quincy Jones Exceptional Advocacy Award Winner Frank Stephens Gives Powerful Speech Contact Your U.S. Senator Today! DeOndra Dixon INCLUDE Project Act FAQ's \u00a0\u2026","rel":"","context":"Similar post","block_context":{"text":"Similar post","link":""},"img":{"alt_text":"","src":"https:\/\/i0.wp.com\/www.globaldownsyndrome.org\/wp-content\/uploads\/2024\/12\/Thanks-To-Our-Congressional-Champions-1-600x318.png?resize=350%2C200&ssl=1","width":350,"height":200,"srcset":"https:\/\/i0.wp.com\/www.globaldownsyndrome.org\/wp-content\/uploads\/2024\/12\/Thanks-To-Our-Congressional-Champions-1-600x318.png?resize=350%2C200&ssl=1 1x, https:\/\/i0.wp.com\/www.globaldownsyndrome.org\/wp-content\/uploads\/2024\/12\/Thanks-To-Our-Congressional-Champions-1-600x318.png?resize=525%2C300&ssl=1 1.5x"},"classes":[]},{"id":157458,"url":"https:\/\/www.globaldownsyndrome.org\/es\/faq-deondra-dixon-include-project-act\/","url_meta":{"origin":72612,"position":3},"title":"FAQ About the DeOndra Dixon INCLUDE Project Act","author":"Global Down Syndrome Foundation","date":"Septiembre 18, 2024","format":false,"excerpt":"Historic Win for the Down Syndrome Community: DeOndra Dixon INCLUDE Act Passes the House We are thrilled to share a monumental victory with our GLOBAL Down Syndrome Foundation community. The DeOndra Dixon INCLUDE Act has passed in the U.S. House of Representatives! This critical legislation is a significant step forward\u2026","rel":"","context":"Similar post","block_context":{"text":"Similar post","link":""},"img":{"alt_text":"","src":"","width":0,"height":0},"classes":[]},{"id":60789,"url":"https:\/\/www.globaldownsyndrome.org\/es\/deondra-dixon-research-fund\/","url_meta":{"origin":72612,"position":4},"title":"DeOndra Dixon Down Syndrome Research Fund","author":"Global Down Syndrome Foundation","date":"Noviembre 16, 2020","format":false,"excerpt":"","rel":"","context":"Similar post","block_context":{"text":"Similar post","link":""},"img":{"alt_text":"","src":"","width":0,"height":0},"classes":[]},{"id":2256,"url":"https:\/\/www.globaldownsyndrome.org\/es\/photos-and-videos\/videos\/tribute-to-deondra-dixon-2011-be-beautiful-be-yourself-ambassador\/","url_meta":{"origin":72612,"position":5},"title":"DeOndra Dixon Tribute","author":"Global Down Syndrome Foundation","date":"Octubre 27, 2011","format":false,"excerpt":"http:\/\/youtu.be\/-3EB2FMGl2E","rel":"","context":"Similar post","block_context":{"text":"Similar post","link":""},"img":{"alt_text":"","src":"https:\/\/i0.wp.com\/img.youtube.com\/vi\/-3EB2FMGl2E\/0.jpg?resize=350%2C200","width":350,"height":200},"classes":[]}],"jetpack_sharing_enabled":true,"_links":{"self":[{"href":"https:\/\/www.globaldownsyndrome.org\/es\/wp-json\/wp\/v2\/pages\/72612","targetHints":{"allow":["GET"]}}],"collection":[{"href":"https:\/\/www.globaldownsyndrome.org\/es\/wp-json\/wp\/v2\/pages"}],"about":[{"href":"https:\/\/www.globaldownsyndrome.org\/es\/wp-json\/wp\/v2\/types\/page"}],"author":[{"embeddable":true,"href":"https:\/\/www.globaldownsyndrome.org\/es\/wp-json\/wp\/v2\/users\/3"}],"replies":[{"embeddable":true,"href":"https:\/\/www.globaldownsyndrome.org\/es\/wp-json\/wp\/v2\/comments?post=72612"}],"version-history":[{"count":0,"href":"https:\/\/www.globaldownsyndrome.org\/es\/wp-json\/wp\/v2\/pages\/72612\/revisions"}],"wp:attachment":[{"href":"https:\/\/www.globaldownsyndrome.org\/es\/wp-json\/wp\/v2\/media?parent=72612"}],"curies":[{"name":"wp","href":"https:\/\/api.w.org\/{rel}","templated":true}]}}