{"id":1047,"date":"2011-08-17T15:48:11","date_gmt":"2011-08-17T15:48:11","guid":{"rendered":"http:\/\/globaldownsyndrome.org.mytempweb.com\/?page_id=1047"},"modified":"2019-06-21T14:02:58","modified_gmt":"2019-06-21T20:02:58","slug":"about-the-anna-and-john-j-sie-foundation","status":"publish","type":"page","link":"https:\/\/www.globaldownsyndrome.org\/fr\/our-story\/history\/about-the-anna-and-john-j-sie-foundation\/","title":{"rendered":"\u00c0 propos de la Fondation Anna et John J. Sie"},"content":{"rendered":"<p><img loading=\"lazy\" decoding=\"async\" class=\"alignright size-full wp-image-2805\" title=\"Anna_John_Sie_Foundation_logo\" src=\"http:\/\/www.globaldownsyndrome.org\/\/wp-content\/uploads\/2011\/08\/Anna_John_Sie_Foundation_logo.gif\" alt=\"Anna and John J. Sie Foundation\" width=\"250\" height=\"250\" srcset=\"https:\/\/www.globaldownsyndrome.org\/wp-content\/uploads\/2011\/08\/Anna_John_Sie_Foundation_logo.gif 250w, https:\/\/www.globaldownsyndrome.org\/wp-content\/uploads\/2011\/08\/Anna_John_Sie_Foundation_logo-80x80.gif 80w, https:\/\/www.globaldownsyndrome.org\/wp-content\/uploads\/2011\/08\/Anna_John_Sie_Foundation_logo-219x219.gif 219w, https:\/\/www.globaldownsyndrome.org\/wp-content\/uploads\/2011\/08\/Anna_John_Sie_Foundation_logo-223x223.gif 223w\" sizes=\"auto, (max-width: 250px) 100vw, 250px\" \/>The Anna and John J. Sie Foundation is the founding donor of the Global Down Syndrome Foundation, the Linda Crnic Institute for Down Syndrome, the Anna and John J. Sie Center for Down Syndrome and provides support for various other non-profits in Colorado and around the world.&nbsp; The Foundation\u2019s main areas of grant giving are Down syndrome, International Security and Diplomacy, Education, Arts and Culture, and Media.<\/p>\n<p>The Anna and John J. Sie Foundation is a leader in funding programs and organizations that are dedicated to improving the lives of people who have Down syndrome. Since its inception in 2005, the Foundation has committed&nbsp;a majority of its corpus&nbsp;to&nbsp;Down syndrome-related&nbsp;grants and endowments, including funding for the Linda Crnic Institute for Down Syndrome and the Crnic Institute\u2019s Anna and John J. Sie Center for Down Syndrome at the Children\u2019s Hospital Colorado. The Crnic Institute is the first academic home that is&nbsp;exclusively&nbsp;dedicated to highest quality basic, clinical and developmental research, medical care, education and advocacy for people with Down syndrome.<\/p>\n<p>Each year, the Foundation&nbsp;awards&nbsp;support&nbsp;to numerous&nbsp;non-profits. Below is an abbreviated list of the non-profits the Foundation has supported in the past. The list is comprised of Down syndrome-specific organizations and non-profits that&nbsp;have programs&nbsp;serving&nbsp;the differently-abled. The Foundation is a private family foundation that does not accept unsolicited proposals.<\/p>\n<ul>\n<li style=\"list-style-type: none;\">\n<ul>\n<li><a href=\"http:\/\/www.adamscamp.org\/\" target=\"_blank\" rel=\"noopener noreferrer\">Adam&#8217;s Camp<\/a><\/li>\n<li><a href=\"http:\/\/www.annas-angels.org\/\" target=\"_blank\" rel=\"noopener noreferrer\">Anna&#8217;s Angels<\/a><\/li>\n<li><a href=\"http:\/\/www.arcthrift.com\/\" target=\"_blank\" rel=\"noopener noreferrer\">Arc Thrift<\/a><\/li>\n<li><a href=\"http:\/\/www.childrenscolorado.org\/\" target=\"_blank\" rel=\"noopener noreferrer\">Children&#8217;s Hospital Colorado<\/a><\/li>\n<li><a href=\"http:\/\/www.ccdconline.org\/\" target=\"_blank\" rel=\"noopener noreferrer\">Colorado Cross-Disability Coalition<\/a><\/li>\n<li><a href=\"http:\/\/www.colorado-now.com\/Debate1.html\" target=\"_blank\" rel=\"noopener noreferrer\">Democracy in Action &#8211; Mayoral Debate on Disability Issues<\/a><\/li>\n<li><a href=\"http:\/\/www.denveracademy.org\/\" target=\"_blank\" rel=\"noopener noreferrer\">Denver Academy<\/a><\/li>\n<li><a href=\"http:\/\/www.developmentalpathways.org\/\" target=\"_blank\" rel=\"noopener noreferrer\">Developmental Pathways<\/a><\/li>\n<li><a href=\"http:\/\/www.dsaia.org\/\" target=\"_blank\" rel=\"noopener noreferrer\">Down Syndrome Affiliates In Action<\/a><\/li>\n<li><a href=\"http:\/\/www.dseusa.org\/\" target=\"_blank\" rel=\"noopener noreferrer\">Down Syndrome Educational Trust USA<\/a><\/li>\n<li><a href=\"http:\/\/216.185.159.195\/\" target=\"_blank\" rel=\"noopener noreferrer\">Fondation mondiale du syndrome de Down<\/a><\/li>\n<li><a href=\"http:\/\/www.glorycommunity.org\/\" target=\"_blank\" rel=\"noopener noreferrer\">Glory Community<\/a><\/li>\n<li><a href=\"http:\/\/www.ds-int.org\/home\" target=\"_blank\" rel=\"noopener noreferrer\">Ireland Down Syndrome Congress<\/a><\/li>\n<li><a href=\"http:\/\/www.keshetoftherockies.org\/\" target=\"_blank\" rel=\"noopener noreferrer\">Keshet of the Rockies<\/a><\/li>\n<li><a href=\"?page_id=573\" target=\"_blank\" rel=\"noopener noreferrer\">Institut Linda Crnic pour le syndrome de Down<\/a><\/li>\n<li><a href=\"http:\/\/www.ndsccenter.org\/\" target=\"_blank\" rel=\"noopener noreferrer\">Congr\u00e8s national du syndrome de Down<\/a><\/li>\n<li><a href=\"http:\/\/www.ndss.org\/\" target=\"_blank\" rel=\"noopener noreferrer\">Soci\u00e9t\u00e9 nationale du syndrome de Down<\/a><\/li>\n<li><a href=\"http:\/\/www.peakparent.org\/\" target=\"_blank\" rel=\"noopener noreferrer\">Parent Education and Assistance for Kids &#8211; PEAK Inclusion Conference<\/a><\/li>\n<li><a href=\"https:\/\/www.rmdsa.org\/\" target=\"_blank\" rel=\"noopener noreferrer\">Rocky Mountain Down Syndrome Association (Association du syndrome de Down des montagnes Rocheuses)<\/a><\/li>\n<li><a href=\"https:\/\/www.rmhumanservices.org\/\" target=\"_blank\" rel=\"noopener noreferrer\">Rocky Mountain Human Services<\/a><\/li>\n<li><a href=\"https:\/\/www.sewall.org\/\" target=\"_blank\" rel=\"noopener noreferrer\">Sewall Child Development Center, Inc.<\/a><\/li>\n<li><a href=\"?page_id=578\" target=\"_blank\" rel=\"noopener noreferrer\">Sie Center for Down Syndrome (Centre pour le syndrome de Down)<\/a><\/li>\n<li><a href=\"http:\/\/www.specialolympics.org\/\" target=\"_blank\" rel=\"noopener noreferrer\">Special Olympics Inc.<\/a><\/li>\n<li><a href=\"http:\/\/www.johnlynchfoundation.org\/news-and-events\/11-05-01\/THE_JOHN_LYNCH_FOUNDATION_RECOGNIZES_YOUTH_AND_AWARDS_SCHOLARSHIPS_AT_SALUTE_THE_STARS_AWARDS_LUNCHEON.aspx\" target=\"_blank\" rel=\"noopener noreferrer\">The John Lynch Foundation &#8211; Salute to the Stars Scholarships<\/a><\/li>\n<li><a href=\"http:\/\/www.joshuaschool.org\/\">The Joshua School<\/a><\/li>\n<li><a href=\"http:\/\/www.risedenver.org\/\" target=\"_blank\" rel=\"noopener noreferrer\">The Rise School of Denver<\/a><\/li>\n<li><a href=\"http:\/\/www.cincinnatichildrens.org\/svc\/alpha\/d\/disabilities\/clinical\/down-syndrome-center.htm\">Thomas Center for Down Syndrome, Cincinnatti Children\u2019s Hospital<\/a><\/li>\n<li><a href=\"http:\/\/www.du.edu\/fisher\">University of Denver &#8211; Fisher Early Learning Center<\/a><\/li>\n<li><a href=\"http:\/\/www.du.edu\/education\/\">University of Denver, Morgridge College of Education<\/a><\/li>\n<li><a href=\"http:\/\/www.ucdenver.edu\/academics\/colleges\/medicalschool\/Pages\/somWelcome.aspx\">University of Colorado, School of Medicine<\/a><\/li>\n<\/ul>\n<\/li>\n<\/ul>","protected":false},"excerpt":{"rendered":"<p>The Anna and John J. Sie Foundation is the founding donor of the Global Down Syndrome Foundation, the Linda Crnic Institute for Down Syndrome, the Anna and John J. Sie Center for Down Syndrome and provides support for various other non-profits in Colorado and around the world.&nbsp; The Foundation\u2019s main areas of grant giving are [&hellip;]<\/p>\n","protected":false},"author":3,"featured_media":0,"parent":569,"menu_order":0,"comment_status":"open","ping_status":"open","template":"","meta":{"_acf_changed":false,"ngg_post_thumbnail":0,"footnotes":""},"class_list":["post-1047","page","type-page","status-publish","hentry"],"acf":[],"yoast_head":"<!-- This site is optimized with the Yoast SEO plugin v27.3 - https:\/\/yoast.com\/product\/yoast-seo-wordpress\/ -->\n<title>About the Anna and John J. Sie Foundation | Global Down Syndrome Foundation<\/title>\n<meta name=\"robots\" content=\"index, follow, max-snippet:-1, max-image-preview:large, max-video-preview:-1\" \/>\n<link rel=\"canonical\" href=\"https:\/\/www.globaldownsyndrome.org\/fr\/notre-histoire\/history\/about-the-anna-and-john-j-sie-foundation\/\" \/>\n<meta property=\"og:locale\" content=\"fr_FR\" \/>\n<meta property=\"og:type\" content=\"article\" \/>\n<meta property=\"og:title\" content=\"About the Anna and John J. Sie Foundation | Global Down Syndrome Foundation\" \/>\n<meta property=\"og:description\" content=\"The Anna and John J. Sie Foundation is the founding donor of the Global Down Syndrome Foundation, the Linda Crnic Institute for Down Syndrome, the Anna and John J. Sie Center for Down Syndrome and provides support for various other non-profits in Colorado and around the world.&nbsp; The Foundation\u2019s main areas of grant giving are [&hellip;]\" \/>\n<meta property=\"og:url\" content=\"https:\/\/www.globaldownsyndrome.org\/fr\/notre-histoire\/history\/about-the-anna-and-john-j-sie-foundation\/\" \/>\n<meta property=\"og:site_name\" content=\"Global Down Syndrome Foundation\" \/>\n<meta property=\"article:modified_time\" content=\"2019-06-21T20:02:58+00:00\" \/>\n<meta property=\"og:image\" content=\"http:\/\/www.globaldownsyndrome.org\/\/wp-content\/uploads\/2011\/08\/Anna_John_Sie_Foundation_logo.gif\" \/>\n<meta name=\"twitter:card\" content=\"summary_large_image\" \/>\n<meta name=\"twitter:label1\" content=\"Est. reading time\" \/>\n\t<meta name=\"twitter:data1\" content=\"2 minutes\" \/>\n<script type=\"application\/ld+json\" class=\"yoast-schema-graph\">{\"@context\":\"https:\\\/\\\/schema.org\",\"@graph\":[{\"@type\":\"WebPage\",\"@id\":\"https:\\\/\\\/www.globaldownsyndrome.org\\\/our-story\\\/history\\\/about-the-anna-and-john-j-sie-foundation\\\/\",\"url\":\"https:\\\/\\\/www.globaldownsyndrome.org\\\/our-story\\\/history\\\/about-the-anna-and-john-j-sie-foundation\\\/\",\"name\":\"About the Anna and John J. Sie Foundation | Global Down Syndrome Foundation\",\"isPartOf\":{\"@id\":\"https:\\\/\\\/www.globaldownsyndrome.org\\\/#website\"},\"primaryImageOfPage\":{\"@id\":\"https:\\\/\\\/www.globaldownsyndrome.org\\\/our-story\\\/history\\\/about-the-anna-and-john-j-sie-foundation\\\/#primaryimage\"},\"image\":{\"@id\":\"https:\\\/\\\/www.globaldownsyndrome.org\\\/our-story\\\/history\\\/about-the-anna-and-john-j-sie-foundation\\\/#primaryimage\"},\"thumbnailUrl\":\"http:\\\/\\\/www.globaldownsyndrome.org\\\/\\\/wp-content\\\/uploads\\\/2011\\\/08\\\/Anna_John_Sie_Foundation_logo.gif\",\"datePublished\":\"2011-08-17T15:48:11+00:00\",\"dateModified\":\"2019-06-21T20:02:58+00:00\",\"breadcrumb\":{\"@id\":\"https:\\\/\\\/www.globaldownsyndrome.org\\\/our-story\\\/history\\\/about-the-anna-and-john-j-sie-foundation\\\/#breadcrumb\"},\"inLanguage\":\"fr-FR\",\"potentialAction\":[{\"@type\":\"ReadAction\",\"target\":[\"https:\\\/\\\/www.globaldownsyndrome.org\\\/our-story\\\/history\\\/about-the-anna-and-john-j-sie-foundation\\\/\"]}]},{\"@type\":\"ImageObject\",\"inLanguage\":\"fr-FR\",\"@id\":\"https:\\\/\\\/www.globaldownsyndrome.org\\\/our-story\\\/history\\\/about-the-anna-and-john-j-sie-foundation\\\/#primaryimage\",\"url\":\"http:\\\/\\\/www.globaldownsyndrome.org\\\/\\\/wp-content\\\/uploads\\\/2011\\\/08\\\/Anna_John_Sie_Foundation_logo.gif\",\"contentUrl\":\"http:\\\/\\\/www.globaldownsyndrome.org\\\/\\\/wp-content\\\/uploads\\\/2011\\\/08\\\/Anna_John_Sie_Foundation_logo.gif\"},{\"@type\":\"BreadcrumbList\",\"@id\":\"https:\\\/\\\/www.globaldownsyndrome.org\\\/our-story\\\/history\\\/about-the-anna-and-john-j-sie-foundation\\\/#breadcrumb\",\"itemListElement\":[{\"@type\":\"ListItem\",\"position\":1,\"name\":\"Home\",\"item\":\"https:\\\/\\\/www.globaldownsyndrome.org\\\/\"},{\"@type\":\"ListItem\",\"position\":2,\"name\":\"Our Story\",\"item\":\"https:\\\/\\\/www.globaldownsyndrome.org\\\/our-story\\\/\"},{\"@type\":\"ListItem\",\"position\":3,\"name\":\"History\",\"item\":\"https:\\\/\\\/www.globaldownsyndrome.org\\\/our-story\\\/history\\\/\"},{\"@type\":\"ListItem\",\"position\":4,\"name\":\"About the Anna and John J. Sie Foundation\"}]},{\"@type\":\"WebSite\",\"@id\":\"https:\\\/\\\/www.globaldownsyndrome.org\\\/#website\",\"url\":\"https:\\\/\\\/www.globaldownsyndrome.org\\\/\",\"name\":\"Global Down Syndrome Foundation\",\"description\":\"Dedicated to significantly improving the lives of people with Down Syndrome through RESEARCH, MEDICAL CARE, EDUCATION AND ADVOCACY\",\"publisher\":{\"@id\":\"https:\\\/\\\/www.globaldownsyndrome.org\\\/#organization\"},\"potentialAction\":[{\"@type\":\"SearchAction\",\"target\":{\"@type\":\"EntryPoint\",\"urlTemplate\":\"https:\\\/\\\/www.globaldownsyndrome.org\\\/?s={search_term_string}\"},\"query-input\":{\"@type\":\"PropertyValueSpecification\",\"valueRequired\":true,\"valueName\":\"search_term_string\"}}],\"inLanguage\":\"fr-FR\"},{\"@type\":\"Organization\",\"@id\":\"https:\\\/\\\/www.globaldownsyndrome.org\\\/#organization\",\"name\":\"Global Down Syndrome Foundation\",\"url\":\"https:\\\/\\\/www.globaldownsyndrome.org\\\/\",\"logo\":{\"@type\":\"ImageObject\",\"inLanguage\":\"fr-FR\",\"@id\":\"https:\\\/\\\/www.globaldownsyndrome.org\\\/#\\\/schema\\\/logo\\\/image\\\/\",\"url\":\"https:\\\/\\\/www.globaldownsyndrome.org\\\/wp-content\\\/uploads\\\/2022\\\/11\\\/logo.jpg\",\"contentUrl\":\"https:\\\/\\\/www.globaldownsyndrome.org\\\/wp-content\\\/uploads\\\/2022\\\/11\\\/logo.jpg\",\"width\":2351,\"height\":896,\"caption\":\"Global Down Syndrome Foundation\"},\"image\":{\"@id\":\"https:\\\/\\\/www.globaldownsyndrome.org\\\/#\\\/schema\\\/logo\\\/image\\\/\"}}]}<\/script>\n<!-- \/ Yoast SEO plugin. -->","yoast_head_json":{"title":"About the Anna and John J. Sie Foundation | Global Down Syndrome Foundation","robots":{"index":"index","follow":"follow","max-snippet":"max-snippet:-1","max-image-preview":"max-image-preview:large","max-video-preview":"max-video-preview:-1"},"canonical":"https:\/\/www.globaldownsyndrome.org\/fr\/notre-histoire\/history\/about-the-anna-and-john-j-sie-foundation\/","og_locale":"fr_FR","og_type":"article","og_title":"About the Anna and John J. Sie Foundation | Global Down Syndrome Foundation","og_description":"The Anna and John J. Sie Foundation is the founding donor of the Global Down Syndrome Foundation, the Linda Crnic Institute for Down Syndrome, the Anna and John J. Sie Center for Down Syndrome and provides support for various other non-profits in Colorado and around the world.&nbsp; The Foundation\u2019s main areas of grant giving are [&hellip;]","og_url":"https:\/\/www.globaldownsyndrome.org\/fr\/notre-histoire\/history\/about-the-anna-and-john-j-sie-foundation\/","og_site_name":"Global Down Syndrome Foundation","article_modified_time":"2019-06-21T20:02:58+00:00","og_image":[{"url":"http:\/\/www.globaldownsyndrome.org\/\/wp-content\/uploads\/2011\/08\/Anna_John_Sie_Foundation_logo.gif","type":"","width":"","height":""}],"twitter_card":"summary_large_image","twitter_misc":{"Est. reading time":"2 minutes"},"schema":{"@context":"https:\/\/schema.org","@graph":[{"@type":"WebPage","@id":"https:\/\/www.globaldownsyndrome.org\/our-story\/history\/about-the-anna-and-john-j-sie-foundation\/","url":"https:\/\/www.globaldownsyndrome.org\/our-story\/history\/about-the-anna-and-john-j-sie-foundation\/","name":"About the Anna and John J. Sie Foundation | Global Down Syndrome Foundation","isPartOf":{"@id":"https:\/\/www.globaldownsyndrome.org\/#website"},"primaryImageOfPage":{"@id":"https:\/\/www.globaldownsyndrome.org\/our-story\/history\/about-the-anna-and-john-j-sie-foundation\/#primaryimage"},"image":{"@id":"https:\/\/www.globaldownsyndrome.org\/our-story\/history\/about-the-anna-and-john-j-sie-foundation\/#primaryimage"},"thumbnailUrl":"http:\/\/www.globaldownsyndrome.org\/\/wp-content\/uploads\/2011\/08\/Anna_John_Sie_Foundation_logo.gif","datePublished":"2011-08-17T15:48:11+00:00","dateModified":"2019-06-21T20:02:58+00:00","breadcrumb":{"@id":"https:\/\/www.globaldownsyndrome.org\/our-story\/history\/about-the-anna-and-john-j-sie-foundation\/#breadcrumb"},"inLanguage":"fr-FR","potentialAction":[{"@type":"ReadAction","target":["https:\/\/www.globaldownsyndrome.org\/our-story\/history\/about-the-anna-and-john-j-sie-foundation\/"]}]},{"@type":"ImageObject","inLanguage":"fr-FR","@id":"https:\/\/www.globaldownsyndrome.org\/our-story\/history\/about-the-anna-and-john-j-sie-foundation\/#primaryimage","url":"http:\/\/www.globaldownsyndrome.org\/\/wp-content\/uploads\/2011\/08\/Anna_John_Sie_Foundation_logo.gif","contentUrl":"http:\/\/www.globaldownsyndrome.org\/\/wp-content\/uploads\/2011\/08\/Anna_John_Sie_Foundation_logo.gif"},{"@type":"BreadcrumbList","@id":"https:\/\/www.globaldownsyndrome.org\/our-story\/history\/about-the-anna-and-john-j-sie-foundation\/#breadcrumb","itemListElement":[{"@type":"ListItem","position":1,"name":"Home","item":"https:\/\/www.globaldownsyndrome.org\/"},{"@type":"ListItem","position":2,"name":"Our Story","item":"https:\/\/www.globaldownsyndrome.org\/our-story\/"},{"@type":"ListItem","position":3,"name":"History","item":"https:\/\/www.globaldownsyndrome.org\/our-story\/history\/"},{"@type":"ListItem","position":4,"name":"About the Anna and John J. Sie Foundation"}]},{"@type":"WebSite","@id":"https:\/\/www.globaldownsyndrome.org\/#website","url":"https:\/\/www.globaldownsyndrome.org\/","name":"Fondation mondiale du syndrome de Down","description":"Vou\u00e9e \u00e0 l'am\u00e9lioration significative de la vie des personnes atteintes du syndrome de Down par le biais de la recherche, des soins m\u00e9dicaux, de l'\u00e9ducation et de la d\u00e9fense des int\u00e9r\u00eats.","publisher":{"@id":"https:\/\/www.globaldownsyndrome.org\/#organization"},"potentialAction":[{"@type":"SearchAction","target":{"@type":"EntryPoint","urlTemplate":"https:\/\/www.globaldownsyndrome.org\/?s={search_term_string}"},"query-input":{"@type":"PropertyValueSpecification","valueRequired":true,"valueName":"search_term_string"}}],"inLanguage":"fr-FR"},{"@type":"Organization","@id":"https:\/\/www.globaldownsyndrome.org\/#organization","name":"Fondation mondiale du syndrome de Down","url":"https:\/\/www.globaldownsyndrome.org\/","logo":{"@type":"ImageObject","inLanguage":"fr-FR","@id":"https:\/\/www.globaldownsyndrome.org\/#\/schema\/logo\/image\/","url":"https:\/\/www.globaldownsyndrome.org\/wp-content\/uploads\/2022\/11\/logo.jpg","contentUrl":"https:\/\/www.globaldownsyndrome.org\/wp-content\/uploads\/2022\/11\/logo.jpg","width":2351,"height":896,"caption":"Global Down Syndrome Foundation"},"image":{"@id":"https:\/\/www.globaldownsyndrome.org\/#\/schema\/logo\/image\/"}}]}},"jetpack_shortlink":"https:\/\/wp.me\/P70gmm-gT","jetpack-related-posts":[{"id":16,"url":"https:\/\/www.globaldownsyndrome.org\/fr\/our-story\/","url_meta":{"origin":1047,"position":0},"title":"Notre histoire","author":"Global Down Syndrome Foundation","date":"juin 1, 2011","format":false,"excerpt":"About Global Down Syndrome Foundation The Global Down Syndrome Foundation\u00a0is a public non-profit 501(c)(3) dedicated to significantly improving the lives of people with Down syndrome through Research, Medical care, Education and Advocacy. Formally established in 2009, the Foundation\u2019s primary focus is to support the\u00a0Linda Crnic Institute for Down Syndrome, the\u2026","rel":"","context":"Similar post","block_context":{"text":"Similar post","link":""},"img":{"alt_text":"Bill and Will Harmon","src":"\/wp-content\/uploads\/2011\/06\/Bill_Will_Harmon.jpg","width":350,"height":200},"classes":[]},{"id":977,"url":"https:\/\/www.globaldownsyndrome.org\/fr\/our-story\/linda-crnic-institute\/about-the-linda-crnic-institute-for-down-syndrome\/","url_meta":{"origin":1047,"position":1},"title":"\u00c0 propos de l'Institut Linda Crnic pour le syndrome de Down","author":"Global Down Syndrome Foundation","date":"ao\u00fbt 16, 2011","format":false,"excerpt":"The Global Down Syndrome Foundation provides fundraising, education, awareness and government advocacy for the Linda Crnic Institute for Down Syndrome. The mission of the Crnic Institute is to significantly improve the lives of people with Down syndrome by eradicating the medical and cognitive ill effects associated with the condition.Established in\u2026","rel":"","context":"Similar post","block_context":{"text":"Similar post","link":""},"img":{"alt_text":"","src":"\/wp-content\/uploads\/2011\/08\/jasong.jpg","width":350,"height":200},"classes":[]},{"id":8015,"url":"https:\/\/www.globaldownsyndrome.org\/fr\/press-releases\/2012-press-releases\/linda-crnic-institute-for-down-syndrome-announces-1-million-in-major-challenge-grants\/","url_meta":{"origin":1047,"position":2},"title":"Linda Crnic Institute for Down Syndrome Announces $1 Million in Major Challenge Grants","author":"Global Down Syndrome Foundation","date":"octobre 18, 2012","format":false,"excerpt":"DENVER (Oct. 17, 2012) \u2013 The Linda Crnic Institute for Down Syndrome at the Anschutz Medical Campus in Aurora will jump-start research benefiting people with Down syndrome by presenting scientists with $1 million in grants. The grant program is funded with money from the Anna and John J. Sie Foundation,\u2026","rel":"","context":"Similar post","block_context":{"text":"Similar post","link":""},"img":{"alt_text":"","src":"","width":0,"height":0},"classes":[]},{"id":4429,"url":"https:\/\/www.globaldownsyndrome.org\/fr\/press-releases\/2012-press-releases\/sie-center-for-down-syndrome-marks-first-anniversary-becomes-largest-down-syndrome-focused-center-in-the-u-s\/","url_meta":{"origin":1047,"position":3},"title":"Sie Center for Down Syndrome marks first anniversary, becomes largest Down syndrome-focused Center in the U.S.","author":"Global Down Syndrome Foundation","date":"juin 1, 2012","format":false,"excerpt":"Multidisciplinary team of experts serves patients locally and nationally. __________________________________________________________________________________ Aurora, CO (January 3, 2012) - The Anna and John J. Sie Center for Down Syndrome (Sie Center), the medical care arm of the Linda Crnic Institute for Down Syndrome, opened its doors to patients in November 2010. \u00a0After just\u2026","rel":"","context":"Similar post","block_context":{"text":"Similar post","link":""},"img":{"alt_text":"","src":"","width":0,"height":0},"classes":[]},{"id":44766,"url":"https:\/\/www.globaldownsyndrome.org\/fr\/press-releases\/2017-press-releases\/linda-crnic-institute-syndrome-names-dr-joaquin-espinosa-incoming-executive-director\/","url_meta":{"origin":1047,"position":4},"title":"Linda Crnic Institute for Down Syndrome Names  Dr. Joaqu\u00edn Espinosa as Incoming Executive Director","author":"Global Down Syndrome Foundation","date":"juillet 12, 2017","format":false,"excerpt":"Dr. Tom Blumenthal, former Executive Director, will continue to mentor and advise DENVER (Jul 11, 2017) \u2013 The Linda Crnic Institute for Down Syndrome (Crnic Institute) at the Anschutz Medical Campus (AMC) names former Associate Director for Science Dr. Joaqu\u00edn Espinosa as its incoming Executive Director.\u00a0 In addition to his\u2026","rel":"","context":"Similar post","block_context":{"text":"Similar post","link":""},"img":{"alt_text":"newsletter-crnic-institute-joaquin-espinosa-on-left-and-tom-blumenthal-on-right","src":"https:\/\/i0.wp.com\/www.globaldownsyndrome.org\/wp-content\/uploads\/2017\/07\/NEWSLETTER-Crnic-Institute-Joaquin-Espinosa-on-Left-and-Tom-Blumenthal-on-right.jpg?resize=350%2C200","width":350,"height":200},"classes":[]},{"id":33586,"url":"https:\/\/www.globaldownsyndrome.org\/fr\/press-releases\/2016-press-releases\/global-down-syndrome-foundation-announces-1m-awarded-for-crnic-institute-research-grants-and-three-new-sie-center-clinics\/","url_meta":{"origin":1047,"position":5},"title":"Global Down Syndrome Foundation Announces $1M Awarded for Crnic Institute Research Grants and Three New Sie Center Clinics","author":"Global Down Syndrome Foundation","date":"mars 15, 2016","format":false,"excerpt":"Research focused on the immune system could explain increased risk of leukemia, autoimmune disorders, and cognitive impairment DENVER, CO (March 18, 2016) \u2013 Global Down Syndrome Foundation kicked off the weekend of World Down Syndrome Day by announcing $1M in funding for eleven new studies at Crnic Institute for Down\u2026","rel":"","context":"Similar post","block_context":{"text":"Similar post","link":""},"img":{"alt_text":"","src":"https:\/\/i0.wp.com\/www.globaldownsyndrome.org\/wp-content\/uploads\/2015\/12\/Tom-Blumenthal-in-Crnic-lab_SLIDER.jpg?resize=350%2C200&ssl=1","width":350,"height":200,"srcset":"https:\/\/i0.wp.com\/www.globaldownsyndrome.org\/wp-content\/uploads\/2015\/12\/Tom-Blumenthal-in-Crnic-lab_SLIDER.jpg?resize=350%2C200&ssl=1 1x, https:\/\/i0.wp.com\/www.globaldownsyndrome.org\/wp-content\/uploads\/2015\/12\/Tom-Blumenthal-in-Crnic-lab_SLIDER.jpg?resize=525%2C300&ssl=1 1.5x"},"classes":[]}],"jetpack_sharing_enabled":true,"_links":{"self":[{"href":"https:\/\/www.globaldownsyndrome.org\/fr\/wp-json\/wp\/v2\/pages\/1047","targetHints":{"allow":["GET"]}}],"collection":[{"href":"https:\/\/www.globaldownsyndrome.org\/fr\/wp-json\/wp\/v2\/pages"}],"about":[{"href":"https:\/\/www.globaldownsyndrome.org\/fr\/wp-json\/wp\/v2\/types\/page"}],"author":[{"embeddable":true,"href":"https:\/\/www.globaldownsyndrome.org\/fr\/wp-json\/wp\/v2\/users\/3"}],"replies":[{"embeddable":true,"href":"https:\/\/www.globaldownsyndrome.org\/fr\/wp-json\/wp\/v2\/comments?post=1047"}],"version-history":[{"count":0,"href":"https:\/\/www.globaldownsyndrome.org\/fr\/wp-json\/wp\/v2\/pages\/1047\/revisions"}],"up":[{"embeddable":true,"href":"https:\/\/www.globaldownsyndrome.org\/fr\/wp-json\/wp\/v2\/pages\/569"}],"wp:attachment":[{"href":"https:\/\/www.globaldownsyndrome.org\/fr\/wp-json\/wp\/v2\/media?parent=1047"}],"curies":[{"name":"wp","href":"https:\/\/api.w.org\/{rel}","templated":true}]}}