{"id":110862,"date":"2022-06-27T13:55:45","date_gmt":"2022-06-27T19:55:45","guid":{"rendered":"https:\/\/www.globaldownsyndrome.org\/?page_id=110862"},"modified":"2022-06-27T14:32:39","modified_gmt":"2022-06-27T20:32:39","slug":"family-friendly-global-adult-guideline-digital-download","status":"publish","type":"page","link":"https:\/\/www.globaldownsyndrome.org\/fr\/family-friendly-global-adult-guideline-digital-download\/","title":{"rendered":"Family-Friendly GLOBAL Adult Guideline Digital Download"},"content":{"rendered":"Please select a valid form","protected":false},"excerpt":{"rendered":"Please select a valid form","protected":false},"author":3,"featured_media":0,"parent":0,"menu_order":0,"comment_status":"closed","ping_status":"closed","template":"","meta":{"_acf_changed":false,"ngg_post_thumbnail":0,"footnotes":""},"class_list":["post-110862","page","type-page","status-publish","hentry"],"acf":[],"yoast_head":"<!-- This site is optimized with the Yoast SEO plugin v27.3 - https:\/\/yoast.com\/product\/yoast-seo-wordpress\/ -->\n<title>Family-Friendly GLOBAL Adult Guideline Digital Download | Global Down Syndrome Foundation<\/title>\n<meta name=\"robots\" content=\"index, follow, max-snippet:-1, max-image-preview:large, max-video-preview:-1\" \/>\n<link rel=\"canonical\" href=\"https:\/\/www.globaldownsyndrome.org\/fr\/family-friendly-global-adult-guideline-digital-download\/\" \/>\n<meta property=\"og:locale\" content=\"fr_FR\" \/>\n<meta property=\"og:type\" content=\"article\" \/>\n<meta property=\"og:title\" content=\"Family-Friendly GLOBAL Adult Guideline Digital Download | Global Down Syndrome Foundation\" \/>\n<meta property=\"og:url\" content=\"https:\/\/www.globaldownsyndrome.org\/fr\/family-friendly-global-adult-guideline-digital-download\/\" \/>\n<meta property=\"og:site_name\" content=\"Global Down Syndrome Foundation\" \/>\n<meta property=\"article:modified_time\" content=\"2022-06-27T20:32:39+00:00\" \/>\n<meta name=\"twitter:card\" content=\"summary_large_image\" \/>\n<meta name=\"twitter:label1\" content=\"Est. reading time\" \/>\n\t<meta name=\"twitter:data1\" content=\"1 minute\" \/>\n<script type=\"application\/ld+json\" class=\"yoast-schema-graph\">{\"@context\":\"https:\\\/\\\/schema.org\",\"@graph\":[{\"@type\":\"WebPage\",\"@id\":\"https:\\\/\\\/www.globaldownsyndrome.org\\\/family-friendly-global-adult-guideline-digital-download\\\/\",\"url\":\"https:\\\/\\\/www.globaldownsyndrome.org\\\/family-friendly-global-adult-guideline-digital-download\\\/\",\"name\":\"Family-Friendly GLOBAL Adult Guideline Digital Download | Global Down Syndrome Foundation\",\"isPartOf\":{\"@id\":\"https:\\\/\\\/www.globaldownsyndrome.org\\\/#website\"},\"datePublished\":\"2022-06-27T19:55:45+00:00\",\"dateModified\":\"2022-06-27T20:32:39+00:00\",\"breadcrumb\":{\"@id\":\"https:\\\/\\\/www.globaldownsyndrome.org\\\/family-friendly-global-adult-guideline-digital-download\\\/#breadcrumb\"},\"inLanguage\":\"fr-FR\",\"potentialAction\":[{\"@type\":\"ReadAction\",\"target\":[\"https:\\\/\\\/www.globaldownsyndrome.org\\\/family-friendly-global-adult-guideline-digital-download\\\/\"]}]},{\"@type\":\"BreadcrumbList\",\"@id\":\"https:\\\/\\\/www.globaldownsyndrome.org\\\/family-friendly-global-adult-guideline-digital-download\\\/#breadcrumb\",\"itemListElement\":[{\"@type\":\"ListItem\",\"position\":1,\"name\":\"Home\",\"item\":\"https:\\\/\\\/www.globaldownsyndrome.org\\\/\"},{\"@type\":\"ListItem\",\"position\":2,\"name\":\"Family-Friendly GLOBAL Adult Guideline Digital Download\"}]},{\"@type\":\"WebSite\",\"@id\":\"https:\\\/\\\/www.globaldownsyndrome.org\\\/#website\",\"url\":\"https:\\\/\\\/www.globaldownsyndrome.org\\\/\",\"name\":\"Global Down Syndrome Foundation\",\"description\":\"Dedicated to significantly improving the lives of people with Down Syndrome through RESEARCH, MEDICAL CARE, EDUCATION AND ADVOCACY\",\"publisher\":{\"@id\":\"https:\\\/\\\/www.globaldownsyndrome.org\\\/#organization\"},\"potentialAction\":[{\"@type\":\"SearchAction\",\"target\":{\"@type\":\"EntryPoint\",\"urlTemplate\":\"https:\\\/\\\/www.globaldownsyndrome.org\\\/?s={search_term_string}\"},\"query-input\":{\"@type\":\"PropertyValueSpecification\",\"valueRequired\":true,\"valueName\":\"search_term_string\"}}],\"inLanguage\":\"fr-FR\"},{\"@type\":\"Organization\",\"@id\":\"https:\\\/\\\/www.globaldownsyndrome.org\\\/#organization\",\"name\":\"Global Down Syndrome Foundation\",\"url\":\"https:\\\/\\\/www.globaldownsyndrome.org\\\/\",\"logo\":{\"@type\":\"ImageObject\",\"inLanguage\":\"fr-FR\",\"@id\":\"https:\\\/\\\/www.globaldownsyndrome.org\\\/#\\\/schema\\\/logo\\\/image\\\/\",\"url\":\"https:\\\/\\\/www.globaldownsyndrome.org\\\/wp-content\\\/uploads\\\/2022\\\/11\\\/logo.jpg\",\"contentUrl\":\"https:\\\/\\\/www.globaldownsyndrome.org\\\/wp-content\\\/uploads\\\/2022\\\/11\\\/logo.jpg\",\"width\":2351,\"height\":896,\"caption\":\"Global Down Syndrome Foundation\"},\"image\":{\"@id\":\"https:\\\/\\\/www.globaldownsyndrome.org\\\/#\\\/schema\\\/logo\\\/image\\\/\"}}]}<\/script>\n<!-- \/ Yoast SEO plugin. -->","yoast_head_json":{"title":"Family-Friendly GLOBAL Adult Guideline Digital Download | Global Down Syndrome Foundation","robots":{"index":"index","follow":"follow","max-snippet":"max-snippet:-1","max-image-preview":"max-image-preview:large","max-video-preview":"max-video-preview:-1"},"canonical":"https:\/\/www.globaldownsyndrome.org\/fr\/family-friendly-global-adult-guideline-digital-download\/","og_locale":"fr_FR","og_type":"article","og_title":"Family-Friendly GLOBAL Adult Guideline Digital Download | Global Down Syndrome Foundation","og_url":"https:\/\/www.globaldownsyndrome.org\/fr\/family-friendly-global-adult-guideline-digital-download\/","og_site_name":"Global Down Syndrome Foundation","article_modified_time":"2022-06-27T20:32:39+00:00","twitter_card":"summary_large_image","twitter_misc":{"Est. reading time":"1 minute"},"schema":{"@context":"https:\/\/schema.org","@graph":[{"@type":"WebPage","@id":"https:\/\/www.globaldownsyndrome.org\/family-friendly-global-adult-guideline-digital-download\/","url":"https:\/\/www.globaldownsyndrome.org\/family-friendly-global-adult-guideline-digital-download\/","name":"Family-Friendly GLOBAL Adult Guideline Digital Download | Global Down Syndrome Foundation","isPartOf":{"@id":"https:\/\/www.globaldownsyndrome.org\/#website"},"datePublished":"2022-06-27T19:55:45+00:00","dateModified":"2022-06-27T20:32:39+00:00","breadcrumb":{"@id":"https:\/\/www.globaldownsyndrome.org\/family-friendly-global-adult-guideline-digital-download\/#breadcrumb"},"inLanguage":"fr-FR","potentialAction":[{"@type":"ReadAction","target":["https:\/\/www.globaldownsyndrome.org\/family-friendly-global-adult-guideline-digital-download\/"]}]},{"@type":"BreadcrumbList","@id":"https:\/\/www.globaldownsyndrome.org\/family-friendly-global-adult-guideline-digital-download\/#breadcrumb","itemListElement":[{"@type":"ListItem","position":1,"name":"Home","item":"https:\/\/www.globaldownsyndrome.org\/"},{"@type":"ListItem","position":2,"name":"Family-Friendly GLOBAL Adult Guideline Digital Download"}]},{"@type":"WebSite","@id":"https:\/\/www.globaldownsyndrome.org\/#website","url":"https:\/\/www.globaldownsyndrome.org\/","name":"Fondation mondiale du syndrome de Down","description":"Vou\u00e9e \u00e0 l'am\u00e9lioration significative de la vie des personnes atteintes du syndrome de Down par le biais de la recherche, des soins m\u00e9dicaux, de l'\u00e9ducation et de la d\u00e9fense des int\u00e9r\u00eats.","publisher":{"@id":"https:\/\/www.globaldownsyndrome.org\/#organization"},"potentialAction":[{"@type":"SearchAction","target":{"@type":"EntryPoint","urlTemplate":"https:\/\/www.globaldownsyndrome.org\/?s={search_term_string}"},"query-input":{"@type":"PropertyValueSpecification","valueRequired":true,"valueName":"search_term_string"}}],"inLanguage":"fr-FR"},{"@type":"Organization","@id":"https:\/\/www.globaldownsyndrome.org\/#organization","name":"Fondation mondiale du syndrome de Down","url":"https:\/\/www.globaldownsyndrome.org\/","logo":{"@type":"ImageObject","inLanguage":"fr-FR","@id":"https:\/\/www.globaldownsyndrome.org\/#\/schema\/logo\/image\/","url":"https:\/\/www.globaldownsyndrome.org\/wp-content\/uploads\/2022\/11\/logo.jpg","contentUrl":"https:\/\/www.globaldownsyndrome.org\/wp-content\/uploads\/2022\/11\/logo.jpg","width":2351,"height":896,"caption":"Global Down Syndrome Foundation"},"image":{"@id":"https:\/\/www.globaldownsyndrome.org\/#\/schema\/logo\/image\/"}}]}},"jetpack_shortlink":"https:\/\/wp.me\/P70gmm-sQ6","jetpack-related-posts":[{"id":110865,"url":"https:\/\/www.globaldownsyndrome.org\/fr\/global-adult-guideline-digital-download\/","url_meta":{"origin":110862,"position":0},"title":"GLOBAL Adult Guideline &#8211; Digital Download","author":"Global Down Syndrome Foundation","date":"juin 27, 2022","format":false,"excerpt":"","rel":"","context":"Similar post","block_context":{"text":"Similar post","link":""},"img":{"alt_text":"","src":"","width":0,"height":0},"classes":[]},{"id":111765,"url":"https:\/\/www.globaldownsyndrome.org\/fr\/global-adult-guideline-checklist-digital-download\/","url_meta":{"origin":110862,"position":1},"title":"GLOBAL Adult Guideline Checklist &#8211; Digital Download","author":"Global Down Syndrome Foundation","date":"juin 28, 2022","format":false,"excerpt":"","rel":"","context":"Similar post","block_context":{"text":"Similar post","link":""},"img":{"alt_text":"","src":"","width":0,"height":0},"classes":[]},{"id":107379,"url":"https:\/\/www.globaldownsyndrome.org\/fr\/family-friendly-global-adult-guideline-print-request\/","url_meta":{"origin":110862,"position":2},"title":"Family-Friendly GLOBAL Adult Guideline &#8211; Print Request Form","author":"Global Down Syndrome Foundation","date":"juin 22, 2022","format":false,"excerpt":"","rel":"","context":"Similar post","block_context":{"text":"Similar post","link":""},"img":{"alt_text":"GLOBAL Family-Friendly Guideline","src":"https:\/\/i0.wp.com\/www.globaldownsyndrome.org\/wp-content\/uploads\/2022\/06\/2022-Family-Friendly-GLOBAL-Guideline-Guideline-Landing-Page-Hero-Image-FINAL.png?resize=350%2C200&ssl=1","width":350,"height":200,"srcset":"https:\/\/i0.wp.com\/www.globaldownsyndrome.org\/wp-content\/uploads\/2022\/06\/2022-Family-Friendly-GLOBAL-Guideline-Guideline-Landing-Page-Hero-Image-FINAL.png?resize=350%2C200&ssl=1 1x, https:\/\/i0.wp.com\/www.globaldownsyndrome.org\/wp-content\/uploads\/2022\/06\/2022-Family-Friendly-GLOBAL-Guideline-Guideline-Landing-Page-Hero-Image-FINAL.png?resize=525%2C300&ssl=1 1.5x, https:\/\/i0.wp.com\/www.globaldownsyndrome.org\/wp-content\/uploads\/2022\/06\/2022-Family-Friendly-GLOBAL-Guideline-Guideline-Landing-Page-Hero-Image-FINAL.png?resize=700%2C400&ssl=1 2x, https:\/\/i0.wp.com\/www.globaldownsyndrome.org\/wp-content\/uploads\/2022\/06\/2022-Family-Friendly-GLOBAL-Guideline-Guideline-Landing-Page-Hero-Image-FINAL.png?resize=1050%2C600&ssl=1 3x, https:\/\/i0.wp.com\/www.globaldownsyndrome.org\/wp-content\/uploads\/2022\/06\/2022-Family-Friendly-GLOBAL-Guideline-Guideline-Landing-Page-Hero-Image-FINAL.png?resize=1400%2C800&ssl=1 4x"},"classes":[]},{"id":111768,"url":"https:\/\/www.globaldownsyndrome.org\/fr\/global-adult-guideline-diabetes-toolkit-digital-download\/","url_meta":{"origin":110862,"position":3},"title":"GLOBAL Adult Guideline Diabetes Toolkit &#8211; Digital Download","author":"Global Down Syndrome Foundation","date":"juin 28, 2022","format":false,"excerpt":"","rel":"","context":"Similar post","block_context":{"text":"Similar post","link":""},"img":{"alt_text":"","src":"","width":0,"height":0},"classes":[]},{"id":116425,"url":"https:\/\/www.globaldownsyndrome.org\/fr\/global-adult-guideline-celiac-disease-checklist-digital-download\/","url_meta":{"origin":110862,"position":4},"title":"GLOBAL Adult Guideline Celiac Disease Checklist &#8211; Digital Download","author":"Global Down Syndrome Foundation","date":"juillet 6, 2022","format":false,"excerpt":"","rel":"","context":"Similar post","block_context":{"text":"Similar post","link":""},"img":{"alt_text":"","src":"","width":0,"height":0},"classes":[]},{"id":133573,"url":"https:\/\/www.globaldownsyndrome.org\/fr\/global-adult-guideline-resource-download-request\/","url_meta":{"origin":110862,"position":5},"title":"GLOBAL Adult Guideline &#8211; Resource Download Request","author":"Global Down Syndrome Foundation","date":"ao\u00fbt 4, 2022","format":false,"excerpt":"","rel":"","context":"Similar post","block_context":{"text":"Similar post","link":""},"img":{"alt_text":"","src":"","width":0,"height":0},"classes":[]}],"jetpack_sharing_enabled":true,"_links":{"self":[{"href":"https:\/\/www.globaldownsyndrome.org\/fr\/wp-json\/wp\/v2\/pages\/110862","targetHints":{"allow":["GET"]}}],"collection":[{"href":"https:\/\/www.globaldownsyndrome.org\/fr\/wp-json\/wp\/v2\/pages"}],"about":[{"href":"https:\/\/www.globaldownsyndrome.org\/fr\/wp-json\/wp\/v2\/types\/page"}],"author":[{"embeddable":true,"href":"https:\/\/www.globaldownsyndrome.org\/fr\/wp-json\/wp\/v2\/users\/3"}],"replies":[{"embeddable":true,"href":"https:\/\/www.globaldownsyndrome.org\/fr\/wp-json\/wp\/v2\/comments?post=110862"}],"version-history":[{"count":0,"href":"https:\/\/www.globaldownsyndrome.org\/fr\/wp-json\/wp\/v2\/pages\/110862\/revisions"}],"wp:attachment":[{"href":"https:\/\/www.globaldownsyndrome.org\/fr\/wp-json\/wp\/v2\/media?parent=110862"}],"curies":[{"name":"wp","href":"https:\/\/api.w.org\/{rel}","templated":true}]}}