{"id":1436,"date":"2011-08-29T21:58:15","date_gmt":"2011-08-29T21:58:15","guid":{"rendered":"http:\/\/globaldownsyndrome.org.mytempweb.com\/?page_id=1436"},"modified":"2015-09-08T15:15:19","modified_gmt":"2015-09-08T21:15:19","slug":"history-of-down-syndrome","status":"publish","type":"page","link":"https:\/\/www.globaldownsyndrome.org\/fr\/about-down-syndrome\/history-of-down-syndrome\/","title":{"rendered":"Histoire du syndrome de Down"},"content":{"rendered":"<p>The Global Down Syndrome Foundation is committed to improving the lives of people with Down syndrome through research, medical care, advocacy and education. An important part of that entails educating the general public about the history of Down syndrome &#8211; both from a medical standpoint and a human-rights perspective. To this end, the Global Down Syndrome Foundation has created two timelines to illuminate the medical and civil rights progress made surrounding people with Down syndrome and other developmental disabilities. These timelines are available in simple text or an interactive format. Click below to learn more about the history of Down syndrome.<\/p>\n<h2>Down Syndrome Medical Care and Research Timeline<\/h2>\n<p style=\"padding-left: 30px;\"><a href=\"http:\/\/www.tiki-toki.com\/timeline\/entry\/44673\/History-of-Down-Syndrome-Medical-Care-Research\" target=\"_blank\">Interactive<\/a><\/p>\n<p style=\"padding-left: 30px;\"><a href=\"\/research-and-medical-care-timeline\/\">Text<\/a><\/p>\n<h2>Chronologie des droits de l'homme et des droits civils des personnes atteintes du syndrome de Down<\/h2>\n<p style=\"padding-left: 30px;\"><a href=\"http:\/\/www.tiki-toki.com\/timeline\/entry\/50235\/History-of-Down-Syndrome-Human-and-Civil-Rights-Timeline\/\" target=\"_blank\">Interactive<\/a><\/p>\n<p style=\"padding-left: 30px;\"><a href=\"\/down-syndrome-human-and-civil-rights-timeline\/\">Text<\/a><\/p>","protected":false},"excerpt":{"rendered":"<p>The Global Down Syndrome Foundation is committed to improving the lives of people with Down syndrome through research, medical care, advocacy and education. An important part of that entails educating the general public about the history of Down syndrome &#8211; both from a medical standpoint and a human-rights perspective. To this end, the Global Down [&hellip;]<\/p>\n","protected":false},"author":3,"featured_media":0,"parent":18,"menu_order":20,"comment_status":"open","ping_status":"open","template":"","meta":{"_acf_changed":false,"ngg_post_thumbnail":0,"footnotes":""},"class_list":["post-1436","page","type-page","status-publish","hentry"],"acf":[],"yoast_head":"<!-- This site is optimized with the Yoast SEO plugin v27.3 - https:\/\/yoast.com\/product\/yoast-seo-wordpress\/ -->\n<title>History of Down Syndrome | Global Down Syndrome Foundation<\/title>\n<meta name=\"robots\" content=\"index, follow, max-snippet:-1, max-image-preview:large, max-video-preview:-1\" \/>\n<link rel=\"canonical\" href=\"https:\/\/www.globaldownsyndrome.org\/fr\/sur-le-syndrome-de-down\/history-of-down-syndrome\/\" \/>\n<meta property=\"og:locale\" content=\"fr_FR\" \/>\n<meta property=\"og:type\" content=\"article\" \/>\n<meta property=\"og:title\" content=\"History of Down Syndrome | Global Down Syndrome Foundation\" \/>\n<meta property=\"og:description\" content=\"The Global Down Syndrome Foundation is committed to improving the lives of people with Down syndrome through research, medical care, advocacy and education. An important part of that entails educating the general public about the history of Down syndrome &#8211; both from a medical standpoint and a human-rights perspective. To this end, the Global Down [&hellip;]\" \/>\n<meta property=\"og:url\" content=\"https:\/\/www.globaldownsyndrome.org\/fr\/sur-le-syndrome-de-down\/history-of-down-syndrome\/\" \/>\n<meta property=\"og:site_name\" content=\"Global Down Syndrome Foundation\" \/>\n<meta property=\"article:modified_time\" content=\"2015-09-08T21:15:19+00:00\" \/>\n<meta name=\"twitter:card\" content=\"summary_large_image\" \/>\n<meta name=\"twitter:label1\" content=\"Est. reading time\" \/>\n\t<meta name=\"twitter:data1\" content=\"1 minute\" \/>\n<script type=\"application\/ld+json\" class=\"yoast-schema-graph\">{\"@context\":\"https:\\\/\\\/schema.org\",\"@graph\":[{\"@type\":\"WebPage\",\"@id\":\"https:\\\/\\\/www.globaldownsyndrome.org\\\/about-down-syndrome\\\/history-of-down-syndrome\\\/\",\"url\":\"https:\\\/\\\/www.globaldownsyndrome.org\\\/about-down-syndrome\\\/history-of-down-syndrome\\\/\",\"name\":\"History of Down Syndrome | Global Down Syndrome Foundation\",\"isPartOf\":{\"@id\":\"https:\\\/\\\/www.globaldownsyndrome.org\\\/#website\"},\"datePublished\":\"2011-08-29T21:58:15+00:00\",\"dateModified\":\"2015-09-08T21:15:19+00:00\",\"breadcrumb\":{\"@id\":\"https:\\\/\\\/www.globaldownsyndrome.org\\\/about-down-syndrome\\\/history-of-down-syndrome\\\/#breadcrumb\"},\"inLanguage\":\"fr-FR\",\"potentialAction\":[{\"@type\":\"ReadAction\",\"target\":[\"https:\\\/\\\/www.globaldownsyndrome.org\\\/about-down-syndrome\\\/history-of-down-syndrome\\\/\"]}]},{\"@type\":\"BreadcrumbList\",\"@id\":\"https:\\\/\\\/www.globaldownsyndrome.org\\\/about-down-syndrome\\\/history-of-down-syndrome\\\/#breadcrumb\",\"itemListElement\":[{\"@type\":\"ListItem\",\"position\":1,\"name\":\"Home\",\"item\":\"https:\\\/\\\/www.globaldownsyndrome.org\\\/\"},{\"@type\":\"ListItem\",\"position\":2,\"name\":\"About Down Syndrome\",\"item\":\"https:\\\/\\\/www.globaldownsyndrome.org\\\/about-down-syndrome\\\/\"},{\"@type\":\"ListItem\",\"position\":3,\"name\":\"History of Down Syndrome\"}]},{\"@type\":\"WebSite\",\"@id\":\"https:\\\/\\\/www.globaldownsyndrome.org\\\/#website\",\"url\":\"https:\\\/\\\/www.globaldownsyndrome.org\\\/\",\"name\":\"Global Down Syndrome Foundation\",\"description\":\"Dedicated to significantly improving the lives of people with Down Syndrome through RESEARCH, MEDICAL CARE, EDUCATION AND ADVOCACY\",\"publisher\":{\"@id\":\"https:\\\/\\\/www.globaldownsyndrome.org\\\/#organization\"},\"potentialAction\":[{\"@type\":\"SearchAction\",\"target\":{\"@type\":\"EntryPoint\",\"urlTemplate\":\"https:\\\/\\\/www.globaldownsyndrome.org\\\/?s={search_term_string}\"},\"query-input\":{\"@type\":\"PropertyValueSpecification\",\"valueRequired\":true,\"valueName\":\"search_term_string\"}}],\"inLanguage\":\"fr-FR\"},{\"@type\":\"Organization\",\"@id\":\"https:\\\/\\\/www.globaldownsyndrome.org\\\/#organization\",\"name\":\"Global Down Syndrome Foundation\",\"url\":\"https:\\\/\\\/www.globaldownsyndrome.org\\\/\",\"logo\":{\"@type\":\"ImageObject\",\"inLanguage\":\"fr-FR\",\"@id\":\"https:\\\/\\\/www.globaldownsyndrome.org\\\/#\\\/schema\\\/logo\\\/image\\\/\",\"url\":\"https:\\\/\\\/www.globaldownsyndrome.org\\\/wp-content\\\/uploads\\\/2022\\\/11\\\/logo.jpg\",\"contentUrl\":\"https:\\\/\\\/www.globaldownsyndrome.org\\\/wp-content\\\/uploads\\\/2022\\\/11\\\/logo.jpg\",\"width\":2351,\"height\":896,\"caption\":\"Global Down Syndrome Foundation\"},\"image\":{\"@id\":\"https:\\\/\\\/www.globaldownsyndrome.org\\\/#\\\/schema\\\/logo\\\/image\\\/\"}}]}<\/script>\n<!-- \/ Yoast SEO plugin. -->","yoast_head_json":{"title":"History of Down Syndrome | Global Down Syndrome Foundation","robots":{"index":"index","follow":"follow","max-snippet":"max-snippet:-1","max-image-preview":"max-image-preview:large","max-video-preview":"max-video-preview:-1"},"canonical":"https:\/\/www.globaldownsyndrome.org\/fr\/sur-le-syndrome-de-down\/history-of-down-syndrome\/","og_locale":"fr_FR","og_type":"article","og_title":"History of Down Syndrome | Global Down Syndrome Foundation","og_description":"The Global Down Syndrome Foundation is committed to improving the lives of people with Down syndrome through research, medical care, advocacy and education. An important part of that entails educating the general public about the history of Down syndrome &#8211; both from a medical standpoint and a human-rights perspective. To this end, the Global Down [&hellip;]","og_url":"https:\/\/www.globaldownsyndrome.org\/fr\/sur-le-syndrome-de-down\/history-of-down-syndrome\/","og_site_name":"Global Down Syndrome Foundation","article_modified_time":"2015-09-08T21:15:19+00:00","twitter_card":"summary_large_image","twitter_misc":{"Est. reading time":"1 minute"},"schema":{"@context":"https:\/\/schema.org","@graph":[{"@type":"WebPage","@id":"https:\/\/www.globaldownsyndrome.org\/about-down-syndrome\/history-of-down-syndrome\/","url":"https:\/\/www.globaldownsyndrome.org\/about-down-syndrome\/history-of-down-syndrome\/","name":"History of Down Syndrome | Global Down Syndrome Foundation","isPartOf":{"@id":"https:\/\/www.globaldownsyndrome.org\/#website"},"datePublished":"2011-08-29T21:58:15+00:00","dateModified":"2015-09-08T21:15:19+00:00","breadcrumb":{"@id":"https:\/\/www.globaldownsyndrome.org\/about-down-syndrome\/history-of-down-syndrome\/#breadcrumb"},"inLanguage":"fr-FR","potentialAction":[{"@type":"ReadAction","target":["https:\/\/www.globaldownsyndrome.org\/about-down-syndrome\/history-of-down-syndrome\/"]}]},{"@type":"BreadcrumbList","@id":"https:\/\/www.globaldownsyndrome.org\/about-down-syndrome\/history-of-down-syndrome\/#breadcrumb","itemListElement":[{"@type":"ListItem","position":1,"name":"Home","item":"https:\/\/www.globaldownsyndrome.org\/"},{"@type":"ListItem","position":2,"name":"About Down Syndrome","item":"https:\/\/www.globaldownsyndrome.org\/about-down-syndrome\/"},{"@type":"ListItem","position":3,"name":"History of Down Syndrome"}]},{"@type":"WebSite","@id":"https:\/\/www.globaldownsyndrome.org\/#website","url":"https:\/\/www.globaldownsyndrome.org\/","name":"Fondation mondiale du syndrome de Down","description":"Vou\u00e9e \u00e0 l'am\u00e9lioration significative de la vie des personnes atteintes du syndrome de Down par le biais de la recherche, des soins m\u00e9dicaux, de l'\u00e9ducation et de la d\u00e9fense des int\u00e9r\u00eats.","publisher":{"@id":"https:\/\/www.globaldownsyndrome.org\/#organization"},"potentialAction":[{"@type":"SearchAction","target":{"@type":"EntryPoint","urlTemplate":"https:\/\/www.globaldownsyndrome.org\/?s={search_term_string}"},"query-input":{"@type":"PropertyValueSpecification","valueRequired":true,"valueName":"search_term_string"}}],"inLanguage":"fr-FR"},{"@type":"Organization","@id":"https:\/\/www.globaldownsyndrome.org\/#organization","name":"Fondation mondiale du syndrome de Down","url":"https:\/\/www.globaldownsyndrome.org\/","logo":{"@type":"ImageObject","inLanguage":"fr-FR","@id":"https:\/\/www.globaldownsyndrome.org\/#\/schema\/logo\/image\/","url":"https:\/\/www.globaldownsyndrome.org\/wp-content\/uploads\/2022\/11\/logo.jpg","contentUrl":"https:\/\/www.globaldownsyndrome.org\/wp-content\/uploads\/2022\/11\/logo.jpg","width":2351,"height":896,"caption":"Global Down Syndrome Foundation"},"image":{"@id":"https:\/\/www.globaldownsyndrome.org\/#\/schema\/logo\/image\/"}}]}},"jetpack_shortlink":"https:\/\/wp.me\/P70gmm-na","jetpack-related-posts":[{"id":153413,"url":"https:\/\/www.globaldownsyndrome.org\/fr\/global-webinar-series-october-2023\/","url_meta":{"origin":1436,"position":0},"title":"GLOBAL Webinars October 2023","author":"Wes Butler","date":"octobre 17, 2023","format":false,"excerpt":"","rel":"","context":"Similar post","block_context":{"text":"Similar post","link":""},"img":{"alt_text":"","src":"https:\/\/i0.wp.com\/www.globaldownsyndrome.org\/wp-content\/uploads\/2023\/10\/Joaquin-Espinosa-Headshot-300x300-1.jpg?resize=350%2C200&ssl=1","width":350,"height":200},"classes":[]},{"id":157902,"url":"https:\/\/www.globaldownsyndrome.org\/fr\/global-webinars-october-2024\/","url_meta":{"origin":1436,"position":1},"title":"GLOBAL Webinars October 2024","author":"Wes Butler","date":"octobre 28, 2024","format":false,"excerpt":"","rel":"","context":"Similar post","block_context":{"text":"Similar post","link":""},"img":{"alt_text":"Dr. Espinosa Headshot","src":"https:\/\/i0.wp.com\/www.globaldownsyndrome.org\/wp-content\/uploads\/2023\/05\/Dr-Espinosa-Headshot-283x354.jpg?resize=350%2C200&ssl=1","width":350,"height":200},"classes":[]},{"id":161865,"url":"https:\/\/www.globaldownsyndrome.org\/fr\/global-webinars-august-2025\/","url_meta":{"origin":1436,"position":2},"title":"GLOBAL Webinars August 2025","author":"Sarah Learn","date":"ao\u00fbt 28, 2025","format":false,"excerpt":"","rel":"","context":"Similar post","block_context":{"text":"Similar post","link":""},"img":{"alt_text":"","src":"https:\/\/i0.wp.com\/www.globaldownsyndrome.org\/wp-content\/uploads\/2025\/08\/Nicole-Baumer-Headshot-287x354.jpg?resize=350%2C200&ssl=1","width":350,"height":200},"classes":[]},{"id":162503,"url":"https:\/\/www.globaldownsyndrome.org\/fr\/global-webinars-november-2025\/","url_meta":{"origin":1436,"position":3},"title":"GLOBAL Webinars November 2025","author":"Sarah Learn","date":"d\u00e9cembre 3, 2025","format":false,"excerpt":"","rel":"","context":"Similar post","block_context":{"text":"Similar post","link":""},"img":{"alt_text":"","src":"https:\/\/i0.wp.com\/www.globaldownsyndrome.org\/wp-content\/uploads\/2025\/08\/Dr.-Espinosa-Headshot-283x354.png?resize=350%2C200&ssl=1","width":350,"height":200},"classes":[]},{"id":141984,"url":"https:\/\/www.globaldownsyndrome.org\/fr\/global-webinar-series-july-2022\/","url_meta":{"origin":1436,"position":4},"title":"GLOBAL Webinar Series July 2022","author":"Global Down Syndrome Foundation","date":"ao\u00fbt 17, 2022","format":false,"excerpt":"Important Updates to the NEW 2022 AAP Health Guidelines for Children and Adolescents with Down Syndrome Overview In this session, Dr. Nicole Baumer, MD, MEd discussed the new 2022 American Academy of Pediatrics Health Supervision Guidelines for Children and Adolescents with Down Syndrome. She reviewed key recommendations that remain the\u2026","rel":"","context":"Similar post","block_context":{"text":"Similar post","link":""},"img":{"alt_text":"Nicole Baumer","src":"https:\/\/i0.wp.com\/www.globaldownsyndrome.org\/wp-content\/uploads\/2022\/08\/NicoleBaumer.jpg?resize=350%2C200&ssl=1","width":350,"height":200},"classes":[]},{"id":150908,"url":"https:\/\/www.globaldownsyndrome.org\/fr\/the-down-syndrome-association-of-central-texas\/","url_meta":{"origin":1436,"position":5},"title":"The Down Syndrome Association of Central Texas","author":"Global Down Syndrome Foundation","date":"avril 4, 2023","format":false,"excerpt":"Creating a more inclusive world by supporting families, educators and medical professionals. From Down Syndrome World Issue 1, 2023 The Down Syndrome Association of Central Texas (DSACT) originated as a small support group for parents of children with Down syndrome. It all started in 1991 with the Eudy family\u2014Kim, Ron\u2026","rel":"","context":"Similar post","block_context":{"text":"Similar post","link":""},"img":{"alt_text":"","src":"https:\/\/i0.wp.com\/www.globaldownsyndrome.org\/wp-content\/uploads\/2023\/04\/Member-Org-Header-Image.png?resize=350%2C200&ssl=1","width":350,"height":200,"srcset":"https:\/\/i0.wp.com\/www.globaldownsyndrome.org\/wp-content\/uploads\/2023\/04\/Member-Org-Header-Image.png?resize=350%2C200&ssl=1 1x, https:\/\/i0.wp.com\/www.globaldownsyndrome.org\/wp-content\/uploads\/2023\/04\/Member-Org-Header-Image.png?resize=525%2C300&ssl=1 1.5x, https:\/\/i0.wp.com\/www.globaldownsyndrome.org\/wp-content\/uploads\/2023\/04\/Member-Org-Header-Image.png?resize=700%2C400&ssl=1 2x, https:\/\/i0.wp.com\/www.globaldownsyndrome.org\/wp-content\/uploads\/2023\/04\/Member-Org-Header-Image.png?resize=1050%2C600&ssl=1 3x, https:\/\/i0.wp.com\/www.globaldownsyndrome.org\/wp-content\/uploads\/2023\/04\/Member-Org-Header-Image.png?resize=1400%2C800&ssl=1 4x"},"classes":[]}],"jetpack_sharing_enabled":true,"_links":{"self":[{"href":"https:\/\/www.globaldownsyndrome.org\/fr\/wp-json\/wp\/v2\/pages\/1436","targetHints":{"allow":["GET"]}}],"collection":[{"href":"https:\/\/www.globaldownsyndrome.org\/fr\/wp-json\/wp\/v2\/pages"}],"about":[{"href":"https:\/\/www.globaldownsyndrome.org\/fr\/wp-json\/wp\/v2\/types\/page"}],"author":[{"embeddable":true,"href":"https:\/\/www.globaldownsyndrome.org\/fr\/wp-json\/wp\/v2\/users\/3"}],"replies":[{"embeddable":true,"href":"https:\/\/www.globaldownsyndrome.org\/fr\/wp-json\/wp\/v2\/comments?post=1436"}],"version-history":[{"count":0,"href":"https:\/\/www.globaldownsyndrome.org\/fr\/wp-json\/wp\/v2\/pages\/1436\/revisions"}],"up":[{"embeddable":true,"href":"https:\/\/www.globaldownsyndrome.org\/fr\/wp-json\/wp\/v2\/pages\/18"}],"wp:attachment":[{"href":"https:\/\/www.globaldownsyndrome.org\/fr\/wp-json\/wp\/v2\/media?parent=1436"}],"curies":[{"name":"wp","href":"https:\/\/api.w.org\/{rel}","templated":true}]}}