{"id":150283,"date":"2023-01-05T13:35:12","date_gmt":"2023-01-05T20:35:12","guid":{"rendered":"https:\/\/www.globaldownsyndrome.org\/?page_id=150283"},"modified":"2025-11-21T12:43:32","modified_gmt":"2025-11-21T19:43:32","slug":"global-donation-form","status":"publish","type":"page","link":"https:\/\/www.globaldownsyndrome.org\/fr\/global-donation-form\/","title":{"rendered":"GLOBAL Donation Form"},"content":{"rendered":"<div class=\"wpb-content-wrapper\"><div class=\"vc_row wpb_row vc_row-fluid\"><div class=\"wpb_column vc_column_container vc_col-sm-12\"><div class=\"vc_column-inner\"><div class=\"wpb_wrapper\">\n\t<div class=\"wpb_text_column wpb_content_element\" >\n\t\t<div class=\"wpb_wrapper\">\n\t\t\t<hr>\n<h3 style=\"text-align: left;\"><span style=\"font-family: trebuchet ms;\"><br \/>\nYour support will fund life-changing research and medical care benefiting people with Down syndrome throughout the world.<br \/>\nYou will also be supporting programs and events that make a difference in the lives of those with Down syndrome.<br \/>\n<\/span><br \/>\n<span style=\"font-family: 'trebuchet ms', geneva, sans-serif;\">Thank you for your generosity!<\/span><\/h3>\n<p><!-- FLEX CONTAINER --><\/p>\n<div style=\"display: flex; align-items: flex-start; gap: 20px;\">\n<p><!-- FORM SECTION --><\/p>\n<div style=\"flex: 1; text-align: left;\">\n<div id=\"blackbaud-donation-form_0ddd3e2c-747f-485a-8095-25faac137a23\">&nbsp;<\/div>\n<p><script src=\"https:\/\/sky.blackbaudcdn.net\/static\/donor-form-loader\/2\/main.js\"><\/script><br \/>\n<script>\n            BBDonorFormLoader.newBlackbaudDonationFormZoned(\n                'renxt',\n                'p-gU-Fw9t80EKlAMpjuwwLkg',\n                '0ddd3e2c-747f-485a-8095-25faac137a23',\n                'usa'\n            );\n        <\/script><\/p>\n<\/div>\n<p><!-- IMAGE ON THE RIGHT --><\/p>\n<div style=\"flex: 0 0 auto;\"><img loading=\"lazy\" decoding=\"async\" src=\"https:\/\/www.globaldownsyndrome.org\/wp-content\/uploads\/2025\/11\/2025-YE-Donation-Sidebar-1-e1763751862725.png\" alt=\"\" width=\"300\" height=\"959\"><\/div>\n<\/div>\n<p style=\"text-align: left;\">If you have questions or to donate by phone, please call<br \/>\n<a href=\"tel:+13033216277\" target=\"_blank\" rel=\"noopener\">(303) 321-6277<\/a>.<\/p>\n<p style=\"text-align: left;\">Global Down Syndrome Foundation is a registered 501(c)(3) nonprofit organization.<br \/>\nPublic charity EIN number: 26-4431001<\/p>\n\n\t\t<\/div>\n\t<\/div>\n<\/div><\/div><\/div><\/div>\n<\/div>","protected":false},"excerpt":{"rendered":"Your support will fund life-changing research and medical care benefiting people with Down syndrome throughout the world. You will also be supporting programs and events that make a difference in the lives of those with Down syndrome. Thank you for your generosity! &nbsp; If you have questions or to donate by phone, please call (303) [...]","protected":false},"author":3,"featured_media":0,"parent":0,"menu_order":0,"comment_status":"closed","ping_status":"closed","template":"template-full-page.php","meta":{"_acf_changed":false,"ngg_post_thumbnail":0,"footnotes":""},"class_list":["post-150283","page","type-page","status-publish","hentry"],"acf":[],"yoast_head":"<!-- This site is optimized with the Yoast SEO plugin v27.4 - https:\/\/yoast.com\/product\/yoast-seo-wordpress\/ -->\n<title>GLOBAL Donation Form | Global Down Syndrome Foundation<\/title>\n<meta name=\"robots\" content=\"index, follow, max-snippet:-1, max-image-preview:large, max-video-preview:-1\" \/>\n<link rel=\"canonical\" href=\"https:\/\/www.globaldownsyndrome.org\/fr\/global-donation-form\/\" \/>\n<meta property=\"og:locale\" content=\"fr_FR\" \/>\n<meta property=\"og:type\" content=\"article\" \/>\n<meta property=\"og:title\" content=\"GLOBAL Donation Form | Global Down Syndrome Foundation\" \/>\n<meta property=\"og:url\" content=\"https:\/\/www.globaldownsyndrome.org\/fr\/global-donation-form\/\" \/>\n<meta property=\"og:site_name\" content=\"Global Down Syndrome Foundation\" \/>\n<meta property=\"article:modified_time\" content=\"2025-11-21T19:43:32+00:00\" \/>\n<meta property=\"og:image\" content=\"https:\/\/www.globaldownsyndrome.org\/wp-content\/uploads\/2025\/11\/2025-YE-Donation-Sidebar-1-e1763751862725.png\" \/>\n<meta name=\"twitter:card\" content=\"summary_large_image\" \/>\n<script type=\"application\/ld+json\" class=\"yoast-schema-graph\">{\"@context\":\"https:\\\/\\\/schema.org\",\"@graph\":[{\"@type\":\"WebPage\",\"@id\":\"https:\\\/\\\/www.globaldownsyndrome.org\\\/global-donation-form\\\/\",\"url\":\"https:\\\/\\\/www.globaldownsyndrome.org\\\/global-donation-form\\\/\",\"name\":\"GLOBAL Donation Form | Global Down Syndrome Foundation\",\"isPartOf\":{\"@id\":\"https:\\\/\\\/www.globaldownsyndrome.org\\\/#website\"},\"primaryImageOfPage\":{\"@id\":\"https:\\\/\\\/www.globaldownsyndrome.org\\\/global-donation-form\\\/#primaryimage\"},\"image\":{\"@id\":\"https:\\\/\\\/www.globaldownsyndrome.org\\\/global-donation-form\\\/#primaryimage\"},\"thumbnailUrl\":\"https:\\\/\\\/www.globaldownsyndrome.org\\\/wp-content\\\/uploads\\\/2025\\\/11\\\/2025-YE-Donation-Sidebar-1-e1763751862725.png\",\"datePublished\":\"2023-01-05T20:35:12+00:00\",\"dateModified\":\"2025-11-21T19:43:32+00:00\",\"breadcrumb\":{\"@id\":\"https:\\\/\\\/www.globaldownsyndrome.org\\\/global-donation-form\\\/#breadcrumb\"},\"inLanguage\":\"fr-FR\",\"potentialAction\":[{\"@type\":\"ReadAction\",\"target\":[\"https:\\\/\\\/www.globaldownsyndrome.org\\\/global-donation-form\\\/\"]}]},{\"@type\":\"ImageObject\",\"inLanguage\":\"fr-FR\",\"@id\":\"https:\\\/\\\/www.globaldownsyndrome.org\\\/global-donation-form\\\/#primaryimage\",\"url\":\"https:\\\/\\\/www.globaldownsyndrome.org\\\/wp-content\\\/uploads\\\/2025\\\/11\\\/2025-YE-Donation-Sidebar-1-e1763751862725.png\",\"contentUrl\":\"https:\\\/\\\/www.globaldownsyndrome.org\\\/wp-content\\\/uploads\\\/2025\\\/11\\\/2025-YE-Donation-Sidebar-1-e1763751862725.png\"},{\"@type\":\"BreadcrumbList\",\"@id\":\"https:\\\/\\\/www.globaldownsyndrome.org\\\/global-donation-form\\\/#breadcrumb\",\"itemListElement\":[{\"@type\":\"ListItem\",\"position\":1,\"name\":\"Home\",\"item\":\"https:\\\/\\\/www.globaldownsyndrome.org\\\/\"},{\"@type\":\"ListItem\",\"position\":2,\"name\":\"GLOBAL Donation Form\"}]},{\"@type\":\"WebSite\",\"@id\":\"https:\\\/\\\/www.globaldownsyndrome.org\\\/#website\",\"url\":\"https:\\\/\\\/www.globaldownsyndrome.org\\\/\",\"name\":\"Global Down Syndrome Foundation\",\"description\":\"Dedicated to significantly improving the lives of people with Down Syndrome through RESEARCH, MEDICAL CARE, EDUCATION AND ADVOCACY\",\"publisher\":{\"@id\":\"https:\\\/\\\/www.globaldownsyndrome.org\\\/#organization\"},\"potentialAction\":[{\"@type\":\"SearchAction\",\"target\":{\"@type\":\"EntryPoint\",\"urlTemplate\":\"https:\\\/\\\/www.globaldownsyndrome.org\\\/?s={search_term_string}\"},\"query-input\":{\"@type\":\"PropertyValueSpecification\",\"valueRequired\":true,\"valueName\":\"search_term_string\"}}],\"inLanguage\":\"fr-FR\"},{\"@type\":\"Organization\",\"@id\":\"https:\\\/\\\/www.globaldownsyndrome.org\\\/#organization\",\"name\":\"Global Down Syndrome Foundation\",\"url\":\"https:\\\/\\\/www.globaldownsyndrome.org\\\/\",\"logo\":{\"@type\":\"ImageObject\",\"inLanguage\":\"fr-FR\",\"@id\":\"https:\\\/\\\/www.globaldownsyndrome.org\\\/#\\\/schema\\\/logo\\\/image\\\/\",\"url\":\"https:\\\/\\\/www.globaldownsyndrome.org\\\/wp-content\\\/uploads\\\/2022\\\/11\\\/logo.jpg\",\"contentUrl\":\"https:\\\/\\\/www.globaldownsyndrome.org\\\/wp-content\\\/uploads\\\/2022\\\/11\\\/logo.jpg\",\"width\":2351,\"height\":896,\"caption\":\"Global Down Syndrome Foundation\"},\"image\":{\"@id\":\"https:\\\/\\\/www.globaldownsyndrome.org\\\/#\\\/schema\\\/logo\\\/image\\\/\"}}]}<\/script>\n<!-- \/ Yoast SEO plugin. -->","yoast_head_json":{"title":"GLOBAL Donation Form | Global Down Syndrome Foundation","robots":{"index":"index","follow":"follow","max-snippet":"max-snippet:-1","max-image-preview":"max-image-preview:large","max-video-preview":"max-video-preview:-1"},"canonical":"https:\/\/www.globaldownsyndrome.org\/fr\/global-donation-form\/","og_locale":"fr_FR","og_type":"article","og_title":"GLOBAL Donation Form | Global Down Syndrome Foundation","og_url":"https:\/\/www.globaldownsyndrome.org\/fr\/global-donation-form\/","og_site_name":"Global Down Syndrome Foundation","article_modified_time":"2025-11-21T19:43:32+00:00","og_image":[{"url":"https:\/\/www.globaldownsyndrome.org\/wp-content\/uploads\/2025\/11\/2025-YE-Donation-Sidebar-1-e1763751862725.png","type":"","width":"","height":""}],"twitter_card":"summary_large_image","schema":{"@context":"https:\/\/schema.org","@graph":[{"@type":"WebPage","@id":"https:\/\/www.globaldownsyndrome.org\/global-donation-form\/","url":"https:\/\/www.globaldownsyndrome.org\/global-donation-form\/","name":"GLOBAL Donation Form | Global Down Syndrome Foundation","isPartOf":{"@id":"https:\/\/www.globaldownsyndrome.org\/#website"},"primaryImageOfPage":{"@id":"https:\/\/www.globaldownsyndrome.org\/global-donation-form\/#primaryimage"},"image":{"@id":"https:\/\/www.globaldownsyndrome.org\/global-donation-form\/#primaryimage"},"thumbnailUrl":"https:\/\/www.globaldownsyndrome.org\/wp-content\/uploads\/2025\/11\/2025-YE-Donation-Sidebar-1-e1763751862725.png","datePublished":"2023-01-05T20:35:12+00:00","dateModified":"2025-11-21T19:43:32+00:00","breadcrumb":{"@id":"https:\/\/www.globaldownsyndrome.org\/global-donation-form\/#breadcrumb"},"inLanguage":"fr-FR","potentialAction":[{"@type":"ReadAction","target":["https:\/\/www.globaldownsyndrome.org\/global-donation-form\/"]}]},{"@type":"ImageObject","inLanguage":"fr-FR","@id":"https:\/\/www.globaldownsyndrome.org\/global-donation-form\/#primaryimage","url":"https:\/\/www.globaldownsyndrome.org\/wp-content\/uploads\/2025\/11\/2025-YE-Donation-Sidebar-1-e1763751862725.png","contentUrl":"https:\/\/www.globaldownsyndrome.org\/wp-content\/uploads\/2025\/11\/2025-YE-Donation-Sidebar-1-e1763751862725.png"},{"@type":"BreadcrumbList","@id":"https:\/\/www.globaldownsyndrome.org\/global-donation-form\/#breadcrumb","itemListElement":[{"@type":"ListItem","position":1,"name":"Home","item":"https:\/\/www.globaldownsyndrome.org\/"},{"@type":"ListItem","position":2,"name":"GLOBAL Donation Form"}]},{"@type":"WebSite","@id":"https:\/\/www.globaldownsyndrome.org\/#website","url":"https:\/\/www.globaldownsyndrome.org\/","name":"Fondation mondiale du syndrome de Down","description":"Vou\u00e9e \u00e0 l'am\u00e9lioration significative de la vie des personnes atteintes du syndrome de Down par le biais de la recherche, des soins m\u00e9dicaux, de l'\u00e9ducation et de la d\u00e9fense des int\u00e9r\u00eats.","publisher":{"@id":"https:\/\/www.globaldownsyndrome.org\/#organization"},"potentialAction":[{"@type":"SearchAction","target":{"@type":"EntryPoint","urlTemplate":"https:\/\/www.globaldownsyndrome.org\/?s={search_term_string}"},"query-input":{"@type":"PropertyValueSpecification","valueRequired":true,"valueName":"search_term_string"}}],"inLanguage":"fr-FR"},{"@type":"Organization","@id":"https:\/\/www.globaldownsyndrome.org\/#organization","name":"Fondation mondiale du syndrome de Down","url":"https:\/\/www.globaldownsyndrome.org\/","logo":{"@type":"ImageObject","inLanguage":"fr-FR","@id":"https:\/\/www.globaldownsyndrome.org\/#\/schema\/logo\/image\/","url":"https:\/\/www.globaldownsyndrome.org\/wp-content\/uploads\/2022\/11\/logo.jpg","contentUrl":"https:\/\/www.globaldownsyndrome.org\/wp-content\/uploads\/2022\/11\/logo.jpg","width":2351,"height":896,"caption":"Global Down Syndrome Foundation"},"image":{"@id":"https:\/\/www.globaldownsyndrome.org\/#\/schema\/logo\/image\/"}}]}},"jetpack_shortlink":"https:\/\/wp.me\/P70gmm-D5V","jetpack-related-posts":[{"id":161659,"url":"https:\/\/www.globaldownsyndrome.org\/fr\/global-advocacy-elongating-life-improving-health\/","url_meta":{"origin":150283,"position":0},"title":"GLOBAL Advocacy \u2013 Elongating Life &#038; Improving Health\u200b","author":"Wes Butler","date":"ao\u00fbt 14, 2025","format":false,"excerpt":"","rel":"","context":"Similar post","block_context":{"text":"Similar post","link":""},"img":{"alt_text":"DeOndra Dixon advocacy","src":"https:\/\/i0.wp.com\/www.globaldownsyndrome.org\/wp-content\/uploads\/2024\/03\/deondra-dixon-525.jpg?resize=350%2C200&ssl=1","width":350,"height":200,"srcset":"https:\/\/i0.wp.com\/www.globaldownsyndrome.org\/wp-content\/uploads\/2024\/03\/deondra-dixon-525.jpg?resize=350%2C200&ssl=1 1x, https:\/\/i0.wp.com\/www.globaldownsyndrome.org\/wp-content\/uploads\/2024\/03\/deondra-dixon-525.jpg?resize=525%2C300&ssl=1 1.5x"},"classes":[]},{"id":150908,"url":"https:\/\/www.globaldownsyndrome.org\/fr\/the-down-syndrome-association-of-central-texas\/","url_meta":{"origin":150283,"position":1},"title":"The Down Syndrome Association of Central Texas","author":"Global Down Syndrome Foundation","date":"avril 4, 2023","format":false,"excerpt":"Creating a more inclusive world by supporting families, educators and medical professionals. From Down Syndrome World Issue 1, 2023 The Down Syndrome Association of Central Texas (DSACT) originated as a small support group for parents of children with Down syndrome. It all started in 1991 with the Eudy family\u2014Kim, Ron\u2026","rel":"","context":"Similar post","block_context":{"text":"Similar post","link":""},"img":{"alt_text":"","src":"https:\/\/i0.wp.com\/www.globaldownsyndrome.org\/wp-content\/uploads\/2023\/04\/Member-Org-Header-Image.png?resize=350%2C200&ssl=1","width":350,"height":200,"srcset":"https:\/\/i0.wp.com\/www.globaldownsyndrome.org\/wp-content\/uploads\/2023\/04\/Member-Org-Header-Image.png?resize=350%2C200&ssl=1 1x, https:\/\/i0.wp.com\/www.globaldownsyndrome.org\/wp-content\/uploads\/2023\/04\/Member-Org-Header-Image.png?resize=525%2C300&ssl=1 1.5x, https:\/\/i0.wp.com\/www.globaldownsyndrome.org\/wp-content\/uploads\/2023\/04\/Member-Org-Header-Image.png?resize=700%2C400&ssl=1 2x, https:\/\/i0.wp.com\/www.globaldownsyndrome.org\/wp-content\/uploads\/2023\/04\/Member-Org-Header-Image.png?resize=1050%2C600&ssl=1 3x, https:\/\/i0.wp.com\/www.globaldownsyndrome.org\/wp-content\/uploads\/2023\/04\/Member-Org-Header-Image.png?resize=1400%2C800&ssl=1 4x"},"classes":[]},{"id":151153,"url":"https:\/\/www.globaldownsyndrome.org\/fr\/employment-awards-recipients\/","url_meta":{"origin":150283,"position":2},"title":"Global Down Syndrome Foundation Provides $16,000 in Employment Awards to Down Syndrome Organizations Across the United States","author":"Global Down Syndrome Foundation","date":"avril 20, 2023","format":false,"excerpt":"\u00a0 In April, the Global Down Syndrome Foundation (GLOBAL) awarded $16,000 in Employment Awards to Down syndrome organizations across the United States. The GLOBAL Employment Awards are a distinguished benefit for GLOBAL organization members. The awards create collaboration with local organizations and fund programs that have a direct and positive\u2026","rel":"","context":"Similar post","block_context":{"text":"Similar post","link":""},"img":{"alt_text":"","src":"https:\/\/i0.wp.com\/www.globaldownsyndrome.org\/wp-content\/uploads\/2023\/04\/300x300.jpg?resize=350%2C200&ssl=1","width":350,"height":200},"classes":[]},{"id":156826,"url":"https:\/\/www.globaldownsyndrome.org\/fr\/world-down-syndrome-day-month-old\/2024-world-down-syndrome-day-dance-party-videos\/","url_meta":{"origin":150283,"position":3},"title":"2024 World Down Syndrome Day Dance Party Video Clips","author":"Wes Butler","date":"juillet 4, 2024","format":false,"excerpt":"\ufeff Back to Celebrate World Down Syndrome Month with GLOBAL!","rel":"","context":"Similar post","block_context":{"text":"Similar post","link":""},"img":{"alt_text":"","src":"","width":0,"height":0},"classes":[]},{"id":155959,"url":"https:\/\/www.globaldownsyndrome.org\/fr\/world-down-syndrome-day-month\/","url_meta":{"origin":150283,"position":4},"title":"GLOBAL WISHES YOU A HAPPY WORLD DOWN SYNDROME DAY &#038; MONTH!","author":"Global Down Syndrome Foundation","date":"janvier 24, 2025","format":false,"excerpt":"","rel":"","context":"Similar post","block_context":{"text":"Similar post","link":""},"img":{"alt_text":"","src":"https:\/\/i0.wp.com\/www.globaldownsyndrome.org\/wp-content\/uploads\/2026\/03\/WDSD-2026-1-1.png?resize=350%2C200&ssl=1","width":350,"height":200,"srcset":"https:\/\/i0.wp.com\/www.globaldownsyndrome.org\/wp-content\/uploads\/2026\/03\/WDSD-2026-1-1.png?resize=350%2C200&ssl=1 1x, https:\/\/i0.wp.com\/www.globaldownsyndrome.org\/wp-content\/uploads\/2026\/03\/WDSD-2026-1-1.png?resize=525%2C300&ssl=1 1.5x"},"classes":[]},{"id":153413,"url":"https:\/\/www.globaldownsyndrome.org\/fr\/global-webinar-series-october-2023\/","url_meta":{"origin":150283,"position":5},"title":"GLOBAL Webinars October 2023","author":"Wes Butler","date":"octobre 17, 2023","format":false,"excerpt":"","rel":"","context":"Similar post","block_context":{"text":"Similar post","link":""},"img":{"alt_text":"","src":"https:\/\/i0.wp.com\/www.globaldownsyndrome.org\/wp-content\/uploads\/2023\/10\/Joaquin-Espinosa-Headshot-300x300-1.jpg?resize=350%2C200&ssl=1","width":350,"height":200},"classes":[]}],"jetpack_sharing_enabled":true,"_links":{"self":[{"href":"https:\/\/www.globaldownsyndrome.org\/fr\/wp-json\/wp\/v2\/pages\/150283","targetHints":{"allow":["GET"]}}],"collection":[{"href":"https:\/\/www.globaldownsyndrome.org\/fr\/wp-json\/wp\/v2\/pages"}],"about":[{"href":"https:\/\/www.globaldownsyndrome.org\/fr\/wp-json\/wp\/v2\/types\/page"}],"author":[{"embeddable":true,"href":"https:\/\/www.globaldownsyndrome.org\/fr\/wp-json\/wp\/v2\/users\/3"}],"replies":[{"embeddable":true,"href":"https:\/\/www.globaldownsyndrome.org\/fr\/wp-json\/wp\/v2\/comments?post=150283"}],"version-history":[{"count":0,"href":"https:\/\/www.globaldownsyndrome.org\/fr\/wp-json\/wp\/v2\/pages\/150283\/revisions"}],"wp:attachment":[{"href":"https:\/\/www.globaldownsyndrome.org\/fr\/wp-json\/wp\/v2\/media?parent=150283"}],"curies":[{"name":"wp","href":"https:\/\/api.w.org\/{rel}","templated":true}]}}