{"id":18,"date":"2011-06-01T10:34:23","date_gmt":"2011-06-01T10:34:23","guid":{"rendered":"http:\/\/globaldownsyndrome.org.mytempweb.com\/?page_id=18"},"modified":"2017-08-31T10:50:12","modified_gmt":"2017-08-31T16:50:12","slug":"sur-le-syndrome-de-down","status":"publish","type":"page","link":"https:\/\/www.globaldownsyndrome.org\/fr\/about-down-syndrome\/","title":{"rendered":"\u00c0 propos du syndrome de Down"},"content":{"rendered":"<div id=\"attachment_2130\" style=\"width: 119px\" class=\"wp-caption alignright\"><img loading=\"lazy\" decoding=\"async\" aria-describedby=\"caption-attachment-2130\" class=\"size-full wp-image-2130\" title=\"john_langdon_down\" src=\"\/wp-content\/uploads\/2011\/06\/john_langdon_down.gif\" alt=\"John Langdon Down\" width=\"109\" height=\"144\"><p id=\"caption-attachment-2130\" class=\"wp-caption-text\">John Langdon Down<\/p><\/div>\n<h2>Timeline &#8211; A History of Down Syndrome<\/h2>\n<p>In 1866, English physician John Langdon Down linked physical characteristics of people with Down syndrome to decreased intellectual ability. Today, we know that Down syndrome is set of mental and physical symptoms that result from having an extra copy of Chromosome 21.<\/p>\n<p><em><a href=\"?page_id=1436\">View a timeline that shows the history of Down syndrome<\/a>.<\/em><\/p>\n<hr>\n<h2>L'histoire de deux syndromes<\/h2>\n<p><em>A commentary by Michelle Sie Whitten,&nbsp;<\/em><em>Executive Director, Global Down Syndrome Foundation<\/em><\/p>\n<p>Before the 1980s, the overwhelming majority of people with Down syndrome in the United States were placed in institutions, often times as infants or young children.&nbsp;Today, the average lifespan of someone with Down syndrome is 60 years old.&nbsp;By and large, people with Down syndrome now live at home and participate in our communities.<\/p>\n<p><em><a href=\"?page_id=32\">Read the Story of Two Syndromes<\/a>.<\/em><\/p>\n<hr>\n<h2>Misconceptions vs. Reality<\/h2>\n<p>There are many misconceptions about people with Down syndrome. The Global Down Syndrome Foundation is dedicated to correcting misconceptions and over time providing funding for research that will better address medical and cognitive issues associated with the condition.<\/p>\n<p><em><a href=\"?page_id=34\">Get the facts about Down syndrome<\/a>.<\/em><\/p>\n<hr>\n<h2><a href=\"\/wp-content\/uploads\/2011\/06\/PregnantMommy.jpg\"><img loading=\"lazy\" decoding=\"async\" class=\"alignright wp-image-5764\" title=\"PregnantMommy\" src=\"\/wp-content\/uploads\/2011\/06\/PregnantMommy-172x219.jpg\" alt=\"\" width=\"134\" height=\"170\" srcset=\"https:\/\/www.globaldownsyndrome.org\/wp-content\/uploads\/2011\/06\/PregnantMommy-172x219.jpg 172w, https:\/\/www.globaldownsyndrome.org\/wp-content\/uploads\/2011\/06\/PregnantMommy-278x354.jpg 278w, https:\/\/www.globaldownsyndrome.org\/wp-content\/uploads\/2011\/06\/PregnantMommy-175x223.jpg 175w, https:\/\/www.globaldownsyndrome.org\/wp-content\/uploads\/2011\/06\/PregnantMommy.jpg 654w\" sizes=\"auto, (max-width: 134px) 100vw, 134px\" \/><\/a>Brochure sur les tests pr\u00e9nataux<\/h2>\n<p>National Down Syndrome Congress&nbsp;and Global have&nbsp;teamed up to publish the second edition of the groundbreaking Prenatal Testing Pamphlet for Down syndrome, available in English and Spanish. The second edition, created from&nbsp;the first national survey of pregnant women and medical professionals, is easily accessible electronically, or in print at no cost.<\/p>\n<p><a href=\"http:\/\/www.globaldownsyndrome.org\/prenatal-testing-pamphlet\/\"><em>Read more about our FREE Prenatal Testing Pamphlet<\/em><\/a><\/p>\n<hr>\n<div id=\"attachment_2133\" style=\"width: 210px\" class=\"wp-caption alignright\"><img loading=\"lazy\" decoding=\"async\" aria-describedby=\"caption-attachment-2133\" class=\"size-full wp-image-2133\" title=\"map_small\" src=\"\/wp-content\/uploads\/2011\/06\/map_small.jpg\" alt=\"US Map\" width=\"200\" height=\"149\"><p id=\"caption-attachment-2133\" class=\"wp-caption-text\">Find local and national Down syndrome organizations<\/p><\/div>\n<h2>Ressources<\/h2>\n<p>Find an organization near you that supports people in your community. Also learn more about nationally-oriented Down syndrome organizations.<\/p>\n<p><em><a href=\"\/fr\/sur-le-syndrome-de-down\/ressources\/\">View local and national organizations now<\/a>.<\/em><\/p>","protected":false},"excerpt":{"rendered":"<p>Timeline &#8211; A History of Down Syndrome In 1866, English physician John Langdon Down linked physical characteristics of people with Down syndrome to decreased intellectual ability. Today, we know that Down syndrome is set of mental and physical symptoms that result from having an extra copy of Chromosome 21. View a timeline that shows the [&hellip;]<\/p>\n","protected":false},"author":3,"featured_media":0,"parent":0,"menu_order":21,"comment_status":"open","ping_status":"open","template":"","meta":{"_acf_changed":false,"ngg_post_thumbnail":0,"footnotes":""},"class_list":["post-18","page","type-page","status-publish","hentry"],"acf":[],"yoast_head":"<!-- This site is optimized with the Yoast SEO plugin v27.4 - https:\/\/yoast.com\/product\/yoast-seo-wordpress\/ -->\n<title>About Down Syndrome | Global Down Syndrome Foundation<\/title>\n<meta name=\"description\" content=\"Down syndrome is a genetic condition affecting 400,000 people in the U.S. and 6 million people worldwide, caused by having three copies of chromosome 21.\" \/>\n<meta name=\"robots\" content=\"index, follow, max-snippet:-1, max-image-preview:large, max-video-preview:-1\" \/>\n<link rel=\"canonical\" href=\"https:\/\/www.globaldownsyndrome.org\/fr\/sur-le-syndrome-de-down\/\" \/>\n<meta property=\"og:locale\" content=\"fr_FR\" \/>\n<meta property=\"og:type\" content=\"article\" \/>\n<meta property=\"og:title\" content=\"About Down Syndrome | Global Down Syndrome Foundation\" \/>\n<meta property=\"og:description\" content=\"Down syndrome is a genetic condition affecting 400,000 people in the U.S. and 6 million people worldwide, caused by having three copies of chromosome 21.\" \/>\n<meta property=\"og:url\" content=\"https:\/\/www.globaldownsyndrome.org\/fr\/sur-le-syndrome-de-down\/\" \/>\n<meta property=\"og:site_name\" content=\"Global Down Syndrome Foundation\" \/>\n<meta property=\"article:modified_time\" content=\"2017-08-31T16:50:12+00:00\" \/>\n<meta property=\"og:image\" content=\"https:\/\/www.globaldownsyndrome.org\/wp-content\/uploads\/2011\/06\/john_langdon_down.gif\" \/>\n<meta name=\"twitter:card\" content=\"summary_large_image\" \/>\n<meta name=\"twitter:label1\" content=\"Est. reading time\" \/>\n\t<meta name=\"twitter:data1\" content=\"2 minutes\" \/>\n<script type=\"application\/ld+json\" class=\"yoast-schema-graph\">{\"@context\":\"https:\\\/\\\/schema.org\",\"@graph\":[{\"@type\":\"WebPage\",\"@id\":\"https:\\\/\\\/www.globaldownsyndrome.org\\\/about-down-syndrome\\\/\",\"url\":\"https:\\\/\\\/www.globaldownsyndrome.org\\\/about-down-syndrome\\\/\",\"name\":\"About Down Syndrome | Global Down Syndrome Foundation\",\"isPartOf\":{\"@id\":\"https:\\\/\\\/www.globaldownsyndrome.org\\\/#website\"},\"datePublished\":\"2011-06-01T10:34:23+00:00\",\"dateModified\":\"2017-08-31T16:50:12+00:00\",\"description\":\"Down syndrome is a genetic condition affecting 400,000 people in the U.S. and 6 million people worldwide, caused by having three copies of chromosome 21.\",\"breadcrumb\":{\"@id\":\"https:\\\/\\\/www.globaldownsyndrome.org\\\/about-down-syndrome\\\/#breadcrumb\"},\"inLanguage\":\"fr-FR\",\"potentialAction\":[{\"@type\":\"ReadAction\",\"target\":[\"https:\\\/\\\/www.globaldownsyndrome.org\\\/about-down-syndrome\\\/\"]}]},{\"@type\":\"BreadcrumbList\",\"@id\":\"https:\\\/\\\/www.globaldownsyndrome.org\\\/about-down-syndrome\\\/#breadcrumb\",\"itemListElement\":[{\"@type\":\"ListItem\",\"position\":1,\"name\":\"Home\",\"item\":\"https:\\\/\\\/www.globaldownsyndrome.org\\\/\"},{\"@type\":\"ListItem\",\"position\":2,\"name\":\"About Down Syndrome\"}]},{\"@type\":\"WebSite\",\"@id\":\"https:\\\/\\\/www.globaldownsyndrome.org\\\/#website\",\"url\":\"https:\\\/\\\/www.globaldownsyndrome.org\\\/\",\"name\":\"Global Down Syndrome Foundation\",\"description\":\"Dedicated to significantly improving the lives of people with Down Syndrome through RESEARCH, MEDICAL CARE, EDUCATION AND ADVOCACY\",\"publisher\":{\"@id\":\"https:\\\/\\\/www.globaldownsyndrome.org\\\/#organization\"},\"potentialAction\":[{\"@type\":\"SearchAction\",\"target\":{\"@type\":\"EntryPoint\",\"urlTemplate\":\"https:\\\/\\\/www.globaldownsyndrome.org\\\/?s={search_term_string}\"},\"query-input\":{\"@type\":\"PropertyValueSpecification\",\"valueRequired\":true,\"valueName\":\"search_term_string\"}}],\"inLanguage\":\"fr-FR\"},{\"@type\":\"Organization\",\"@id\":\"https:\\\/\\\/www.globaldownsyndrome.org\\\/#organization\",\"name\":\"Global Down Syndrome Foundation\",\"url\":\"https:\\\/\\\/www.globaldownsyndrome.org\\\/\",\"logo\":{\"@type\":\"ImageObject\",\"inLanguage\":\"fr-FR\",\"@id\":\"https:\\\/\\\/www.globaldownsyndrome.org\\\/#\\\/schema\\\/logo\\\/image\\\/\",\"url\":\"https:\\\/\\\/www.globaldownsyndrome.org\\\/wp-content\\\/uploads\\\/2022\\\/11\\\/logo.jpg\",\"contentUrl\":\"https:\\\/\\\/www.globaldownsyndrome.org\\\/wp-content\\\/uploads\\\/2022\\\/11\\\/logo.jpg\",\"width\":2351,\"height\":896,\"caption\":\"Global Down Syndrome Foundation\"},\"image\":{\"@id\":\"https:\\\/\\\/www.globaldownsyndrome.org\\\/#\\\/schema\\\/logo\\\/image\\\/\"}}]}<\/script>\n<!-- \/ Yoast SEO plugin. -->","yoast_head_json":{"title":"About Down Syndrome | Global Down Syndrome Foundation","description":"Down syndrome is a genetic condition affecting 400,000 people in the U.S. and 6 million people worldwide, caused by having three copies of chromosome 21.","robots":{"index":"index","follow":"follow","max-snippet":"max-snippet:-1","max-image-preview":"max-image-preview:large","max-video-preview":"max-video-preview:-1"},"canonical":"https:\/\/www.globaldownsyndrome.org\/fr\/sur-le-syndrome-de-down\/","og_locale":"fr_FR","og_type":"article","og_title":"About Down Syndrome | Global Down Syndrome Foundation","og_description":"Down syndrome is a genetic condition affecting 400,000 people in the U.S. and 6 million people worldwide, caused by having three copies of chromosome 21.","og_url":"https:\/\/www.globaldownsyndrome.org\/fr\/sur-le-syndrome-de-down\/","og_site_name":"Global Down Syndrome Foundation","article_modified_time":"2017-08-31T16:50:12+00:00","og_image":[{"url":"https:\/\/www.globaldownsyndrome.org\/wp-content\/uploads\/2011\/06\/john_langdon_down.gif","type":"","width":"","height":""}],"twitter_card":"summary_large_image","twitter_misc":{"Est. reading time":"2 minutes"},"schema":{"@context":"https:\/\/schema.org","@graph":[{"@type":"WebPage","@id":"https:\/\/www.globaldownsyndrome.org\/about-down-syndrome\/","url":"https:\/\/www.globaldownsyndrome.org\/about-down-syndrome\/","name":"About Down Syndrome | Global Down Syndrome Foundation","isPartOf":{"@id":"https:\/\/www.globaldownsyndrome.org\/#website"},"datePublished":"2011-06-01T10:34:23+00:00","dateModified":"2017-08-31T16:50:12+00:00","description":"Down syndrome is a genetic condition affecting 400,000 people in the U.S. and 6 million people worldwide, caused by having three copies of chromosome 21.","breadcrumb":{"@id":"https:\/\/www.globaldownsyndrome.org\/about-down-syndrome\/#breadcrumb"},"inLanguage":"fr-FR","potentialAction":[{"@type":"ReadAction","target":["https:\/\/www.globaldownsyndrome.org\/about-down-syndrome\/"]}]},{"@type":"BreadcrumbList","@id":"https:\/\/www.globaldownsyndrome.org\/about-down-syndrome\/#breadcrumb","itemListElement":[{"@type":"ListItem","position":1,"name":"Home","item":"https:\/\/www.globaldownsyndrome.org\/"},{"@type":"ListItem","position":2,"name":"About Down Syndrome"}]},{"@type":"WebSite","@id":"https:\/\/www.globaldownsyndrome.org\/#website","url":"https:\/\/www.globaldownsyndrome.org\/","name":"Fondation mondiale du syndrome de Down","description":"Vou\u00e9e \u00e0 l'am\u00e9lioration significative de la vie des personnes atteintes du syndrome de Down par le biais de la recherche, des soins m\u00e9dicaux, de l'\u00e9ducation et de la d\u00e9fense des int\u00e9r\u00eats.","publisher":{"@id":"https:\/\/www.globaldownsyndrome.org\/#organization"},"potentialAction":[{"@type":"SearchAction","target":{"@type":"EntryPoint","urlTemplate":"https:\/\/www.globaldownsyndrome.org\/?s={search_term_string}"},"query-input":{"@type":"PropertyValueSpecification","valueRequired":true,"valueName":"search_term_string"}}],"inLanguage":"fr-FR"},{"@type":"Organization","@id":"https:\/\/www.globaldownsyndrome.org\/#organization","name":"Fondation mondiale du syndrome de Down","url":"https:\/\/www.globaldownsyndrome.org\/","logo":{"@type":"ImageObject","inLanguage":"fr-FR","@id":"https:\/\/www.globaldownsyndrome.org\/#\/schema\/logo\/image\/","url":"https:\/\/www.globaldownsyndrome.org\/wp-content\/uploads\/2022\/11\/logo.jpg","contentUrl":"https:\/\/www.globaldownsyndrome.org\/wp-content\/uploads\/2022\/11\/logo.jpg","width":2351,"height":896,"caption":"Global Down Syndrome Foundation"},"image":{"@id":"https:\/\/www.globaldownsyndrome.org\/#\/schema\/logo\/image\/"}}]}},"jetpack_shortlink":"https:\/\/wp.me\/P70gmm-i","jetpack-related-posts":[{"id":161659,"url":"https:\/\/www.globaldownsyndrome.org\/fr\/global-advocacy-elongating-life-improving-health\/","url_meta":{"origin":18,"position":0},"title":"GLOBAL Advocacy \u2013 Elongating Life &#038; Improving Health\u200b","author":"Wes Butler","date":"ao\u00fbt 14, 2025","format":false,"excerpt":"","rel":"","context":"Similar post","block_context":{"text":"Similar post","link":""},"img":{"alt_text":"DeOndra Dixon advocacy","src":"https:\/\/i0.wp.com\/www.globaldownsyndrome.org\/wp-content\/uploads\/2024\/03\/deondra-dixon-525.jpg?resize=350%2C200&ssl=1","width":350,"height":200,"srcset":"https:\/\/i0.wp.com\/www.globaldownsyndrome.org\/wp-content\/uploads\/2024\/03\/deondra-dixon-525.jpg?resize=350%2C200&ssl=1 1x, https:\/\/i0.wp.com\/www.globaldownsyndrome.org\/wp-content\/uploads\/2024\/03\/deondra-dixon-525.jpg?resize=525%2C300&ssl=1 1.5x"},"classes":[]},{"id":159078,"url":"https:\/\/www.globaldownsyndrome.org\/fr\/missy-haughery\/","url_meta":{"origin":18,"position":1},"title":"Missy Haughery","author":"Kayla Albrechtson","date":"janvier 10, 2025","format":false,"excerpt":"Executive Director, Down Syndrome Alabama Melissa \"Missy'' Haughery was named executive director of Down Syndrome Alabama (DSA) in March of 2023, after a twenty-six-year career in education as a 12th grade English teacher.\u00a0 Down Syndrome Alabama is a state-wide organization dedicated to supporting individuals with Down syndrome, their families, and\u2026","rel":"","context":"Similar post","block_context":{"text":"Similar post","link":""},"img":{"alt_text":"Missy Haughery","src":"https:\/\/i0.wp.com\/www.globaldownsyndrome.org\/wp-content\/uploads\/2025\/01\/mab-large.jpg?resize=350%2C200&ssl=1","width":350,"height":200},"classes":[]},{"id":152797,"url":"https:\/\/www.globaldownsyndrome.org\/fr\/research-medical-care\/medical-care-providers\/alabama\/","url_meta":{"origin":18,"position":2},"title":"Alabama Down Syndrome Medical Care Centers","author":"Wes Butler","date":"ao\u00fbt 29, 2023","format":false,"excerpt":"Lifespan Down Syndrome Program at UAB Medicine, Pediatrics - Birmingham Lifespan Down Syndrome Program at UAB Medicine, STEP Clinic - Birmingham Lifespan Down Syndrome Program at UAB Medicine, Pediatrics, South Birmingham, AL Affiliation: University of Alabama at Birmingham Summary: Pediatric Down Syndrome Clinic Our clinic strives to be a pivotal\u2026","rel":"","context":"Similar post","block_context":{"text":"Similar post","link":""},"img":{"alt_text":"","src":"","width":0,"height":0},"classes":[]},{"id":160735,"url":"https:\/\/www.globaldownsyndrome.org\/fr\/research-medical-care\/medical-care-providers\/district-of-columbia\/","url_meta":{"origin":18,"position":3},"title":"DC Down Syndrome Medical Care Centers","author":"Wes Butler","date":"mai 15, 2025","format":false,"excerpt":"Down Syndrome Clinic at Children's National Hospital - Washington DC Pediatric Down Syndrome Clinic at MedStar Georgetown Pediatrics at Tenleytown - Washington DC Down Syndrome Clinic at Children's National Hospital Affiliation: Children's National Summary: Children's National Hospital has the only dedicated Down syndrome clinic in the Washington, D.C., metropolitan area.\u2026","rel":"","context":"Similar post","block_context":{"text":"Similar post","link":""},"img":{"alt_text":"","src":"","width":0,"height":0},"classes":[]},{"id":153413,"url":"https:\/\/www.globaldownsyndrome.org\/fr\/global-webinar-series-october-2023\/","url_meta":{"origin":18,"position":4},"title":"GLOBAL Webinars October 2023","author":"Wes Butler","date":"octobre 17, 2023","format":false,"excerpt":"","rel":"","context":"Similar post","block_context":{"text":"Similar post","link":""},"img":{"alt_text":"","src":"https:\/\/i0.wp.com\/www.globaldownsyndrome.org\/wp-content\/uploads\/2023\/10\/Joaquin-Espinosa-Headshot-300x300-1.jpg?resize=350%2C200&ssl=1","width":350,"height":200},"classes":[]},{"id":157902,"url":"https:\/\/www.globaldownsyndrome.org\/fr\/global-webinars-october-2024\/","url_meta":{"origin":18,"position":5},"title":"GLOBAL Webinars October 2024","author":"Wes Butler","date":"octobre 28, 2024","format":false,"excerpt":"","rel":"","context":"Similar post","block_context":{"text":"Similar post","link":""},"img":{"alt_text":"Dr. Espinosa Headshot","src":"https:\/\/i0.wp.com\/www.globaldownsyndrome.org\/wp-content\/uploads\/2023\/05\/Dr-Espinosa-Headshot-283x354.jpg?resize=350%2C200&ssl=1","width":350,"height":200},"classes":[]}],"jetpack_sharing_enabled":true,"_links":{"self":[{"href":"https:\/\/www.globaldownsyndrome.org\/fr\/wp-json\/wp\/v2\/pages\/18","targetHints":{"allow":["GET"]}}],"collection":[{"href":"https:\/\/www.globaldownsyndrome.org\/fr\/wp-json\/wp\/v2\/pages"}],"about":[{"href":"https:\/\/www.globaldownsyndrome.org\/fr\/wp-json\/wp\/v2\/types\/page"}],"author":[{"embeddable":true,"href":"https:\/\/www.globaldownsyndrome.org\/fr\/wp-json\/wp\/v2\/users\/3"}],"replies":[{"embeddable":true,"href":"https:\/\/www.globaldownsyndrome.org\/fr\/wp-json\/wp\/v2\/comments?post=18"}],"version-history":[{"count":0,"href":"https:\/\/www.globaldownsyndrome.org\/fr\/wp-json\/wp\/v2\/pages\/18\/revisions"}],"wp:attachment":[{"href":"https:\/\/www.globaldownsyndrome.org\/fr\/wp-json\/wp\/v2\/media?parent=18"}],"curies":[{"name":"wp","href":"https:\/\/api.w.org\/{rel}","templated":true}]}}