{"id":977,"date":"2011-08-16T21:57:38","date_gmt":"2011-08-16T21:57:38","guid":{"rendered":"http:\/\/globaldownsyndrome.org.mytempweb.com\/?page_id=977"},"modified":"2012-07-20T20:57:15","modified_gmt":"2012-07-20T20:57:15","slug":"about-the-linda-crnic-institute-for-down-syndrome","status":"publish","type":"page","link":"https:\/\/www.globaldownsyndrome.org\/fr\/our-story\/linda-crnic-institute\/about-the-linda-crnic-institute-for-down-syndrome\/","title":{"rendered":"\u00c0 propos de l'Institut Linda Crnic pour le syndrome de Down"},"content":{"rendered":"<p>The Global Down Syndrome Foundation provides fundraising, education, awareness and government advocacy for the <a href=\"http:\/\/www.crnicinstitute.org\/\">Institut Linda Crnic pour le syndrome de Down<\/a>.<\/p>\n<div class=\"mceTemp\">\n<dl id=\"attachment_2349\" class=\"wp-caption alignright\" style=\"width: 335px;\">\n<dt class=\"wp-caption-dt\"><img loading=\"lazy\" decoding=\"async\" class=\"size-full wp-image-2349\" title=\"jasong\" src=\"\/wp-content\/uploads\/2011\/08\/jasong.jpg\" alt=\"\" width=\"325\" height=\"216\" \/><\/dt>\n<dd class=\"wp-caption-dd\">The mission of the Crnic Institute is to significantly improve the lives of people with Down syndrome by eradicating the medical and cognitive ill effects associated with the condition.<\/dd>\n<\/dl>\n<p>Established in 2008, the Linda Crnic Institute for Down Syndrome is the first academic home for Down syndrome research in the United States. The <span style=\"text-decoration: underline;\"><a href=\"?page_id=978\">mission<\/a><\/span> of the Crnic Institute is to significantly improve the lives of people with Down syndrome by eradicating the medical and cognitive ill effects associated with the condition.<\/p>\n<\/div>\n<p>The Crnic Institute is a partnership between the founding donor, the Anna and John J. Sie Foundation, the <a href=\"http:\/\/www.ucdenver.edu\/academics\/colleges\/medicalschool\/Pages\/somWelcome.aspx\" target=\"_blank\">University of Colorado School of Medicine<\/a>, le <a href=\"http:\/\/www.colorado.edu\/\" target=\"_blank\">Universit\u00e9 du Colorado Boulder<\/a>et <a href=\"http:\/\/www.thechildrenshospital.org\/\">H\u00f4pital pour enfants du Colorado<\/a>. Headquartered at the University of Colorado School of Medicine on the Anschutz Medical Campus, the Crnic Institute includes the Anna and John J. Sie Center for Down Syndrome at the Children\u2019s Hospital Colorado and is focused on life-changing research and medical care for individuals with Down syndrome.<\/p>\n<p>The Crnic Institute currently supports research that addresses the diseases and conditions that a large number of people with Down syndrome tend to have \u2013 such as sleep apnea, Alzheimer\u2019s disease, congenital heart disease and autism. Research on the best practices for medical care, behavior, motor skills, and other therapies is a key emphasis for the Crnic Institute as well as important basic research addressing cognition.<\/p>\n<p>The Crnic Institute has the vision and leadership to correct the alarming disparity of funding for research for people with Down syndrome. With the Global Down Syndrome Foundation, the Crnic Institute works to end discriminatory practices in the medical community.<\/p>\n<p>The Linda Crnic Institute for Down Syndrome was inspired by the birth of <a title=\"Grandparents Making a Difference\" href=\"\/fr\/?page_id=1038\">Anna and John J. Sie\u2019s<\/a> \u00a0grandchild and by the <a href=\"?page_id=2966\">Sie Family Research Summit on Down syndrome<\/a>. The Crnic Institute is named in memory of <a href=\"http:\/\/www.ucdenver.edu\/academics\/colleges\/medicalschool\/institutes\/lindacrnic\/About\/Pages\/LindaCrnicObituary.aspx\" target=\"_blank\">Dr. Linda Crnic<\/a>, a University of Colorado professor of pediatrics and psychiatry, who was dedicated to helping people with Down syndrome through research. The Crnic Institute is a research and medical-based organization without political or religious affiliation or intention.<\/p>","protected":false},"excerpt":{"rendered":"<p>The Global Down Syndrome Foundation provides fundraising, education, awareness and government advocacy for the Linda Crnic Institute for Down Syndrome. The mission of the Crnic Institute is to significantly improve the lives of people with Down syndrome by eradicating the medical and cognitive ill effects associated with the condition. Established in 2008, the Linda Crnic [&hellip;]<\/p>\n","protected":false},"author":3,"featured_media":0,"parent":573,"menu_order":0,"comment_status":"open","ping_status":"open","template":"","meta":{"_acf_changed":false,"ngg_post_thumbnail":0,"footnotes":""},"class_list":["post-977","page","type-page","status-publish","hentry"],"acf":[],"yoast_head":"<!-- This site is optimized with the Yoast SEO plugin v27.3 - https:\/\/yoast.com\/product\/yoast-seo-wordpress\/ -->\n<title>About the Linda Crnic Institute for Down Syndrome | Global Down Syndrome Foundation<\/title>\n<meta name=\"robots\" content=\"index, follow, max-snippet:-1, max-image-preview:large, max-video-preview:-1\" \/>\n<link rel=\"canonical\" href=\"https:\/\/www.globaldownsyndrome.org\/fr\/notre-histoire\/linda-crnic-institute\/about-the-linda-crnic-institute-for-down-syndrome\/\" \/>\n<meta property=\"og:locale\" content=\"fr_FR\" \/>\n<meta property=\"og:type\" content=\"article\" \/>\n<meta property=\"og:title\" content=\"About the Linda Crnic Institute for Down Syndrome | Global Down Syndrome Foundation\" \/>\n<meta property=\"og:description\" content=\"The Global Down Syndrome Foundation provides fundraising, education, awareness and government advocacy for the Linda Crnic Institute for Down Syndrome. The mission of the Crnic Institute is to significantly improve the lives of people with Down syndrome by eradicating the medical and cognitive ill effects associated with the condition. Established in 2008, the Linda Crnic [&hellip;]\" \/>\n<meta property=\"og:url\" content=\"https:\/\/www.globaldownsyndrome.org\/fr\/notre-histoire\/linda-crnic-institute\/about-the-linda-crnic-institute-for-down-syndrome\/\" \/>\n<meta property=\"og:site_name\" content=\"Global Down Syndrome Foundation\" \/>\n<meta property=\"article:modified_time\" content=\"2012-07-20T20:57:15+00:00\" \/>\n<meta property=\"og:image\" content=\"https:\/\/www.globaldownsyndrome.org\/wp-content\/uploads\/2011\/08\/jasong.jpg\" \/>\n<meta name=\"twitter:card\" content=\"summary_large_image\" \/>\n<meta name=\"twitter:label1\" content=\"Est. reading time\" \/>\n\t<meta name=\"twitter:data1\" content=\"2 minutes\" \/>\n<script type=\"application\/ld+json\" class=\"yoast-schema-graph\">{\"@context\":\"https:\\\/\\\/schema.org\",\"@graph\":[{\"@type\":\"WebPage\",\"@id\":\"https:\\\/\\\/www.globaldownsyndrome.org\\\/our-story\\\/linda-crnic-institute\\\/about-the-linda-crnic-institute-for-down-syndrome\\\/\",\"url\":\"https:\\\/\\\/www.globaldownsyndrome.org\\\/our-story\\\/linda-crnic-institute\\\/about-the-linda-crnic-institute-for-down-syndrome\\\/\",\"name\":\"About the Linda Crnic Institute for Down Syndrome | Global Down Syndrome Foundation\",\"isPartOf\":{\"@id\":\"https:\\\/\\\/www.globaldownsyndrome.org\\\/#website\"},\"datePublished\":\"2011-08-16T21:57:38+00:00\",\"dateModified\":\"2012-07-20T20:57:15+00:00\",\"breadcrumb\":{\"@id\":\"https:\\\/\\\/www.globaldownsyndrome.org\\\/our-story\\\/linda-crnic-institute\\\/about-the-linda-crnic-institute-for-down-syndrome\\\/#breadcrumb\"},\"inLanguage\":\"fr-FR\",\"potentialAction\":[{\"@type\":\"ReadAction\",\"target\":[\"https:\\\/\\\/www.globaldownsyndrome.org\\\/our-story\\\/linda-crnic-institute\\\/about-the-linda-crnic-institute-for-down-syndrome\\\/\"]}]},{\"@type\":\"BreadcrumbList\",\"@id\":\"https:\\\/\\\/www.globaldownsyndrome.org\\\/our-story\\\/linda-crnic-institute\\\/about-the-linda-crnic-institute-for-down-syndrome\\\/#breadcrumb\",\"itemListElement\":[{\"@type\":\"ListItem\",\"position\":1,\"name\":\"Home\",\"item\":\"https:\\\/\\\/www.globaldownsyndrome.org\\\/\"},{\"@type\":\"ListItem\",\"position\":2,\"name\":\"Our Story\",\"item\":\"https:\\\/\\\/www.globaldownsyndrome.org\\\/our-story\\\/\"},{\"@type\":\"ListItem\",\"position\":3,\"name\":\"Linda Crnic Institute for Down Syndrome\",\"item\":\"https:\\\/\\\/www.globaldownsyndrome.org\\\/our-story\\\/linda-crnic-institute\\\/\"},{\"@type\":\"ListItem\",\"position\":4,\"name\":\"About the Linda Crnic Institute for Down Syndrome\"}]},{\"@type\":\"WebSite\",\"@id\":\"https:\\\/\\\/www.globaldownsyndrome.org\\\/#website\",\"url\":\"https:\\\/\\\/www.globaldownsyndrome.org\\\/\",\"name\":\"Global Down Syndrome Foundation\",\"description\":\"Dedicated to significantly improving the lives of people with Down Syndrome through RESEARCH, MEDICAL CARE, EDUCATION AND ADVOCACY\",\"publisher\":{\"@id\":\"https:\\\/\\\/www.globaldownsyndrome.org\\\/#organization\"},\"potentialAction\":[{\"@type\":\"SearchAction\",\"target\":{\"@type\":\"EntryPoint\",\"urlTemplate\":\"https:\\\/\\\/www.globaldownsyndrome.org\\\/?s={search_term_string}\"},\"query-input\":{\"@type\":\"PropertyValueSpecification\",\"valueRequired\":true,\"valueName\":\"search_term_string\"}}],\"inLanguage\":\"fr-FR\"},{\"@type\":\"Organization\",\"@id\":\"https:\\\/\\\/www.globaldownsyndrome.org\\\/#organization\",\"name\":\"Global Down Syndrome Foundation\",\"url\":\"https:\\\/\\\/www.globaldownsyndrome.org\\\/\",\"logo\":{\"@type\":\"ImageObject\",\"inLanguage\":\"fr-FR\",\"@id\":\"https:\\\/\\\/www.globaldownsyndrome.org\\\/#\\\/schema\\\/logo\\\/image\\\/\",\"url\":\"https:\\\/\\\/www.globaldownsyndrome.org\\\/wp-content\\\/uploads\\\/2022\\\/11\\\/logo.jpg\",\"contentUrl\":\"https:\\\/\\\/www.globaldownsyndrome.org\\\/wp-content\\\/uploads\\\/2022\\\/11\\\/logo.jpg\",\"width\":2351,\"height\":896,\"caption\":\"Global Down Syndrome Foundation\"},\"image\":{\"@id\":\"https:\\\/\\\/www.globaldownsyndrome.org\\\/#\\\/schema\\\/logo\\\/image\\\/\"}}]}<\/script>\n<!-- \/ Yoast SEO plugin. -->","yoast_head_json":{"title":"About the Linda Crnic Institute for Down Syndrome | Global Down Syndrome Foundation","robots":{"index":"index","follow":"follow","max-snippet":"max-snippet:-1","max-image-preview":"max-image-preview:large","max-video-preview":"max-video-preview:-1"},"canonical":"https:\/\/www.globaldownsyndrome.org\/fr\/notre-histoire\/linda-crnic-institute\/about-the-linda-crnic-institute-for-down-syndrome\/","og_locale":"fr_FR","og_type":"article","og_title":"About the Linda Crnic Institute for Down Syndrome | Global Down Syndrome Foundation","og_description":"The Global Down Syndrome Foundation provides fundraising, education, awareness and government advocacy for the Linda Crnic Institute for Down Syndrome. The mission of the Crnic Institute is to significantly improve the lives of people with Down syndrome by eradicating the medical and cognitive ill effects associated with the condition. Established in 2008, the Linda Crnic [&hellip;]","og_url":"https:\/\/www.globaldownsyndrome.org\/fr\/notre-histoire\/linda-crnic-institute\/about-the-linda-crnic-institute-for-down-syndrome\/","og_site_name":"Global Down Syndrome Foundation","article_modified_time":"2012-07-20T20:57:15+00:00","og_image":[{"url":"https:\/\/www.globaldownsyndrome.org\/wp-content\/uploads\/2011\/08\/jasong.jpg","type":"","width":"","height":""}],"twitter_card":"summary_large_image","twitter_misc":{"Est. reading time":"2 minutes"},"schema":{"@context":"https:\/\/schema.org","@graph":[{"@type":"WebPage","@id":"https:\/\/www.globaldownsyndrome.org\/our-story\/linda-crnic-institute\/about-the-linda-crnic-institute-for-down-syndrome\/","url":"https:\/\/www.globaldownsyndrome.org\/our-story\/linda-crnic-institute\/about-the-linda-crnic-institute-for-down-syndrome\/","name":"About the Linda Crnic Institute for Down Syndrome | Global Down Syndrome Foundation","isPartOf":{"@id":"https:\/\/www.globaldownsyndrome.org\/#website"},"datePublished":"2011-08-16T21:57:38+00:00","dateModified":"2012-07-20T20:57:15+00:00","breadcrumb":{"@id":"https:\/\/www.globaldownsyndrome.org\/our-story\/linda-crnic-institute\/about-the-linda-crnic-institute-for-down-syndrome\/#breadcrumb"},"inLanguage":"fr-FR","potentialAction":[{"@type":"ReadAction","target":["https:\/\/www.globaldownsyndrome.org\/our-story\/linda-crnic-institute\/about-the-linda-crnic-institute-for-down-syndrome\/"]}]},{"@type":"BreadcrumbList","@id":"https:\/\/www.globaldownsyndrome.org\/our-story\/linda-crnic-institute\/about-the-linda-crnic-institute-for-down-syndrome\/#breadcrumb","itemListElement":[{"@type":"ListItem","position":1,"name":"Home","item":"https:\/\/www.globaldownsyndrome.org\/"},{"@type":"ListItem","position":2,"name":"Our Story","item":"https:\/\/www.globaldownsyndrome.org\/our-story\/"},{"@type":"ListItem","position":3,"name":"Linda Crnic Institute for Down Syndrome","item":"https:\/\/www.globaldownsyndrome.org\/our-story\/linda-crnic-institute\/"},{"@type":"ListItem","position":4,"name":"About the Linda Crnic Institute for Down Syndrome"}]},{"@type":"WebSite","@id":"https:\/\/www.globaldownsyndrome.org\/#website","url":"https:\/\/www.globaldownsyndrome.org\/","name":"Fondation mondiale du syndrome de Down","description":"Vou\u00e9e \u00e0 l'am\u00e9lioration significative de la vie des personnes atteintes du syndrome de Down par le biais de la recherche, des soins m\u00e9dicaux, de l'\u00e9ducation et de la d\u00e9fense des int\u00e9r\u00eats.","publisher":{"@id":"https:\/\/www.globaldownsyndrome.org\/#organization"},"potentialAction":[{"@type":"SearchAction","target":{"@type":"EntryPoint","urlTemplate":"https:\/\/www.globaldownsyndrome.org\/?s={search_term_string}"},"query-input":{"@type":"PropertyValueSpecification","valueRequired":true,"valueName":"search_term_string"}}],"inLanguage":"fr-FR"},{"@type":"Organization","@id":"https:\/\/www.globaldownsyndrome.org\/#organization","name":"Fondation mondiale du syndrome de Down","url":"https:\/\/www.globaldownsyndrome.org\/","logo":{"@type":"ImageObject","inLanguage":"fr-FR","@id":"https:\/\/www.globaldownsyndrome.org\/#\/schema\/logo\/image\/","url":"https:\/\/www.globaldownsyndrome.org\/wp-content\/uploads\/2022\/11\/logo.jpg","contentUrl":"https:\/\/www.globaldownsyndrome.org\/wp-content\/uploads\/2022\/11\/logo.jpg","width":2351,"height":896,"caption":"Global Down Syndrome Foundation"},"image":{"@id":"https:\/\/www.globaldownsyndrome.org\/#\/schema\/logo\/image\/"}}]}},"jetpack_shortlink":"https:\/\/wp.me\/P70gmm-fL","jetpack-related-posts":[{"id":573,"url":"https:\/\/www.globaldownsyndrome.org\/fr\/our-story\/linda-crnic-institute\/","url_meta":{"origin":977,"position":0},"title":"Institut Linda Crnic pour le syndrome de Down","author":"Global Down Syndrome Foundation","date":"ao\u00fbt 9, 2011","format":false,"excerpt":"About the Institute Established in 2008, the Linda Crnic Institute for Down Syndrome is the first academic home for Down syndrome research in the United States. The mission of the Crnic Institute is to significantly improve the lives of people with Down syndrome by eradicating the medical and cognitive ill\u2026","rel":"","context":"Similar post","block_context":{"text":"Similar post","link":""},"img":{"alt_text":"","src":"","width":0,"height":0},"classes":[]},{"id":571,"url":"https:\/\/www.globaldownsyndrome.org\/fr\/our-story\/leadership\/","url_meta":{"origin":977,"position":1},"title":"Leadership","author":"Global Down Syndrome Foundation","date":"ao\u00fbt 9, 2011","format":false,"excerpt":"Global Down Syndrome Foundation Board of Directors The Global Down Syndrome Foundation benefits from a diverse, knowledgeable Board of Directors who are committed to the Foundation's goal of improving the lives of people with Down syndrome through programming, clinical and translational research and medical care, and ultimately eradicating the medical\u2026","rel":"","context":"Similar post","block_context":{"text":"Similar post","link":""},"img":{"alt_text":"","src":"\/wp-content\/uploads\/2011\/08\/Sie-John1-150x150.jpg","width":350,"height":200},"classes":[]},{"id":4708,"url":"https:\/\/www.globaldownsyndrome.org\/fr\/press-releases\/2010-press-releases\/benefit-for-global-down-syndrome-foundation-raises-over-1-million\/","url_meta":{"origin":977,"position":2},"title":"Benefit for Global Down Syndrome Foundation raises over $1 million","author":"Global Down Syndrome Foundation","date":"juin 20, 2012","format":false,"excerpt":"Quincy Jones, Jamie Foxx, his sister DeOndra Dixon, and Jeff Probst\u00a0were in Denver to honor Timothy P. Shriver _______________________________________________________________________ DENVER, Colo. (Oct. 4, 2010) \u2013 The Global Down Syndrome Foundation\u2019s 2010 Be Beautiful, Be Yourself Jet Set\u00a0 Fashion Show took place Saturday, October 2, at the Hyatt Regency Denver.\u00a0 The\u2026","rel":"","context":"Similar post","block_context":{"text":"Similar post","link":""},"img":{"alt_text":"","src":"","width":0,"height":0},"classes":[]},{"id":9871,"url":"https:\/\/www.globaldownsyndrome.org\/fr\/press-releases\/2013-press-releases\/linda-crnic-institute-co-hosts-workshop-on-cognition-in-down-syndrome-in-washington-d-c-on-april-13-15\/","url_meta":{"origin":977,"position":3},"title":"Linda Crnic Institute Co-Hosts Workshop on Cognition in Down Syndrome in Washington, D.C., on April 13-15","author":"Global Down Syndrome Foundation","date":"avril 9, 2013","format":false,"excerpt":"Workshop will bring top scientists together to share discoveries, explore collaborations DENVER (April 9, 2013) \u2013 The Linda Crnic Institute for Down Syndrome will co-host the \u201cWorkshop on Cognition in Down Syndrome \u2013 Molecular, Cellular and Behavioral Features and the Promise of Pharmacotherapies\u201d April 13-15 in Washington, D.C. The workshop\u2026","rel":"","context":"Similar post","block_context":{"text":"Similar post","link":""},"img":{"alt_text":"Linda Crnic Institute logo","src":"https:\/\/i0.wp.com\/www.globaldownsyndrome.org\/wp-content\/uploads\/2013\/03\/LCI_RGB_HORIZ-390x122.jpg?resize=350%2C200","width":350,"height":200},"classes":[]},{"id":8015,"url":"https:\/\/www.globaldownsyndrome.org\/fr\/press-releases\/2012-press-releases\/linda-crnic-institute-for-down-syndrome-announces-1-million-in-major-challenge-grants\/","url_meta":{"origin":977,"position":4},"title":"Linda Crnic Institute for Down Syndrome Announces $1 Million in Major Challenge Grants","author":"Global Down Syndrome Foundation","date":"octobre 18, 2012","format":false,"excerpt":"DENVER (Oct. 17, 2012) \u2013 The Linda Crnic Institute for Down Syndrome at the Anschutz Medical Campus in Aurora will jump-start research benefiting people with Down syndrome by presenting scientists with $1 million in grants. The grant program is funded with money from the Anna and John J. Sie Foundation,\u2026","rel":"","context":"Similar post","block_context":{"text":"Similar post","link":""},"img":{"alt_text":"","src":"","width":0,"height":0},"classes":[]},{"id":5734,"url":"https:\/\/www.globaldownsyndrome.org\/fr\/press-releases\/2012-press-releases\/renowned-scientist-tom-blumenthal-takes-the-helm-of-linda-crnic-institute-for-down-syndrome\/","url_meta":{"origin":977,"position":5},"title":"Renowned Scientist, Tom Blumenthal, takes the helm of Linda Crnic Institute for Down Syndrome","author":"Global Down Syndrome Foundation","date":"juillet 11, 2012","format":false,"excerpt":"DENVER (July 2, 2012) \u2013 Nationally renowned molecular biologist, Tom Blumenthal, Ph.D, has been named the new Executive Director of the Linda Crnic Institute for Down Syndrome headquartered at the University of Colorado School of Medicine, Anschutz Medical Campus. Dr. Blumenthal, who is leaving his post as Chairman of the\u2026","rel":"","context":"Similar post","block_context":{"text":"Similar post","link":""},"img":{"alt_text":"","src":"https:\/\/i0.wp.com\/216.185.159.195\/wp-content\/uploads\/2012\/07\/TomBlumenthal1-164x219.jpg?resize=350%2C200","width":350,"height":200},"classes":[]}],"jetpack_sharing_enabled":true,"_links":{"self":[{"href":"https:\/\/www.globaldownsyndrome.org\/fr\/wp-json\/wp\/v2\/pages\/977","targetHints":{"allow":["GET"]}}],"collection":[{"href":"https:\/\/www.globaldownsyndrome.org\/fr\/wp-json\/wp\/v2\/pages"}],"about":[{"href":"https:\/\/www.globaldownsyndrome.org\/fr\/wp-json\/wp\/v2\/types\/page"}],"author":[{"embeddable":true,"href":"https:\/\/www.globaldownsyndrome.org\/fr\/wp-json\/wp\/v2\/users\/3"}],"replies":[{"embeddable":true,"href":"https:\/\/www.globaldownsyndrome.org\/fr\/wp-json\/wp\/v2\/comments?post=977"}],"version-history":[{"count":0,"href":"https:\/\/www.globaldownsyndrome.org\/fr\/wp-json\/wp\/v2\/pages\/977\/revisions"}],"up":[{"embeddable":true,"href":"https:\/\/www.globaldownsyndrome.org\/fr\/wp-json\/wp\/v2\/pages\/573"}],"wp:attachment":[{"href":"https:\/\/www.globaldownsyndrome.org\/fr\/wp-json\/wp\/v2\/media?parent=977"}],"curies":[{"name":"wp","href":"https:\/\/api.w.org\/{rel}","templated":true}]}}