{"id":154497,"date":"2024-01-18T07:47:19","date_gmt":"2024-01-18T14:47:19","guid":{"rendered":"https:\/\/www.globaldownsyndrome.org\/?page_id=154497"},"modified":"2026-02-16T17:01:47","modified_gmt":"2026-02-17T00:01:47","slug":"themeli-global-i-sindromes-down","status":"publish","type":"page","link":"https:\/\/www.globaldownsyndrome.org\/sq\/our-story\/leadership\/global-down-syndrome-foundation\/","title":{"rendered":"Udh\u00ebheqja e Fondacionit Global t\u00eb Sindrom\u00ebs Down"},"content":{"rendered":"<p>Udh\u00ebheqja e GLOBAL p\u00ebrb\u00ebhet nga disa borde, duke p\u00ebrfshir\u00eb k\u00ebtu: (1) Bordin e Drejtor\u00ebve, (2) Bordin K\u00ebshillimor Shkencor dhe Mjek\u00ebsor dhe (3) Bordin K\u00ebshillimor t\u00eb An\u00ebtar\u00ebsis\u00eb. Udh\u00ebheqja jon\u00eb p\u00ebrfshin gjithashtu z\u00ebdh\u00ebn\u00ebs nd\u00ebrkomb\u00ebtar\u00eb t\u00eb cil\u00ebt shkojn\u00eb m\u00eb lart dhe p\u00ebrtej p\u00ebr t\u00eb mbledhur mb\u00ebshtetje p\u00ebr pun\u00ebn e GLOBAL.\u200b<\/p>\n<p>Jemi jasht\u00ebzakonisht me fat q\u00eb kemi n\u00eb bordet tona disa nga udh\u00ebheq\u00ebsit m\u00eb t\u00eb zgjuar dhe m\u00eb t\u00eb p\u00ebrkushtuar n\u00eb fushat e tyre. An\u00ebtar\u00ebt tan\u00eb p\u00ebrfshijn\u00eb Kancelar\u00ebt, President\u00ebt, Drejtor\u00ebt Ekzekutiv, Drejtor\u00ebt Ekzekutiv, Shkenc\u00ebtar\u00ebt, Klinik\u00ebt, Udh\u00ebheq\u00ebsit e Komunitetit, An\u00ebtar\u00ebt e Familjeve dhe Vet\u00eb-Avokat\u00ebt. ,<\/p>\n<p>Ne mb\u00ebshtetemi te an\u00ebtar\u00ebt tan\u00eb t\u00eb bordit p\u00ebr t\u00eb na ndihmuar t\u00eb planifikojm\u00eb n\u00eb m\u00ebnyr\u00eb strategjike p\u00ebr t\u00eb ardhmen, p\u00ebr t\u00eb p\u00ebrmbushur rezultatet tona vjetore, p\u00ebr t\u00eb na ndihmuar me sfidat dhe mund\u00ebsit\u00eb dhe p\u00ebr t\u00eb ofruar udh\u00ebzime t\u00eb r\u00ebnd\u00ebsishme p\u00ebr t\u00eb arritur misionin, vizionin, vlerat dhe q\u00ebllimet tona. Disa nga an\u00ebtar\u00ebt e bordit ton\u00eb na p\u00ebrfaq\u00ebsojn\u00eb edhe n\u00eb vende t\u00eb tjera. Ashtu si me stafin ton\u00eb, ajo q\u00eb udh\u00ebheqja e GLOBAL ka t\u00eb p\u00ebrbashk\u00ebt \u00ebsht\u00eb vendosm\u00ebria p\u00ebr t\u00eb kontribuar n\u00eb m\u00ebnyr\u00eb t\u00eb matshme p\u00ebr drejt\u00ebsin\u00eb dhe barazin\u00eb sociale p\u00ebr f\u00ebmij\u00ebt dhe t\u00eb rriturit me sindrom\u00ebn Down.<\/p>\n<h2 style=\"color: #00b0f0; font-style: italic; margin-top: 20px; text-align: center;\">\u201cNga t\u00eb gjitha format e pabarazis\u00eb, padrejt\u00ebsia n\u00eb sh\u00ebndet \u00ebsht\u00eb m\u00eb trondit\u00ebse dhe \u00e7njer\u00ebzore.\u201d<br \/>\n~ Martin Luther King Jr<\/h2>","protected":false},"excerpt":{"rendered":"<p>GLOBAL\u2019s leadership is made up of several boards including our: (1) Board of Directors, (2) Scientific &amp; Medical Advisory Board, and (3) Membership Advisory Board. Our leadership also includes international spokespeople who go above and beyond to garner support for GLOBAL&#8217;s work.\u200b We are extremely fortunate to have some of the brightest, most dedicated leaders [&hellip;]<\/p>\n","protected":false},"author":3,"featured_media":0,"parent":571,"menu_order":40,"comment_status":"open","ping_status":"closed","template":"template-our-leadership.php","meta":{"_acf_changed":false,"ngg_post_thumbnail":0,"footnotes":""},"class_list":["post-154497","page","type-page","status-publish","hentry"],"acf":[],"yoast_head":"<!-- This site is optimized with the Yoast SEO plugin v27.3 - https:\/\/yoast.com\/product\/yoast-seo-wordpress\/ -->\n<title>Global Down Syndrome Foundation Leadership | Global Down Syndrome Foundation<\/title>\n<meta name=\"robots\" content=\"index, follow, max-snippet:-1, max-image-preview:large, max-video-preview:-1\" \/>\n<link rel=\"canonical\" href=\"https:\/\/www.globaldownsyndrome.org\/sq\/historia-jone\/udheheqja\/themeli-global-i-sindromes-down\/\" \/>\n<meta property=\"og:locale\" content=\"sq_AL\" \/>\n<meta property=\"og:type\" content=\"article\" \/>\n<meta property=\"og:title\" content=\"Global Down Syndrome Foundation Leadership | Global Down Syndrome Foundation\" \/>\n<meta property=\"og:description\" content=\"GLOBAL\u2019s leadership is made up of several boards including our: (1) Board of Directors, (2) Scientific &amp; Medical Advisory Board, and (3) Membership Advisory Board. Our leadership also includes international spokespeople who go above and beyond to garner support for GLOBAL&#8217;s work.\u200b We are extremely fortunate to have some of the brightest, most dedicated leaders [&hellip;]\" \/>\n<meta property=\"og:url\" content=\"https:\/\/www.globaldownsyndrome.org\/sq\/historia-jone\/udheheqja\/themeli-global-i-sindromes-down\/\" \/>\n<meta property=\"og:site_name\" content=\"Global Down Syndrome Foundation\" \/>\n<meta property=\"article:modified_time\" content=\"2026-02-17T00:01:47+00:00\" \/>\n<meta name=\"twitter:card\" content=\"summary_large_image\" \/>\n<meta name=\"twitter:label1\" content=\"Est. reading time\" \/>\n\t<meta name=\"twitter:data1\" content=\"1 minut\u00eb\" \/>\n<script type=\"application\/ld+json\" class=\"yoast-schema-graph\">{\"@context\":\"https:\\\/\\\/schema.org\",\"@graph\":[{\"@type\":\"WebPage\",\"@id\":\"https:\\\/\\\/www.globaldownsyndrome.org\\\/our-story\\\/leadership\\\/global-down-syndrome-foundation\\\/\",\"url\":\"https:\\\/\\\/www.globaldownsyndrome.org\\\/our-story\\\/leadership\\\/global-down-syndrome-foundation\\\/\",\"name\":\"Global Down Syndrome Foundation Leadership | Global Down Syndrome Foundation\",\"isPartOf\":{\"@id\":\"https:\\\/\\\/www.globaldownsyndrome.org\\\/#website\"},\"datePublished\":\"2024-01-18T14:47:19+00:00\",\"dateModified\":\"2026-02-17T00:01:47+00:00\",\"breadcrumb\":{\"@id\":\"https:\\\/\\\/www.globaldownsyndrome.org\\\/our-story\\\/leadership\\\/global-down-syndrome-foundation\\\/#breadcrumb\"},\"inLanguage\":\"sq\",\"potentialAction\":[{\"@type\":\"ReadAction\",\"target\":[\"https:\\\/\\\/www.globaldownsyndrome.org\\\/our-story\\\/leadership\\\/global-down-syndrome-foundation\\\/\"]}]},{\"@type\":\"BreadcrumbList\",\"@id\":\"https:\\\/\\\/www.globaldownsyndrome.org\\\/our-story\\\/leadership\\\/global-down-syndrome-foundation\\\/#breadcrumb\",\"itemListElement\":[{\"@type\":\"ListItem\",\"position\":1,\"name\":\"Home\",\"item\":\"https:\\\/\\\/www.globaldownsyndrome.org\\\/\"},{\"@type\":\"ListItem\",\"position\":2,\"name\":\"Our Story\",\"item\":\"https:\\\/\\\/www.globaldownsyndrome.org\\\/our-story\\\/\"},{\"@type\":\"ListItem\",\"position\":3,\"name\":\"Leadership\",\"item\":\"https:\\\/\\\/www.globaldownsyndrome.org\\\/our-story\\\/leadership\\\/\"},{\"@type\":\"ListItem\",\"position\":4,\"name\":\"Global Down Syndrome Foundation Leadership\"}]},{\"@type\":\"WebSite\",\"@id\":\"https:\\\/\\\/www.globaldownsyndrome.org\\\/#website\",\"url\":\"https:\\\/\\\/www.globaldownsyndrome.org\\\/\",\"name\":\"Global Down Syndrome Foundation\",\"description\":\"Dedicated to significantly improving the lives of people with Down Syndrome through RESEARCH, MEDICAL CARE, EDUCATION AND ADVOCACY\",\"publisher\":{\"@id\":\"https:\\\/\\\/www.globaldownsyndrome.org\\\/#organization\"},\"potentialAction\":[{\"@type\":\"SearchAction\",\"target\":{\"@type\":\"EntryPoint\",\"urlTemplate\":\"https:\\\/\\\/www.globaldownsyndrome.org\\\/?s={search_term_string}\"},\"query-input\":{\"@type\":\"PropertyValueSpecification\",\"valueRequired\":true,\"valueName\":\"search_term_string\"}}],\"inLanguage\":\"sq\"},{\"@type\":\"Organization\",\"@id\":\"https:\\\/\\\/www.globaldownsyndrome.org\\\/#organization\",\"name\":\"Global Down Syndrome Foundation\",\"url\":\"https:\\\/\\\/www.globaldownsyndrome.org\\\/\",\"logo\":{\"@type\":\"ImageObject\",\"inLanguage\":\"sq\",\"@id\":\"https:\\\/\\\/www.globaldownsyndrome.org\\\/#\\\/schema\\\/logo\\\/image\\\/\",\"url\":\"https:\\\/\\\/www.globaldownsyndrome.org\\\/wp-content\\\/uploads\\\/2022\\\/11\\\/logo.jpg\",\"contentUrl\":\"https:\\\/\\\/www.globaldownsyndrome.org\\\/wp-content\\\/uploads\\\/2022\\\/11\\\/logo.jpg\",\"width\":2351,\"height\":896,\"caption\":\"Global Down Syndrome Foundation\"},\"image\":{\"@id\":\"https:\\\/\\\/www.globaldownsyndrome.org\\\/#\\\/schema\\\/logo\\\/image\\\/\"}}]}<\/script>\n<!-- \/ Yoast SEO plugin. -->","yoast_head_json":{"title":"Udh\u00ebheqja e Fondacionit Global t\u00eb Sindrom\u00ebs Down | Fondacioni Global i Sindrom\u00ebs Down","robots":{"index":"index","follow":"follow","max-snippet":"max-snippet:-1","max-image-preview":"max-image-preview:large","max-video-preview":"max-video-preview:-1"},"canonical":"https:\/\/www.globaldownsyndrome.org\/sq\/historia-jone\/udheheqja\/themeli-global-i-sindromes-down\/","og_locale":"sq_AL","og_type":"article","og_title":"Global Down Syndrome Foundation Leadership | Global Down Syndrome Foundation","og_description":"GLOBAL\u2019s leadership is made up of several boards including our: (1) Board of Directors, (2) Scientific &amp; Medical Advisory Board, and (3) Membership Advisory Board. Our leadership also includes international spokespeople who go above and beyond to garner support for GLOBAL&#8217;s work.\u200b We are extremely fortunate to have some of the brightest, most dedicated leaders [&hellip;]","og_url":"https:\/\/www.globaldownsyndrome.org\/sq\/historia-jone\/udheheqja\/themeli-global-i-sindromes-down\/","og_site_name":"Global Down Syndrome Foundation","article_modified_time":"2026-02-17T00:01:47+00:00","twitter_card":"summary_large_image","twitter_misc":{"Est. reading time":"1 minut\u00eb"},"schema":{"@context":"https:\/\/schema.org","@graph":[{"@type":"WebPage","@id":"https:\/\/www.globaldownsyndrome.org\/our-story\/leadership\/global-down-syndrome-foundation\/","url":"https:\/\/www.globaldownsyndrome.org\/our-story\/leadership\/global-down-syndrome-foundation\/","name":"Udh\u00ebheqja e Fondacionit Global t\u00eb Sindrom\u00ebs Down | Fondacioni Global i Sindrom\u00ebs Down","isPartOf":{"@id":"https:\/\/www.globaldownsyndrome.org\/#website"},"datePublished":"2024-01-18T14:47:19+00:00","dateModified":"2026-02-17T00:01:47+00:00","breadcrumb":{"@id":"https:\/\/www.globaldownsyndrome.org\/our-story\/leadership\/global-down-syndrome-foundation\/#breadcrumb"},"inLanguage":"sq","potentialAction":[{"@type":"ReadAction","target":["https:\/\/www.globaldownsyndrome.org\/our-story\/leadership\/global-down-syndrome-foundation\/"]}]},{"@type":"BreadcrumbList","@id":"https:\/\/www.globaldownsyndrome.org\/our-story\/leadership\/global-down-syndrome-foundation\/#breadcrumb","itemListElement":[{"@type":"ListItem","position":1,"name":"Home","item":"https:\/\/www.globaldownsyndrome.org\/"},{"@type":"ListItem","position":2,"name":"Our Story","item":"https:\/\/www.globaldownsyndrome.org\/our-story\/"},{"@type":"ListItem","position":3,"name":"Leadership","item":"https:\/\/www.globaldownsyndrome.org\/our-story\/leadership\/"},{"@type":"ListItem","position":4,"name":"Global Down Syndrome Foundation Leadership"}]},{"@type":"WebSite","@id":"https:\/\/www.globaldownsyndrome.org\/#website","url":"https:\/\/www.globaldownsyndrome.org\/","name":"Fondacioni Global i Sindrom\u00ebs Down","description":"I dedikuar p\u00ebrmir\u00ebsimit t\u00eb ndjesh\u00ebm t\u00eb jet\u00ebs s\u00eb njer\u00ebzve me Sindrom\u00ebn Down p\u00ebrmes K\u00cbRKIMIT, KUJDESIT MJEK\u00cbSOR, EDUKIMIT DHE AVOKATIMIT","publisher":{"@id":"https:\/\/www.globaldownsyndrome.org\/#organization"},"potentialAction":[{"@type":"SearchAction","target":{"@type":"EntryPoint","urlTemplate":"https:\/\/www.globaldownsyndrome.org\/?s={search_term_string}"},"query-input":{"@type":"PropertyValueSpecification","valueRequired":true,"valueName":"search_term_string"}}],"inLanguage":"sq"},{"@type":"Organization","@id":"https:\/\/www.globaldownsyndrome.org\/#organization","name":"Fondacioni Global i Sindrom\u00ebs Down","url":"https:\/\/www.globaldownsyndrome.org\/","logo":{"@type":"ImageObject","inLanguage":"sq","@id":"https:\/\/www.globaldownsyndrome.org\/#\/schema\/logo\/image\/","url":"https:\/\/www.globaldownsyndrome.org\/wp-content\/uploads\/2022\/11\/logo.jpg","contentUrl":"https:\/\/www.globaldownsyndrome.org\/wp-content\/uploads\/2022\/11\/logo.jpg","width":2351,"height":896,"caption":"Global Down Syndrome Foundation"},"image":{"@id":"https:\/\/www.globaldownsyndrome.org\/#\/schema\/logo\/image\/"}}]}},"jetpack_shortlink":"https:\/\/wp.me\/P70gmm-EbT","jetpack-related-posts":[{"id":150122,"url":"https:\/\/www.globaldownsyndrome.org\/sq\/erin-suelmann\/","url_meta":{"origin":154497,"position":0},"title":"Erin Suelmann","author":"Global Down Syndrome Foundation","date":"12 Dhjetor, 2022","format":false,"excerpt":"Executive Director, Down Syndrome Association of Greater St. Louis\u00a0 Erin Suelmann is the Executive Director of the Down Syndrome Association of Greater St. Louis (DSAGSL) which serves, supports, and celebrates the lives of nearly 2,000 individuals with Down syndrome and their families, through every stage of life. Erin received her\u2026","rel":"","context":"Similar post","block_context":{"text":"Similar post","link":""},"img":{"alt_text":"","src":"https:\/\/i0.wp.com\/www.globaldownsyndrome.org\/wp-content\/uploads\/2022\/12\/Erin-Suelmann-Head-shot-319x354.jpg?resize=350%2C200&ssl=1","width":350,"height":200},"classes":[]},{"id":157776,"url":"https:\/\/www.globaldownsyndrome.org\/sq\/sarah-soell\/","url_meta":{"origin":154497,"position":1},"title":"Sarah Soell","author":"Kayla Albrechtson","date":"15 Tetor, 2024","format":false,"excerpt":"Executive Director, Down Syndrome Association of Central Oklahoma Sarah Soell is the Executive Director for the Down Syndrome Association of Central Oklahoma. She has been a member of DSACO since 2006. As a parent of a child with Down syndrome, she has volunteered with the organization in numerous activities, having\u2026","rel":"","context":"Similar post","block_context":{"text":"Similar post","link":""},"img":{"alt_text":"Sarah Soell","src":"https:\/\/i0.wp.com\/www.globaldownsyndrome.org\/wp-content\/uploads\/2024\/10\/Untitled-design-4.jpg?resize=350%2C200&ssl=1","width":350,"height":200},"classes":[]},{"id":155432,"url":"https:\/\/www.globaldownsyndrome.org\/sq\/heidi-haines\/","url_meta":{"origin":154497,"position":2},"title":"Heidi Haines","author":"Wes Butler","date":"21 Mars, 2024","format":false,"excerpt":"Executive Director, Rocky Mountain Down Syndrome Association Heidi Haines is dedicated to making a positive impact on the world, a commitment evident in her role as the Executive Director of the Rocky Mountain Down Syndrome Association since 2023. With twelve years of experience in nonprofit advocacy, policy development, partnership building,\u2026","rel":"","context":"Similar post","block_context":{"text":"Similar post","link":""},"img":{"alt_text":"Heidi Haines bio photo","src":"https:\/\/i0.wp.com\/www.globaldownsyndrome.org\/wp-content\/uploads\/2024\/03\/heidi-haines200x250.jpg?resize=350%2C200&ssl=1","width":350,"height":200},"classes":[]},{"id":157780,"url":"https:\/\/www.globaldownsyndrome.org\/sq\/toni-mullee\/","url_meta":{"origin":154497,"position":3},"title":"Toni Mullee","author":"Kayla Albrechtson","date":"15 Tetor, 2024","format":false,"excerpt":"Executive Director, Down Syndrome Association of Northeast Ohio Toni Mullee is the Executive Director of the Down Syndrome Association of Northeast Ohio (DSANEO), an organization that serves 1,100 individuals with Down syndrome and their families in the Cleveland area. \u00a0She has served in this role since 2013. Toni is a\u2026","rel":"","context":"Similar post","block_context":{"text":"Similar post","link":""},"img":{"alt_text":"","src":"https:\/\/i0.wp.com\/www.globaldownsyndrome.org\/wp-content\/uploads\/2025\/02\/mab-large-1.jpg?resize=350%2C200&ssl=1","width":350,"height":200},"classes":[]},{"id":150595,"url":"https:\/\/www.globaldownsyndrome.org\/sq\/global-webinar-series-january-2023\/","url_meta":{"origin":154497,"position":4},"title":"GLOBAL Webinar Series January 2023","author":"Global Down Syndrome Foundation","date":"10 Shkurt, 2023","format":false,"excerpt":"Dental Care Across the Lifespan of Patients with Down Syndrome Overview In this insightful GLOBAL webinar, Drs. Perlman and Ackerman discussed: why dentistry is the most difficult health care need to get access to and receive care for; the barriers to dental care for people with a disability; the co-morbidities\u2026","rel":"","context":"Similar post","block_context":{"text":"Similar post","link":""},"img":{"alt_text":"","src":"https:\/\/i0.wp.com\/www.globaldownsyndrome.org\/wp-content\/uploads\/2023\/05\/Drs-Steven-Perlman-Marc-Ackerman-300-219x219.jpg?resize=350%2C200&ssl=1","width":350,"height":200},"classes":[]},{"id":151153,"url":"https:\/\/www.globaldownsyndrome.org\/sq\/employment-awards-recipients\/","url_meta":{"origin":154497,"position":5},"title":"Global Down Syndrome Foundation Provides $16,000 in Employment Awards to Down Syndrome Organizations Across the United States","author":"Global Down Syndrome Foundation","date":"20 Prill, 2023","format":false,"excerpt":"\u00a0 In April, the Global Down Syndrome Foundation (GLOBAL) awarded $16,000 in Employment Awards to Down syndrome organizations across the United States. The GLOBAL Employment Awards are a distinguished benefit for GLOBAL organization members. The awards create collaboration with local organizations and fund programs that have a direct and positive\u2026","rel":"","context":"Similar post","block_context":{"text":"Similar post","link":""},"img":{"alt_text":"","src":"https:\/\/i0.wp.com\/www.globaldownsyndrome.org\/wp-content\/uploads\/2023\/04\/300x300.jpg?resize=350%2C200&ssl=1","width":350,"height":200},"classes":[]}],"jetpack_sharing_enabled":true,"_links":{"self":[{"href":"https:\/\/www.globaldownsyndrome.org\/sq\/wp-json\/wp\/v2\/pages\/154497","targetHints":{"allow":["GET"]}}],"collection":[{"href":"https:\/\/www.globaldownsyndrome.org\/sq\/wp-json\/wp\/v2\/pages"}],"about":[{"href":"https:\/\/www.globaldownsyndrome.org\/sq\/wp-json\/wp\/v2\/types\/page"}],"author":[{"embeddable":true,"href":"https:\/\/www.globaldownsyndrome.org\/sq\/wp-json\/wp\/v2\/users\/3"}],"replies":[{"embeddable":true,"href":"https:\/\/www.globaldownsyndrome.org\/sq\/wp-json\/wp\/v2\/comments?post=154497"}],"version-history":[{"count":0,"href":"https:\/\/www.globaldownsyndrome.org\/sq\/wp-json\/wp\/v2\/pages\/154497\/revisions"}],"up":[{"embeddable":true,"href":"https:\/\/www.globaldownsyndrome.org\/sq\/wp-json\/wp\/v2\/pages\/571"}],"wp:attachment":[{"href":"https:\/\/www.globaldownsyndrome.org\/sq\/wp-json\/wp\/v2\/media?parent=154497"}],"curies":[{"name":"wp","href":"https:\/\/api.w.org\/{rel}","templated":true}]}}