{"id":16,"date":"2011-06-01T10:34:13","date_gmt":"2011-06-01T10:34:13","guid":{"rendered":"http:\/\/globaldownsyndrome.org.mytempweb.com\/?page_id=16"},"modified":"2018-08-01T16:39:15","modified_gmt":"2018-08-01T22:39:15","slug":"historia-jone","status":"publish","type":"page","link":"https:\/\/www.globaldownsyndrome.org\/sq\/our-story\/","title":{"rendered":"Historia jon\u00eb"},"content":{"rendered":"<h2><strong><img loading=\"lazy\" decoding=\"async\" class=\"size-full wp-image-2121 alignright\" title=\"Bill &amp; Will Harmon\" src=\"\/wp-content\/uploads\/2011\/06\/Bill_Will_Harmon.jpg\" alt=\"Bill dhe Will Harmon\" width=\"225\" height=\"150\"><\/strong>Rreth Fondacionit Global t\u00eb Sindrom\u00ebs Down<strong><br \/>\n<\/strong><\/h2>\n<p><strong>Fondacioni Global i Sindrom\u00ebs Down<\/strong>&nbsp;\u00ebsht\u00eb nj\u00eb organizat\u00eb jofitimprur\u00ebse publike 501(c)(3) e dedikuar p\u00ebr p\u00ebrmir\u00ebsimin e ndjesh\u00ebm t\u00eb jet\u00ebs s\u00eb njer\u00ebzve me sindrom\u00ebn Down p\u00ebrmes k\u00ebrkimit, kujdesit mjek\u00ebsor, edukimit dhe avokimit. I themeluar zyrtarisht n\u00eb vitin 2009, fokusi kryesor i Fondacionit \u00ebsht\u00eb t\u00eb mb\u00ebshtes\u00eb&nbsp;<a title=\"Instituti Linda Crnic p\u00ebr Sindrom\u00ebn Down\" href=\"http:\/\/www.globaldownsyndrome.org\/our-story\/linda-crnic-institute\/\">Instituti Linda Crnic p\u00ebr Sindrom\u00ebn Down<\/a>, sht\u00ebpia e par\u00eb akademike n\u00eb Shtetet e Bashkuara t\u00eb angazhuar vet\u00ebm p\u00ebr k\u00ebrkimin dhe kujdesin mjek\u00ebsor p\u00ebr njer\u00ebzit me sindrom\u00ebn Down. Meqen\u00ebse sindroma Down \u00ebsht\u00eb gjendja gjenetike e financuar m\u00eb pak n\u00eb Shtetet e Bashkuara, mbledhja e fondeve dhe avokimi i qeveris\u00eb p\u00ebr t\u00eb korrigjuar pabarazin\u00eb alarmante t\u00eb financimit komb\u00ebtar p\u00ebr njer\u00ebzit me sindrom\u00ebn Down \u00ebsht\u00eb nj\u00eb q\u00ebllim kryesor.<\/p>\n<p><em><a title=\"Lexoni m\u00eb shum\u00eb p\u00ebr ne\" href=\"http:\/\/www.globaldownsyndrome.org\/our-story\/about-gdsf\/\">Lexoni m\u00eb shum\u00eb p\u00ebr ne<\/a>.<\/em><\/p>\n<hr>\n<h2>Historia jon\u00eb<\/h2>\n<p>ne vitin 2006, <a title=\"John J. dhe Anna Sie\" href=\"?page_id=1038\">John J. dhe Anna Sie<\/a>&nbsp;organizoi nj\u00eb samit duke mbledhur disa nga shkenc\u00ebtar\u00ebt m\u00eb t\u00eb mir\u00eb n\u00eb bot\u00eb, duke p\u00ebrfshir\u00eb laureatin e Nobelit Tom Cech, p\u00ebr t\u00eb eksploruar mund\u00ebsin\u00eb e k\u00ebrkimit t\u00eb p\u00ebrparuar p\u00ebr njer\u00ebzit me sindrom\u00ebn Down. Po at\u00eb vit lindi ideja e sht\u00ebpis\u00eb s\u00eb par\u00eb akademike p\u00ebr k\u00ebrkimin e sindrom\u00ebs Down.<\/p>\n<p><em><a title=\"Historia\" href=\"?page_id=569\">Lexoni m\u00eb shum\u00eb rreth historis\u00eb s\u00eb Fondacionit Global Down Syndrome<\/a>.<\/em><\/p>\n<hr>\n<h2>Lidershipi<\/h2>\n<p>Njihuni me njer\u00ebzit q\u00eb q\u00ebndrojn\u00eb pas Fondacionit Global Down Syndrome, duke p\u00ebrfshir\u00eb ton\u00ebn <a title=\"Bordi i Drejtor\u00ebve\" href=\"?page_id=945\">Bordi i Drejtor\u00ebve<\/a>. Gjithashtu njihuni me <a title=\"Drejtues n\u00eb Institutin Linda Crnic p\u00ebr Sindrom\u00ebn Down\" href=\"?page_id=951\">drejtues n\u00eb Institutin Linda Crnic p\u00ebr Sindrom\u00ebn Down<\/a> dhe <a title=\"Qendra Anna dhe John J. Sie p\u00ebr Sindrom\u00ebn Down\" href=\"?page_id=578\">Qendra Anna dhe John J. Sie p\u00ebr Sindrom\u00ebn Down<\/a>.<\/p>\n<p><em><a title=\"Lexoni m\u00eb shum\u00eb rreth udh\u00ebheqjes s\u00eb Global\" href=\"?page_id=571\">Lexoni m\u00eb shum\u00eb rreth Udh\u00ebheqjes s\u00eb Fondacionit Global t\u00eb Sindrom\u00ebs Down.<\/a><\/em><\/p>\n<hr>\n<h2><strong><img loading=\"lazy\" decoding=\"async\" class=\"alignright size-full wp-image-2331\" title=\"Stafi global\" src=\"\/wp-content\/uploads\/2011\/06\/staff_anca.jpg\" alt=\"Stafi global\" width=\"225\" height=\"150\"><\/strong>Stafi<\/h2>\n<p>Nj\u00eb grup njer\u00ebzish shum\u00eb t\u00eb talentuar dhe t\u00eb motivuar drejtojn\u00eb biznesin e p\u00ebrditsh\u00ebm t\u00eb Fondacionit Global Down Syndrome.<\/p>\n<p><em><a title=\"Stafi Global\" href=\"?page_id=873\">Lexoni m\u00eb shum\u00eb rreth tyre k\u00ebtu<\/a>.<\/em><\/p>\n<hr>\n<h2><strong><a title=\"Instituti Linda Crnic p\u00ebr Sindrom\u00ebn Down\" href=\"?page_id=573\"><img decoding=\"async\" class=\"alignright size-full\" title=\"Instituti Linda Crnic p\u00ebr Sindrom\u00ebn Down\" src=\"https:\/\/www.globaldownsyndrome.org\/wp-content\/uploads\/2018\/08\/2018_Crnic_logo.jpg\" alt=\"Instituti Linda Crnic p\u00ebr Sindrom\u00ebn Down\" width=\"350\"><\/a><\/strong>Instituti Linda Crnic p\u00ebr Sindrom\u00ebn Down<\/h2>\n<p>Instituti ofron institutin e par\u00eb plot\u00ebsisht t\u00eb integruar n\u00eb bot\u00eb p\u00ebr sindrom\u00ebn Down me cil\u00ebsin\u00eb m\u00eb t\u00eb lart\u00eb k\u00ebrkimore baz\u00eb, p\u00ebrkthimore dhe klinike, prova klinike, zhvillim terapeutik, kujdes mjek\u00ebsor, edukim dhe advokim n\u00eb ndjekje t\u00eb misionit.<\/p>\n<p><em><a title=\"Instituti Linda Crnic p\u00ebr Sindrom\u00ebn Down\" href=\"?page_id=573\">Lexoni m\u00eb shum\u00eb p\u00ebr Institutin Linda Crnic<\/a>.<\/em><\/p>\n<hr>\n<div id=\"attachment_2123\" style=\"width: 235px\" class=\"wp-caption alignright\"><img loading=\"lazy\" decoding=\"async\" aria-describedby=\"caption-attachment-2123\" class=\"size-full wp-image-2123\" title=\"Anna dhe John J. Sie\" src=\"\/wp-content\/uploads\/2011\/06\/anna_and_john_sie.jpg\" alt=\"Anna dhe John J. Sie\" width=\"225\" height=\"150\"><p id=\"caption-attachment-2123\" class=\"wp-caption-text\">John J. dhe Anna Sie<\/p><\/div>\n<h2>Qendra Anna dhe John J. Sie p\u00ebr Sindrom\u00ebn Down<\/h2>\n<p>Qendra Sie n\u00eb Spitalin e F\u00ebmij\u00ebve hapi dyert e saj p\u00ebr pacient\u00ebt me sindrom\u00ebn Down nga e gjith\u00eb bota dhe SHBA n\u00eb n\u00ebntor t\u00eb vitit 2010. Qendra Sie p\u00ebrb\u00ebhet nga nj\u00eb &quot;Ekipi i \u00ebndrrave&quot; multidisiplinare t\u00eb ekspert\u00ebve me m\u00eb shum\u00eb se 80 vjet t\u00eb kombinuara p\u00ebrvoj\u00eb n\u00eb kujdesin ndaj f\u00ebmij\u00ebve me sindrom\u00ebn Down dhe paaft\u00ebsi zhvillimore.<\/p>\n<p><em><a title=\"Qendra Anna dhe John J Sie p\u00ebr Sindrom\u00ebn Down\" href=\"?page_id=578\">Lexoni m\u00eb shum\u00eb rreth Qendr\u00ebs Anna dhe John J. Sie p\u00ebr Sindrom\u00ebn Down<\/a>.<\/em><\/p>","protected":false},"excerpt":{"rendered":"<p>About Global Down Syndrome Foundation The Global Down Syndrome Foundation&nbsp;is a public non-profit 501(c)(3) dedicated to significantly improving the lives of people with Down syndrome through Research, Medical care, Education and Advocacy. Formally established in 2009, the Foundation\u2019s primary focus is to support the&nbsp;Linda Crnic Institute for Down Syndrome, the first academic home in the [&hellip;]<\/p>\n","protected":false},"author":3,"featured_media":0,"parent":0,"menu_order":20,"comment_status":"open","ping_status":"open","template":"","meta":{"_acf_changed":false,"ngg_post_thumbnail":0,"footnotes":""},"class_list":["post-16","page","type-page","status-publish","hentry"],"acf":[],"yoast_head":"<!-- This site is optimized with the Yoast SEO plugin v27.3 - https:\/\/yoast.com\/product\/yoast-seo-wordpress\/ -->\n<title>Our Story | Global Down Syndrome Foundation<\/title>\n<meta name=\"robots\" content=\"index, follow, max-snippet:-1, max-image-preview:large, max-video-preview:-1\" \/>\n<link rel=\"canonical\" href=\"https:\/\/www.globaldownsyndrome.org\/sq\/historia-jone\/\" \/>\n<meta property=\"og:locale\" content=\"sq_AL\" \/>\n<meta property=\"og:type\" content=\"article\" \/>\n<meta property=\"og:title\" content=\"Our Story | Global Down Syndrome Foundation\" \/>\n<meta property=\"og:description\" content=\"About Global Down Syndrome Foundation The Global Down Syndrome Foundation&nbsp;is a public non-profit 501(c)(3) dedicated to significantly improving the lives of people with Down syndrome through Research, Medical care, Education and Advocacy. Formally established in 2009, the Foundation\u2019s primary focus is to support the&nbsp;Linda Crnic Institute for Down Syndrome, the first academic home in the [&hellip;]\" \/>\n<meta property=\"og:url\" content=\"https:\/\/www.globaldownsyndrome.org\/sq\/historia-jone\/\" \/>\n<meta property=\"og:site_name\" content=\"Global Down Syndrome Foundation\" \/>\n<meta property=\"article:modified_time\" content=\"2018-08-01T22:39:15+00:00\" \/>\n<meta property=\"og:image\" content=\"https:\/\/www.globaldownsyndrome.org\/wp-content\/uploads\/2011\/06\/Bill_Will_Harmon.jpg\" \/>\n<meta name=\"twitter:card\" content=\"summary_large_image\" \/>\n<meta name=\"twitter:label1\" content=\"Est. reading time\" \/>\n\t<meta name=\"twitter:data1\" content=\"2 minuta\" \/>\n<script type=\"application\/ld+json\" class=\"yoast-schema-graph\">{\"@context\":\"https:\\\/\\\/schema.org\",\"@graph\":[{\"@type\":\"WebPage\",\"@id\":\"https:\\\/\\\/www.globaldownsyndrome.org\\\/our-story\\\/\",\"url\":\"https:\\\/\\\/www.globaldownsyndrome.org\\\/our-story\\\/\",\"name\":\"Our Story | Global Down Syndrome Foundation\",\"isPartOf\":{\"@id\":\"https:\\\/\\\/www.globaldownsyndrome.org\\\/#website\"},\"primaryImageOfPage\":{\"@id\":\"https:\\\/\\\/www.globaldownsyndrome.org\\\/our-story\\\/#primaryimage\"},\"image\":{\"@id\":\"https:\\\/\\\/www.globaldownsyndrome.org\\\/our-story\\\/#primaryimage\"},\"thumbnailUrl\":\"https:\\\/\\\/www.globaldownsyndrome.org\\\/wp-content\\\/uploads\\\/2018\\\/08\\\/2018_Crnic_logo.jpg\",\"datePublished\":\"2011-06-01T10:34:13+00:00\",\"dateModified\":\"2018-08-01T22:39:15+00:00\",\"breadcrumb\":{\"@id\":\"https:\\\/\\\/www.globaldownsyndrome.org\\\/our-story\\\/#breadcrumb\"},\"inLanguage\":\"sq\",\"potentialAction\":[{\"@type\":\"ReadAction\",\"target\":[\"https:\\\/\\\/www.globaldownsyndrome.org\\\/our-story\\\/\"]}]},{\"@type\":\"ImageObject\",\"inLanguage\":\"sq\",\"@id\":\"https:\\\/\\\/www.globaldownsyndrome.org\\\/our-story\\\/#primaryimage\",\"url\":\"https:\\\/\\\/www.globaldownsyndrome.org\\\/wp-content\\\/uploads\\\/2018\\\/08\\\/2018_Crnic_logo.jpg\",\"contentUrl\":\"https:\\\/\\\/www.globaldownsyndrome.org\\\/wp-content\\\/uploads\\\/2018\\\/08\\\/2018_Crnic_logo.jpg\"},{\"@type\":\"BreadcrumbList\",\"@id\":\"https:\\\/\\\/www.globaldownsyndrome.org\\\/our-story\\\/#breadcrumb\",\"itemListElement\":[{\"@type\":\"ListItem\",\"position\":1,\"name\":\"Home\",\"item\":\"https:\\\/\\\/www.globaldownsyndrome.org\\\/\"},{\"@type\":\"ListItem\",\"position\":2,\"name\":\"Our Story\"}]},{\"@type\":\"WebSite\",\"@id\":\"https:\\\/\\\/www.globaldownsyndrome.org\\\/#website\",\"url\":\"https:\\\/\\\/www.globaldownsyndrome.org\\\/\",\"name\":\"Global Down Syndrome Foundation\",\"description\":\"Dedicated to significantly improving the lives of people with Down Syndrome through RESEARCH, MEDICAL CARE, EDUCATION AND ADVOCACY\",\"publisher\":{\"@id\":\"https:\\\/\\\/www.globaldownsyndrome.org\\\/#organization\"},\"potentialAction\":[{\"@type\":\"SearchAction\",\"target\":{\"@type\":\"EntryPoint\",\"urlTemplate\":\"https:\\\/\\\/www.globaldownsyndrome.org\\\/?s={search_term_string}\"},\"query-input\":{\"@type\":\"PropertyValueSpecification\",\"valueRequired\":true,\"valueName\":\"search_term_string\"}}],\"inLanguage\":\"sq\"},{\"@type\":\"Organization\",\"@id\":\"https:\\\/\\\/www.globaldownsyndrome.org\\\/#organization\",\"name\":\"Global Down Syndrome Foundation\",\"url\":\"https:\\\/\\\/www.globaldownsyndrome.org\\\/\",\"logo\":{\"@type\":\"ImageObject\",\"inLanguage\":\"sq\",\"@id\":\"https:\\\/\\\/www.globaldownsyndrome.org\\\/#\\\/schema\\\/logo\\\/image\\\/\",\"url\":\"https:\\\/\\\/www.globaldownsyndrome.org\\\/wp-content\\\/uploads\\\/2022\\\/11\\\/logo.jpg\",\"contentUrl\":\"https:\\\/\\\/www.globaldownsyndrome.org\\\/wp-content\\\/uploads\\\/2022\\\/11\\\/logo.jpg\",\"width\":2351,\"height\":896,\"caption\":\"Global Down Syndrome Foundation\"},\"image\":{\"@id\":\"https:\\\/\\\/www.globaldownsyndrome.org\\\/#\\\/schema\\\/logo\\\/image\\\/\"}}]}<\/script>\n<!-- \/ Yoast SEO plugin. -->","yoast_head_json":{"title":"Historia jon\u00eb | Fondacioni Global i Sindrom\u00ebs Down","robots":{"index":"index","follow":"follow","max-snippet":"max-snippet:-1","max-image-preview":"max-image-preview:large","max-video-preview":"max-video-preview:-1"},"canonical":"https:\/\/www.globaldownsyndrome.org\/sq\/historia-jone\/","og_locale":"sq_AL","og_type":"article","og_title":"Our Story | Global Down Syndrome Foundation","og_description":"About Global Down Syndrome Foundation The Global Down Syndrome Foundation&nbsp;is a public non-profit 501(c)(3) dedicated to significantly improving the lives of people with Down syndrome through Research, Medical care, Education and Advocacy. Formally established in 2009, the Foundation\u2019s primary focus is to support the&nbsp;Linda Crnic Institute for Down Syndrome, the first academic home in the [&hellip;]","og_url":"https:\/\/www.globaldownsyndrome.org\/sq\/historia-jone\/","og_site_name":"Global Down Syndrome Foundation","article_modified_time":"2018-08-01T22:39:15+00:00","og_image":[{"url":"https:\/\/www.globaldownsyndrome.org\/wp-content\/uploads\/2011\/06\/Bill_Will_Harmon.jpg","type":"","width":"","height":""}],"twitter_card":"summary_large_image","twitter_misc":{"Est. reading time":"2 minuta"},"schema":{"@context":"https:\/\/schema.org","@graph":[{"@type":"WebPage","@id":"https:\/\/www.globaldownsyndrome.org\/our-story\/","url":"https:\/\/www.globaldownsyndrome.org\/our-story\/","name":"Historia jon\u00eb | Fondacioni Global i Sindrom\u00ebs Down","isPartOf":{"@id":"https:\/\/www.globaldownsyndrome.org\/#website"},"primaryImageOfPage":{"@id":"https:\/\/www.globaldownsyndrome.org\/our-story\/#primaryimage"},"image":{"@id":"https:\/\/www.globaldownsyndrome.org\/our-story\/#primaryimage"},"thumbnailUrl":"https:\/\/www.globaldownsyndrome.org\/wp-content\/uploads\/2018\/08\/2018_Crnic_logo.jpg","datePublished":"2011-06-01T10:34:13+00:00","dateModified":"2018-08-01T22:39:15+00:00","breadcrumb":{"@id":"https:\/\/www.globaldownsyndrome.org\/our-story\/#breadcrumb"},"inLanguage":"sq","potentialAction":[{"@type":"ReadAction","target":["https:\/\/www.globaldownsyndrome.org\/our-story\/"]}]},{"@type":"ImageObject","inLanguage":"sq","@id":"https:\/\/www.globaldownsyndrome.org\/our-story\/#primaryimage","url":"https:\/\/www.globaldownsyndrome.org\/wp-content\/uploads\/2018\/08\/2018_Crnic_logo.jpg","contentUrl":"https:\/\/www.globaldownsyndrome.org\/wp-content\/uploads\/2018\/08\/2018_Crnic_logo.jpg"},{"@type":"BreadcrumbList","@id":"https:\/\/www.globaldownsyndrome.org\/our-story\/#breadcrumb","itemListElement":[{"@type":"ListItem","position":1,"name":"Home","item":"https:\/\/www.globaldownsyndrome.org\/"},{"@type":"ListItem","position":2,"name":"Our Story"}]},{"@type":"WebSite","@id":"https:\/\/www.globaldownsyndrome.org\/#website","url":"https:\/\/www.globaldownsyndrome.org\/","name":"Fondacioni Global i Sindrom\u00ebs Down","description":"I dedikuar p\u00ebrmir\u00ebsimit t\u00eb ndjesh\u00ebm t\u00eb jet\u00ebs s\u00eb njer\u00ebzve me Sindrom\u00ebn Down p\u00ebrmes K\u00cbRKIMIT, KUJDESIT MJEK\u00cbSOR, EDUKIMIT DHE AVOKATIMIT","publisher":{"@id":"https:\/\/www.globaldownsyndrome.org\/#organization"},"potentialAction":[{"@type":"SearchAction","target":{"@type":"EntryPoint","urlTemplate":"https:\/\/www.globaldownsyndrome.org\/?s={search_term_string}"},"query-input":{"@type":"PropertyValueSpecification","valueRequired":true,"valueName":"search_term_string"}}],"inLanguage":"sq"},{"@type":"Organization","@id":"https:\/\/www.globaldownsyndrome.org\/#organization","name":"Fondacioni Global i Sindrom\u00ebs Down","url":"https:\/\/www.globaldownsyndrome.org\/","logo":{"@type":"ImageObject","inLanguage":"sq","@id":"https:\/\/www.globaldownsyndrome.org\/#\/schema\/logo\/image\/","url":"https:\/\/www.globaldownsyndrome.org\/wp-content\/uploads\/2022\/11\/logo.jpg","contentUrl":"https:\/\/www.globaldownsyndrome.org\/wp-content\/uploads\/2022\/11\/logo.jpg","width":2351,"height":896,"caption":"Global Down Syndrome Foundation"},"image":{"@id":"https:\/\/www.globaldownsyndrome.org\/#\/schema\/logo\/image\/"}}]}},"jetpack_shortlink":"https:\/\/wp.me\/P70gmm-g","jetpack-related-posts":[{"id":161659,"url":"https:\/\/www.globaldownsyndrome.org\/sq\/global-advocacy-elongating-life-improving-health\/","url_meta":{"origin":16,"position":0},"title":"Mbrojtja GLOBAL \u2013 Zgjatja e jet\u00ebs dhe p\u00ebrmir\u00ebsimi i sh\u00ebndetit","author":"Wes Butler","date":"14 Gusht, 2025","format":false,"excerpt":"","rel":"","context":"Similar post","block_context":{"text":"Similar post","link":""},"img":{"alt_text":"DeOndra Dixon advocacy","src":"https:\/\/i0.wp.com\/www.globaldownsyndrome.org\/wp-content\/uploads\/2024\/03\/deondra-dixon-525.jpg?resize=350%2C200&ssl=1","width":350,"height":200,"srcset":"https:\/\/i0.wp.com\/www.globaldownsyndrome.org\/wp-content\/uploads\/2024\/03\/deondra-dixon-525.jpg?resize=350%2C200&ssl=1 1x, https:\/\/i0.wp.com\/www.globaldownsyndrome.org\/wp-content\/uploads\/2024\/03\/deondra-dixon-525.jpg?resize=525%2C300&ssl=1 1.5x"},"classes":[]},{"id":151153,"url":"https:\/\/www.globaldownsyndrome.org\/sq\/employment-awards-recipients\/","url_meta":{"origin":16,"position":1},"title":"Global Down Syndrome Foundation Provides $16,000 in Employment Awards to Down Syndrome Organizations Across the United States","author":"Global Down Syndrome Foundation","date":"20 Prill, 2023","format":false,"excerpt":"\u00a0 In April, the Global Down Syndrome Foundation (GLOBAL) awarded $16,000 in Employment Awards to Down syndrome organizations across the United States. The GLOBAL Employment Awards are a distinguished benefit for GLOBAL organization members. The awards create collaboration with local organizations and fund programs that have a direct and positive\u2026","rel":"","context":"Similar post","block_context":{"text":"Similar post","link":""},"img":{"alt_text":"","src":"https:\/\/i0.wp.com\/www.globaldownsyndrome.org\/wp-content\/uploads\/2023\/04\/300x300.jpg?resize=350%2C200&ssl=1","width":350,"height":200},"classes":[]},{"id":150863,"url":"https:\/\/www.globaldownsyndrome.org\/sq\/congresswoman-katherine-clark-global-down-syndrome-foundation\/","url_meta":{"origin":16,"position":2},"title":"Congresswoman Katherine Clark: Global Down Syndrome Foundation 2023 Quincy Jones Exceptional Advocacy Award Recipient","author":"Global Down Syndrome Foundation","date":"30 Mars, 2023","format":false,"excerpt":"GLOBAL\u2019s 2023 Quincy Jones Exceptional Advocate Awardee, Congresswoman Katherine Clark has proudly represented Massachusetts\u2019 Fifth District since 2013. The district stretches from the coastal communities of Revere and Winthrop through the northern Boston suburbs to the towns of MetroWest. In the fall of 2022, Clark was elected by her colleagues\u2026","rel":"","context":"Similar post","block_context":{"text":"Similar post","link":""},"img":{"alt_text":"","src":"","width":0,"height":0},"classes":[]},{"id":155417,"url":"https:\/\/www.globaldownsyndrome.org\/sq\/deondra-dixon-include-project-act\/","url_meta":{"origin":16,"position":3},"title":"DeOndra Dixon P\u00cbRFSHIJ Akti i Projektit","author":"Wes Butler","date":"20 Mars, 2024","format":false,"excerpt":"","rel":"","context":"Similar post","block_context":{"text":"Similar post","link":""},"img":{"alt_text":"","src":"","width":0,"height":0},"classes":[]},{"id":150857,"url":"https:\/\/www.globaldownsyndrome.org\/sq\/congressman-pete-stauber-global-down-syndrome-foundation-2023-quincy-jones-exceptional-advocacy-award-recipient\/","url_meta":{"origin":16,"position":4},"title":"Kongresmeni Pete Stauber: Fondacioni Global i Sindrom\u00ebs Down 2023 Quincy Jones Marr\u00ebs i \u00c7mimit t\u00eb Jasht\u00ebzakonsh\u00ebm t\u00eb Avokimit","author":"Global Down Syndrome Foundation","date":"30 Mars, 2023","format":false,"excerpt":"Congressman Pete Stauber was born and raised in Duluth, Minnesota, and grew up in a hockey family with five brothers. Currently serving his third term in Congress as the Representative from Minnesota\u2019s Eighth Congressional District, Congressman Stauber serves on the House Natural Resources Committee, the Small Business Committee and the\u2026","rel":"","context":"Similar post","block_context":{"text":"Similar post","link":""},"img":{"alt_text":"","src":"","width":0,"height":0},"classes":[]},{"id":150862,"url":"https:\/\/www.globaldownsyndrome.org\/sq\/news-community\/quincy-jones-exceptional-advocacy-award-recipients\/congressman-pete-stauber-global-down-syndrome-foundation\/","url_meta":{"origin":16,"position":5},"title":"Kongresmeni Pete Stauber: Fondacioni Global i Sindrom\u00ebs Down 2023 Quincy Jones Marr\u00ebs i \u00c7mimit t\u00eb Jasht\u00ebzakonsh\u00ebm t\u00eb Avokimit","author":"Global Down Syndrome Foundation","date":"30 Mars, 2023","format":false,"excerpt":"Congressman Pete Stauber was born and raised in Duluth, Minnesota, and grew up in a hockey family with five brothers. Currently serving his third term in Congress as the Representative from Minnesota\u2019s Eighth Congressional District, Congressman Stauber serves on the House Natural Resources Committee, the Small Business Committee and the\u2026","rel":"","context":"Similar post","block_context":{"text":"Similar post","link":""},"img":{"alt_text":"","src":"","width":0,"height":0},"classes":[]}],"jetpack_sharing_enabled":true,"_links":{"self":[{"href":"https:\/\/www.globaldownsyndrome.org\/sq\/wp-json\/wp\/v2\/pages\/16","targetHints":{"allow":["GET"]}}],"collection":[{"href":"https:\/\/www.globaldownsyndrome.org\/sq\/wp-json\/wp\/v2\/pages"}],"about":[{"href":"https:\/\/www.globaldownsyndrome.org\/sq\/wp-json\/wp\/v2\/types\/page"}],"author":[{"embeddable":true,"href":"https:\/\/www.globaldownsyndrome.org\/sq\/wp-json\/wp\/v2\/users\/3"}],"replies":[{"embeddable":true,"href":"https:\/\/www.globaldownsyndrome.org\/sq\/wp-json\/wp\/v2\/comments?post=16"}],"version-history":[{"count":0,"href":"https:\/\/www.globaldownsyndrome.org\/sq\/wp-json\/wp\/v2\/pages\/16\/revisions"}],"wp:attachment":[{"href":"https:\/\/www.globaldownsyndrome.org\/sq\/wp-json\/wp\/v2\/media?parent=16"}],"curies":[{"name":"wp","href":"https:\/\/api.w.org\/{rel}","templated":true}]}}