{"id":19591,"date":"2014-07-30T09:49:28","date_gmt":"2014-07-30T15:49:28","guid":{"rendered":"http:\/\/www.globaldownsyndrome.org\/?page_id=19591"},"modified":"2020-09-04T16:15:22","modified_gmt":"2020-09-04T22:15:22","slug":"sponsorship","status":"publish","type":"page","link":"https:\/\/www.globaldownsyndrome.org\/sq\/sponsorship\/","title":{"rendered":"Sponsorship Opportunities at the Global Down Syndrome Foundation"},"content":{"rendered":"<table style=\"float: right;\" width=\"175px\">\n<tbody>\n<tr>\n<td style=\"font-size: 8pt; text-align: left; padding-bottom: 10px;\" width=\"175\"><img decoding=\"async\" style=\"padding-bottom: 4px;\" title=\"Sheryl Crow and self-advocate perform at the Be Beautiful Be Yourself DC Gala\" src=\"http:\/\/www.globaldownsyndrome.org\/wp-content\/uploads\/2014\/07\/DC-Gala-4.jpg\" alt=\"Sheryl Crow and self-advocate perform at the be Beautiful Be Yourself DC Gala\" width=\"175px\" align=\"center\"><br \/>\n<em>Sheryl Crow and self-advocate perform at the DC Gala<\/em><\/td>\n<\/tr>\n<\/tbody>\n<\/table>\n<p>The Global Down Syndrome Foundation is dedicated to significantly improving the lives of people with Down syndrome through RESEARCH, MEDICAL CARE, EDUCATION AND ADVOCACY.<\/p>\n<p>Thank you for considering a sponsorship to the Global Down Syndrome Foundation. With your kind support, GLOBAL can continue to invest in the best medical professionals and scientists with truly life-changing results.<\/p>\n<p>&nbsp;<\/p>\n<div>&nbsp;<\/div>\n<div>&nbsp;<\/div>\n<div style=\"border: 1px dotted; height: 175px; border-color: #f15a25;\">\n<div style=\"padding: 7px;\"><strong><span style=\"font-size: 18px;\"><a style=\"color: #f15a25;\" title=\"Be Beautiful Be Yourself DC Gala\" href=\"http:\/\/bebeautifulbeyourself.org\/2014-be-beautiful-be-yourself-fashion-show-tickets-and-table-sponsorships\/\" target=\"_blank\" rel=\"noopener noreferrer\">B\u00ebhu i Bukur Behu Vet\u00eb Show Fashion<br \/>\n<\/a><\/span><\/strong><br \/>\n<img decoding=\"async\" style=\"padding-right: 15px;\" title=\"B\u00ebhu i Bukur Behu Vet\u00eb Show Fashion\" src=\"http:\/\/www.globaldownsyndrome.org\/wp-content\/uploads\/2014\/07\/DeOndra-and-Brother.jpg\" alt=\"B\u00ebhu i Bukur Behu Vet\u00eb Show Fashion\" height=\"98px\" align=\"left\"><\/p>\n<p style=\"font-size: 13px;\">Witness a night of inspiration, advocacy, music and fun at the Global Down Syndrome Foundation\u2019s Be Beautiful Be Yourself Fashion Show. Join over 1,200 guests, as they cheer on our beautiful models with Down syndrome who will walk the runway with sports personalities and other celebrities. This event provides critical funds for the <a title=\"Instituti Linda Crnic p\u00ebr Sindrom\u00ebn Down\" href=\"http:\/\/www.globaldownsyndrome.org\/?page_id=573\" target=\"_blank\" rel=\"noopener noreferrer\">Instituti Linda Crnic p\u00ebr Sindrom\u00ebn Down<\/a> on the Anschutz Medical Campus and the Sie Center for Down syndrome at Children\u2019s Hospital Colorado.<\/p>\n<\/div>\n<\/div>\n<p>&nbsp;<\/p>\n<div style=\"border: 1px dotted; height: 195px; border-color: #816f5a;\">\n<div style=\"padding: 7px;\"><strong><span style=\"font-size: 18px;\"><!--<a style=\"color: #816f5a;\" title=\"Anna and John J. Sie Center for Down Syndrome Sponsorship\" href=\"http:\/\/www.globaldownsyndrome.org\/wp-content\/uploads\/2014\/07\/Sie-Center-Signage-Flyer.pdf\" target=\"_blank\" rel=\"noopener noreferrer\">-->Anna and John J. Sie Center for Down Syndrome at Children\u2019s Hospital Colorado &#8211; Room Recognition Opportunities<br \/>\n<\/a><\/span><\/strong><br \/>\n<img decoding=\"async\" style=\"padding-right: 15px;\" title=\"Room Recognition Opportunities \u2013 Anna and John J. Sie Center for Down Syndrome at Children\u2019s Hospital Colorado\" src=\"http:\/\/www.globaldownsyndrome.org\/wp-content\/uploads\/2014\/07\/Sie-Center-Sponsorship.jpg\" alt=\"Room Recognition Opportunities \u2013 Anna and John J. Sie Center for Down Syndrome at Children\u2019s Hospital Colorado\" height=\"98px\" align=\"left\"><\/p>\n<p style=\"font-size: 13px;\">T\u00eb <a title=\"Qendra Anna dhe John J. Sie p\u00ebr Sindrom\u00ebn Down\" href=\"http:\/\/www.globaldownsyndrome.org\/our-story\/anna-and-john-j-sie-center-for-down-syndrome\/\" target=\"_blank\" rel=\"noopener noreferrer\">Qendra Anna dhe John J. Sie p\u00ebr Sindrom\u00ebn Down<\/a> is 7,000 square feet of beautiful, state-of-the-art space at Children\u2019s Hospital dedicated to patients with Down syndrome. Sponsoring a room at the Sie Center for Down Syndrome will help ensure families and professionals can continue to convene to chart the course of individual medical care as well as help to dramatically improve the health of all people with Down syndrome through clinical research. For more information contact <a title=\" Email the Global Development Team\" href=\"mailto:development@globaldownsyndrome.org\">development@globaldownsyndrome.org<\/a>.<\/p>\n<\/div>\n<\/div>\n<p>&nbsp;<\/p>\n<div style=\"border: 1px dotted; height: 190px; border-color: #f15a25;\">\n<div style=\"padding: 7px;\"><strong><span style=\"font-size: 18px;\"><!--<a style=\"color: #f15a25;\" title=\"Alzheimer\u2019s Disease &amp; Down Syndrome Research Initiative\" href=\"http:\/\/www.globaldownsyndrome.org\/wp-content\/uploads\/2014\/07\/Global-Down-Syndrome-Foundation-Alzheimers-Research-Center.pdf\" target=\"_blank\" rel=\"noopener noreferrer\">-->Alzheimer\u2019s Disease &amp; Down Syndrome Research Initiative<br \/>\n<\/a><\/span><\/strong><br \/>\n<img decoding=\"async\" style=\"padding-right: 15px; padding-bottom: 20px;\" title=\"Alzheimer\u2019s Disease &amp; Down Syndrome Research Initiative\" src=\"http:\/\/www.globaldownsyndrome.org\/wp-content\/uploads\/2014\/07\/Alzheimers-Research-Sponsorship.jpg\" alt=\"Alzheimer\u2019s Disease &amp; Down Syndrome Research Initiative\" height=\"98px\" align=\"left\"><\/p>\n<p style=\"font-size: 13px;\">There are 27 National Institute on Aging (NIA) designated Alzheimer\u2019s Disease Centers in the United States, but not one within a 600 mile radius of Denver or with a sub-specialty in Down syndrome. The Global Down Syndrome Foundation has partnered with the University of Colorado\u2019s Department of Neurology at the Anschutz Medical Campus on this important initiative. Since Alzheimer\u2019s disease and Down syndrome are mechanistically linked, funding for this initiative will accelerate the development of new treatments for both patients. For more information contact <a title=\" Email the GLOBAL Development Team\" href=\"mailto:development@globaldownsyndrome.org\">development@globaldownsyndrome.org<\/a>.<\/p>\n<\/div>\n<\/div>\n<p>&nbsp;<\/p>\n<div style=\"border: 1px dotted; height: 155px; border-color: #013e7f;\">\n<div style=\"padding: 7px;\"><strong><span style=\"font-size: 18px;\"><a style=\"color: #013e7f;\" title=\"Dare to Ride Courage Classic\" href=\"http:\/\/www.globaldownsyndrome.org\/events\/join-the-global-down-syndrome-foundation-team-for-the-courage-classic-bike-tour\/global-down-syndrome-foundations-dare-to-ride-weekend-our-courage-classic-champions\/\" target=\"_blank\" rel=\"noopener noreferrer\">Dare to Ride Team at the Courage Classic<br \/>\n<\/a><\/span><\/strong><br \/>\n<img decoding=\"async\" style=\"padding-right: 15px;\" title=\"Dare to Ride Courage Classic\" src=\"http:\/\/www.globaldownsyndrome.org\/wp-content\/uploads\/2014\/07\/Dare-to-Ride_thumb.jpg\" alt=\"Dare to Ride Courage Classic\" height=\"98px\" align=\"left\"><\/p>\n<p style=\"font-size: 13px;\">The Courage Classic is a three-day bicycle race through the colorado rocky mountains. The donations raised by the cyclists benefit the <a title=\"Qendra Anna dhe John J. Sie p\u00ebr Sindrom\u00ebn Down\" href=\"http:\/\/www.globaldownsyndrome.org\/our-story\/anna-and-john-j-sie-center-for-down-syndrome\/\" target=\"_blank\" rel=\"noopener noreferrer\">Qendra Anna dhe John J. Sie p\u00ebr Sindrom\u00ebn Down<\/a>, the medical care center for the <a title=\"Instituti Linda Crnic p\u00ebr Sindrom\u00ebn Down\" href=\"http:\/\/www.globaldownsyndrome.org\/?page_id=573\" target=\"_blank\" rel=\"noopener noreferrer\">Instituti Linda Crnic p\u00ebr Sindrom\u00ebn Down<\/a>.<\/p>\n<\/div>\n<\/div>\n<p>&nbsp;<\/p>","protected":false},"excerpt":{"rendered":"<p>Sheryl Crow and self-advocate perform at the DC Gala The Global Down Syndrome Foundation is dedicated to significantly improving the lives of people with Down syndrome through RESEARCH, MEDICAL CARE, EDUCATION AND ADVOCACY. Thank you for considering a sponsorship to the Global Down Syndrome Foundation. With your kind support, GLOBAL can continue to invest in [&hellip;]<\/p>\n","protected":false},"author":3,"featured_media":0,"parent":0,"menu_order":0,"comment_status":"open","ping_status":"open","template":"","meta":{"_acf_changed":false,"ngg_post_thumbnail":0,"footnotes":""},"class_list":["post-19591","page","type-page","status-publish","hentry"],"acf":[],"yoast_head":"<!-- This site is optimized with the Yoast SEO plugin v27.4 - https:\/\/yoast.com\/product\/yoast-seo-wordpress\/ -->\n<title>Sponsorship Opportunities at the Global Down Syndrome Foundation | Global Down Syndrome Foundation<\/title>\n<meta name=\"robots\" content=\"index, follow, max-snippet:-1, max-image-preview:large, max-video-preview:-1\" \/>\n<link rel=\"canonical\" href=\"https:\/\/www.globaldownsyndrome.org\/sq\/sponsorship\/\" \/>\n<meta property=\"og:locale\" content=\"sq_AL\" \/>\n<meta property=\"og:type\" content=\"article\" \/>\n<meta property=\"og:title\" content=\"Sponsorship Opportunities at the Global Down Syndrome Foundation | Global Down Syndrome Foundation\" \/>\n<meta property=\"og:description\" content=\"Sheryl Crow and self-advocate perform at the DC Gala The Global Down Syndrome Foundation is dedicated to significantly improving the lives of people with Down syndrome through RESEARCH, MEDICAL CARE, EDUCATION AND ADVOCACY. Thank you for considering a sponsorship to the Global Down Syndrome Foundation. With your kind support, GLOBAL can continue to invest in [&hellip;]\" \/>\n<meta property=\"og:url\" content=\"https:\/\/www.globaldownsyndrome.org\/sq\/sponsorship\/\" \/>\n<meta property=\"og:site_name\" content=\"Global Down Syndrome Foundation\" \/>\n<meta property=\"article:modified_time\" content=\"2020-09-04T22:15:22+00:00\" \/>\n<meta property=\"og:image\" content=\"http:\/\/www.globaldownsyndrome.org\/wp-content\/uploads\/2014\/07\/DC-Gala-4.jpg\" \/>\n<meta name=\"twitter:card\" content=\"summary_large_image\" \/>\n<meta name=\"twitter:label1\" content=\"Est. reading time\" \/>\n\t<meta name=\"twitter:data1\" content=\"2 minuta\" \/>\n<script type=\"application\/ld+json\" class=\"yoast-schema-graph\">{\"@context\":\"https:\\\/\\\/schema.org\",\"@graph\":[{\"@type\":\"WebPage\",\"@id\":\"https:\\\/\\\/www.globaldownsyndrome.org\\\/sponsorship\\\/\",\"url\":\"https:\\\/\\\/www.globaldownsyndrome.org\\\/sponsorship\\\/\",\"name\":\"Sponsorship Opportunities at the Global Down Syndrome Foundation | Global Down Syndrome Foundation\",\"isPartOf\":{\"@id\":\"https:\\\/\\\/www.globaldownsyndrome.org\\\/#website\"},\"primaryImageOfPage\":{\"@id\":\"https:\\\/\\\/www.globaldownsyndrome.org\\\/sponsorship\\\/#primaryimage\"},\"image\":{\"@id\":\"https:\\\/\\\/www.globaldownsyndrome.org\\\/sponsorship\\\/#primaryimage\"},\"thumbnailUrl\":\"http:\\\/\\\/www.globaldownsyndrome.org\\\/wp-content\\\/uploads\\\/2014\\\/07\\\/DC-Gala-4.jpg\",\"datePublished\":\"2014-07-30T15:49:28+00:00\",\"dateModified\":\"2020-09-04T22:15:22+00:00\",\"breadcrumb\":{\"@id\":\"https:\\\/\\\/www.globaldownsyndrome.org\\\/sponsorship\\\/#breadcrumb\"},\"inLanguage\":\"sq\",\"potentialAction\":[{\"@type\":\"ReadAction\",\"target\":[\"https:\\\/\\\/www.globaldownsyndrome.org\\\/sponsorship\\\/\"]}]},{\"@type\":\"ImageObject\",\"inLanguage\":\"sq\",\"@id\":\"https:\\\/\\\/www.globaldownsyndrome.org\\\/sponsorship\\\/#primaryimage\",\"url\":\"http:\\\/\\\/www.globaldownsyndrome.org\\\/wp-content\\\/uploads\\\/2014\\\/07\\\/DC-Gala-4.jpg\",\"contentUrl\":\"http:\\\/\\\/www.globaldownsyndrome.org\\\/wp-content\\\/uploads\\\/2014\\\/07\\\/DC-Gala-4.jpg\"},{\"@type\":\"BreadcrumbList\",\"@id\":\"https:\\\/\\\/www.globaldownsyndrome.org\\\/sponsorship\\\/#breadcrumb\",\"itemListElement\":[{\"@type\":\"ListItem\",\"position\":1,\"name\":\"Home\",\"item\":\"https:\\\/\\\/www.globaldownsyndrome.org\\\/\"},{\"@type\":\"ListItem\",\"position\":2,\"name\":\"Sponsorship Opportunities at the Global Down Syndrome Foundation\"}]},{\"@type\":\"WebSite\",\"@id\":\"https:\\\/\\\/www.globaldownsyndrome.org\\\/#website\",\"url\":\"https:\\\/\\\/www.globaldownsyndrome.org\\\/\",\"name\":\"Global Down Syndrome Foundation\",\"description\":\"Dedicated to significantly improving the lives of people with Down Syndrome through RESEARCH, MEDICAL CARE, EDUCATION AND ADVOCACY\",\"publisher\":{\"@id\":\"https:\\\/\\\/www.globaldownsyndrome.org\\\/#organization\"},\"potentialAction\":[{\"@type\":\"SearchAction\",\"target\":{\"@type\":\"EntryPoint\",\"urlTemplate\":\"https:\\\/\\\/www.globaldownsyndrome.org\\\/?s={search_term_string}\"},\"query-input\":{\"@type\":\"PropertyValueSpecification\",\"valueRequired\":true,\"valueName\":\"search_term_string\"}}],\"inLanguage\":\"sq\"},{\"@type\":\"Organization\",\"@id\":\"https:\\\/\\\/www.globaldownsyndrome.org\\\/#organization\",\"name\":\"Global Down Syndrome Foundation\",\"url\":\"https:\\\/\\\/www.globaldownsyndrome.org\\\/\",\"logo\":{\"@type\":\"ImageObject\",\"inLanguage\":\"sq\",\"@id\":\"https:\\\/\\\/www.globaldownsyndrome.org\\\/#\\\/schema\\\/logo\\\/image\\\/\",\"url\":\"https:\\\/\\\/www.globaldownsyndrome.org\\\/wp-content\\\/uploads\\\/2022\\\/11\\\/logo.jpg\",\"contentUrl\":\"https:\\\/\\\/www.globaldownsyndrome.org\\\/wp-content\\\/uploads\\\/2022\\\/11\\\/logo.jpg\",\"width\":2351,\"height\":896,\"caption\":\"Global Down Syndrome Foundation\"},\"image\":{\"@id\":\"https:\\\/\\\/www.globaldownsyndrome.org\\\/#\\\/schema\\\/logo\\\/image\\\/\"}}]}<\/script>\n<!-- \/ Yoast SEO plugin. -->","yoast_head_json":{"title":"Sponsorship Opportunities at the Global Down Syndrome Foundation | Global Down Syndrome Foundation","robots":{"index":"index","follow":"follow","max-snippet":"max-snippet:-1","max-image-preview":"max-image-preview:large","max-video-preview":"max-video-preview:-1"},"canonical":"https:\/\/www.globaldownsyndrome.org\/sq\/sponsorship\/","og_locale":"sq_AL","og_type":"article","og_title":"Sponsorship Opportunities at the Global Down Syndrome Foundation | Global Down Syndrome Foundation","og_description":"Sheryl Crow and self-advocate perform at the DC Gala The Global Down Syndrome Foundation is dedicated to significantly improving the lives of people with Down syndrome through RESEARCH, MEDICAL CARE, EDUCATION AND ADVOCACY. Thank you for considering a sponsorship to the Global Down Syndrome Foundation. With your kind support, GLOBAL can continue to invest in [&hellip;]","og_url":"https:\/\/www.globaldownsyndrome.org\/sq\/sponsorship\/","og_site_name":"Global Down Syndrome Foundation","article_modified_time":"2020-09-04T22:15:22+00:00","og_image":[{"url":"http:\/\/www.globaldownsyndrome.org\/wp-content\/uploads\/2014\/07\/DC-Gala-4.jpg","type":"","width":"","height":""}],"twitter_card":"summary_large_image","twitter_misc":{"Est. reading time":"2 minuta"},"schema":{"@context":"https:\/\/schema.org","@graph":[{"@type":"WebPage","@id":"https:\/\/www.globaldownsyndrome.org\/sponsorship\/","url":"https:\/\/www.globaldownsyndrome.org\/sponsorship\/","name":"Sponsorship Opportunities at the Global Down Syndrome Foundation | Global Down Syndrome Foundation","isPartOf":{"@id":"https:\/\/www.globaldownsyndrome.org\/#website"},"primaryImageOfPage":{"@id":"https:\/\/www.globaldownsyndrome.org\/sponsorship\/#primaryimage"},"image":{"@id":"https:\/\/www.globaldownsyndrome.org\/sponsorship\/#primaryimage"},"thumbnailUrl":"http:\/\/www.globaldownsyndrome.org\/wp-content\/uploads\/2014\/07\/DC-Gala-4.jpg","datePublished":"2014-07-30T15:49:28+00:00","dateModified":"2020-09-04T22:15:22+00:00","breadcrumb":{"@id":"https:\/\/www.globaldownsyndrome.org\/sponsorship\/#breadcrumb"},"inLanguage":"sq","potentialAction":[{"@type":"ReadAction","target":["https:\/\/www.globaldownsyndrome.org\/sponsorship\/"]}]},{"@type":"ImageObject","inLanguage":"sq","@id":"https:\/\/www.globaldownsyndrome.org\/sponsorship\/#primaryimage","url":"http:\/\/www.globaldownsyndrome.org\/wp-content\/uploads\/2014\/07\/DC-Gala-4.jpg","contentUrl":"http:\/\/www.globaldownsyndrome.org\/wp-content\/uploads\/2014\/07\/DC-Gala-4.jpg"},{"@type":"BreadcrumbList","@id":"https:\/\/www.globaldownsyndrome.org\/sponsorship\/#breadcrumb","itemListElement":[{"@type":"ListItem","position":1,"name":"Home","item":"https:\/\/www.globaldownsyndrome.org\/"},{"@type":"ListItem","position":2,"name":"Sponsorship Opportunities at the Global Down Syndrome Foundation"}]},{"@type":"WebSite","@id":"https:\/\/www.globaldownsyndrome.org\/#website","url":"https:\/\/www.globaldownsyndrome.org\/","name":"Fondacioni Global i Sindrom\u00ebs Down","description":"I dedikuar p\u00ebrmir\u00ebsimit t\u00eb ndjesh\u00ebm t\u00eb jet\u00ebs s\u00eb njer\u00ebzve me Sindrom\u00ebn Down p\u00ebrmes K\u00cbRKIMIT, KUJDESIT MJEK\u00cbSOR, EDUKIMIT DHE AVOKATIMIT","publisher":{"@id":"https:\/\/www.globaldownsyndrome.org\/#organization"},"potentialAction":[{"@type":"SearchAction","target":{"@type":"EntryPoint","urlTemplate":"https:\/\/www.globaldownsyndrome.org\/?s={search_term_string}"},"query-input":{"@type":"PropertyValueSpecification","valueRequired":true,"valueName":"search_term_string"}}],"inLanguage":"sq"},{"@type":"Organization","@id":"https:\/\/www.globaldownsyndrome.org\/#organization","name":"Fondacioni Global i Sindrom\u00ebs Down","url":"https:\/\/www.globaldownsyndrome.org\/","logo":{"@type":"ImageObject","inLanguage":"sq","@id":"https:\/\/www.globaldownsyndrome.org\/#\/schema\/logo\/image\/","url":"https:\/\/www.globaldownsyndrome.org\/wp-content\/uploads\/2022\/11\/logo.jpg","contentUrl":"https:\/\/www.globaldownsyndrome.org\/wp-content\/uploads\/2022\/11\/logo.jpg","width":2351,"height":896,"caption":"Global Down Syndrome Foundation"},"image":{"@id":"https:\/\/www.globaldownsyndrome.org\/#\/schema\/logo\/image\/"}}]}},"jetpack_shortlink":"https:\/\/wp.me\/P70gmm-55Z","jetpack-related-posts":[{"id":22,"url":"https:\/\/www.globaldownsyndrome.org\/sq\/get-involved\/","url_meta":{"origin":19591,"position":0},"title":"P\u00ebrfshihuni","author":"Global Down Syndrome Foundation","date":"1 Qershor, 2011","format":false,"excerpt":"Donate Down syndrome is the least funded genetic condition in the United States.\u00a0You can make a huge difference in the lives of people with Down syndrome by donating to the Foundation.\u00a0There are many different ways to donate and they are all easy! Most cash and credit card donations are also\u2026","rel":"","context":"Similar post","block_context":{"text":"Similar post","link":""},"img":{"alt_text":"Be Beautiful Be Yourself","src":"\/wp-content\/uploads\/2011\/06\/2138-Copy-80x80.jpg","width":350,"height":200},"classes":[]},{"id":15563,"url":"https:\/\/www.globaldownsyndrome.org\/sq\/2014-be-beautiful-be-yourself-global-down-syndrome-foundation-dc-gala-sponsorship-information\/","url_meta":{"origin":19591,"position":1},"title":"2014 Be Beautiful Be Yourself Global Down Syndrome Foundation DC Gala Sponsorship Information","author":"Global Down Syndrome Foundation","date":"22 Janar, 2014","format":false,"excerpt":"Thank you for completing your table registration for the 2014 Be Beautiful Be Yourself Global Down Syndrome Foundation DC Gala. If you have reached this page without completing table registration, please go to the registration page before filling out the information below. Please take a moment to complete the following\u2026","rel":"","context":"Similar post","block_context":{"text":"Similar post","link":""},"img":{"alt_text":"Be Beautiful Be Yourself DC Gala 2014","src":"\/wp-content\/uploads\/2014\/01\/BBBY_DC_Gala_Logo_2014-390x130.jpg","width":350,"height":200},"classes":[]},{"id":38304,"url":"https:\/\/www.globaldownsyndrome.org\/sq\/news-community\/newsletter-archive\/may-2015\/","url_meta":{"origin":19591,"position":2},"title":"maj 2015","author":"Global Down Syndrome Foundation","date":"28 Gusht, 2016","format":false,"excerpt":"IN YOUR AREAFAQDONATESPONSORSHIPVOLUNTEER Important Research & Medical Care Roundtable! Learn about the important relationship between Alzheimer\u2019s and Down syndrome from renowned clinicians and scientists at the Global Down Syndrome Foundation Research & Medical Care Roundtable, June 25 at the NDSC Convention in Phoenix, AZ. More Dare to Ride Team Supports\u2026","rel":"","context":"Similar post","block_context":{"text":"Similar post","link":""},"img":{"alt_text":"0f41bc05-1fe5-4135-bbbb-3692c4f06204","src":"https:\/\/i0.wp.com\/www.globaldownsyndrome.org\/wp-content\/uploads\/2016\/08\/0f41bc05-1fe5-4135-bbbb-3692c4f06204.gif?resize=350%2C200","width":350,"height":200},"classes":[]},{"id":38355,"url":"https:\/\/www.globaldownsyndrome.org\/sq\/news-community\/newsletter-archive\/december-2014\/","url_meta":{"origin":19591,"position":3},"title":"dhjetor 2014","author":"Global Down Syndrome Foundation","date":"28 Gusht, 2016","format":false,"excerpt":"IN YOUR AREAFAQDONATESPONSORSHIPVOLUNTEER Salah Foundation grant provides $200,000 for Global SA generous matching grant from the Salah Foundation provided $200,000 for Global\u2019s new initiative for adults with Down syndrome. The grant allows Global and researchers to create evidence-based Safety, Health, Nutrition, and Communication programs. Global intends to share the results\u2026","rel":"","context":"Similar post","block_context":{"text":"Similar post","link":""},"img":{"alt_text":"0f41bc05-1fe5-4135-bbbb-3692c4f06204","src":"https:\/\/i0.wp.com\/www.globaldownsyndrome.org\/wp-content\/uploads\/2016\/08\/0f41bc05-1fe5-4135-bbbb-3692c4f06204.gif?resize=350%2C200","width":350,"height":200},"classes":[]},{"id":38338,"url":"https:\/\/www.globaldownsyndrome.org\/sq\/news-community\/newsletter-archive\/february-2015\/","url_meta":{"origin":19591,"position":4},"title":"shkurt 2015","author":"Global Down Syndrome Foundation","date":"28 Gusht, 2016","format":false,"excerpt":"IN YOUR AREAFAQDONATESPONSORSHIPVOLUNTEER First T21 Research Society conference in Paris Last month, the Global Down Syndrome Foundation helped to establish and is a Founding Member of the first international research society focused on Down syndrome \u2014 the T21 Research Society. Attracting the best and brightest scientists and scholars, the society\u2026","rel":"","context":"Similar post","block_context":{"text":"Similar post","link":""},"img":{"alt_text":"0f41bc05-1fe5-4135-bbbb-3692c4f06204","src":"https:\/\/i0.wp.com\/www.globaldownsyndrome.org\/wp-content\/uploads\/2016\/08\/0f41bc05-1fe5-4135-bbbb-3692c4f06204.gif?resize=350%2C200","width":350,"height":200},"classes":[]},{"id":38214,"url":"https:\/\/www.globaldownsyndrome.org\/sq\/news-community\/newsletter-archive\/january-2016\/","url_meta":{"origin":19591,"position":5},"title":"janar 2016","author":"Global Down Syndrome Foundation","date":"27 Gusht, 2016","format":false,"excerpt":"IN YOUR AREAFAQDONATESPONSORSHIPVOLUNTEER The Salah Foundation Funds Global\u2019s Research Program The Salah Foundation has provided a generous matching grant of $187K to support the Global Down Syndrome Foundation\u2019s new Health & Wellness: Continuing Education for Adults With Down Syndrome research program. More Global Dance Program Celebrates Six Years With the\u2026","rel":"","context":"Similar post","block_context":{"text":"Similar post","link":""},"img":{"alt_text":"0f41bc05-1fe5-4135-bbbb-3692c4f06204","src":"https:\/\/i0.wp.com\/www.globaldownsyndrome.org\/wp-content\/uploads\/2016\/08\/0f41bc05-1fe5-4135-bbbb-3692c4f06204.gif?resize=350%2C200","width":350,"height":200},"classes":[]}],"jetpack_sharing_enabled":true,"_links":{"self":[{"href":"https:\/\/www.globaldownsyndrome.org\/sq\/wp-json\/wp\/v2\/pages\/19591","targetHints":{"allow":["GET"]}}],"collection":[{"href":"https:\/\/www.globaldownsyndrome.org\/sq\/wp-json\/wp\/v2\/pages"}],"about":[{"href":"https:\/\/www.globaldownsyndrome.org\/sq\/wp-json\/wp\/v2\/types\/page"}],"author":[{"embeddable":true,"href":"https:\/\/www.globaldownsyndrome.org\/sq\/wp-json\/wp\/v2\/users\/3"}],"replies":[{"embeddable":true,"href":"https:\/\/www.globaldownsyndrome.org\/sq\/wp-json\/wp\/v2\/comments?post=19591"}],"version-history":[{"count":0,"href":"https:\/\/www.globaldownsyndrome.org\/sq\/wp-json\/wp\/v2\/pages\/19591\/revisions"}],"wp:attachment":[{"href":"https:\/\/www.globaldownsyndrome.org\/sq\/wp-json\/wp\/v2\/media?parent=19591"}],"curies":[{"name":"wp","href":"https:\/\/api.w.org\/{rel}","templated":true}]}}