{"id":2242,"date":"2011-10-19T20:49:04","date_gmt":"2011-10-19T20:49:04","guid":{"rendered":"http:\/\/216.185.159.195\/?page_id=2242"},"modified":"2011-10-19T20:49:04","modified_gmt":"2011-10-19T20:49:04","slug":"link-policy","status":"publish","type":"page","link":"https:\/\/www.globaldownsyndrome.org\/sq\/link-policy\/","title":{"rendered":"Link policy"},"content":{"rendered":"<p>Our website provides links to third party sites. Since we do not control these websites, we encourage you to review the privacy and security policies of these sites.<\/p>\n<p>If you would like to link to this website, we ask you to comply with the following guidelines:<\/p>\n<p>Do not incorporate any content from this site into your site (e.g., by in-lining, framing or creating other browser or border environments around our content). You may only link to, not replicate, Global Down Syndrome Foundation content.<\/p>\n<p>Unless we enter into a specific written agreement with you, you may not use any of the Global Down Syndrome Foundation&#8217;s names, logos, designs, slogans, product trademarks or service marks in or with your links, except that you may link to the the Global Down Syndrome Foundation site using the plain text name of this site &#8211; globaldownsyndromefoundation.org or the plain text name of the organization &#8211; Global Down Syndrome Foundation.<\/p>\n<p>Do not present the link to this site that in any way suggests that the Global Down Syndrome Foundation has any relationship or affiliation with your site or endorses your site, products or services.<\/p>\n<p>Do not use any of The Global Down Syndrome Foundation&#8217;s names, logos, designs, slogans, product trademark or service marks or any other words or codes identifying The Global Down Syndrome Foundation website in any &#8220;metatag&#8221; or other information used by search engines or other information location tools to identify and select sites, without The Global Down Syndrome Foundation&#8217;s express written permission for a particular use.<\/p>\n<p>Your site should not contain content that could be construed as distasteful, offensive or controversial.<\/p>","protected":false},"excerpt":{"rendered":"<p>Our website provides links to third party sites. Since we do not control these websites, we encourage you to review the privacy and security policies of these sites. If you would like to link to this website, we ask you to comply with the following guidelines: Do not incorporate any content from this site into [&hellip;]<\/p>\n","protected":false},"author":3,"featured_media":0,"parent":0,"menu_order":0,"comment_status":"open","ping_status":"open","template":"","meta":{"_acf_changed":false,"ngg_post_thumbnail":0,"footnotes":""},"class_list":["post-2242","page","type-page","status-publish","hentry"],"acf":[],"yoast_head":"<!-- This site is optimized with the Yoast SEO plugin v27.3 - https:\/\/yoast.com\/product\/yoast-seo-wordpress\/ -->\n<title>Link policy | Global Down Syndrome Foundation<\/title>\n<meta name=\"robots\" content=\"index, follow, max-snippet:-1, max-image-preview:large, max-video-preview:-1\" \/>\n<link rel=\"canonical\" href=\"https:\/\/www.globaldownsyndrome.org\/sq\/link-policy\/\" \/>\n<meta property=\"og:locale\" content=\"sq_AL\" \/>\n<meta property=\"og:type\" content=\"article\" \/>\n<meta property=\"og:title\" content=\"Link policy | Global Down Syndrome Foundation\" \/>\n<meta property=\"og:description\" content=\"Our website provides links to third party sites. Since we do not control these websites, we encourage you to review the privacy and security policies of these sites. If you would like to link to this website, we ask you to comply with the following guidelines: Do not incorporate any content from this site into [&hellip;]\" \/>\n<meta property=\"og:url\" content=\"https:\/\/www.globaldownsyndrome.org\/sq\/link-policy\/\" \/>\n<meta property=\"og:site_name\" content=\"Global Down Syndrome Foundation\" \/>\n<meta name=\"twitter:card\" content=\"summary_large_image\" \/>\n<meta name=\"twitter:label1\" content=\"Est. reading time\" \/>\n\t<meta name=\"twitter:data1\" content=\"1 minut\u00eb\" \/>\n<script type=\"application\/ld+json\" class=\"yoast-schema-graph\">{\"@context\":\"https:\\\/\\\/schema.org\",\"@graph\":[{\"@type\":\"WebPage\",\"@id\":\"https:\\\/\\\/www.globaldownsyndrome.org\\\/link-policy\\\/\",\"url\":\"https:\\\/\\\/www.globaldownsyndrome.org\\\/link-policy\\\/\",\"name\":\"Link policy | Global Down Syndrome Foundation\",\"isPartOf\":{\"@id\":\"https:\\\/\\\/www.globaldownsyndrome.org\\\/#website\"},\"datePublished\":\"2011-10-19T20:49:04+00:00\",\"breadcrumb\":{\"@id\":\"https:\\\/\\\/www.globaldownsyndrome.org\\\/link-policy\\\/#breadcrumb\"},\"inLanguage\":\"sq\",\"potentialAction\":[{\"@type\":\"ReadAction\",\"target\":[\"https:\\\/\\\/www.globaldownsyndrome.org\\\/link-policy\\\/\"]}]},{\"@type\":\"BreadcrumbList\",\"@id\":\"https:\\\/\\\/www.globaldownsyndrome.org\\\/link-policy\\\/#breadcrumb\",\"itemListElement\":[{\"@type\":\"ListItem\",\"position\":1,\"name\":\"Home\",\"item\":\"https:\\\/\\\/www.globaldownsyndrome.org\\\/\"},{\"@type\":\"ListItem\",\"position\":2,\"name\":\"Link policy\"}]},{\"@type\":\"WebSite\",\"@id\":\"https:\\\/\\\/www.globaldownsyndrome.org\\\/#website\",\"url\":\"https:\\\/\\\/www.globaldownsyndrome.org\\\/\",\"name\":\"Global Down Syndrome Foundation\",\"description\":\"Dedicated to significantly improving the lives of people with Down Syndrome through RESEARCH, MEDICAL CARE, EDUCATION AND ADVOCACY\",\"publisher\":{\"@id\":\"https:\\\/\\\/www.globaldownsyndrome.org\\\/#organization\"},\"potentialAction\":[{\"@type\":\"SearchAction\",\"target\":{\"@type\":\"EntryPoint\",\"urlTemplate\":\"https:\\\/\\\/www.globaldownsyndrome.org\\\/?s={search_term_string}\"},\"query-input\":{\"@type\":\"PropertyValueSpecification\",\"valueRequired\":true,\"valueName\":\"search_term_string\"}}],\"inLanguage\":\"sq\"},{\"@type\":\"Organization\",\"@id\":\"https:\\\/\\\/www.globaldownsyndrome.org\\\/#organization\",\"name\":\"Global Down Syndrome Foundation\",\"url\":\"https:\\\/\\\/www.globaldownsyndrome.org\\\/\",\"logo\":{\"@type\":\"ImageObject\",\"inLanguage\":\"sq\",\"@id\":\"https:\\\/\\\/www.globaldownsyndrome.org\\\/#\\\/schema\\\/logo\\\/image\\\/\",\"url\":\"https:\\\/\\\/www.globaldownsyndrome.org\\\/wp-content\\\/uploads\\\/2022\\\/11\\\/logo.jpg\",\"contentUrl\":\"https:\\\/\\\/www.globaldownsyndrome.org\\\/wp-content\\\/uploads\\\/2022\\\/11\\\/logo.jpg\",\"width\":2351,\"height\":896,\"caption\":\"Global Down Syndrome Foundation\"},\"image\":{\"@id\":\"https:\\\/\\\/www.globaldownsyndrome.org\\\/#\\\/schema\\\/logo\\\/image\\\/\"}}]}<\/script>\n<!-- \/ Yoast SEO plugin. -->","yoast_head_json":{"title":"Link policy | Global Down Syndrome Foundation","robots":{"index":"index","follow":"follow","max-snippet":"max-snippet:-1","max-image-preview":"max-image-preview:large","max-video-preview":"max-video-preview:-1"},"canonical":"https:\/\/www.globaldownsyndrome.org\/sq\/link-policy\/","og_locale":"sq_AL","og_type":"article","og_title":"Link policy | Global Down Syndrome Foundation","og_description":"Our website provides links to third party sites. Since we do not control these websites, we encourage you to review the privacy and security policies of these sites. If you would like to link to this website, we ask you to comply with the following guidelines: Do not incorporate any content from this site into [&hellip;]","og_url":"https:\/\/www.globaldownsyndrome.org\/sq\/link-policy\/","og_site_name":"Global Down Syndrome Foundation","twitter_card":"summary_large_image","twitter_misc":{"Est. reading time":"1 minut\u00eb"},"schema":{"@context":"https:\/\/schema.org","@graph":[{"@type":"WebPage","@id":"https:\/\/www.globaldownsyndrome.org\/link-policy\/","url":"https:\/\/www.globaldownsyndrome.org\/link-policy\/","name":"Link policy | Global Down Syndrome Foundation","isPartOf":{"@id":"https:\/\/www.globaldownsyndrome.org\/#website"},"datePublished":"2011-10-19T20:49:04+00:00","breadcrumb":{"@id":"https:\/\/www.globaldownsyndrome.org\/link-policy\/#breadcrumb"},"inLanguage":"sq","potentialAction":[{"@type":"ReadAction","target":["https:\/\/www.globaldownsyndrome.org\/link-policy\/"]}]},{"@type":"BreadcrumbList","@id":"https:\/\/www.globaldownsyndrome.org\/link-policy\/#breadcrumb","itemListElement":[{"@type":"ListItem","position":1,"name":"Home","item":"https:\/\/www.globaldownsyndrome.org\/"},{"@type":"ListItem","position":2,"name":"Link policy"}]},{"@type":"WebSite","@id":"https:\/\/www.globaldownsyndrome.org\/#website","url":"https:\/\/www.globaldownsyndrome.org\/","name":"Fondacioni Global i Sindrom\u00ebs Down","description":"I dedikuar p\u00ebrmir\u00ebsimit t\u00eb ndjesh\u00ebm t\u00eb jet\u00ebs s\u00eb njer\u00ebzve me Sindrom\u00ebn Down p\u00ebrmes K\u00cbRKIMIT, KUJDESIT MJEK\u00cbSOR, EDUKIMIT DHE AVOKATIMIT","publisher":{"@id":"https:\/\/www.globaldownsyndrome.org\/#organization"},"potentialAction":[{"@type":"SearchAction","target":{"@type":"EntryPoint","urlTemplate":"https:\/\/www.globaldownsyndrome.org\/?s={search_term_string}"},"query-input":{"@type":"PropertyValueSpecification","valueRequired":true,"valueName":"search_term_string"}}],"inLanguage":"sq"},{"@type":"Organization","@id":"https:\/\/www.globaldownsyndrome.org\/#organization","name":"Fondacioni Global i Sindrom\u00ebs Down","url":"https:\/\/www.globaldownsyndrome.org\/","logo":{"@type":"ImageObject","inLanguage":"sq","@id":"https:\/\/www.globaldownsyndrome.org\/#\/schema\/logo\/image\/","url":"https:\/\/www.globaldownsyndrome.org\/wp-content\/uploads\/2022\/11\/logo.jpg","contentUrl":"https:\/\/www.globaldownsyndrome.org\/wp-content\/uploads\/2022\/11\/logo.jpg","width":2351,"height":896,"caption":"Global Down Syndrome Foundation"},"image":{"@id":"https:\/\/www.globaldownsyndrome.org\/#\/schema\/logo\/image\/"}}]}},"jetpack_shortlink":"https:\/\/wp.me\/P70gmm-Aa","jetpack-related-posts":[{"id":150863,"url":"https:\/\/www.globaldownsyndrome.org\/sq\/congresswoman-katherine-clark-global-down-syndrome-foundation\/","url_meta":{"origin":2242,"position":0},"title":"Congresswoman Katherine Clark: Global Down Syndrome Foundation 2023 Quincy Jones Exceptional Advocacy Award Recipient","author":"Global Down Syndrome Foundation","date":"30 Mars, 2023","format":false,"excerpt":"GLOBAL\u2019s 2023 Quincy Jones Exceptional Advocate Awardee, Congresswoman Katherine Clark has proudly represented Massachusetts\u2019 Fifth District since 2013. The district stretches from the coastal communities of Revere and Winthrop through the northern Boston suburbs to the towns of MetroWest. In the fall of 2022, Clark was elected by her colleagues\u2026","rel":"","context":"Similar post","block_context":{"text":"Similar post","link":""},"img":{"alt_text":"","src":"","width":0,"height":0},"classes":[]},{"id":154497,"url":"https:\/\/www.globaldownsyndrome.org\/sq\/our-story\/leadership\/global-down-syndrome-foundation\/","url_meta":{"origin":2242,"position":1},"title":"Udh\u00ebheqja e Fondacionit Global t\u00eb Sindrom\u00ebs Down","author":"Global Down Syndrome Foundation","date":"18 Janar, 2024","format":false,"excerpt":"GLOBAL\u2019s leadership is made up of several boards including our: (1) Board of Directors, (2) Scientific & Medical Advisory Board, and (3) Membership Advisory Board. Our leadership also includes international spokespeople who go above and beyond to garner support for GLOBAL's work.\u200b We are extremely fortunate to have some of\u2026","rel":"","context":"Similar post","block_context":{"text":"Similar post","link":""},"img":{"alt_text":"","src":"","width":0,"height":0},"classes":[]},{"id":153413,"url":"https:\/\/www.globaldownsyndrome.org\/sq\/global-webinar-series-october-2023\/","url_meta":{"origin":2242,"position":2},"title":"GLOBAL Webinars October 2023","author":"Wes Butler","date":"17 Tetor, 2023","format":false,"excerpt":"","rel":"","context":"Similar post","block_context":{"text":"Similar post","link":""},"img":{"alt_text":"","src":"https:\/\/i0.wp.com\/www.globaldownsyndrome.org\/wp-content\/uploads\/2023\/10\/Joaquin-Espinosa-Headshot-300x300-1.jpg?resize=350%2C200&ssl=1","width":350,"height":200},"classes":[]},{"id":157902,"url":"https:\/\/www.globaldownsyndrome.org\/sq\/global-webinars-october-2024\/","url_meta":{"origin":2242,"position":3},"title":"GLOBAL Webinars October 2024","author":"Wes Butler","date":"28 Tetor, 2024","format":false,"excerpt":"","rel":"","context":"Similar post","block_context":{"text":"Similar post","link":""},"img":{"alt_text":"Dr. Espinosa Headshot","src":"https:\/\/i0.wp.com\/www.globaldownsyndrome.org\/wp-content\/uploads\/2023\/05\/Dr-Espinosa-Headshot-283x354.jpg?resize=350%2C200&ssl=1","width":350,"height":200},"classes":[]},{"id":162503,"url":"https:\/\/www.globaldownsyndrome.org\/sq\/global-webinars-november-2025\/","url_meta":{"origin":2242,"position":4},"title":"GLOBAL Webinars November 2025","author":"Sarah Learn","date":"3 Dhjetor, 2025","format":false,"excerpt":"","rel":"","context":"Similar post","block_context":{"text":"Similar post","link":""},"img":{"alt_text":"","src":"https:\/\/i0.wp.com\/www.globaldownsyndrome.org\/wp-content\/uploads\/2025\/08\/Dr.-Espinosa-Headshot-283x354.png?resize=350%2C200&ssl=1","width":350,"height":200},"classes":[]},{"id":150857,"url":"https:\/\/www.globaldownsyndrome.org\/sq\/congressman-pete-stauber-global-down-syndrome-foundation-2023-quincy-jones-exceptional-advocacy-award-recipient\/","url_meta":{"origin":2242,"position":5},"title":"Kongresmeni Pete Stauber: Fondacioni Global i Sindrom\u00ebs Down 2023 Quincy Jones Marr\u00ebs i \u00c7mimit t\u00eb Jasht\u00ebzakonsh\u00ebm t\u00eb Avokimit","author":"Global Down Syndrome Foundation","date":"30 Mars, 2023","format":false,"excerpt":"Congressman Pete Stauber was born and raised in Duluth, Minnesota, and grew up in a hockey family with five brothers. Currently serving his third term in Congress as the Representative from Minnesota\u2019s Eighth Congressional District, Congressman Stauber serves on the House Natural Resources Committee, the Small Business Committee and the\u2026","rel":"","context":"Similar post","block_context":{"text":"Similar post","link":""},"img":{"alt_text":"","src":"","width":0,"height":0},"classes":[]}],"jetpack_sharing_enabled":true,"_links":{"self":[{"href":"https:\/\/www.globaldownsyndrome.org\/sq\/wp-json\/wp\/v2\/pages\/2242","targetHints":{"allow":["GET"]}}],"collection":[{"href":"https:\/\/www.globaldownsyndrome.org\/sq\/wp-json\/wp\/v2\/pages"}],"about":[{"href":"https:\/\/www.globaldownsyndrome.org\/sq\/wp-json\/wp\/v2\/types\/page"}],"author":[{"embeddable":true,"href":"https:\/\/www.globaldownsyndrome.org\/sq\/wp-json\/wp\/v2\/users\/3"}],"replies":[{"embeddable":true,"href":"https:\/\/www.globaldownsyndrome.org\/sq\/wp-json\/wp\/v2\/comments?post=2242"}],"version-history":[{"count":0,"href":"https:\/\/www.globaldownsyndrome.org\/sq\/wp-json\/wp\/v2\/pages\/2242\/revisions"}],"wp:attachment":[{"href":"https:\/\/www.globaldownsyndrome.org\/sq\/wp-json\/wp\/v2\/media?parent=2242"}],"curies":[{"name":"wp","href":"https:\/\/api.w.org\/{rel}","templated":true}]}}