{"id":2704,"date":"2012-02-21T18:59:32","date_gmt":"2012-02-21T18:59:32","guid":{"rendered":"http:\/\/216.185.159.195\/?page_id=2704"},"modified":"2026-02-11T11:11:09","modified_gmt":"2026-02-11T18:11:09","slug":"burimet","status":"publish","type":"page","link":"https:\/\/www.globaldownsyndrome.org\/sq\/about-down-syndrome\/resources\/","title":{"rendered":"Burimet"},"content":{"rendered":"<div class=\"wpb-content-wrapper\"><div class=\"vc_row wpb_row vc_row-fluid\"><div class=\"wpb_column vc_column_container vc_col-sm-12\"><div class=\"vc_column-inner\"><div class=\"wpb_wrapper\">\n\t<div class=\"wpb_text_column wpb_content_element\" >\n\t\t<div class=\"wpb_wrapper\">\n\t\t\t<p><a href=\"\/wp-content\/uploads\/2012\/02\/RyanMalyWeb.jpg\"><img loading=\"lazy\" decoding=\"async\" class=\"alignright size-large wp-image-4513\" title=\"RyanMalyWeb\" src=\"\/wp-content\/uploads\/2012\/02\/RyanMalyWeb-328x219.jpg\" alt=\"\" width=\"328\" height=\"219\" srcset=\"https:\/\/www.globaldownsyndrome.org\/wp-content\/uploads\/2012\/02\/RyanMalyWeb-328x219.jpg 328w, https:\/\/www.globaldownsyndrome.org\/wp-content\/uploads\/2012\/02\/RyanMalyWeb-334x223.jpg 334w, https:\/\/www.globaldownsyndrome.org\/wp-content\/uploads\/2012\/02\/RyanMalyWeb.jpg 432w\" sizes=\"auto, (max-width: 328px) 100vw, 328px\" \/><\/a><a href=\"\/sq\/?page_id=2700\">National Down Syndrome Organizations in the United States<\/a><\/p>\n<p><a title=\"Down Syndrome Organizations by State\" href=\"\/about-down-syndrome\/resources\/local-organizations\/\">Down Syndrome Organizations by State<\/a><\/p>\n<p><a title=\"Organizatat dhe Klinikat Nd\u00ebrkomb\u00ebtare t\u00eb Sindrom\u00ebs Down\" href=\"\/sq\/?page_id=2720\">International Down Syndrome Organizations<\/a><\/p>\n<p><a title=\"Organizata t\u00eb tjera q\u00eb ndihmojn\u00eb njer\u00ebzit me sindrom\u00ebn Down\" href=\"\/sq\/?page_id=2674\">Other Organizations Helping People with Down Syndrome and Their Families<\/a><\/p>\n<p><a title=\"Qendrat e Kujdesit Mjek\u00ebsor t\u00eb Sindrom\u00ebs Down n\u00eb SHBA\" href=\"\/medical-care-centers\/\">Qendrat e Kujdesit Mjek\u00ebsor t\u00eb Sindrom\u00ebs Down n\u00eb SHBA<\/a><\/p>\n<hr>\n<h2>Medical care and guidelines for treating people with Down syndrome:<\/h2>\n<p><a href=\"https:\/\/www.globaldownsyndrome.org\/sq\/adult-guideline-resources\/\">2020 GLOBAL Medical Care Guidelines for Adults with Down Syndrome<\/a>&nbsp;(PDF)<\/p>\n<div style=\"padding-left: 30px; margin-bottom: 20px; font-size: 10pt; line-height: 14pt;\"><a href=\"https:\/\/www.globaldownsyndrome.org\/sq\/adult-guideline-resources\/\">2020 GLOBAL Medical Care Guidelines for Adults with Down Syndrome Checklist<\/a> (PDF)<\/div>\n<p><a href=\"https:\/\/publications.aap.org\/pediatrics\/article\/doi\/10.1542\/peds.2022-057010\/186778\/Health-Supervision-for-Children-and-Adolescents\">2022 American Academy of Pediatrics Health Supervision for Children and Adolescents with Down Syndrome<\/a> (PDF)<\/p>\n<div style=\"padding-left: 30px; margin-bottom: 20px; font-size: 10pt; line-height: 14pt;\"><a href=\"https:\/\/www.globaldownsyndrome.org\/wp-content\/uploads\/2026\/02\/2022-Sie-Center-DS-Healthcare-Guideline-Record-Sheet.pdf\">Healthcare Guidelines Record Sheet in English, courtesy of Anna and John J. Sie Center for Down Syndrome <\/a>(PDF)<\/div>\n<p><a href=\"https:\/\/downloads.aap.org\/HC\/ES\/Health_Care_Information_for_Families_of_Children_with_Down_Syndrome-Spanish.pdf?_gl=1*qiafl1*_ga*NTg3ODM2MzEuMTc3MDY3MTQ5NQ..*_ga_FD9D3XZVQQ*czE3NzA2NzE0OTUkbzEkZzEkdDE3NzA2NzE1NDAkajE1JGwwJGgw\">2022 American Academy of Pediatrics Health Supervision for Children With Down Syndrome in Spanish (Supervisi\u00f3n de la salud de ni\u00f1os con s\u00edndrome de Down)<\/a> (PDF)<\/p>\n<div style=\"padding-left: 30px; margin-bottom: 20px; font-size: 10pt; line-height: 14pt;\"><a href=\"https:\/\/www.globaldownsyndrome.org\/wp-content\/uploads\/2015\/03\/DS-Healthcare-Guidelines-Spanish.pdf\">Healthcare Guidelines Record Sheet in Spanish, courtesy of Anna and John J. Sie Center for Down Syndrome<\/a> (PDF)<\/div>\n<hr>\n<p><strong>&nbsp;<\/strong><\/p>\n\n\t\t<\/div>\n\t<\/div>\n<\/div><\/div><\/div><\/div>\n<\/div>","protected":false},"excerpt":{"rendered":"National Down Syndrome Organizations in the United States Down Syndrome Organizations by State International Down Syndrome Organizations Other Organizations Helping People with Down Syndrome and Their Families Down Syndrome Medical Care Centers in the U.S. Medical care and guidelines for treating people with Down syndrome: 2020 GLOBAL Medical Care Guidelines for Adults with Down Syndrome&nbsp;(PDF) [...]","protected":false},"author":3,"featured_media":0,"parent":18,"menu_order":50,"comment_status":"open","ping_status":"open","template":"","meta":{"_acf_changed":false,"ngg_post_thumbnail":0,"footnotes":""},"class_list":["post-2704","page","type-page","status-publish","hentry"],"acf":[],"yoast_head":"<!-- This site is optimized with the Yoast SEO plugin v27.4 - https:\/\/yoast.com\/product\/yoast-seo-wordpress\/ -->\n<title>Resources | Global Down Syndrome Foundation<\/title>\n<meta name=\"robots\" content=\"index, follow, max-snippet:-1, max-image-preview:large, max-video-preview:-1\" \/>\n<link rel=\"canonical\" href=\"https:\/\/www.globaldownsyndrome.org\/sq\/ne-lidhje-me-sindromen-down\/burimet\/\" \/>\n<meta property=\"og:locale\" content=\"sq_AL\" \/>\n<meta property=\"og:type\" content=\"article\" \/>\n<meta property=\"og:title\" content=\"Resources | Global Down Syndrome Foundation\" \/>\n<meta property=\"og:url\" content=\"https:\/\/www.globaldownsyndrome.org\/sq\/ne-lidhje-me-sindromen-down\/burimet\/\" \/>\n<meta property=\"og:site_name\" content=\"Global Down Syndrome Foundation\" \/>\n<meta property=\"article:modified_time\" content=\"2026-02-11T18:11:09+00:00\" \/>\n<meta name=\"twitter:card\" content=\"summary_large_image\" \/>\n<meta name=\"twitter:label1\" content=\"Est. reading time\" \/>\n\t<meta name=\"twitter:data1\" content=\"1 minut\u00eb\" \/>\n<script type=\"application\/ld+json\" class=\"yoast-schema-graph\">{\"@context\":\"https:\\\/\\\/schema.org\",\"@graph\":[{\"@type\":\"WebPage\",\"@id\":\"https:\\\/\\\/www.globaldownsyndrome.org\\\/about-down-syndrome\\\/resources\\\/\",\"url\":\"https:\\\/\\\/www.globaldownsyndrome.org\\\/about-down-syndrome\\\/resources\\\/\",\"name\":\"Resources | Global Down Syndrome Foundation\",\"isPartOf\":{\"@id\":\"https:\\\/\\\/www.globaldownsyndrome.org\\\/#website\"},\"datePublished\":\"2012-02-21T18:59:32+00:00\",\"dateModified\":\"2026-02-11T18:11:09+00:00\",\"breadcrumb\":{\"@id\":\"https:\\\/\\\/www.globaldownsyndrome.org\\\/about-down-syndrome\\\/resources\\\/#breadcrumb\"},\"inLanguage\":\"sq\",\"potentialAction\":[{\"@type\":\"ReadAction\",\"target\":[\"https:\\\/\\\/www.globaldownsyndrome.org\\\/about-down-syndrome\\\/resources\\\/\"]}]},{\"@type\":\"BreadcrumbList\",\"@id\":\"https:\\\/\\\/www.globaldownsyndrome.org\\\/about-down-syndrome\\\/resources\\\/#breadcrumb\",\"itemListElement\":[{\"@type\":\"ListItem\",\"position\":1,\"name\":\"Home\",\"item\":\"https:\\\/\\\/www.globaldownsyndrome.org\\\/\"},{\"@type\":\"ListItem\",\"position\":2,\"name\":\"About Down Syndrome\",\"item\":\"https:\\\/\\\/www.globaldownsyndrome.org\\\/about-down-syndrome\\\/\"},{\"@type\":\"ListItem\",\"position\":3,\"name\":\"Resources\"}]},{\"@type\":\"WebSite\",\"@id\":\"https:\\\/\\\/www.globaldownsyndrome.org\\\/#website\",\"url\":\"https:\\\/\\\/www.globaldownsyndrome.org\\\/\",\"name\":\"Global Down Syndrome Foundation\",\"description\":\"Dedicated to significantly improving the lives of people with Down Syndrome through RESEARCH, MEDICAL CARE, EDUCATION AND ADVOCACY\",\"publisher\":{\"@id\":\"https:\\\/\\\/www.globaldownsyndrome.org\\\/#organization\"},\"potentialAction\":[{\"@type\":\"SearchAction\",\"target\":{\"@type\":\"EntryPoint\",\"urlTemplate\":\"https:\\\/\\\/www.globaldownsyndrome.org\\\/?s={search_term_string}\"},\"query-input\":{\"@type\":\"PropertyValueSpecification\",\"valueRequired\":true,\"valueName\":\"search_term_string\"}}],\"inLanguage\":\"sq\"},{\"@type\":\"Organization\",\"@id\":\"https:\\\/\\\/www.globaldownsyndrome.org\\\/#organization\",\"name\":\"Global Down Syndrome Foundation\",\"url\":\"https:\\\/\\\/www.globaldownsyndrome.org\\\/\",\"logo\":{\"@type\":\"ImageObject\",\"inLanguage\":\"sq\",\"@id\":\"https:\\\/\\\/www.globaldownsyndrome.org\\\/#\\\/schema\\\/logo\\\/image\\\/\",\"url\":\"https:\\\/\\\/www.globaldownsyndrome.org\\\/wp-content\\\/uploads\\\/2022\\\/11\\\/logo.jpg\",\"contentUrl\":\"https:\\\/\\\/www.globaldownsyndrome.org\\\/wp-content\\\/uploads\\\/2022\\\/11\\\/logo.jpg\",\"width\":2351,\"height\":896,\"caption\":\"Global Down Syndrome Foundation\"},\"image\":{\"@id\":\"https:\\\/\\\/www.globaldownsyndrome.org\\\/#\\\/schema\\\/logo\\\/image\\\/\"}}]}<\/script>\n<!-- \/ Yoast SEO plugin. -->","yoast_head_json":{"title":"Resources | Global Down Syndrome Foundation","robots":{"index":"index","follow":"follow","max-snippet":"max-snippet:-1","max-image-preview":"max-image-preview:large","max-video-preview":"max-video-preview:-1"},"canonical":"https:\/\/www.globaldownsyndrome.org\/sq\/ne-lidhje-me-sindromen-down\/burimet\/","og_locale":"sq_AL","og_type":"article","og_title":"Resources | Global Down Syndrome Foundation","og_url":"https:\/\/www.globaldownsyndrome.org\/sq\/ne-lidhje-me-sindromen-down\/burimet\/","og_site_name":"Global Down Syndrome Foundation","article_modified_time":"2026-02-11T18:11:09+00:00","twitter_card":"summary_large_image","twitter_misc":{"Est. reading time":"1 minut\u00eb"},"schema":{"@context":"https:\/\/schema.org","@graph":[{"@type":"WebPage","@id":"https:\/\/www.globaldownsyndrome.org\/about-down-syndrome\/resources\/","url":"https:\/\/www.globaldownsyndrome.org\/about-down-syndrome\/resources\/","name":"Resources | Global Down Syndrome Foundation","isPartOf":{"@id":"https:\/\/www.globaldownsyndrome.org\/#website"},"datePublished":"2012-02-21T18:59:32+00:00","dateModified":"2026-02-11T18:11:09+00:00","breadcrumb":{"@id":"https:\/\/www.globaldownsyndrome.org\/about-down-syndrome\/resources\/#breadcrumb"},"inLanguage":"sq","potentialAction":[{"@type":"ReadAction","target":["https:\/\/www.globaldownsyndrome.org\/about-down-syndrome\/resources\/"]}]},{"@type":"BreadcrumbList","@id":"https:\/\/www.globaldownsyndrome.org\/about-down-syndrome\/resources\/#breadcrumb","itemListElement":[{"@type":"ListItem","position":1,"name":"Home","item":"https:\/\/www.globaldownsyndrome.org\/"},{"@type":"ListItem","position":2,"name":"About Down Syndrome","item":"https:\/\/www.globaldownsyndrome.org\/about-down-syndrome\/"},{"@type":"ListItem","position":3,"name":"Resources"}]},{"@type":"WebSite","@id":"https:\/\/www.globaldownsyndrome.org\/#website","url":"https:\/\/www.globaldownsyndrome.org\/","name":"Fondacioni Global i Sindrom\u00ebs Down","description":"I dedikuar p\u00ebrmir\u00ebsimit t\u00eb ndjesh\u00ebm t\u00eb jet\u00ebs s\u00eb njer\u00ebzve me Sindrom\u00ebn Down p\u00ebrmes K\u00cbRKIMIT, KUJDESIT MJEK\u00cbSOR, EDUKIMIT DHE AVOKATIMIT","publisher":{"@id":"https:\/\/www.globaldownsyndrome.org\/#organization"},"potentialAction":[{"@type":"SearchAction","target":{"@type":"EntryPoint","urlTemplate":"https:\/\/www.globaldownsyndrome.org\/?s={search_term_string}"},"query-input":{"@type":"PropertyValueSpecification","valueRequired":true,"valueName":"search_term_string"}}],"inLanguage":"sq"},{"@type":"Organization","@id":"https:\/\/www.globaldownsyndrome.org\/#organization","name":"Fondacioni Global i Sindrom\u00ebs Down","url":"https:\/\/www.globaldownsyndrome.org\/","logo":{"@type":"ImageObject","inLanguage":"sq","@id":"https:\/\/www.globaldownsyndrome.org\/#\/schema\/logo\/image\/","url":"https:\/\/www.globaldownsyndrome.org\/wp-content\/uploads\/2022\/11\/logo.jpg","contentUrl":"https:\/\/www.globaldownsyndrome.org\/wp-content\/uploads\/2022\/11\/logo.jpg","width":2351,"height":896,"caption":"Global Down Syndrome Foundation"},"image":{"@id":"https:\/\/www.globaldownsyndrome.org\/#\/schema\/logo\/image\/"}}]}},"jetpack_shortlink":"https:\/\/wp.me\/P70gmm-HC","jetpack-related-posts":[{"id":150908,"url":"https:\/\/www.globaldownsyndrome.org\/sq\/the-down-syndrome-association-of-central-texas\/","url_meta":{"origin":2704,"position":0},"title":"The Down Syndrome Association of Central Texas","author":"Global Down Syndrome Foundation","date":"4 Prill, 2023","format":false,"excerpt":"Creating a more inclusive world by supporting families, educators and medical professionals. From Down Syndrome World Issue 1, 2023 The Down Syndrome Association of Central Texas (DSACT) originated as a small support group for parents of children with Down syndrome. It all started in 1991 with the Eudy family\u2014Kim, Ron\u2026","rel":"","context":"Similar post","block_context":{"text":"Similar post","link":""},"img":{"alt_text":"","src":"https:\/\/i0.wp.com\/www.globaldownsyndrome.org\/wp-content\/uploads\/2023\/04\/Member-Org-Header-Image.png?resize=350%2C200&ssl=1","width":350,"height":200,"srcset":"https:\/\/i0.wp.com\/www.globaldownsyndrome.org\/wp-content\/uploads\/2023\/04\/Member-Org-Header-Image.png?resize=350%2C200&ssl=1 1x, https:\/\/i0.wp.com\/www.globaldownsyndrome.org\/wp-content\/uploads\/2023\/04\/Member-Org-Header-Image.png?resize=525%2C300&ssl=1 1.5x, https:\/\/i0.wp.com\/www.globaldownsyndrome.org\/wp-content\/uploads\/2023\/04\/Member-Org-Header-Image.png?resize=700%2C400&ssl=1 2x, https:\/\/i0.wp.com\/www.globaldownsyndrome.org\/wp-content\/uploads\/2023\/04\/Member-Org-Header-Image.png?resize=1050%2C600&ssl=1 3x, https:\/\/i0.wp.com\/www.globaldownsyndrome.org\/wp-content\/uploads\/2023\/04\/Member-Org-Header-Image.png?resize=1400%2C800&ssl=1 4x"},"classes":[]},{"id":161659,"url":"https:\/\/www.globaldownsyndrome.org\/sq\/global-advocacy-elongating-life-improving-health\/","url_meta":{"origin":2704,"position":1},"title":"Mbrojtja GLOBAL \u2013 Zgjatja e jet\u00ebs dhe p\u00ebrmir\u00ebsimi i sh\u00ebndetit","author":"Wes Butler","date":"14 Gusht, 2025","format":false,"excerpt":"","rel":"","context":"Similar post","block_context":{"text":"Similar post","link":""},"img":{"alt_text":"DeOndra Dixon advocacy","src":"https:\/\/i0.wp.com\/www.globaldownsyndrome.org\/wp-content\/uploads\/2024\/03\/deondra-dixon-525.jpg?resize=350%2C200&ssl=1","width":350,"height":200,"srcset":"https:\/\/i0.wp.com\/www.globaldownsyndrome.org\/wp-content\/uploads\/2024\/03\/deondra-dixon-525.jpg?resize=350%2C200&ssl=1 1x, https:\/\/i0.wp.com\/www.globaldownsyndrome.org\/wp-content\/uploads\/2024\/03\/deondra-dixon-525.jpg?resize=525%2C300&ssl=1 1.5x"},"classes":[]},{"id":150555,"url":"https:\/\/www.globaldownsyndrome.org\/sq\/wdsd-donation-form\/","url_meta":{"origin":2704,"position":2},"title":"2024 World Down Syndrome Day Donation Form","author":"Global Down Syndrome Foundation","date":"31 Janar, 2023","format":false,"excerpt":"\u00a0 Thank you for your donation celebrating World Down Syndrome Day! Your support will fund life-changing research and medical care benefiting people with Down syndrome. You will also be supporting programs and events that make a difference in the lives of those with Down syndrome. \u00a0 \u00a0 \u00a0 \u00a0 If\u2026","rel":"","context":"Similar post","block_context":{"text":"Similar post","link":""},"img":{"alt_text":"","src":"https:\/\/i0.wp.com\/www.globaldownsyndrome.org\/wp-content\/uploads\/2023\/02\/2023-WDSD.png?resize=350%2C200&ssl=1","width":350,"height":200},"classes":[]},{"id":155959,"url":"https:\/\/www.globaldownsyndrome.org\/sq\/world-down-syndrome-day-month\/","url_meta":{"origin":2704,"position":3},"title":"GLOBAL WISHES YOU A HAPPY WORLD DOWN SYNDROME DAY &#038; MONTH!","author":"Global Down Syndrome Foundation","date":"24 Janar, 2025","format":false,"excerpt":"","rel":"","context":"Similar post","block_context":{"text":"Similar post","link":""},"img":{"alt_text":"","src":"https:\/\/i0.wp.com\/www.globaldownsyndrome.org\/wp-content\/uploads\/2026\/03\/WDSD-2026-1-1.png?resize=350%2C200&ssl=1","width":350,"height":200,"srcset":"https:\/\/i0.wp.com\/www.globaldownsyndrome.org\/wp-content\/uploads\/2026\/03\/WDSD-2026-1-1.png?resize=350%2C200&ssl=1 1x, https:\/\/i0.wp.com\/www.globaldownsyndrome.org\/wp-content\/uploads\/2026\/03\/WDSD-2026-1-1.png?resize=525%2C300&ssl=1 1.5x"},"classes":[]},{"id":150283,"url":"https:\/\/www.globaldownsyndrome.org\/sq\/global-donation-form\/","url_meta":{"origin":2704,"position":4},"title":"Formulari GLOBAL i Dhurimit","author":"Global Down Syndrome Foundation","date":"5 Janar, 2023","format":false,"excerpt":"","rel":"","context":"Similar post","block_context":{"text":"Similar post","link":""},"img":{"alt_text":"","src":"https:\/\/i0.wp.com\/www.globaldownsyndrome.org\/wp-content\/uploads\/2025\/11\/2025-YE-Donation-Sidebar-1-e1763751862725.png?resize=350%2C200&ssl=1","width":350,"height":200},"classes":[]},{"id":151153,"url":"https:\/\/www.globaldownsyndrome.org\/sq\/employment-awards-recipients\/","url_meta":{"origin":2704,"position":5},"title":"Global Down Syndrome Foundation Provides $16,000 in Employment Awards to Down Syndrome Organizations Across the United States","author":"Global Down Syndrome Foundation","date":"20 Prill, 2023","format":false,"excerpt":"\u00a0 In April, the Global Down Syndrome Foundation (GLOBAL) awarded $16,000 in Employment Awards to Down syndrome organizations across the United States. The GLOBAL Employment Awards are a distinguished benefit for GLOBAL organization members. The awards create collaboration with local organizations and fund programs that have a direct and positive\u2026","rel":"","context":"Similar post","block_context":{"text":"Similar post","link":""},"img":{"alt_text":"","src":"https:\/\/i0.wp.com\/www.globaldownsyndrome.org\/wp-content\/uploads\/2023\/04\/300x300.jpg?resize=350%2C200&ssl=1","width":350,"height":200},"classes":[]}],"jetpack_sharing_enabled":true,"_links":{"self":[{"href":"https:\/\/www.globaldownsyndrome.org\/sq\/wp-json\/wp\/v2\/pages\/2704","targetHints":{"allow":["GET"]}}],"collection":[{"href":"https:\/\/www.globaldownsyndrome.org\/sq\/wp-json\/wp\/v2\/pages"}],"about":[{"href":"https:\/\/www.globaldownsyndrome.org\/sq\/wp-json\/wp\/v2\/types\/page"}],"author":[{"embeddable":true,"href":"https:\/\/www.globaldownsyndrome.org\/sq\/wp-json\/wp\/v2\/users\/3"}],"replies":[{"embeddable":true,"href":"https:\/\/www.globaldownsyndrome.org\/sq\/wp-json\/wp\/v2\/comments?post=2704"}],"version-history":[{"count":0,"href":"https:\/\/www.globaldownsyndrome.org\/sq\/wp-json\/wp\/v2\/pages\/2704\/revisions"}],"up":[{"embeddable":true,"href":"https:\/\/www.globaldownsyndrome.org\/sq\/wp-json\/wp\/v2\/pages\/18"}],"wp:attachment":[{"href":"https:\/\/www.globaldownsyndrome.org\/sq\/wp-json\/wp\/v2\/media?parent=2704"}],"curies":[{"name":"wp","href":"https:\/\/api.w.org\/{rel}","templated":true}]}}