{"id":573,"date":"2011-08-09T15:13:24","date_gmt":"2011-08-09T15:13:24","guid":{"rendered":"http:\/\/globaldownsyndrome.org.mytempweb.com\/?page_id=573"},"modified":"2018-08-01T16:42:37","modified_gmt":"2018-08-01T22:42:37","slug":"linda-crnic-institute","status":"publish","type":"page","link":"https:\/\/www.globaldownsyndrome.org\/sq\/our-story\/linda-crnic-institute\/","title":{"rendered":"Instituti Linda Crnic p\u00ebr Sindrom\u00ebn Down"},"content":{"rendered":"<h2>About the Institute<\/h2>\n<p>Established in 2008, the Linda Crnic Institute for Down Syndrome is the first academic home for Down syndrome research in the United States. The mission of the Crnic Institute is to significantly improve the lives of people with Down syndrome by eradicating the medical and cognitive ill effects associated with the condition.<\/p>\n<p><em><a href=\"\/sq\/historia-jone\/linda-crnic-institute\/about-the-linda-crnic-institute-for-down-syndrome\/\">Lexoni m\u00eb shum\u00eb p\u00ebr Institutin Linda Crnic<\/a>.<\/em><\/p>\n<hr>\n<h2><a href=\"\/wp-content\/uploads\/2011\/08\/Linda-Crnic.jpeg\"><img decoding=\"async\" class=\"alignright size-full wp-image-4450\" title=\"Linda-Crnic\" src=\"\/wp-content\/uploads\/2011\/08\/Linda-Crnic.jpeg\" alt=\"\" height=\"122\"><\/a>About Dr. Linda Crnic<\/h2>\n<p>The Linda Crnic Institute for Down Syndrome is named after Dr. Linda Crnic, a University of Colorado professor of pediatrics and psychiatry, in honor of her unwavering dedication to helping people with Down syndrome through scientific research.<\/p>\n<p><em><a href=\"?page_id=6820\">Read more about Dr. Linda Crnic<\/a>.<\/em><\/p>\n<hr>\n<h2>The Institute&#8217;s Mission, Vision and Values<\/h2>\n<p>The Linda Crnic Institute for Down Syndrome&nbsp; works to&nbsp;significantly improve the lives of all people with Down syndrome. The Institute provides the world\u2019s first fully integrated institute for Down syndrome with the highest quality basic, translational and clinical research, clinical trials, therapeutic development, medical care, education and advocacy in the pursuit of the mission<\/p>\n<p><em><a href=\"?page_id=978\">Read more about the Linda Crnic Institute&#8217;s Mission, Vision and Values<\/a>.<\/em><\/p>\n<hr>\n<p><img decoding=\"async\" class=\"alignright size-full\" src=\"https:\/\/www.globaldownsyndrome.org\/wp-content\/uploads\/2018\/08\/2018_Crnic_logo.jpg\" alt=\"Instituti Linda Crnic p\u00ebr Sindrom\u00ebn Down\" width=\"350\"><\/p>\n<h2>Lidershipi<\/h2>\n<p>The people at the Linda Crnic Institute have the courage to embark down new paths, have new ideas and to measure outcomes. They work to inspire others to join a movement for people with Down syndrome.<\/p>\n<p><em><a href=\"?page_id=951\">Get to know the leadership of the Linda Crinic Institute<\/a>.<\/em><\/p>\n<hr>\n<h2>Scientific Advisory Board<\/h2>\n<p>The scientists and medical professionals at the Linda Crnic Institute for Down Syndrome&nbsp;dedicate their lives to making a difference for people with Down syndrome.<\/p>\n<p><em><a href=\"?page_id=995\">Get to know the Linda Crinic Institute Scientific Advisory Board<\/a>.<\/em><\/p>\n<hr>\n<h2>Stafi<\/h2>\n<p>The staff at the Linda Crnic Institute is focused on life-changing research and medical care for individuals with Down syndrome.<\/p>\n<p><em><a href=\"\/our-story\/linda-crnic-institute\/staff\/\">Get to know the Linda Crinic Institute Staff<\/a>.<\/em><\/p>","protected":false},"excerpt":{"rendered":"<p>About the Institute Established in 2008, the Linda Crnic Institute for Down Syndrome is the first academic home for Down syndrome research in the United States. The mission of the Crnic Institute is to significantly improve the lives of people with Down syndrome by eradicating the medical and cognitive ill effects associated with the condition. [&hellip;]<\/p>\n","protected":false},"author":3,"featured_media":0,"parent":16,"menu_order":50,"comment_status":"open","ping_status":"closed","template":"","meta":{"_acf_changed":false,"ngg_post_thumbnail":0,"footnotes":""},"class_list":["post-573","page","type-page","status-publish","hentry"],"acf":[],"yoast_head":"<!-- This site is optimized with the Yoast SEO plugin v27.3 - https:\/\/yoast.com\/product\/yoast-seo-wordpress\/ -->\n<title>Linda Crnic Institute for Down Syndrome | Global Down Syndrome Foundation<\/title>\n<meta name=\"robots\" content=\"index, follow, max-snippet:-1, max-image-preview:large, max-video-preview:-1\" \/>\n<link rel=\"canonical\" href=\"https:\/\/www.globaldownsyndrome.org\/sq\/historia-jone\/linda-crnic-institute\/\" \/>\n<meta property=\"og:locale\" content=\"sq_AL\" \/>\n<meta property=\"og:type\" content=\"article\" \/>\n<meta property=\"og:title\" content=\"Linda Crnic Institute for Down Syndrome | Global Down Syndrome Foundation\" \/>\n<meta property=\"og:description\" content=\"About the Institute Established in 2008, the Linda Crnic Institute for Down Syndrome is the first academic home for Down syndrome research in the United States. The mission of the Crnic Institute is to significantly improve the lives of people with Down syndrome by eradicating the medical and cognitive ill effects associated with the condition. [&hellip;]\" \/>\n<meta property=\"og:url\" content=\"https:\/\/www.globaldownsyndrome.org\/sq\/historia-jone\/linda-crnic-institute\/\" \/>\n<meta property=\"og:site_name\" content=\"Global Down Syndrome Foundation\" \/>\n<meta property=\"article:modified_time\" content=\"2018-08-01T22:42:37+00:00\" \/>\n<meta property=\"og:image\" content=\"https:\/\/www.globaldownsyndrome.org\/wp-content\/uploads\/2011\/08\/Linda-Crnic.jpeg\" \/>\n<meta name=\"twitter:card\" content=\"summary_large_image\" \/>\n<meta name=\"twitter:label1\" content=\"Est. reading time\" \/>\n\t<meta name=\"twitter:data1\" content=\"1 minut\u00eb\" \/>\n<script type=\"application\/ld+json\" class=\"yoast-schema-graph\">{\"@context\":\"https:\\\/\\\/schema.org\",\"@graph\":[{\"@type\":\"WebPage\",\"@id\":\"https:\\\/\\\/www.globaldownsyndrome.org\\\/our-story\\\/linda-crnic-institute\\\/\",\"url\":\"https:\\\/\\\/www.globaldownsyndrome.org\\\/our-story\\\/linda-crnic-institute\\\/\",\"name\":\"Linda Crnic Institute for Down Syndrome | Global Down Syndrome Foundation\",\"isPartOf\":{\"@id\":\"https:\\\/\\\/www.globaldownsyndrome.org\\\/#website\"},\"primaryImageOfPage\":{\"@id\":\"https:\\\/\\\/www.globaldownsyndrome.org\\\/our-story\\\/linda-crnic-institute\\\/#primaryimage\"},\"image\":{\"@id\":\"https:\\\/\\\/www.globaldownsyndrome.org\\\/our-story\\\/linda-crnic-institute\\\/#primaryimage\"},\"thumbnailUrl\":\"https:\\\/\\\/www.globaldownsyndrome.org\\\/wp-content\\\/uploads\\\/2018\\\/08\\\/2018_Crnic_logo.jpg\",\"datePublished\":\"2011-08-09T15:13:24+00:00\",\"dateModified\":\"2018-08-01T22:42:37+00:00\",\"breadcrumb\":{\"@id\":\"https:\\\/\\\/www.globaldownsyndrome.org\\\/our-story\\\/linda-crnic-institute\\\/#breadcrumb\"},\"inLanguage\":\"sq\",\"potentialAction\":[{\"@type\":\"ReadAction\",\"target\":[\"https:\\\/\\\/www.globaldownsyndrome.org\\\/our-story\\\/linda-crnic-institute\\\/\"]}]},{\"@type\":\"ImageObject\",\"inLanguage\":\"sq\",\"@id\":\"https:\\\/\\\/www.globaldownsyndrome.org\\\/our-story\\\/linda-crnic-institute\\\/#primaryimage\",\"url\":\"https:\\\/\\\/www.globaldownsyndrome.org\\\/wp-content\\\/uploads\\\/2018\\\/08\\\/2018_Crnic_logo.jpg\",\"contentUrl\":\"https:\\\/\\\/www.globaldownsyndrome.org\\\/wp-content\\\/uploads\\\/2018\\\/08\\\/2018_Crnic_logo.jpg\"},{\"@type\":\"BreadcrumbList\",\"@id\":\"https:\\\/\\\/www.globaldownsyndrome.org\\\/our-story\\\/linda-crnic-institute\\\/#breadcrumb\",\"itemListElement\":[{\"@type\":\"ListItem\",\"position\":1,\"name\":\"Home\",\"item\":\"https:\\\/\\\/www.globaldownsyndrome.org\\\/\"},{\"@type\":\"ListItem\",\"position\":2,\"name\":\"Our Story\",\"item\":\"https:\\\/\\\/www.globaldownsyndrome.org\\\/our-story\\\/\"},{\"@type\":\"ListItem\",\"position\":3,\"name\":\"Linda Crnic Institute for Down Syndrome\"}]},{\"@type\":\"WebSite\",\"@id\":\"https:\\\/\\\/www.globaldownsyndrome.org\\\/#website\",\"url\":\"https:\\\/\\\/www.globaldownsyndrome.org\\\/\",\"name\":\"Global Down Syndrome Foundation\",\"description\":\"Dedicated to significantly improving the lives of people with Down Syndrome through RESEARCH, MEDICAL CARE, EDUCATION AND ADVOCACY\",\"publisher\":{\"@id\":\"https:\\\/\\\/www.globaldownsyndrome.org\\\/#organization\"},\"potentialAction\":[{\"@type\":\"SearchAction\",\"target\":{\"@type\":\"EntryPoint\",\"urlTemplate\":\"https:\\\/\\\/www.globaldownsyndrome.org\\\/?s={search_term_string}\"},\"query-input\":{\"@type\":\"PropertyValueSpecification\",\"valueRequired\":true,\"valueName\":\"search_term_string\"}}],\"inLanguage\":\"sq\"},{\"@type\":\"Organization\",\"@id\":\"https:\\\/\\\/www.globaldownsyndrome.org\\\/#organization\",\"name\":\"Global Down Syndrome Foundation\",\"url\":\"https:\\\/\\\/www.globaldownsyndrome.org\\\/\",\"logo\":{\"@type\":\"ImageObject\",\"inLanguage\":\"sq\",\"@id\":\"https:\\\/\\\/www.globaldownsyndrome.org\\\/#\\\/schema\\\/logo\\\/image\\\/\",\"url\":\"https:\\\/\\\/www.globaldownsyndrome.org\\\/wp-content\\\/uploads\\\/2022\\\/11\\\/logo.jpg\",\"contentUrl\":\"https:\\\/\\\/www.globaldownsyndrome.org\\\/wp-content\\\/uploads\\\/2022\\\/11\\\/logo.jpg\",\"width\":2351,\"height\":896,\"caption\":\"Global Down Syndrome Foundation\"},\"image\":{\"@id\":\"https:\\\/\\\/www.globaldownsyndrome.org\\\/#\\\/schema\\\/logo\\\/image\\\/\"}}]}<\/script>\n<!-- \/ Yoast SEO plugin. -->","yoast_head_json":{"title":"Linda Crnic Institute for Down Syndrome | Global Down Syndrome Foundation","robots":{"index":"index","follow":"follow","max-snippet":"max-snippet:-1","max-image-preview":"max-image-preview:large","max-video-preview":"max-video-preview:-1"},"canonical":"https:\/\/www.globaldownsyndrome.org\/sq\/historia-jone\/linda-crnic-institute\/","og_locale":"sq_AL","og_type":"article","og_title":"Linda Crnic Institute for Down Syndrome | Global Down Syndrome Foundation","og_description":"About the Institute Established in 2008, the Linda Crnic Institute for Down Syndrome is the first academic home for Down syndrome research in the United States. The mission of the Crnic Institute is to significantly improve the lives of people with Down syndrome by eradicating the medical and cognitive ill effects associated with the condition. [&hellip;]","og_url":"https:\/\/www.globaldownsyndrome.org\/sq\/historia-jone\/linda-crnic-institute\/","og_site_name":"Global Down Syndrome Foundation","article_modified_time":"2018-08-01T22:42:37+00:00","og_image":[{"url":"https:\/\/www.globaldownsyndrome.org\/wp-content\/uploads\/2011\/08\/Linda-Crnic.jpeg","type":"","width":"","height":""}],"twitter_card":"summary_large_image","twitter_misc":{"Est. reading time":"1 minut\u00eb"},"schema":{"@context":"https:\/\/schema.org","@graph":[{"@type":"WebPage","@id":"https:\/\/www.globaldownsyndrome.org\/our-story\/linda-crnic-institute\/","url":"https:\/\/www.globaldownsyndrome.org\/our-story\/linda-crnic-institute\/","name":"Linda Crnic Institute for Down Syndrome | Global Down Syndrome Foundation","isPartOf":{"@id":"https:\/\/www.globaldownsyndrome.org\/#website"},"primaryImageOfPage":{"@id":"https:\/\/www.globaldownsyndrome.org\/our-story\/linda-crnic-institute\/#primaryimage"},"image":{"@id":"https:\/\/www.globaldownsyndrome.org\/our-story\/linda-crnic-institute\/#primaryimage"},"thumbnailUrl":"https:\/\/www.globaldownsyndrome.org\/wp-content\/uploads\/2018\/08\/2018_Crnic_logo.jpg","datePublished":"2011-08-09T15:13:24+00:00","dateModified":"2018-08-01T22:42:37+00:00","breadcrumb":{"@id":"https:\/\/www.globaldownsyndrome.org\/our-story\/linda-crnic-institute\/#breadcrumb"},"inLanguage":"sq","potentialAction":[{"@type":"ReadAction","target":["https:\/\/www.globaldownsyndrome.org\/our-story\/linda-crnic-institute\/"]}]},{"@type":"ImageObject","inLanguage":"sq","@id":"https:\/\/www.globaldownsyndrome.org\/our-story\/linda-crnic-institute\/#primaryimage","url":"https:\/\/www.globaldownsyndrome.org\/wp-content\/uploads\/2018\/08\/2018_Crnic_logo.jpg","contentUrl":"https:\/\/www.globaldownsyndrome.org\/wp-content\/uploads\/2018\/08\/2018_Crnic_logo.jpg"},{"@type":"BreadcrumbList","@id":"https:\/\/www.globaldownsyndrome.org\/our-story\/linda-crnic-institute\/#breadcrumb","itemListElement":[{"@type":"ListItem","position":1,"name":"Home","item":"https:\/\/www.globaldownsyndrome.org\/"},{"@type":"ListItem","position":2,"name":"Our Story","item":"https:\/\/www.globaldownsyndrome.org\/our-story\/"},{"@type":"ListItem","position":3,"name":"Linda Crnic Institute for Down Syndrome"}]},{"@type":"WebSite","@id":"https:\/\/www.globaldownsyndrome.org\/#website","url":"https:\/\/www.globaldownsyndrome.org\/","name":"Fondacioni Global i Sindrom\u00ebs Down","description":"I dedikuar p\u00ebrmir\u00ebsimit t\u00eb ndjesh\u00ebm t\u00eb jet\u00ebs s\u00eb njer\u00ebzve me Sindrom\u00ebn Down p\u00ebrmes K\u00cbRKIMIT, KUJDESIT MJEK\u00cbSOR, EDUKIMIT DHE AVOKATIMIT","publisher":{"@id":"https:\/\/www.globaldownsyndrome.org\/#organization"},"potentialAction":[{"@type":"SearchAction","target":{"@type":"EntryPoint","urlTemplate":"https:\/\/www.globaldownsyndrome.org\/?s={search_term_string}"},"query-input":{"@type":"PropertyValueSpecification","valueRequired":true,"valueName":"search_term_string"}}],"inLanguage":"sq"},{"@type":"Organization","@id":"https:\/\/www.globaldownsyndrome.org\/#organization","name":"Fondacioni Global i Sindrom\u00ebs Down","url":"https:\/\/www.globaldownsyndrome.org\/","logo":{"@type":"ImageObject","inLanguage":"sq","@id":"https:\/\/www.globaldownsyndrome.org\/#\/schema\/logo\/image\/","url":"https:\/\/www.globaldownsyndrome.org\/wp-content\/uploads\/2022\/11\/logo.jpg","contentUrl":"https:\/\/www.globaldownsyndrome.org\/wp-content\/uploads\/2022\/11\/logo.jpg","width":2351,"height":896,"caption":"Global Down Syndrome Foundation"},"image":{"@id":"https:\/\/www.globaldownsyndrome.org\/#\/schema\/logo\/image\/"}}]}},"jetpack_shortlink":"https:\/\/wp.me\/P70gmm-9f","jetpack-related-posts":[{"id":977,"url":"https:\/\/www.globaldownsyndrome.org\/sq\/our-story\/linda-crnic-institute\/about-the-linda-crnic-institute-for-down-syndrome\/","url_meta":{"origin":573,"position":0},"title":"Rreth Institutit Linda Crnic p\u00ebr Sindrom\u00ebn Down","author":"Global Down Syndrome Foundation","date":"16 Gusht, 2011","format":false,"excerpt":"The Global Down Syndrome Foundation provides fundraising, education, awareness and government advocacy for the Linda Crnic Institute for Down Syndrome. The mission of the Crnic Institute is to significantly improve the lives of people with Down syndrome by eradicating the medical and cognitive ill effects associated with the condition.Established in\u2026","rel":"","context":"Similar post","block_context":{"text":"Similar post","link":""},"img":{"alt_text":"","src":"\/wp-content\/uploads\/2011\/08\/jasong.jpg","width":350,"height":200},"classes":[]},{"id":6820,"url":"https:\/\/www.globaldownsyndrome.org\/sq\/our-story\/linda-crnic-institute\/in-memory-of-dr-linda-crnic\/","url_meta":{"origin":573,"position":1},"title":"N\u00eb kujtim t\u00eb Dr. Linda Crni\u00e7","author":"Global Down Syndrome Foundation","date":"1 Gusht, 2012","format":false,"excerpt":"The Linda Crnic Institute for Down Syndrome is named after Dr. Linda Crnic, a University of Colorado professor of pediatrics and psychiatry, in honor of her unwavering dedication to helping people with Down syndrome through scientific research. She died in a bicycle accident in Oregon in 2004 at the age\u2026","rel":"","context":"Similar post","block_context":{"text":"Similar post","link":""},"img":{"alt_text":"","src":"https:\/\/i0.wp.com\/www.globaldownsyndrome.org\/wp-content\/uploads\/2011\/08\/Linda-Crnic.jpeg?resize=350%2C200","width":350,"height":200},"classes":[]},{"id":951,"url":"https:\/\/www.globaldownsyndrome.org\/sq\/our-story\/linda-crnic-institute\/linda-crnic-institute\/","url_meta":{"origin":573,"position":2},"title":"Instituti Linda Crnic p\u00ebr shkenc\u00ebtar\u00ebt kryesor\u00eb t\u00eb sindrom\u00ebs Down","author":"Global Down Syndrome Foundation","date":"16 Gusht, 2011","format":false,"excerpt":"Joaqu\u00edn Espinosa, PhD Executive Director, Linda Crnic Institute for Down Syndrome Professor, Department of Pharmacology, University of Colorado Dr. Joaqu\u00edn Espinosa is the Executive Director for Science at the Linda Crnic Institute for Down Syndrome. He is also a Professor in the Department of Pharmacology at the University of Colorado\u2026","rel":"","context":"Similar post","block_context":{"text":"Similar post","link":""},"img":{"alt_text":"espinosa-a","src":"https:\/\/i0.wp.com\/www.globaldownsyndrome.org\/wp-content\/uploads\/2013\/06\/espinosa-a-80x80.jpg?resize=350%2C200","width":350,"height":200},"classes":[]},{"id":44766,"url":"https:\/\/www.globaldownsyndrome.org\/sq\/press-releases\/2017-press-releases\/linda-crnic-institute-syndrome-names-dr-joaquin-espinosa-incoming-executive-director\/","url_meta":{"origin":573,"position":3},"title":"Linda Crnic Institute for Down Syndrome Names  Dr. Joaqu\u00edn Espinosa as Incoming Executive Director","author":"Global Down Syndrome Foundation","date":"12 Korrik, 2017","format":false,"excerpt":"Dr. Tom Blumenthal, former Executive Director, will continue to mentor and advise DENVER (Jul 11, 2017) \u2013 The Linda Crnic Institute for Down Syndrome (Crnic Institute) at the Anschutz Medical Campus (AMC) names former Associate Director for Science Dr. Joaqu\u00edn Espinosa as its incoming Executive Director.\u00a0 In addition to his\u2026","rel":"","context":"Similar post","block_context":{"text":"Similar post","link":""},"img":{"alt_text":"newsletter-crnic-institute-joaquin-espinosa-on-left-and-tom-blumenthal-on-right","src":"https:\/\/i0.wp.com\/www.globaldownsyndrome.org\/wp-content\/uploads\/2017\/07\/NEWSLETTER-Crnic-Institute-Joaquin-Espinosa-on-Left-and-Tom-Blumenthal-on-right.jpg?resize=350%2C200","width":350,"height":200},"classes":[]},{"id":5540,"url":"https:\/\/www.globaldownsyndrome.org\/sq\/programs-conferences-grants\/conferences\/linda-crnic-institute-lectures\/linda-crnic-institute-lectures-dna-methylation-in-down-syndrome-a-possible-therapeutic-target\/","url_meta":{"origin":573,"position":4},"title":"Linda Crnic Institute Lectures: &#8220;DNA Methylation in Down Syndrome: A Possible Therapeutic Target&#8221;","author":"Global Down Syndrome Foundation","date":"3 Korrik, 2012","format":false,"excerpt":"Ben Tycko, MD, PhD Professor of Pathology, Columbia University December 7, 2011 Dr. Tycko\u2019s lab is pursuing several different lines of research: 1) the epigenetics and genetics of Wilms tumors, acute myeloid leukemias, and other human cancers; 2) the identities and the physiological functions of imprinted genes; 3) the genetic\u2026","rel":"","context":"Similar post","block_context":{"text":"Similar post","link":""},"img":{"alt_text":"","src":"https:\/\/i0.wp.com\/216.185.159.195\/wp-content\/uploads\/2012\/07\/LCILectures_Tycko-98x219.jpg?resize=350%2C200","width":350,"height":200},"classes":[]},{"id":8015,"url":"https:\/\/www.globaldownsyndrome.org\/sq\/press-releases\/2012-press-releases\/linda-crnic-institute-for-down-syndrome-announces-1-million-in-major-challenge-grants\/","url_meta":{"origin":573,"position":5},"title":"Linda Crnic Institute for Down Syndrome Announces $1 Million in Major Challenge Grants","author":"Global Down Syndrome Foundation","date":"18 Tetor, 2012","format":false,"excerpt":"DENVER (Oct. 17, 2012) \u2013 The Linda Crnic Institute for Down Syndrome at the Anschutz Medical Campus in Aurora will jump-start research benefiting people with Down syndrome by presenting scientists with $1 million in grants. The grant program is funded with money from the Anna and John J. Sie Foundation,\u2026","rel":"","context":"Similar post","block_context":{"text":"Similar post","link":""},"img":{"alt_text":"","src":"","width":0,"height":0},"classes":[]}],"jetpack_sharing_enabled":true,"_links":{"self":[{"href":"https:\/\/www.globaldownsyndrome.org\/sq\/wp-json\/wp\/v2\/pages\/573","targetHints":{"allow":["GET"]}}],"collection":[{"href":"https:\/\/www.globaldownsyndrome.org\/sq\/wp-json\/wp\/v2\/pages"}],"about":[{"href":"https:\/\/www.globaldownsyndrome.org\/sq\/wp-json\/wp\/v2\/types\/page"}],"author":[{"embeddable":true,"href":"https:\/\/www.globaldownsyndrome.org\/sq\/wp-json\/wp\/v2\/users\/3"}],"replies":[{"embeddable":true,"href":"https:\/\/www.globaldownsyndrome.org\/sq\/wp-json\/wp\/v2\/comments?post=573"}],"version-history":[{"count":0,"href":"https:\/\/www.globaldownsyndrome.org\/sq\/wp-json\/wp\/v2\/pages\/573\/revisions"}],"up":[{"embeddable":true,"href":"https:\/\/www.globaldownsyndrome.org\/sq\/wp-json\/wp\/v2\/pages\/16"}],"wp:attachment":[{"href":"https:\/\/www.globaldownsyndrome.org\/sq\/wp-json\/wp\/v2\/media?parent=573"}],"curies":[{"name":"wp","href":"https:\/\/api.w.org\/{rel}","templated":true}]}}