{"id":795,"date":"2011-08-10T20:20:50","date_gmt":"2011-08-10T20:20:50","guid":{"rendered":"http:\/\/globaldownsyndrome.org.mytempweb.com\/?page_id=795"},"modified":"2019-01-25T16:06:02","modified_gmt":"2019-01-25T23:06:02","slug":"john-j-sie-co-trustee-anna-and-john-j-sie-foundation","status":"publish","type":"page","link":"https:\/\/www.globaldownsyndrome.org\/sq\/our-story\/leadership\/john-j-sie-co-trustee-anna-and-john-j-sie-foundation\/","title":{"rendered":"John J. Sie, bashk\u00eb-besues, Anna dhe John J. Sie Foundation"},"content":{"rendered":"<p><strong>Chairman of the Board, Global Down Syndrome Foundation<br \/>\n<\/strong><\/p>\n<p><img loading=\"lazy\" decoding=\"async\" class=\"alignright size-large wp-image-843\" title=\"Sie, John\" src=\"\/wp-content\/uploads\/2011\/08\/Sie-John-156x219.jpg\" alt=\"John Sie\" width=\"156\" height=\"219\" srcset=\"https:\/\/www.globaldownsyndrome.org\/wp-content\/uploads\/2011\/08\/Sie-John-156x219.jpg 156w, https:\/\/www.globaldownsyndrome.org\/wp-content\/uploads\/2011\/08\/Sie-John-252x354.jpg 252w, https:\/\/www.globaldownsyndrome.org\/wp-content\/uploads\/2011\/08\/Sie-John-159x223.jpg 159w, https:\/\/www.globaldownsyndrome.org\/wp-content\/uploads\/2011\/08\/Sie-John.jpg 403w\" sizes=\"auto, (max-width: 156px) 100vw, 156px\" \/>John J. Sie is founder and former Chairman of Starz Entertainment Group LLC (SEG). Founded in 1991, the Colorado-based company is owned by Liberty Media Corporation and is the parent to numerous premium movie networks, including Starz and Encore<em>. <\/em>John is a cable television pioneer and leader.&nbsp; A consummate entrepreneur, John has successfully launched and managed many corporations, business lines and products. John is currently retired and has devoted himself to several impactful philanthropic initiatives and to his family.<\/p>\n<p>John, nj\u00eb vendas nga Kina, erdhi n\u00eb Shtetet e Bashkuara n\u00eb mosh\u00ebn 14-vje\u00e7are n\u00eb vitin 1950. Ai q\u00ebndroi n\u00eb nj\u00eb jetimore katolike n\u00eb Staten Island, NY derisa u diplomua nga shkolla e mesme n\u00eb vitin 1953. Ai mori diploma BEE dhe MEE nga Kolegji Manhattan dhe Instituti Politeknik i Bruklinit n\u00eb 1957 dhe 1958, respektivisht. John \u00ebsht\u00eb an\u00ebtar i v\u00ebllaz\u00ebris\u00eb s\u00eb nderit Sigma Xi dhe i v\u00ebllaz\u00ebris\u00eb s\u00eb sh\u00ebrbimit Alpha Phi Omega.<\/p>\n<p>John filloi karrier\u00ebn e tij profesionale n\u00eb vitin 1958 kur iu bashkua Divizionit t\u00eb Elektronik\u00ebs s\u00eb Mbrojtjes RCA n\u00eb pajisjet e avancuara t\u00eb gjendjes s\u00eb ngurt\u00eb me mikroval\u00eb. N\u00eb vitin 1960, ai bashk\u00ebthemeloi dhe m\u00eb von\u00eb u b\u00eb kryetar dhe CEO i Micro State Electronics Corp, e cila m\u00eb von\u00eb u b\u00eb nj\u00eb deg\u00eb e Raytheon Co. N\u00eb vitin 1972, John iu bashkua Jerrold Electronics Corp, nj\u00eb deg\u00eb e General Instrument Co., si Drejtor i P\u00ebrgjithsh\u00ebm dhe Sr. N\u00ebnkryetar i Divizionit t\u00eb Televizionit Kabllor. N\u00eb vitin 1977, ai iu bashkua Showtime Entertainment si Z\u00ebvend\u00ebs President i shitjeve dhe marketingut Sr.<\/p>\n<p>N\u00eb 1984, John dhe familja e tij u shp\u00ebrngul\u00ebn n\u00eb Kolorado p\u00ebr t&#039;u bashkuar me Tele-Communications Inc. (tani Comcast dhe Liberty Media) si Z\u00ebvend\u00ebs President Sr. p\u00ebrgjegj\u00ebs p\u00ebr planifikimin strategjik, programimin, marketingun, teknologjin\u00eb dhe marr\u00ebdh\u00ebniet me qeverin\u00eb. Shum\u00eb njer\u00ebz e konsiderojn\u00eb John babain e televizionit dixhital \u2013 n\u00eb vitin 1989 ai paraqiti letr\u00ebn e par\u00eb t\u00eb bardh\u00eb mbi televizionin dixhital me definicion t\u00eb lart\u00eb (HDTV) n\u00eb Kongres dhe FCC q\u00eb do t\u00eb ndryshonte n\u00eb m\u00ebnyr\u00eb dramatike peizazhin e televizionit n\u00eb Shtetet e Bashkuara dhe n\u00eb bot\u00eb.<\/p>\n<p>Gjat\u00eb gjith\u00eb jet\u00ebs s\u00eb tij profesionale, John mori \u00e7mime dhe nderime t\u00eb shumta:<\/p>\n<ul>\n<li>Nderi i Zgjedhjes s\u00eb Koleksionist\u00ebve 2017, Muzeu i Artit n\u00eb Denver<\/li>\n<li>2015 \u00c7mimi Quincy Jones Exceptional Advocacy, Global Down Syndrome Foundation<\/li>\n<li>\u00c7mimi Humanitar 2014, Shkolla Josef Korbel e Studimeve Nd\u00ebrkomb\u00ebtare n\u00eb Universitetin e Denverit<\/li>\n<li>2014 Feta e Pi Honoree, Shkolla e Shkenc\u00ebs dhe Teknologjis\u00eb n\u00eb Denver<\/li>\n<li>2010 \u00c7mimi i Pasurimit Kulturor t\u00eb Komunitetit, Muzeu Mizel<\/li>\n<li>2009 Heroi Kinez Amerikan, Revista e Jav\u00ebs Aziatike; Burri dhe gruaja e vitit, Fshatari<\/li>\n<li>2008 Amerikan\u00ebt aziatik\u00eb t\u00eb Paq\u00ebsorit n\u00eb Biznes, Z\u00ebra nga Kolorado<\/li>\n<li>2003 Inductee, Salla e Famave t\u00eb Televizionit Kabllor<\/li>\n<li>2002 International Bridge Builder Award, Josef Korbel School of International Studies&nbsp; at the University of Denver<\/li>\n<li>2001 \u00c7mimi i Kryetarit, Shoqata e Administrimit dhe Marketingut t\u00eb Televizionit Kabllor (CTAM); \u00c7mimi p\u00ebr Arritje Jet\u00ebore Stanley B. Thomas, Shoqata Komb\u00ebtare e Minoriteteve n\u00eb Komunikim (NAMIC); Bridge Builder Asian Leadership Award, The AURA Fund dhe aMedia, Inc.; Bill Daniels, Udh\u00ebheq\u00ebsi i Biznesit i Vitit, The Denver Business Journal<\/li>\n<li>1986 Grand Tam Award CTAM<\/li>\n<li>1982 \u00c7mimi P\u00ebrkujtimor i Robert H. Beisswenger (\u00c7mimi Vanguard Associates) nga Shoqata Komb\u00ebtare e Televizionit Kabllor (NCTA)<\/li>\n<li>1960 RCA David Sarnoff Fellowship<\/li>\n<li>1958 Bashk\u00ebpun\u00ebtor i Institutit t\u00eb K\u00ebrkimit t\u00eb Mikroval\u00ebve, Instituti Politeknik i Bruklinit<\/li>\n<\/ul>\n<p>John is committed to bridging the US-China relationship through mutual understanding, dialogue and respect. He is a member of the prominent <em>Committee of 100<\/em>, a national non-partisan organization composed of outstanding American citizens of Chinese descent. In 2009, John established the <em>SI\u00c9 CH\u00c9OU-KANG Center for International Security and Diplomacy<\/em> at the University of Denver\u2019s Josef Korbel School of International Studies. John continues to support the <em>Chinese Executive Media Management Program, <\/em>a mini-MBA curriculum, he helped establish in 2000 at the University of Denver\u2019s Daniels College of Business.<\/p>\n<p>In 2005, John and his wife Anna established the Anna and John J. Sie Foundation. The Anna and John J. Sie Foundation supports the sharing of knowledge amongst peoples and cultures throughout the global community, with an emphasis on Down syndrome, education, media, business, and technology.&nbsp;The Foundation supports Children\u2019s Hospital Colorado, the University of Colorado, the University of Denver, SI\u00c9 CH\u00c9OU-KANG Center for International Security and Diplomacy, Denver School of Science and Technology, Denver Art Museum and numerous other civic, social and educational institutions.<\/p>\n<p>N\u00eb 2008 dhe 2009 respektivisht, Fondacioni u b\u00eb donatori themelues i Institutit Linda Crnic p\u00ebr Sindrom\u00ebn Down dhe Fondacionit Global Down Syndrome. Instituti Crnic \u00ebsht\u00eb sht\u00ebpia e par\u00eb akademike p\u00ebr k\u00ebrkime dhe kujdes mjek\u00ebsor p\u00ebr njer\u00ebzit me sindrom\u00ebn Down. Misioni i tij \u00ebsht\u00eb t\u00eb zhduk\u00eb efektet e k\u00ebqija mjek\u00ebsore dhe njoh\u00ebse q\u00eb lidhen me gjendjen.<\/p>","protected":false},"excerpt":{"rendered":"<p>Chairman of the Board, Global Down Syndrome Foundation John J. Sie is founder and former Chairman of Starz Entertainment Group LLC (SEG). Founded in 1991, the Colorado-based company is owned by Liberty Media Corporation and is the parent to numerous premium movie networks, including Starz and Encore. John is a cable television pioneer and leader.&nbsp; [&hellip;]<\/p>\n","protected":false},"author":3,"featured_media":0,"parent":571,"menu_order":0,"comment_status":"open","ping_status":"open","template":"","meta":{"_acf_changed":false,"ngg_post_thumbnail":0,"footnotes":""},"class_list":["post-795","page","type-page","status-publish","hentry"],"acf":[],"yoast_head":"<!-- This site is optimized with the Yoast SEO plugin v27.6 - https:\/\/yoast.com\/product\/yoast-seo-wordpress\/ -->\n<title>John J. Sie, Co-Trustee, Anna and John J. Sie Foundation | Global Down Syndrome Foundation<\/title>\n<meta name=\"robots\" content=\"index, follow, max-snippet:-1, max-image-preview:large, max-video-preview:-1\" \/>\n<link rel=\"canonical\" href=\"https:\/\/www.globaldownsyndrome.org\/sq\/historia-jone\/udheheqja\/john-j-sie-co-trustee-anna-and-john-j-sie-foundation\/\" \/>\n<meta property=\"og:locale\" content=\"sq_AL\" \/>\n<meta property=\"og:type\" content=\"article\" \/>\n<meta property=\"og:title\" content=\"John J. Sie, Co-Trustee, Anna and John J. Sie Foundation | Global Down Syndrome Foundation\" \/>\n<meta property=\"og:description\" content=\"Chairman of the Board, Global Down Syndrome Foundation John J. Sie is founder and former Chairman of Starz Entertainment Group LLC (SEG). Founded in 1991, the Colorado-based company is owned by Liberty Media Corporation and is the parent to numerous premium movie networks, including Starz and Encore. John is a cable television pioneer and leader.&nbsp; [&hellip;]\" \/>\n<meta property=\"og:url\" content=\"https:\/\/www.globaldownsyndrome.org\/sq\/historia-jone\/udheheqja\/john-j-sie-co-trustee-anna-and-john-j-sie-foundation\/\" \/>\n<meta property=\"og:site_name\" content=\"Global Down Syndrome Foundation\" \/>\n<meta property=\"article:modified_time\" content=\"2019-01-25T23:06:02+00:00\" \/>\n<meta property=\"og:image\" content=\"https:\/\/www.globaldownsyndrome.org\/wp-content\/uploads\/2011\/08\/Sie-John-156x219.jpg\" \/>\n<meta name=\"twitter:card\" content=\"summary_large_image\" \/>\n<meta name=\"twitter:label1\" content=\"Est. reading time\" \/>\n\t<meta name=\"twitter:data1\" content=\"4 minuta\" \/>\n<script type=\"application\/ld+json\" class=\"yoast-schema-graph\">{\"@context\":\"https:\\\/\\\/schema.org\",\"@graph\":[{\"@type\":\"WebPage\",\"@id\":\"https:\\\/\\\/www.globaldownsyndrome.org\\\/our-story\\\/leadership\\\/john-j-sie-co-trustee-anna-and-john-j-sie-foundation\\\/\",\"url\":\"https:\\\/\\\/www.globaldownsyndrome.org\\\/our-story\\\/leadership\\\/john-j-sie-co-trustee-anna-and-john-j-sie-foundation\\\/\",\"name\":\"John J. Sie, Co-Trustee, Anna and John J. Sie Foundation | Global Down Syndrome Foundation\",\"isPartOf\":{\"@id\":\"https:\\\/\\\/www.globaldownsyndrome.org\\\/#website\"},\"datePublished\":\"2011-08-10T20:20:50+00:00\",\"dateModified\":\"2019-01-25T23:06:02+00:00\",\"breadcrumb\":{\"@id\":\"https:\\\/\\\/www.globaldownsyndrome.org\\\/our-story\\\/leadership\\\/john-j-sie-co-trustee-anna-and-john-j-sie-foundation\\\/#breadcrumb\"},\"inLanguage\":\"sq\",\"potentialAction\":[{\"@type\":\"ReadAction\",\"target\":[\"https:\\\/\\\/www.globaldownsyndrome.org\\\/our-story\\\/leadership\\\/john-j-sie-co-trustee-anna-and-john-j-sie-foundation\\\/\"]}]},{\"@type\":\"BreadcrumbList\",\"@id\":\"https:\\\/\\\/www.globaldownsyndrome.org\\\/our-story\\\/leadership\\\/john-j-sie-co-trustee-anna-and-john-j-sie-foundation\\\/#breadcrumb\",\"itemListElement\":[{\"@type\":\"ListItem\",\"position\":1,\"name\":\"Home\",\"item\":\"https:\\\/\\\/www.globaldownsyndrome.org\\\/\"},{\"@type\":\"ListItem\",\"position\":2,\"name\":\"Our Story\",\"item\":\"https:\\\/\\\/www.globaldownsyndrome.org\\\/our-story\\\/\"},{\"@type\":\"ListItem\",\"position\":3,\"name\":\"Leadership\",\"item\":\"https:\\\/\\\/www.globaldownsyndrome.org\\\/our-story\\\/leadership\\\/\"},{\"@type\":\"ListItem\",\"position\":4,\"name\":\"John J. Sie, Co-Trustee, Anna and John J. Sie Foundation\"}]},{\"@type\":\"WebSite\",\"@id\":\"https:\\\/\\\/www.globaldownsyndrome.org\\\/#website\",\"url\":\"https:\\\/\\\/www.globaldownsyndrome.org\\\/\",\"name\":\"Global Down Syndrome Foundation\",\"description\":\"Dedicated to significantly improving the lives of people with Down Syndrome through RESEARCH, MEDICAL CARE, EDUCATION AND ADVOCACY\",\"publisher\":{\"@id\":\"https:\\\/\\\/www.globaldownsyndrome.org\\\/#organization\"},\"potentialAction\":[{\"@type\":\"SearchAction\",\"target\":{\"@type\":\"EntryPoint\",\"urlTemplate\":\"https:\\\/\\\/www.globaldownsyndrome.org\\\/?s={search_term_string}\"},\"query-input\":{\"@type\":\"PropertyValueSpecification\",\"valueRequired\":true,\"valueName\":\"search_term_string\"}}],\"inLanguage\":\"sq\"},{\"@type\":\"Organization\",\"@id\":\"https:\\\/\\\/www.globaldownsyndrome.org\\\/#organization\",\"name\":\"Global Down Syndrome Foundation\",\"url\":\"https:\\\/\\\/www.globaldownsyndrome.org\\\/\",\"logo\":{\"@type\":\"ImageObject\",\"inLanguage\":\"sq\",\"@id\":\"https:\\\/\\\/www.globaldownsyndrome.org\\\/#\\\/schema\\\/logo\\\/image\\\/\",\"url\":\"https:\\\/\\\/www.globaldownsyndrome.org\\\/wp-content\\\/uploads\\\/2022\\\/11\\\/logo.jpg\",\"contentUrl\":\"https:\\\/\\\/www.globaldownsyndrome.org\\\/wp-content\\\/uploads\\\/2022\\\/11\\\/logo.jpg\",\"width\":2351,\"height\":896,\"caption\":\"Global Down Syndrome Foundation\"},\"image\":{\"@id\":\"https:\\\/\\\/www.globaldownsyndrome.org\\\/#\\\/schema\\\/logo\\\/image\\\/\"}}]}<\/script>\n<!-- \/ Yoast SEO plugin. -->","yoast_head_json":{"title":"John J. Sie, Co-Trustee, Anna and John J. Sie Foundation | Global Down Syndrome Foundation","robots":{"index":"index","follow":"follow","max-snippet":"max-snippet:-1","max-image-preview":"max-image-preview:large","max-video-preview":"max-video-preview:-1"},"canonical":"https:\/\/www.globaldownsyndrome.org\/sq\/historia-jone\/udheheqja\/john-j-sie-co-trustee-anna-and-john-j-sie-foundation\/","og_locale":"sq_AL","og_type":"article","og_title":"John J. Sie, Co-Trustee, Anna and John J. Sie Foundation | Global Down Syndrome Foundation","og_description":"Chairman of the Board, Global Down Syndrome Foundation John J. Sie is founder and former Chairman of Starz Entertainment Group LLC (SEG). Founded in 1991, the Colorado-based company is owned by Liberty Media Corporation and is the parent to numerous premium movie networks, including Starz and Encore. John is a cable television pioneer and leader.&nbsp; [&hellip;]","og_url":"https:\/\/www.globaldownsyndrome.org\/sq\/historia-jone\/udheheqja\/john-j-sie-co-trustee-anna-and-john-j-sie-foundation\/","og_site_name":"Global Down Syndrome Foundation","article_modified_time":"2019-01-25T23:06:02+00:00","og_image":[{"url":"https:\/\/www.globaldownsyndrome.org\/wp-content\/uploads\/2011\/08\/Sie-John-156x219.jpg","type":"","width":"","height":""}],"twitter_card":"summary_large_image","twitter_misc":{"Est. reading time":"4 minuta"},"schema":{"@context":"https:\/\/schema.org","@graph":[{"@type":"WebPage","@id":"https:\/\/www.globaldownsyndrome.org\/our-story\/leadership\/john-j-sie-co-trustee-anna-and-john-j-sie-foundation\/","url":"https:\/\/www.globaldownsyndrome.org\/our-story\/leadership\/john-j-sie-co-trustee-anna-and-john-j-sie-foundation\/","name":"John J. Sie, Co-Trustee, Anna and John J. Sie Foundation | Global Down Syndrome Foundation","isPartOf":{"@id":"https:\/\/www.globaldownsyndrome.org\/#website"},"datePublished":"2011-08-10T20:20:50+00:00","dateModified":"2019-01-25T23:06:02+00:00","breadcrumb":{"@id":"https:\/\/www.globaldownsyndrome.org\/our-story\/leadership\/john-j-sie-co-trustee-anna-and-john-j-sie-foundation\/#breadcrumb"},"inLanguage":"sq","potentialAction":[{"@type":"ReadAction","target":["https:\/\/www.globaldownsyndrome.org\/our-story\/leadership\/john-j-sie-co-trustee-anna-and-john-j-sie-foundation\/"]}]},{"@type":"BreadcrumbList","@id":"https:\/\/www.globaldownsyndrome.org\/our-story\/leadership\/john-j-sie-co-trustee-anna-and-john-j-sie-foundation\/#breadcrumb","itemListElement":[{"@type":"ListItem","position":1,"name":"Home","item":"https:\/\/www.globaldownsyndrome.org\/"},{"@type":"ListItem","position":2,"name":"Our Story","item":"https:\/\/www.globaldownsyndrome.org\/our-story\/"},{"@type":"ListItem","position":3,"name":"Leadership","item":"https:\/\/www.globaldownsyndrome.org\/our-story\/leadership\/"},{"@type":"ListItem","position":4,"name":"John J. Sie, Co-Trustee, Anna and John J. Sie Foundation"}]},{"@type":"WebSite","@id":"https:\/\/www.globaldownsyndrome.org\/#website","url":"https:\/\/www.globaldownsyndrome.org\/","name":"Fondacioni Global i Sindrom\u00ebs Down","description":"I dedikuar p\u00ebrmir\u00ebsimit t\u00eb ndjesh\u00ebm t\u00eb jet\u00ebs s\u00eb njer\u00ebzve me Sindrom\u00ebn Down p\u00ebrmes K\u00cbRKIMIT, KUJDESIT MJEK\u00cbSOR, EDUKIMIT DHE AVOKATIMIT","publisher":{"@id":"https:\/\/www.globaldownsyndrome.org\/#organization"},"potentialAction":[{"@type":"SearchAction","target":{"@type":"EntryPoint","urlTemplate":"https:\/\/www.globaldownsyndrome.org\/?s={search_term_string}"},"query-input":{"@type":"PropertyValueSpecification","valueRequired":true,"valueName":"search_term_string"}}],"inLanguage":"sq"},{"@type":"Organization","@id":"https:\/\/www.globaldownsyndrome.org\/#organization","name":"Fondacioni Global i Sindrom\u00ebs Down","url":"https:\/\/www.globaldownsyndrome.org\/","logo":{"@type":"ImageObject","inLanguage":"sq","@id":"https:\/\/www.globaldownsyndrome.org\/#\/schema\/logo\/image\/","url":"https:\/\/www.globaldownsyndrome.org\/wp-content\/uploads\/2022\/11\/logo.jpg","contentUrl":"https:\/\/www.globaldownsyndrome.org\/wp-content\/uploads\/2022\/11\/logo.jpg","width":2351,"height":896,"caption":"Global Down Syndrome Foundation"},"image":{"@id":"https:\/\/www.globaldownsyndrome.org\/#\/schema\/logo\/image\/"}}]}},"jetpack_shortlink":"https:\/\/wp.me\/P70gmm-cP","jetpack-related-posts":[{"id":5745,"url":"https:\/\/www.globaldownsyndrome.org\/sq\/press-releases\/2012-press-releases\/cable-tv-pioneer-dr-john-c-malone-makes-impactful-donation-to-the-global-down-syndrome-foundation\/","url_meta":{"origin":795,"position":0},"title":"Cable TV pioneer Dr. John C. Malone makes impactful donation to the Global Down Syndrome Foundation","author":"Global Down Syndrome Foundation","date":"11 Korrik, 2012","format":false,"excerpt":"DENVER (July 11, 2012) \u2013 Cable TV pioneer and Chairman of Liberty Media Corporation, Dr. John C. Malone, announced a $100,000 gift to the Global Down Syndrome Foundation to benefit the organization\u2019s marquee annual benefit, the Be Beautiful Be Yourself Fashion Show. The fundraiser will be held at the Sheraton\u2026","rel":"","context":"Similar post","block_context":{"text":"Similar post","link":""},"img":{"alt_text":"","src":"https:\/\/i0.wp.com\/216.185.159.195\/wp-content\/uploads\/2012\/07\/John-C.-Malone-9.16.jpeg?resize=350%2C200","width":350,"height":200},"classes":[]},{"id":4126,"url":"https:\/\/www.globaldownsyndrome.org\/sq\/our-story\/leadership\/global-down-syndrome-foundation-old\/global-down-syndrome-foundation-board-of-directors\/","url_meta":{"origin":795,"position":1},"title":"Bordi i Drejtor\u00ebve t\u00eb Fondacionit Global Down Syndrome","author":"Global Down Syndrome Foundation","date":"10 Maj, 2012","format":false,"excerpt":"John J. Sie Chairman of the Board, Co-Founder John J. Sie is founder and former Chairman of Starz Entertainment Group LLC (SEG). Founded in 1991, the Colorado-based company is owned by Liberty Media Corporation and is the parent to numerous premium movie networks, including Starz and Encore.\u00a0John is a cable\u2026","rel":"","context":"Similar post","block_context":{"text":"Similar post","link":""},"img":{"alt_text":"","src":"\/wp-content\/uploads\/2011\/08\/Sie-John1-150x150.jpg","width":350,"height":200},"classes":[]},{"id":945,"url":"https:\/\/www.globaldownsyndrome.org\/sq\/our-story\/leadership\/global-down-syndrome-foundation-old\/","url_meta":{"origin":795,"position":2},"title":"T\u00cb VJETRA MOS P\u00cbRDORNI Fondacionin e Sindrom\u00ebs Down Global","author":"Global Down Syndrome Foundation","date":"16 Gusht, 2011","format":false,"excerpt":"Board of Directors Tomago Collins Board Member, Global Down Syndrome Foundation Collins holds undergraduate degrees from Yale College in Women\u2019s Studies and Political Science, and is active in several education reform initiatives.\u00a0Collins worked as a sports copy editor and features columnist for The (Louisville) Courier-Journal, and lead writer and editor\u2026","rel":"","context":"Similar post","block_context":{"text":"Similar post","link":""},"img":{"alt_text":"","src":"https:\/\/i0.wp.com\/www.globaldownsyndrome.org\/wp-content\/uploads\/2018\/02\/tc_80x80.png?resize=350%2C200&ssl=1","width":350,"height":200},"classes":[]},{"id":797,"url":"https:\/\/www.globaldownsyndrome.org\/sq\/our-story\/leadership\/global-down-syndrome-foundation-old\/global-down-syndrome-foundation-board-of-directors\/anna-m-sie-co-trustee-anna-and-john-j-sie-foundation\/","url_meta":{"origin":795,"position":3},"title":"Anna M. Sie, bashk\u00eb-besues, Fondacioni Anna dhe John J. Sie","author":"Global Down Syndrome Foundation","date":"10 Gusht, 2011","format":false,"excerpt":"Board Member, Co-Founder, Global Down Syndrome Foundation Anna M. Sie, co-founder of the Anna and John J. Sie Foundation, is active in serving the needs of people with Down syndrome and focuses on issues relating to children\u2019s welfare, healthcare, education and media. Anna, a native of Italy, immigrated to the\u2026","rel":"","context":"Similar post","block_context":{"text":"Similar post","link":""},"img":{"alt_text":"","src":"\/wp-content\/uploads\/2011\/08\/Sie-Anna2-219x219.jpg","width":350,"height":200},"classes":[]},{"id":153459,"url":"https:\/\/www.globaldownsyndrome.org\/sq\/in-loving-memory-of-anna-maria-sie\/","url_meta":{"origin":795,"position":4},"title":"In Loving Memory of Anna Maria Sie","author":"Global Down Syndrome Foundation","date":"18 Tetor, 2023","format":false,"excerpt":"","rel":"","context":"Similar post","block_context":{"text":"Similar post","link":""},"img":{"alt_text":"","src":"https:\/\/i0.wp.com\/www.globaldownsyndrome.org\/wp-content\/uploads\/2023\/10\/in-loving-memory.png?resize=350%2C200&ssl=1","width":350,"height":200},"classes":[]},{"id":4704,"url":"https:\/\/www.globaldownsyndrome.org\/sq\/press-releases\/2009-press-releases\/universityof-denver-establishes-the-sie-cheou-kang-center-for-international-security-and-diplomacy\/","url_meta":{"origin":795,"position":5},"title":"Universityof Denver Establishes the SI\u00c9 CH\u00c9OU-KANG Center for International Security and Diplomacy","author":"Global Down Syndrome Foundation","date":"20 Qershor, 2012","format":false,"excerpt":"New Building, Endowed Chair at the Josef Korbel School of International Studies _______________________________________________________________________ DENVER (August 7, 2009)\u00a0\u2014 The University of Denver and the Anna and John J. Sie Foundation today announced the establishment of the SI\u00c9 CH\u00c9OU-KANG Center for International Security and Diplomacy named in honor of John J. Sie\u2019s\u2026","rel":"","context":"Similar post","block_context":{"text":"Similar post","link":""},"img":{"alt_text":"","src":"","width":0,"height":0},"classes":[]}],"jetpack_sharing_enabled":true,"_links":{"self":[{"href":"https:\/\/www.globaldownsyndrome.org\/sq\/wp-json\/wp\/v2\/pages\/795","targetHints":{"allow":["GET"]}}],"collection":[{"href":"https:\/\/www.globaldownsyndrome.org\/sq\/wp-json\/wp\/v2\/pages"}],"about":[{"href":"https:\/\/www.globaldownsyndrome.org\/sq\/wp-json\/wp\/v2\/types\/page"}],"author":[{"embeddable":true,"href":"https:\/\/www.globaldownsyndrome.org\/sq\/wp-json\/wp\/v2\/users\/3"}],"replies":[{"embeddable":true,"href":"https:\/\/www.globaldownsyndrome.org\/sq\/wp-json\/wp\/v2\/comments?post=795"}],"version-history":[{"count":0,"href":"https:\/\/www.globaldownsyndrome.org\/sq\/wp-json\/wp\/v2\/pages\/795\/revisions"}],"up":[{"embeddable":true,"href":"https:\/\/www.globaldownsyndrome.org\/sq\/wp-json\/wp\/v2\/pages\/571"}],"wp:attachment":[{"href":"https:\/\/www.globaldownsyndrome.org\/sq\/wp-json\/wp\/v2\/media?parent=795"}],"curies":[{"name":"wp","href":"https:\/\/api.w.org\/{rel}","templated":true}]}}